{"id":1020,"date":"2025-07-23T16:17:17","date_gmt":"2025-07-23T16:17:17","guid":{"rendered":"https:\/\/staging.mondogrowkits.com\/?post_type=product&#038;p=1020"},"modified":"2026-04-28T13:38:34","modified_gmt":"2026-04-28T12:38:34","slug":"sportovni-injekcni-strikacka-ban-hai-thai","status":"publish","type":"product","link":"https:\/\/www.mondogrowkits.com\/cs\/spore-syringe-ban-hai-thai\/","title":{"rendered":"Thai - St\u0159\u00edka\u010dka na spory Psilocybe Cubensis"},"content":{"rendered":"<h2 data-section-id=\"1fv4o5x\" data-start=\"495\" data-end=\"552\">Thai St\u0159\u00edka\u010dka na spory - Psilocybe cubensis Premium Spores<\/h2><p data-start=\"554\" data-end=\"797\">Thai - <a href=\"https:\/\/www.mondogrowkits.com\/cs\/co-je-psilocybin\/\">Psilocybe cubensis<\/a> Spore Syringe je pr\u00e9miov\u00fd roztok spor zn\u00e1m\u00fd sv\u00fdm \u010dist\u00fdm slo\u017een\u00edm, spolehliv\u00fdm kl\u00ed\u010div\u00fdm potenci\u00e1lem a st\u00e1lou kvalitou. Tento zn\u00e1m\u00fd kmen je cen\u011bn pro sv\u00e9 rychl\u00e9 a spolehliv\u00e9 vlastnosti.<\/p><p data-start=\"799\" data-end=\"1048\">Thai je uzn\u00e1v\u00e1n pro sv\u016fj konzistentn\u00ed v\u00fdvoj a stabiln\u00ed genetick\u00fd profil, co\u017e z n\u011bj \u010din\u00ed obl\u00edbenou volbu pro z\u00e1jemce o studium spor Psilocybe cubensis. D\u00edky sv\u00e9 spolehliv\u00e9 povaze je vhodn\u00fd jak pro <a href=\"https:\/\/www.mondogrowkits.com\/cs\/mondo-growkits-best-strains-beginners-advanced\/\">za\u010d\u00e1te\u010dn\u00edci<\/a> a zku\u0161en\u011bj\u0161\u00ed u\u017eivatel\u00e9.<\/p><p data-start=\"1050\" data-end=\"1278\">Na rozd\u00edl od <a href=\"https:\/\/www.mondogrowkits.com\/cs\/injekcni-strikacka-pro-kultivaci-tekutin\/\">kapaln\u00e1 kultura<\/a>, tento produkt obsahuje sp\u00ed\u0161e spory ne\u017e aktivn\u00ed mycelium. Spory mus\u00ed nejprve vykl\u00ed\u010dit, ne\u017e se za\u010dne vyv\u00edjet mycelium, co\u017e znamen\u00e1, \u017ee proces obvykle trv\u00e1 d\u00e9le ve srovn\u00e1n\u00ed s tekut\u00fdmi kultiva\u010dn\u00edmi roztoky.<\/p><p data-start=\"1280\" data-end=\"1396\">Za optim\u00e1ln\u00edch podm\u00ednek m\u016f\u017ee kl\u00ed\u010den\u00ed spor za\u010d\u00edt b\u011bhem n\u011bkolika dn\u00ed a n\u00e1sledovat postupn\u00fd v\u00fdvoj mycelia.<\/p><hr data-start=\"1398\" data-end=\"1401\" \/><h3 data-section-id=\"80d57i\" data-start=\"1403\" data-end=\"1441\">Co je Thai (Psilocybe cubensis)?<\/h3><p data-start=\"1443\" data-end=\"1655\">Thai je dob\u0159e zn\u00e1m\u00fd kmen Psilocybe cubensis, kter\u00fd je cen\u011bn pro sv\u00e9 spolehliv\u00e9 r\u016fstov\u00e9 vlastnosti a konzistentn\u00ed chov\u00e1n\u00ed v kontrolovan\u00fdch podm\u00ednk\u00e1ch. Je \u0161iroce studov\u00e1n a oce\u0148ov\u00e1n pro sv\u016fj stabiln\u00ed v\u00fdvoj.<\/p><p data-start=\"1657\" data-end=\"1766\">D\u00edky sv\u00e9 p\u0159edv\u00eddateln\u00e9 a stabiln\u00ed povaze je vhodn\u00fd pro \u0161irokou \u0161k\u00e1lu mikroskopick\u00fdch a v\u00fdzkumn\u00fdch aplikac\u00ed.<\/p><hr data-start=\"1768\" data-end=\"1771\" \/><h3 data-section-id=\"1ji0djk\" data-start=\"1773\" data-end=\"1807\">Pro\u010d si vybrat st\u0159\u00edka\u010dku na spory Thai?<\/h3><ul data-start=\"1809\" data-end=\"2050\">\n<li data-section-id=\"uotoak\" data-start=\"1809\" data-end=\"1846\">Obl\u00edben\u00fd kmen Psilocybe cubensis<\/li>\n<li data-section-id=\"130p6a2\" data-start=\"1847\" data-end=\"1888\">\u010cist\u00fd a kvalitn\u00ed roztok spor<\/li>\n<li data-section-id=\"1cqmpiq\" data-start=\"1889\" data-end=\"1921\">Stabiln\u00ed a spolehliv\u00e1 genetika<\/li>\n<li data-section-id=\"5pyesc\" data-start=\"1922\" data-end=\"1970\">Vhodn\u00e9 pro za\u010d\u00e1te\u010dn\u00edky i zku\u0161en\u00e9 u\u017eivatele<\/li>\n<li data-section-id=\"l2iwrs\" data-start=\"1971\" data-end=\"2008\">Ide\u00e1ln\u00ed pro mikroskopii a v\u00fdzkum<\/li>\n<li data-section-id=\"1dgjxxr\" data-start=\"2009\" data-end=\"2050\">Konzistentn\u00ed a spolehliv\u00fd v\u00fdkon<\/li>\n<\/ul><p data-start=\"2052\" data-end=\"2154\">St\u0159\u00edka\u010dka se sporami Thai je ide\u00e1ln\u00ed pro ty, kte\u0159\u00ed hledaj\u00ed spolehliv\u00fd a dob\u0159e zn\u00e1m\u00fd kmen pro studijn\u00ed \u00fa\u010dely.<\/p><hr data-start=\"2156\" data-end=\"2159\" \/><h3 data-section-id=\"1swr0f2\" data-start=\"2161\" data-end=\"2191\">V\u00fdhody st\u0159\u00edka\u010dek Spore<\/h3><p data-start=\"2193\" data-end=\"2280\">St\u0159\u00edka\u010dky se sporami jsou \u0161iroce pou\u017e\u00edvanou metodou pro studium genetiky a v\u00fdvoje hub.<\/p><p data-start=\"2282\" data-end=\"2400\">Vzhledem k tomu, \u017ee spory jsou po\u010d\u00e1te\u010dn\u00edm bodem \u017eivotn\u00edho cyklu hub, umo\u017e\u0148uj\u00ed nahl\u00e9dnout do nejran\u011bj\u0161\u00edch stadi\u00ed r\u016fstu.<\/p><p data-start=\"2402\" data-end=\"2423\">Mezi hlavn\u00ed v\u00fdhody pat\u0159\u00ed:<\/p><ul data-start=\"2425\" data-end=\"2620\">\n<li data-section-id=\"1wtlhpj\" data-start=\"2425\" data-end=\"2468\">Vhodn\u00e9 pro mikroskopov\u00e1n\u00ed a pozorov\u00e1n\u00ed<\/li>\n<li data-section-id=\"5o38hs\" data-start=\"2469\" data-end=\"2509\">Dlouh\u00e1 skladovatelnost p\u0159i spr\u00e1vn\u00e9m skladov\u00e1n\u00ed<\/li>\n<li data-section-id=\"14gjei0\" data-start=\"2510\" data-end=\"2538\">Snadn\u00e1 manipulace a aplikace<\/li>\n<li data-section-id=\"80duo5\" data-start=\"2539\" data-end=\"2591\">Ide\u00e1ln\u00ed pro studium struktury a chov\u00e1n\u00ed spor.<\/li>\n<li data-section-id=\"15use0o\" data-start=\"2592\" data-end=\"2620\">P\u0159\u00edstupn\u00e9 pro za\u010d\u00e1te\u010dn\u00edky<\/li>\n<\/ul><p data-start=\"2622\" data-end=\"2718\">St\u0159\u00edka\u010dky se sporami jsou skv\u011blou volbou pro z\u00e1jemce o v\u00fdzkumn\u00e9 a vzd\u011bl\u00e1vac\u00ed aplikace.<\/p><hr data-start=\"2720\" data-end=\"2723\" \/><h3 data-section-id=\"1ltc4xe\" data-start=\"2725\" data-end=\"2750\">Pou\u017eit\u00ed a aplikace<\/h3><p data-start=\"2752\" data-end=\"2834\">St\u0159\u00edka\u010dka na spory Thai se snadno ovl\u00e1d\u00e1 a je ur\u010dena pro mikroskopii a v\u00fdzkum.<\/p><p data-start=\"2836\" data-end=\"2971\">P\u0159ed pou\u017eit\u00edm st\u0159\u00edka\u010dkou jemn\u011b zat\u0159epejte, aby se spory rovnom\u011brn\u011b rozprost\u0159ely. Malou kapku lze um\u00edstit na mikroskopick\u00e9 skl\u00ed\u010dko pro pozorov\u00e1n\u00ed.<\/p><p data-start=\"2973\" data-end=\"3057\">V\u017edy pracujte v \u010dist\u00e9m prost\u0159ed\u00ed, abyste se p\u0159i manipulaci s injek\u010dn\u00ed st\u0159\u00edka\u010dkou vyhnuli kontaminaci.<\/p><p data-start=\"3059\" data-end=\"3144\">Pozn\u00e1mka: Tento produkt je ur\u010den v\u00fdhradn\u011b pro mikroskopick\u00e9 a vzd\u011bl\u00e1vac\u00ed \u00fa\u010dely.<\/p><hr data-start=\"3146\" data-end=\"3149\" \/><h3 data-section-id=\"1w10lnv\" data-start=\"3151\" data-end=\"3175\">Skladov\u00e1n\u00ed a skladovatelnost<\/h3><p data-start=\"3177\" data-end=\"3229\">St\u0159\u00edka\u010dku se sporami uchov\u00e1vejte v chladni\u010dce p\u0159i teplot\u011b 2-8 \u00b0C.<\/p><p data-start=\"3231\" data-end=\"3283\">Doba pou\u017eitelnosti: P\u0159i spr\u00e1vn\u00e9m skladov\u00e1n\u00ed a\u017e 6-12 m\u011bs\u00edc\u016f<\/p><p data-start=\"3285\" data-end=\"3372\">Vyhn\u011bte se p\u0159\u00edm\u00e9mu slune\u010dn\u00edmu z\u00e1\u0159en\u00ed a teplu. P\u0159ed pou\u017eit\u00edm nechte st\u0159\u00edka\u010dku dos\u00e1hnout pokojov\u00e9 teploty.<\/p><hr data-start=\"3374\" data-end=\"3377\" \/><h3 data-section-id=\"g5tqd7\" data-start=\"3379\" data-end=\"3418\">Thai - Stabiln\u00ed a spolehliv\u00e1 genetika<\/h3><p data-start=\"3420\" data-end=\"3540\">Thai je cen\u011bn pro svou konzistenci a spolehliv\u00fd genetick\u00fd profil, co\u017e z n\u011bj \u010din\u00ed d\u016fv\u011bryhodnou volbu pro studium a pozorov\u00e1n\u00ed.<\/p><p data-start=\"3542\" data-end=\"3632\">D\u00edky sv\u00fdm spolehliv\u00fdm vlastnostem je vhodn\u00fd pro \u0161irokou \u0161k\u00e1lu mikroskopick\u00fdch aplikac\u00ed.<\/p><hr data-start=\"3634\" data-end=\"3637\" \/><h3 data-section-id=\"5fm1m4\" data-start=\"3639\" data-end=\"3678\">Objednejte si st\u0159\u00edka\u010dku na spory Thai je\u0161t\u011b dnes<\/h3><p data-start=\"3680\" data-end=\"3795\">Thai - <a href=\"https:\/\/www.mondogrowkits.com\/cs\/psilocybe-cubensis-strikacky-na-vytrusy\/\">Psilocybe cubensis St\u0159\u00edka\u010dka na spory<\/a> nab\u00edz\u00ed vynikaj\u00edc\u00ed kombinaci kvality, stability a spolehlivosti.<\/p><p data-start=\"3797\" data-end=\"3893\">D\u00edky \u010dist\u00fdm spor\u00e1m a osv\u011bd\u010den\u00e9 genetice je tato st\u0159\u00edka\u010dka ide\u00e1ln\u00ed pro mikroskopick\u00e9 a vzd\u011bl\u00e1vac\u00ed pou\u017eit\u00ed.<\/p><p data-start=\"3895\" data-end=\"3952\" data-is-last-node=\"\" data-is-only-node=\"\">Objednejte si je\u0161t\u011b dnes a vyzkou\u0161ejte prvot\u0159\u00eddn\u00ed kvalitu st\u0159\u00edka\u010dek na spory.<\/p>","protected":false},"excerpt":{"rendered":"<p data-start=\"95\" data-end=\"370\">Thai - Psilocybe cubensis Spore Syringe je vysoce kvalitn\u00ed roztok spor, kter\u00fd je zn\u00e1m\u00fd svou spolehlivou kl\u00ed\u010divost\u00ed a st\u00e1l\u00fdm v\u00fdkonem. Tento obl\u00edben\u00fd kmen je cen\u011bn pro svou stabiln\u00ed genetiku a snadn\u00e9 studium, tak\u017ee je vhodn\u00fd jak pro za\u010d\u00e1te\u010dn\u00edky, tak pro zku\u0161en\u00e9 nad\u0161ence.<\/p>\n<p data-start=\"372\" data-end=\"488\">St\u0159\u00edka\u010dka obsahuje mikroskopick\u00e9 spory suspendovan\u00e9 ve steriln\u00edm roztoku, ide\u00e1ln\u00ed pro mikroskopick\u00e9 a v\u00fdzkumn\u00e9 \u00fa\u010dely.<\/p>\n<p>\u00a0<\/p>","protected":false},"featured_media":4641,"comment_status":"open","ping_status":"closed","template":"","meta":[],"product_brand":[32],"product_cat":[66],"product_tag":[],"class_list":{"0":"post-1020","1":"product","2":"type-product","3":"status-publish","4":"has-post-thumbnail","6":"product_brand-mondo","7":"product_cat-psilocybe-cubensis-spore-syringes","9":"first","10":"instock","11":"taxable","12":"shipping-taxable","13":"purchasable","14":"product-type-simple"},"jetpack_sharing_enabled":true,"_links":{"self":[{"href":"https:\/\/www.mondogrowkits.com\/cs\/wp-json\/wp\/v2\/product\/1020","targetHints":{"allow":["GET"]}}],"collection":[{"href":"https:\/\/www.mondogrowkits.com\/cs\/wp-json\/wp\/v2\/product"}],"about":[{"href":"https:\/\/www.mondogrowkits.com\/cs\/wp-json\/wp\/v2\/types\/product"}],"replies":[{"embeddable":true,"href":"https:\/\/www.mondogrowkits.com\/cs\/wp-json\/wp\/v2\/comments?post=1020"}],"wp:featuredmedia":[{"embeddable":true,"href":"https:\/\/www.mondogrowkits.com\/cs\/wp-json\/wp\/v2\/media\/4641"}],"wp:attachment":[{"href":"https:\/\/www.mondogrowkits.com\/cs\/wp-json\/wp\/v2\/media?parent=1020"}],"wp:term":[{"taxonomy":"product_brand","embeddable":true,"href":"https:\/\/www.mondogrowkits.com\/cs\/wp-json\/wp\/v2\/product_brand?post=1020"},{"taxonomy":"product_cat","embeddable":true,"href":"https:\/\/www.mondogrowkits.com\/cs\/wp-json\/wp\/v2\/product_cat?post=1020"},{"taxonomy":"product_tag","embeddable":true,"href":"https:\/\/www.mondogrowkits.com\/cs\/wp-json\/wp\/v2\/product_tag?post=1020"}],"curies":[{"name":"wp","href":"https:\/\/api.w.org\/{rel}","templated":true}]}}