{"id":1024,"date":"2025-07-23T17:17:27","date_gmt":"2025-07-23T16:17:27","guid":{"rendered":"https:\/\/staging.mondogrowkits.com\/?post_type=product&#038;p=1024"},"modified":"2026-04-07T11:42:21","modified_gmt":"2026-04-07T10:42:21","slug":"sportovni-strikacka-fanaticus-original","status":"publish","type":"product","link":"https:\/\/www.mondogrowkits.com\/cs\/spore-syringe-fanaticus-original\/","title":{"rendered":"PFO - Psilocybe Cubensis St\u0159\u00edka\u010dka na spory"},"content":{"rendered":"<h2 data-start=\"940\" data-end=\"1007\">PFO - St\u0159\u00edka\u010dka na spory Psilocybe Cubensis | Steriln\u00ed spory Psilocybe Cubensis<\/h2><p data-start=\"1009\" data-end=\"1329\">St\u0159\u00edka\u010dka se sporami PFO Psilocybe Cubensis obsahuje mikroskopick\u00e9 spory cubensis suspendovan\u00e9 ve steriln\u00edm roztoku p\u0159ipraven\u00e9m za kontrolovan\u00fdch podm\u00ednek, aby byla zaji\u0161t\u011bna \u010distota a konzistentn\u00ed distribuce spor. Tato injek\u010dn\u00ed st\u0159\u00edka\u010dka je ur\u010dena pro mikroskopii, v\u00fdzkum a o\u010dkov\u00e1n\u00ed. <a href=\"https:\/\/www.mondogrowkits.com\/cs\/sterilizovany-substrat\/\">sterilizovan\u00fd substr\u00e1t<\/a> pokud je to z\u00e1konem povoleno.<\/p><p data-start=\"1331\" data-end=\"1645\">PFO je uzn\u00e1van\u00fdm kmenem v r\u00e1mci <a href=\"https:\/\/www.mondogrowkits.com\/cs\/co-je-psilocybin\/\">Psilocybe Cubensis<\/a> druhy. A\u010dkoli v\u0161echny kmeny cubensis pat\u0159\u00ed do stejn\u00e9 druhov\u00e9 klasifikace, jednotliv\u00e9 kmeny mohou vykazovat jemn\u00e9 rozd\u00edly v koloniza\u010dn\u00edm chov\u00e1n\u00ed, hustot\u011b mycelia a strukturn\u00edm r\u016fstu v z\u00e1vislosti na stabilit\u011b prost\u0159ed\u00ed a kultiva\u010dn\u00edch podm\u00ednk\u00e1ch.<\/p><hr data-start=\"1647\" data-end=\"1650\" \/><h2 data-start=\"1652\" data-end=\"1686\">Co tato injek\u010dn\u00ed st\u0159\u00edka\u010dka obsahuje?<\/h2><p data-start=\"1688\" data-end=\"1710\">Ka\u017ed\u00e1 st\u0159\u00edka\u010dka obsahuje:<\/p><ul data-start=\"1712\" data-end=\"1809\">\n<li data-start=\"1712\" data-end=\"1754\">\n<p data-start=\"1714\" data-end=\"1754\">Spory Psilocybe Cubensis (kmen PFO)<\/p>\n<\/li>\n<li data-start=\"1755\" data-end=\"1786\">\n<p data-start=\"1757\" data-end=\"1786\">Steriln\u00ed suspenzn\u00ed roztok<\/p>\n<\/li>\n<li data-start=\"1787\" data-end=\"1809\">\n<p data-start=\"1789\" data-end=\"1809\">\u017d\u00e1dn\u00e9 aktivn\u00ed mycelium<\/p>\n<\/li>\n<\/ul><p data-start=\"1811\" data-end=\"2049\">Proto\u017ee injek\u010dn\u00ed st\u0159\u00edka\u010dka obsahuje sp\u00ed\u0161e spory ne\u017e \u017eiv\u00e9 mycelium, je po nao\u010dkov\u00e1n\u00ed nutn\u00e1 f\u00e1ze kl\u00ed\u010den\u00ed. Po vst\u0159\u00edknut\u00ed do sterilizovan\u00e9ho <a href=\"https:\/\/www.mondogrowkits.com\/cs\/sterilizovany-substrat\/\">substr\u00e1t<\/a>, mus\u00ed se spory aktivovat a za\u010d\u00edt tvo\u0159it mycelium, ne\u017e dojde k pln\u00e9 kolonizaci.<\/p><hr data-start=\"2051\" data-end=\"2054\" \/><h2 data-start=\"2056\" data-end=\"2101\">Ur\u010deno pro pou\u017eit\u00ed se sterilizovan\u00fdm substr\u00e1tem<\/h2><p data-start=\"2103\" data-end=\"2313\">PFO <a href=\"https:\/\/www.mondogrowkits.com\/cs\/psilocybe-cubensis-strikacky-na-vytrusy\/\">st\u0159\u00edka\u010dka na spory<\/a> se b\u011b\u017en\u011b pou\u017e\u00edv\u00e1 s profesion\u00e1ln\u011b p\u0159ipraven\u00fdm sterilizovan\u00fdm substr\u00e1tem nebo obiln\u00fdm pot\u011brem. Proto\u017ee sterilizovan\u00fd substr\u00e1t neobsahuje aktivn\u00ed mycelium, je k zah\u00e1jen\u00ed kolonizace nutn\u00e1 inokulace.<\/p><p data-start=\"2315\" data-end=\"2509\">Pro sn\u00ed\u017een\u00ed rizika kontaminace je nezbytn\u00e9 dodr\u017eovat steriln\u00ed techniku p\u0159i injek\u010dn\u00edm pod\u00e1n\u00ed. \u010cist\u00e9 n\u00e1stroje, stabiln\u00ed teplota a kontrolovan\u00e1 manipulace v\u00fdznamn\u011b ovliv\u0148uj\u00ed \u00fasp\u011b\u0161nost kolonizace.<\/p><p data-start=\"2511\" data-end=\"2668\">Psilocybe cubensis obecn\u011b dob\u0159e kolonizuje p\u0159i teplot\u011b 20-24 \u00b0C, i kdy\u017e doba kolonizace se m\u016f\u017ee li\u0161it v z\u00e1vislosti na kmeni a konzistenci prost\u0159ed\u00ed.<\/p><hr data-start=\"2670\" data-end=\"2673\" \/><h2 data-start=\"2675\" data-end=\"2709\">St\u0159\u00edka\u010dka na spory vs Liquid Culture<\/h2><p data-start=\"2711\" data-end=\"2775\">Pochopen\u00ed rozd\u00edl\u016f pom\u00e1h\u00e1 ur\u010dit spr\u00e1vn\u00fd p\u0159\u00edstup:<\/p><p data-start=\"2777\" data-end=\"2794\"><strong data-start=\"2777\" data-end=\"2794\">St\u0159\u00edka\u010dka na spory<\/strong><\/p><ul data-start=\"2795\" data-end=\"2921\">\n<li data-start=\"2795\" data-end=\"2822\">\n<p data-start=\"2797\" data-end=\"2822\">Obsahuje dormantn\u00ed spory<\/p>\n<\/li>\n<li data-start=\"2823\" data-end=\"2853\">\n<p data-start=\"2825\" data-end=\"2853\">Vy\u017eaduje f\u00e1zi kl\u00ed\u010den\u00ed<\/p>\n<\/li>\n<li data-start=\"2854\" data-end=\"2892\">\n<p data-start=\"2856\" data-end=\"2892\">Obvykle del\u0161\u00ed doba kolonizace<\/p>\n<\/li>\n<li data-start=\"2893\" data-end=\"2921\">\n<p data-start=\"2895\" data-end=\"2921\">Umo\u017e\u0148uje genetickou variabilitu<\/p>\n<\/li>\n<\/ul><p data-start=\"2923\" data-end=\"2949\"><strong data-start=\"2923\" data-end=\"2949\">Liquid Culture Injek\u010dn\u00ed st\u0159\u00edka\u010dka<\/strong><\/p><ul data-start=\"2950\" data-end=\"3041\">\n<li data-start=\"2950\" data-end=\"2978\">\n<p data-start=\"2952\" data-end=\"2978\">Obsahuje aktivn\u00ed mycelium<\/p>\n<\/li>\n<li data-start=\"2979\" data-end=\"3002\">\n<p data-start=\"2981\" data-end=\"3002\">Rychlej\u0161\u00ed kolonizace<\/p>\n<\/li>\n<li data-start=\"3003\" data-end=\"3041\">\n<p data-start=\"3005\" data-end=\"3041\">Konzistentn\u011bj\u0161\u00ed genetick\u00fd projev<\/p>\n<\/li>\n<\/ul><p data-start=\"3043\" data-end=\"3097\">Ob\u011b metody jsou kompatibiln\u00ed se sterilizovan\u00fdm substr\u00e1tem.<\/p><hr data-start=\"3099\" data-end=\"3102\" \/><h2 data-start=\"3104\" data-end=\"3140\">Pro\u010d si vybrat st\u0159\u00edka\u010dku PFO Spore?<\/h2><ul data-start=\"3142\" data-end=\"3351\">\n<li data-start=\"3142\" data-end=\"3186\">\n<p data-start=\"3144\" data-end=\"3186\">Profesion\u00e1ln\u011b p\u0159ipraven\u00fd steriln\u00ed roztok<\/p>\n<\/li>\n<li data-start=\"3187\" data-end=\"3227\">\n<p data-start=\"3189\" data-end=\"3227\">Spolehliv\u00e1 genetika Psilocybe Cubensis<\/p>\n<\/li>\n<li data-start=\"3228\" data-end=\"3268\">\n<p data-start=\"3230\" data-end=\"3268\">Kompatibiln\u00ed se sterilizovan\u00fdm substr\u00e1tem<\/p>\n<\/li>\n<li data-start=\"3269\" data-end=\"3309\">\n<p data-start=\"3271\" data-end=\"3309\">Vhodn\u00e9 pro mikroskopii a v\u00fdzkum<\/p>\n<\/li>\n<li data-start=\"3310\" data-end=\"3351\">\n<p data-start=\"3312\" data-end=\"3351\">\u010cist\u00e1 a konzistentn\u00ed suspenze spor<\/p>\n<\/li>\n<\/ul><p data-start=\"3353\" data-end=\"3501\">St\u0159\u00edka\u010dka PFO Psilocybe Cubensis Spore Syringe poskytuje kontrolovanou a spolehlivou metodu vn\u00e1\u0161en\u00ed spor rodu Cubensis do steriln\u00edch kultiva\u010dn\u00edch m\u00e9di\u00ed.<\/p>","protected":false},"excerpt":{"rendered":"<p data-start=\"346\" data-end=\"628\">St\u0159\u00edka\u010dka se sporami PFO Psilocybe Cubensis obsahuje vysoce kvalitn\u00ed spory cubensis suspendovan\u00e9 ve steriln\u00edm roztoku pro p\u0159esn\u00e9 a kontrolovan\u00e9 o\u010dkov\u00e1n\u00ed. Tato injek\u010dn\u00ed st\u0159\u00edka\u010dka je p\u0159ipravena za \u010dist\u00fdch podm\u00ednek a je vhodn\u00e1 pro mikroskopov\u00e1n\u00ed a pou\u017eit\u00ed se sterilizovan\u00fdm substr\u00e1tem tam, kde je to z\u00e1konem povoleno.<\/p>\n<ul data-start=\"630\" data-end=\"824\">\n<li data-start=\"630\" data-end=\"658\">\n<p data-start=\"632\" data-end=\"658\">Steriln\u00ed suspenze spor<\/p>\n<\/li>\n<li data-start=\"659\" data-end=\"702\">\n<p data-start=\"661\" data-end=\"702\">Obsahuje pouze spory (\u017e\u00e1dn\u00e9 \u017eiv\u00e9 mycelium)<\/p>\n<\/li>\n<li data-start=\"703\" data-end=\"743\">\n<p data-start=\"705\" data-end=\"743\">Kompatibiln\u00ed se sterilizovan\u00fdm substr\u00e1tem<\/p>\n<\/li>\n<li data-start=\"744\" data-end=\"771\">\n<p data-start=\"746\" data-end=\"771\">Rovnom\u011brn\u00e9 rozlo\u017een\u00ed spor<\/p>\n<\/li>\n<li data-start=\"772\" data-end=\"824\">\n<p data-start=\"774\" data-end=\"824\">Vhodn\u00e9 pro v\u00fdzkum a kontrolovan\u00e9 p\u011bstov\u00e1n\u00ed<\/p>\n<\/li>\n<\/ul>\n<p data-start=\"826\" data-end=\"904\">Ur\u010deno pro p\u011bstitele a v\u00fdzkumn\u00edky pracuj\u00edc\u00ed s genetikou Psilocybe Cubensis.<\/p>","protected":false},"featured_media":4641,"comment_status":"open","ping_status":"closed","template":"","meta":[],"product_brand":[32],"product_cat":[66],"product_tag":[],"class_list":{"0":"post-1024","1":"product","2":"type-product","3":"status-publish","4":"has-post-thumbnail","6":"product_brand-mondo","7":"product_cat-psilocybe-cubensis-spore-syringes","9":"first","10":"instock","11":"taxable","12":"shipping-taxable","13":"purchasable","14":"product-type-simple"},"jetpack_sharing_enabled":true,"_links":{"self":[{"href":"https:\/\/www.mondogrowkits.com\/cs\/wp-json\/wp\/v2\/product\/1024","targetHints":{"allow":["GET"]}}],"collection":[{"href":"https:\/\/www.mondogrowkits.com\/cs\/wp-json\/wp\/v2\/product"}],"about":[{"href":"https:\/\/www.mondogrowkits.com\/cs\/wp-json\/wp\/v2\/types\/product"}],"replies":[{"embeddable":true,"href":"https:\/\/www.mondogrowkits.com\/cs\/wp-json\/wp\/v2\/comments?post=1024"}],"wp:featuredmedia":[{"embeddable":true,"href":"https:\/\/www.mondogrowkits.com\/cs\/wp-json\/wp\/v2\/media\/4641"}],"wp:attachment":[{"href":"https:\/\/www.mondogrowkits.com\/cs\/wp-json\/wp\/v2\/media?parent=1024"}],"wp:term":[{"taxonomy":"product_brand","embeddable":true,"href":"https:\/\/www.mondogrowkits.com\/cs\/wp-json\/wp\/v2\/product_brand?post=1024"},{"taxonomy":"product_cat","embeddable":true,"href":"https:\/\/www.mondogrowkits.com\/cs\/wp-json\/wp\/v2\/product_cat?post=1024"},{"taxonomy":"product_tag","embeddable":true,"href":"https:\/\/www.mondogrowkits.com\/cs\/wp-json\/wp\/v2\/product_tag?post=1024"}],"curies":[{"name":"wp","href":"https:\/\/api.w.org\/{rel}","templated":true}]}}