{"id":1029,"date":"2025-07-23T16:17:40","date_gmt":"2025-07-23T16:17:40","guid":{"rendered":"https:\/\/staging.mondogrowkits.com\/?post_type=product&#038;p=1029"},"modified":"2026-04-07T11:42:21","modified_gmt":"2026-04-07T10:42:21","slug":"sportovni-strikacka-mexicana","status":"publish","type":"product","link":"https:\/\/www.mondogrowkits.com\/cs\/spore-syringe-mexicana\/","title":{"rendered":"Mexicana - St\u0159\u00edka\u010dka na spory Psilocybe Cubensis"},"content":{"rendered":"<h2 data-start=\"942\" data-end=\"1014\">Mexicana - St\u0159\u00edka\u010dka na spory Psilocybe Cubensis | Steriln\u00ed spory Psilocybe Cubensis<\/h2><p data-start=\"1016\" data-end=\"1307\">St\u0159\u00edka\u010dka se sporami Psilocybe Cubensis Mexicana obsahuje mikroskopick\u00e9 spory cubensis suspendovan\u00e9 ve steriln\u00edm roztoku p\u0159ipraven\u00e9m tak, aby byla zaji\u0161t\u011bna \u010distota a konzistentn\u00ed distribuce. Tento v\u00fdrobek je ur\u010den pro mikroskopii, v\u00fdzkum a o\u010dkov\u00e1n\u00ed. <a href=\"https:\/\/www.mondogrowkits.com\/sv\/sterilised-substrate\/\">sterilizovan\u00fd substr\u00e1t<\/a> pokud je to z\u00e1konem povoleno.<\/p><p data-start=\"1309\" data-end=\"1591\">Na str\u00e1nk\u00e1ch <a href=\"https:\/\/www.mondogrowkits.com\/sv\/microdosing-mexicana\/\">Mexicana<\/a> kmen je uznanou odr\u016fdou v r\u00e1mci druhu Psilocybe Cubensis. Stejn\u011b jako v\u0161echny kmeny cubensis sd\u00edl\u00ed stejnou druhovou klasifikaci, p\u0159i\u010dem\u017e m\u016f\u017ee vykazovat m\u00edrn\u00e9 rozd\u00edly v koloniza\u010dn\u00edm chov\u00e1n\u00ed a struktu\u0159e r\u016fstu v z\u00e1vislosti na podm\u00ednk\u00e1ch prost\u0159ed\u00ed.<\/p><hr data-start=\"1593\" data-end=\"1596\" \/><h2 data-start=\"1598\" data-end=\"1618\">Co je zahrnuto v cen\u011b?<\/h2><p data-start=\"1620\" data-end=\"1648\">Tato st\u0159\u00edka\u010dka se sporami obsahuje:<\/p><ul data-start=\"1650\" data-end=\"1752\">\n<li data-start=\"1650\" data-end=\"1697\">\n<p data-start=\"1652\" data-end=\"1697\">Spory Psilocybe Cubensis (kmen Mexicana)<\/p>\n<\/li>\n<li data-start=\"1698\" data-end=\"1729\">\n<p data-start=\"1700\" data-end=\"1729\">Steriln\u00ed suspenzn\u00ed roztok<\/p>\n<\/li>\n<li data-start=\"1730\" data-end=\"1752\">\n<p data-start=\"1732\" data-end=\"1752\">\u017d\u00e1dn\u00e9 aktivn\u00ed mycelium<\/p>\n<\/li>\n<\/ul><p data-start=\"1754\" data-end=\"1973\">Proto\u017ee obsahuje spory, nikoli \u017eiv\u00e9 mycelium, je po nao\u010dkov\u00e1n\u00ed nutn\u00e1 f\u00e1ze kl\u00ed\u010den\u00ed. Po vnesen\u00ed do sterilizovan\u00e9ho <a href=\"https:\/\/www.mondogrowkits.com\/sv\/sterilised-substrate\/\">substr\u00e1t<\/a>, mus\u00ed se spory aktivovat d\u0159\u00edve, ne\u017e mycelium za\u010dne kolonizovat m\u00e9dium.<\/p><hr data-start=\"1975\" data-end=\"1978\" \/><h2 data-start=\"1980\" data-end=\"2025\">Ur\u010deno pro pou\u017eit\u00ed se sterilizovan\u00fdm substr\u00e1tem<\/h2><p data-start=\"2027\" data-end=\"2240\">St\u0159\u00edka\u010dka na spory Mexicana se b\u011b\u017en\u011b pou\u017e\u00edv\u00e1 s profesion\u00e1ln\u011b p\u0159ipraven\u00fdm sterilizovan\u00fdm substr\u00e1tem nebo obiln\u00fdm pot\u011brem. Proto\u017ee sterilizovan\u00fd substr\u00e1t neobsahuje aktivn\u00ed mycelium, je k zah\u00e1jen\u00ed kolonizace nutn\u00e1 inokulace.<\/p><p data-start=\"2242\" data-end=\"2424\">Spr\u00e1vn\u00e1 steriln\u00ed technika p\u0159i injekci je nezbytn\u00e1 pro minimalizaci rizika kontaminace. Stabiln\u00ed teploty a \u010dist\u00e9 postupy manipulace v\u00fdznamn\u011b ovliv\u0148uj\u00ed \u00fasp\u011b\u0161nost kolonizace.<\/p><p data-start=\"2426\" data-end=\"2576\"><a href=\"https:\/\/www.mondogrowkits.com\/sv\/what-is-psilocybin\/\">Psilocybe cubensis<\/a> obecn\u011b se dob\u0159e kolonizuje p\u0159i teplot\u011b 20-24 \u00b0C, a\u010dkoli doba kolonizace se li\u0161\u00ed v z\u00e1vislosti na kmeni a podm\u00ednk\u00e1ch prost\u0159ed\u00ed.<\/p><hr data-start=\"2578\" data-end=\"2581\" \/><h2 data-start=\"2583\" data-end=\"2617\">St\u0159\u00edka\u010dka na spory vs Liquid Culture<\/h2><p data-start=\"2619\" data-end=\"2689\">Pochopen\u00ed rozd\u00edl\u016f v\u00e1m pom\u016f\u017ee vybrat vhodnou metodu:<\/p><p data-start=\"2691\" data-end=\"2708\"><strong data-start=\"2691\" data-end=\"2708\">St\u0159\u00edka\u010dka na spory<\/strong><\/p><ul data-start=\"2709\" data-end=\"2845\">\n<li data-start=\"2709\" data-end=\"2736\">\n<p data-start=\"2711\" data-end=\"2736\">Obsahuje dormantn\u00ed spory<\/p>\n<\/li>\n<li data-start=\"2737\" data-end=\"2767\">\n<p data-start=\"2739\" data-end=\"2767\">Vy\u017eaduje f\u00e1zi kl\u00ed\u010den\u00ed<\/p>\n<\/li>\n<li data-start=\"2768\" data-end=\"2808\">\n<p data-start=\"2770\" data-end=\"2808\">Obvykle del\u0161\u00ed doba kolonizace<\/p>\n<\/li>\n<li data-start=\"2809\" data-end=\"2845\">\n<p data-start=\"2811\" data-end=\"2845\">Umo\u017e\u0148uje p\u0159irozenou genetickou variabilitu<\/p>\n<\/li>\n<\/ul><p data-start=\"2847\" data-end=\"2873\"><strong data-start=\"2847\" data-end=\"2873\">Liquid Culture Injek\u010dn\u00ed st\u0159\u00edka\u010dka<\/strong><\/p><ul data-start=\"2874\" data-end=\"2966\">\n<li data-start=\"2874\" data-end=\"2902\">\n<p data-start=\"2876\" data-end=\"2902\">Obsahuje aktivn\u00ed mycelium<\/p>\n<\/li>\n<li data-start=\"2903\" data-end=\"2926\">\n<p data-start=\"2905\" data-end=\"2926\">Rychlej\u0161\u00ed kolonizace<\/p>\n<\/li>\n<li data-start=\"2927\" data-end=\"2966\">\n<p data-start=\"2929\" data-end=\"2966\">D\u016fsledn\u011bj\u0161\u00ed genetick\u00fd v\u00fdvoj<\/p>\n<\/li>\n<\/ul><p data-start=\"2968\" data-end=\"3022\">Ob\u011b metody jsou kompatibiln\u00ed se sterilizovan\u00fdm substr\u00e1tem.<\/p><hr data-start=\"3024\" data-end=\"3027\" \/><h2 data-start=\"3029\" data-end=\"3070\">Pro\u010d si vybrat st\u0159\u00edka\u010dku na spory Mexicana?<\/h2><ul data-start=\"3072\" data-end=\"3281\">\n<li data-start=\"3072\" data-end=\"3116\">\n<p data-start=\"3074\" data-end=\"3116\">Profesion\u00e1ln\u011b p\u0159ipraven\u00fd steriln\u00ed roztok<\/p>\n<\/li>\n<li data-start=\"3117\" data-end=\"3157\">\n<p data-start=\"3119\" data-end=\"3157\">Spolehliv\u00e1 genetika Psilocybe Cubensis<\/p>\n<\/li>\n<li data-start=\"3158\" data-end=\"3198\">\n<p data-start=\"3160\" data-end=\"3198\">Kompatibiln\u00ed se sterilizovan\u00fdm substr\u00e1tem<\/p>\n<\/li>\n<li data-start=\"3199\" data-end=\"3239\">\n<p data-start=\"3201\" data-end=\"3239\">Vhodn\u00e9 pro mikroskopii a v\u00fdzkum<\/p>\n<\/li>\n<li data-start=\"3240\" data-end=\"3281\">\n<p data-start=\"3242\" data-end=\"3281\">\u010cist\u00e1 a konzistentn\u00ed suspenze spor<\/p>\n<\/li>\n<\/ul><p data-start=\"3283\" data-end=\"3428\">Mexicana <a href=\"https:\/\/www.mondogrowkits.com\/sv\/psilocybe-cubensis-spore-syringes\/\">Psilocybe Cubensis St\u0159\u00edka\u010dka na spory<\/a> poskytuje kontrolovan\u00fd a spolehliv\u00fd zp\u016fsob vn\u00e1\u0161en\u00ed spor cubensis do steriln\u00edch kultiva\u010dn\u00edch m\u00e9di\u00ed.<\/p>","protected":false},"excerpt":{"rendered":"<p data-start=\"356\" data-end=\"633\">St\u0159\u00edka\u010dka Mexicana Psilocybe Cubensis Spore Syringe obsahuje vysoce kvalitn\u00ed spory rodu Cubensis suspendovan\u00e9 ve steriln\u00edm roztoku pro p\u0159esn\u00e9 o\u010dkov\u00e1n\u00ed. Tato injek\u010dn\u00ed st\u0159\u00edka\u010dka je p\u0159ipravena za kontrolovan\u00fdch podm\u00ednek a je vhodn\u00e1 pro mikroskopov\u00e1n\u00ed a pou\u017eit\u00ed se sterilizovan\u00fdm substr\u00e1tem tam, kde je to z\u00e1konem povoleno.<\/p>\n<ul data-start=\"635\" data-end=\"829\">\n<li data-start=\"635\" data-end=\"663\">\n<p data-start=\"637\" data-end=\"663\">Steriln\u00ed suspenze spor<\/p>\n<\/li>\n<li data-start=\"664\" data-end=\"707\">\n<p data-start=\"666\" data-end=\"707\">Obsahuje pouze spory (\u017e\u00e1dn\u00e9 \u017eiv\u00e9 mycelium)<\/p>\n<\/li>\n<li data-start=\"708\" data-end=\"748\">\n<p data-start=\"710\" data-end=\"748\">Kompatibiln\u00ed se sterilizovan\u00fdm substr\u00e1tem<\/p>\n<\/li>\n<li data-start=\"749\" data-end=\"776\">\n<p data-start=\"751\" data-end=\"776\">Rovnom\u011brn\u00e9 rozlo\u017een\u00ed spor<\/p>\n<\/li>\n<li data-start=\"777\" data-end=\"829\">\n<p data-start=\"779\" data-end=\"829\">Vhodn\u00e9 pro v\u00fdzkum a kontrolovan\u00e9 p\u011bstov\u00e1n\u00ed<\/p>\n<\/li>\n<\/ul>\n<p data-start=\"831\" data-end=\"906\">Ide\u00e1ln\u00ed pro p\u011bstitele a v\u00fdzkumn\u00edky pracuj\u00edc\u00ed s genetikou Psilocybe Cubensis.<\/p>","protected":false},"featured_media":4641,"comment_status":"open","ping_status":"closed","template":"","meta":[],"product_brand":[32],"product_cat":[66],"product_tag":[],"class_list":{"0":"post-1029","1":"product","2":"type-product","3":"status-publish","4":"has-post-thumbnail","6":"product_brand-mondo","7":"product_cat-psilocybe-cubensis-spore-syringes","9":"first","10":"instock","11":"taxable","12":"shipping-taxable","13":"purchasable","14":"product-type-simple"},"jetpack_sharing_enabled":true,"_links":{"self":[{"href":"https:\/\/www.mondogrowkits.com\/cs\/wp-json\/wp\/v2\/product\/1029","targetHints":{"allow":["GET"]}}],"collection":[{"href":"https:\/\/www.mondogrowkits.com\/cs\/wp-json\/wp\/v2\/product"}],"about":[{"href":"https:\/\/www.mondogrowkits.com\/cs\/wp-json\/wp\/v2\/types\/product"}],"replies":[{"embeddable":true,"href":"https:\/\/www.mondogrowkits.com\/cs\/wp-json\/wp\/v2\/comments?post=1029"}],"wp:featuredmedia":[{"embeddable":true,"href":"https:\/\/www.mondogrowkits.com\/cs\/wp-json\/wp\/v2\/media\/4641"}],"wp:attachment":[{"href":"https:\/\/www.mondogrowkits.com\/cs\/wp-json\/wp\/v2\/media?parent=1029"}],"wp:term":[{"taxonomy":"product_brand","embeddable":true,"href":"https:\/\/www.mondogrowkits.com\/cs\/wp-json\/wp\/v2\/product_brand?post=1029"},{"taxonomy":"product_cat","embeddable":true,"href":"https:\/\/www.mondogrowkits.com\/cs\/wp-json\/wp\/v2\/product_cat?post=1029"},{"taxonomy":"product_tag","embeddable":true,"href":"https:\/\/www.mondogrowkits.com\/cs\/wp-json\/wp\/v2\/product_tag?post=1029"}],"curies":[{"name":"wp","href":"https:\/\/api.w.org\/{rel}","templated":true}]}}