{"id":1357,"date":"2025-09-11T16:50:32","date_gmt":"2025-09-11T16:50:32","guid":{"rendered":"https:\/\/www.mondogrowkits.com\/?post_type=product&#038;p=1357"},"modified":"2026-04-28T13:13:23","modified_gmt":"2026-04-28T12:13:23","slug":"tekuta-kultura-costa-rica","status":"publish","type":"product","link":"https:\/\/www.mondogrowkits.com\/cs\/liquid-culture-costa-rica\/","title":{"rendered":"Kostarika - Psilocybe Cubensis Liquid Culture st\u0159\u00edka\u010dka"},"content":{"rendered":"<h2 data-section-id=\"t2hxol\" data-start=\"566\" data-end=\"640\">Kostarika Liquid Culture St\u0159\u00edka\u010dka - Psilocybe cubensis Premium Genetics<\/h2><p data-start=\"642\" data-end=\"945\">Kostarika - <a href=\"https:\/\/www.mondogrowkits.com\/cs\/co-je-psilocybin\/\">Psilocybe cubensis<\/a> Liquid Culture Syringe je vysoce kvalitn\u00ed kultura zn\u00e1m\u00e1 svou silnou genetikou, rychlou kolonizac\u00ed a konzistentn\u00edm v\u00fdvojem mycelia. Tento dob\u0159e zn\u00e1m\u00fd kmen je cen\u011bn pro sv\u00e9 spolehliv\u00e9 r\u016fstov\u00e9 vzorce a stabiln\u00ed v\u00fdkonnost v r\u016fzn\u00fdch kultiva\u010dn\u00edch nastaven\u00edch.<\/p><p data-start=\"947\" data-end=\"1194\">Costa Rica je uzn\u00e1van\u00e1 pro sv\u00e9 hust\u00e9 a \u017eiv\u00e9 mycelium, kter\u00e9 umo\u017e\u0148uje rychlou a rovnom\u011brnou kolonizaci \u0161irok\u00e9 \u0161k\u00e1ly substr\u00e1t\u016f. D\u00edky sv\u00fdm konzistentn\u00edm vlastnostem je vynikaj\u00edc\u00ed volbou pro p\u011bstitele, kte\u0159\u00ed hledaj\u00ed efektivitu a p\u0159edv\u00eddateln\u00e9 v\u00fdsledky.<\/p><p data-start=\"1196\" data-end=\"1441\">Proto\u017ee je tento produkt dod\u00e1v\u00e1n jako tekut\u00e1 kultura, obsahuje aktivn\u00ed mycelium suspendovan\u00e9 v roztoku bohat\u00e9m na \u017eiviny. To umo\u017e\u0148uje podstatn\u011b rychlej\u0161\u00ed kolonizaci ve srovn\u00e1n\u00ed s tradi\u010dn\u00edm <a href=\"https:\/\/www.mondogrowkits.com\/cs\/psilocybe-cubensis-strikacky-na-vytrusy\/\">st\u0159\u00edka\u010dky na spory<\/a> a zlep\u0161uje celkovou \u00fasp\u011b\u0161nost.<\/p><p data-start=\"1443\" data-end=\"1548\">Za optim\u00e1ln\u00edch podm\u00ednek lze r\u016fst mycelia \u010dasto pozorovat ji\u017e n\u011bkolik dn\u00ed po inokulaci.<\/p><hr data-start=\"1550\" data-end=\"1553\" \/><h3 data-section-id=\"1kfaas9\" data-start=\"1555\" data-end=\"1599\">Co je Kostarika (Psilocybe cubensis)?<\/h3><p data-start=\"1601\" data-end=\"1858\">Costa Rica je dob\u0159e zn\u00e1m\u00fd kmen Psilocybe cubensis, kter\u00fd je cen\u011bn pro sv\u016fj spolehliv\u00fd r\u016fst a konzistentn\u00ed chov\u00e1n\u00ed v kontrolovan\u00fdch podm\u00ednk\u00e1ch. Stejn\u011b jako ostatn\u00ed odr\u016fdy cubensis je \u0161iroce studov\u00e1na a oce\u0148ov\u00e1na pro sv\u016fj stabiln\u00ed v\u00fdvoj a snadn\u00e9 p\u011bstov\u00e1n\u00ed.<\/p><p data-start=\"1860\" data-end=\"1943\">D\u00edky sv\u00e9 spolehlivosti je vhodn\u00fd jak pro <a href=\"https:\/\/www.mondogrowkits.com\/cs\/mondo-growkits-best-strains-beginners-advanced\/\">za\u010d\u00e1te\u010dn\u00edci<\/a> a zku\u0161en\u00e9 p\u011bstitele.<\/p><hr data-start=\"1945\" data-end=\"1948\" \/><h3 data-section-id=\"1dnunip\" data-start=\"1950\" data-end=\"1991\">Pro\u010d si vybrat Kostariku Liquid Culture?<\/h3><ul data-start=\"1993\" data-end=\"2279\">\n<li data-section-id=\"uotoak\" data-start=\"1993\" data-end=\"2030\">Obl\u00edben\u00fd kmen Psilocybe cubensis<\/li>\n<li data-section-id=\"1nqqo5y\" data-start=\"2031\" data-end=\"2069\">Siln\u00e1 a d\u016fsledn\u00e1 kolonizace<\/li>\n<li data-section-id=\"1hxpfjl\" data-start=\"2070\" data-end=\"2107\">Rychl\u00fd a intenzivn\u00ed r\u016fst mycelia<\/li>\n<li data-section-id=\"vs2jta\" data-start=\"2108\" data-end=\"2143\">Spolehliv\u00fd a stabiln\u00ed v\u00fdkon<\/li>\n<li data-section-id=\"fix0if\" data-start=\"2144\" data-end=\"2194\">Vhodn\u00e9 pro za\u010d\u00e1te\u010dn\u00edky i zku\u0161en\u00e9 p\u011bstitele<\/li>\n<li data-section-id=\"19zbuxr\" data-start=\"2195\" data-end=\"2238\">Rychlej\u0161\u00ed kolonizace ne\u017e u st\u0159\u00edka\u010dek se sporami<\/li>\n<li data-section-id=\"16w25lw\" data-start=\"2239\" data-end=\"2279\">Aktivn\u00ed tekut\u00e1 kultura - p\u0159ipraven\u00e1 k pou\u017eit\u00ed<\/li>\n<\/ul><p data-start=\"2281\" data-end=\"2390\">Kapaln\u00e1 kultura Costa Rica je ide\u00e1ln\u00ed pro p\u011bstitele, kte\u0159\u00ed hledaj\u00ed spolehliv\u00e9 a efektivn\u00ed p\u011bstov\u00e1n\u00ed.<\/p><hr data-start=\"2392\" data-end=\"2395\" \/><h3 data-section-id=\"1edg1fv\" data-start=\"2397\" data-end=\"2427\">V\u00fdhody Liquid Culture<\/h3><p data-start=\"2429\" data-end=\"2518\">Injek\u010dn\u00ed st\u0159\u00edka\u010dky pro tekut\u00e9 kultury maj\u00ed oproti tradi\u010dn\u00edm produkt\u016fm zalo\u017een\u00fdm na spor\u00e1ch n\u011bkolik v\u00fdhod.<\/p><p data-start=\"2520\" data-end=\"2608\">Proto\u017ee mycelium je ji\u017e aktivn\u00ed, kolonizace za\u010d\u00edn\u00e1 ihned po nao\u010dkov\u00e1n\u00ed.<\/p><p data-start=\"2610\" data-end=\"2631\">Mezi hlavn\u00ed v\u00fdhody pat\u0159\u00ed:<\/p><ul data-start=\"2633\" data-end=\"2790\">\n<li data-section-id=\"5at1tr\" data-start=\"2633\" data-end=\"2662\">Rychlej\u0161\u00ed doba kolonizace<\/li>\n<li data-section-id=\"cqwl0j\" data-start=\"2663\" data-end=\"2687\">Vy\u0161\u0161\u00ed \u00fasp\u011b\u0161nost<\/li>\n<li data-section-id=\"ur01ho\" data-start=\"2688\" data-end=\"2721\">Rovnom\u011brn\u00e9 rozlo\u017een\u00ed mycelia<\/li>\n<li data-section-id=\"nuiwlo\" data-start=\"2722\" data-end=\"2754\">Snadn\u00e1 a p\u0159esn\u00e1 aplikace<\/li>\n<li data-section-id=\"s8uau9\" data-start=\"2755\" data-end=\"2790\">Konzistentn\u00ed a spolehliv\u00e9 v\u00fdsledky<\/li>\n<\/ul><p data-start=\"2792\" data-end=\"2875\">Kapaln\u00e9 kultury jsou vhodnou volbou pro p\u011bstitele, kte\u0159\u00ed si cen\u00ed rychlosti a konzistence.<\/p><hr data-start=\"2877\" data-end=\"2880\" \/><h3 data-section-id=\"1ltc4xe\" data-start=\"2882\" data-end=\"2907\">Pou\u017eit\u00ed a aplikace<\/h3><p data-start=\"2909\" data-end=\"2998\">Kostarika <a href=\"https:\/\/www.mondogrowkits.com\/cs\/injekcni-strikacka-pro-kultivaci-tekutin\/\">injek\u010dn\u00ed st\u0159\u00edka\u010dka pro kultivaci tekutin<\/a> se snadno pou\u017e\u00edv\u00e1 a je vhodn\u00fd pro r\u016fzn\u00e9 podklady.<\/p><p data-start=\"3000\" data-end=\"3138\">P\u0159ed pou\u017eit\u00edm st\u0159\u00edka\u010dkou jemn\u011b zat\u0159epejte, aby se mycelium rovnom\u011brn\u011b rozprost\u0159elo. Vst\u0159\u00edkn\u011bte roztok do <a href=\"https:\/\/www.mondogrowkits.com\/cs\/sterilizovany-substrat\/\">steriln\u00ed substr\u00e1t<\/a> nebo p\u011bstebn\u00ed m\u00e9dium.<\/p><p data-start=\"3140\" data-end=\"3240\">Proto\u017ee kultura obsahuje aktivn\u00ed mycelium, kolonizace obvykle za\u010d\u00edn\u00e1 rychleji ne\u017e u spor.<\/p><p data-start=\"3242\" data-end=\"3321\">V\u017edy pracujte v \u010dist\u00e9m a steriln\u00edm prost\u0159ed\u00ed, abyste minimalizovali riziko kontaminace.<\/p><p data-start=\"3323\" data-end=\"3408\">Pozn\u00e1mka: Tento produkt je ur\u010den v\u00fdhradn\u011b pro mikroskopick\u00e9 a vzd\u011bl\u00e1vac\u00ed \u00fa\u010dely.<\/p><hr data-start=\"3410\" data-end=\"3413\" \/><h3 data-section-id=\"1w10lnv\" data-start=\"3415\" data-end=\"3439\">Skladov\u00e1n\u00ed a skladovatelnost<\/h3><p data-start=\"3441\" data-end=\"3502\">St\u0159\u00edka\u010dku s tekutou kulturou uchov\u00e1vejte v chladni\u010dce p\u0159i teplot\u011b 2-8 \u00b0C.<\/p><p data-start=\"3504\" data-end=\"3555\">Doba pou\u017eitelnosti: P\u0159i spr\u00e1vn\u00e9m skladov\u00e1n\u00ed a\u017e 2-3 m\u011bs\u00edce<\/p><p data-start=\"3557\" data-end=\"3644\">Vyhn\u011bte se p\u0159\u00edm\u00e9mu slune\u010dn\u00edmu z\u00e1\u0159en\u00ed a teplu. P\u0159ed pou\u017eit\u00edm nechte st\u0159\u00edka\u010dku dos\u00e1hnout pokojov\u00e9 teploty.<\/p><hr data-start=\"3646\" data-end=\"3649\" \/><h3 data-section-id=\"1lqrasi\" data-start=\"3651\" data-end=\"3696\">Kostarika - siln\u00e1 a spolehliv\u00e1 genetika<\/h3><p data-start=\"3698\" data-end=\"3814\">Costa Rica je cen\u011bna pro svou rychlou kolonizaci a st\u00e1lou v\u00fdkonnost, d\u00edky \u010demu\u017e je mezi p\u011bstiteli d\u016fv\u011bryhodnou volbou.<\/p><p data-start=\"3816\" data-end=\"3924\">D\u00edky sv\u00fdm spolehliv\u00fdm r\u016fstov\u00fdm vlastnostem a snadn\u00e9mu pou\u017eit\u00ed je vhodn\u00e1 pro \u0161irokou \u0161k\u00e1lu p\u011bstitelsk\u00fdch sestav.<\/p><hr data-start=\"3926\" data-end=\"3929\" \/><h3 data-section-id=\"1m6zvkg\" data-start=\"3931\" data-end=\"3985\">Objednejte si dnes st\u0159\u00edka\u010dku Costa Rica Liquid Culture<\/h3><p data-start=\"3987\" data-end=\"4117\">St\u0159\u00edka\u010dka Costa Rica - Psilocybe cubensis Liquid Culture nab\u00edz\u00ed vynikaj\u00edc\u00ed kombinaci rychlosti, spolehlivosti a v\u00fdkonu.<\/p><p data-start=\"4119\" data-end=\"4237\">Tato tekut\u00e1 kultura s aktivn\u00edm myceliem a osv\u011bd\u010denou genetikou je ide\u00e1ln\u00ed pro dosa\u017een\u00ed rychl\u00e9 a konzistentn\u00ed kolonizace.<\/p><p data-start=\"4239\" data-end=\"4297\" data-is-last-node=\"\" data-is-only-node=\"\">Objednejte si je\u0161t\u011b dnes a vyzkou\u0161ejte prvot\u0159\u00eddn\u00ed kvalitu tekut\u00fdch kultur.<\/p>","protected":false},"excerpt":{"rendered":"<p data-start=\"95\" data-end=\"388\">Kostarika - Psilocybe cubensis Liquid Culture Syringe je prvot\u0159\u00eddn\u00ed tekut\u00e1 kultura zn\u00e1m\u00e1 pro svou rychlou kolonizaci a siln\u00fd, rovnom\u011brn\u00fd r\u016fst mycelia. Tento obl\u00edben\u00fd kmen je cen\u011bn pro svou stabiln\u00ed genetiku a spolehlivou v\u00fdkonnost, d\u00edky \u010demu\u017e je vhodn\u00fd pro za\u010d\u00ednaj\u00edc\u00ed i zku\u0161en\u00e9 p\u011bstitele.<\/p>\n<p data-start=\"390\" data-end=\"559\">St\u0159\u00edka\u010dka obsahuje aktivn\u00ed mycelium suspendovan\u00e9 v roztoku bohat\u00e9m na \u017eiviny, co\u017e zaji\u0161\u0165uje rychlej\u0161\u00ed kolonizaci a vy\u0161\u0161\u00ed \u00fasp\u011b\u0161nost ve srovn\u00e1n\u00ed s tradi\u010dn\u00edmi st\u0159\u00edka\u010dkami se sporami.<\/p>","protected":false},"featured_media":4547,"comment_status":"open","ping_status":"closed","template":"","meta":[],"product_brand":[32],"product_cat":[68],"product_tag":[],"class_list":{"0":"post-1357","1":"product","2":"type-product","3":"status-publish","4":"has-post-thumbnail","6":"product_brand-mondo","7":"product_cat-liquid-culture-syringe","9":"first","10":"instock","11":"taxable","12":"shipping-taxable","13":"purchasable","14":"product-type-simple"},"jetpack_sharing_enabled":true,"_links":{"self":[{"href":"https:\/\/www.mondogrowkits.com\/cs\/wp-json\/wp\/v2\/product\/1357","targetHints":{"allow":["GET"]}}],"collection":[{"href":"https:\/\/www.mondogrowkits.com\/cs\/wp-json\/wp\/v2\/product"}],"about":[{"href":"https:\/\/www.mondogrowkits.com\/cs\/wp-json\/wp\/v2\/types\/product"}],"replies":[{"embeddable":true,"href":"https:\/\/www.mondogrowkits.com\/cs\/wp-json\/wp\/v2\/comments?post=1357"}],"wp:featuredmedia":[{"embeddable":true,"href":"https:\/\/www.mondogrowkits.com\/cs\/wp-json\/wp\/v2\/media\/4547"}],"wp:attachment":[{"href":"https:\/\/www.mondogrowkits.com\/cs\/wp-json\/wp\/v2\/media?parent=1357"}],"wp:term":[{"taxonomy":"product_brand","embeddable":true,"href":"https:\/\/www.mondogrowkits.com\/cs\/wp-json\/wp\/v2\/product_brand?post=1357"},{"taxonomy":"product_cat","embeddable":true,"href":"https:\/\/www.mondogrowkits.com\/cs\/wp-json\/wp\/v2\/product_cat?post=1357"},{"taxonomy":"product_tag","embeddable":true,"href":"https:\/\/www.mondogrowkits.com\/cs\/wp-json\/wp\/v2\/product_tag?post=1357"}],"curies":[{"name":"wp","href":"https:\/\/api.w.org\/{rel}","templated":true}]}}