{"id":3166,"date":"2026-02-03T15:00:49","date_gmt":"2026-02-03T14:00:49","guid":{"rendered":"https:\/\/www.mondogrowkits.com\/?post_type=product&#038;p=3166"},"modified":"2026-04-08T12:41:47","modified_gmt":"2026-04-08T11:41:47","slug":"kambodzsky-pytel-na-magicke-houby","status":"publish","type":"product","link":"https:\/\/www.mondogrowkits.com\/cs\/cambodian-magic-mushroom-growbag\/","title":{"rendered":"Cambodian - Magick\u00fd s\u00e1\u010dek na p\u011bstov\u00e1n\u00ed hub"},"content":{"rendered":"<h2 data-section-id=\"eeoflh\" data-start=\"590\" data-end=\"665\">Cambodian - Magic Mushroom Grow Bag | Rychl\u00fd, spolehliv\u00fd a vhodn\u00fd pro za\u010d\u00e1te\u010dn\u00edky<\/h2><p data-start=\"667\" data-end=\"970\">Cambodian Magic Mushroom Grow Bag je profesion\u00e1ln\u011b p\u0159ipraven\u00fd kultiva\u010dn\u00ed syst\u00e9m obsahuj\u00edc\u00ed pln\u011b kolonizovan\u00e9 houby. <a href=\"https:\/\/www.mondogrowkits.com\/cs\/co-je-psilocybin\/\">psilocybe cubensis<\/a> substr\u00e1t. Proces inokulace a inkubace byl dokon\u010den za kontrolovan\u00fdch podm\u00ednek, co\u017e umo\u017enilo okam\u017eitou fruktifikaci po um\u00edst\u011bn\u00ed do vhodn\u00e9ho vnit\u0159n\u00edho prost\u0159ed\u00ed.<\/p><p data-start=\"972\" data-end=\"1135\">Cambodian je zn\u00e1m\u00fd pro sv\u00e9 <strong data-start=\"999\" data-end=\"1057\">vysok\u00e1 rychlost kolonizace a spolehliv\u00e9 chov\u00e1n\u00ed v plodov\u00e9 vod\u011b.<\/strong>, co\u017e z n\u011bj \u010din\u00ed silnou volbu pro p\u011bstitele, kte\u0159\u00ed cht\u011bj\u00ed rychl\u00e9 a konzistentn\u00ed v\u00fdsledky.<\/p><hr data-start=\"1137\" data-end=\"1140\" \/><h2 data-section-id=\"glsfbo\" data-start=\"1142\" data-end=\"1187\">Obt\u00ed\u017enost p\u011bstov\u00e1n\u00ed: Snadn\u00e1 - Rychl\u00e1 a \u0161etrn\u00e1<\/h2><p data-start=\"1189\" data-end=\"1360\">Kmen Cambodian je pova\u017eov\u00e1n za snadn\u00fd kmen d\u00edky sv\u00e9mu rychl\u00e9mu r\u016fstu a stabiln\u00ed v\u00fdkonnosti. Dob\u0159e se p\u0159izp\u016fsobuje standardn\u00edm vnit\u0159n\u00edm podm\u00ednk\u00e1m a odpou\u0161t\u00ed drobn\u00e9 v\u00fdkyvy.<\/p><p data-start=\"1362\" data-end=\"1462\">V porovn\u00e1n\u00ed s Thai je Cambodian o n\u011bco stabiln\u011bj\u0161\u00ed a z\u00e1rove\u0148 si zachov\u00e1v\u00e1 podobn\u011b rychl\u00fd r\u016fst.<\/p><p data-start=\"1464\" data-end=\"1474\">Ide\u00e1ln\u00ed pro:<\/p><ul data-start=\"1475\" data-end=\"1584\">\n<li data-section-id=\"fqj1mn\" data-start=\"1475\" data-end=\"1495\">Za\u010d\u00ednaj\u00edc\u00ed p\u011bstitel\u00e9<\/li>\n<li data-section-id=\"hj2wae\" data-start=\"1496\" data-end=\"1535\">P\u011bstitel\u00e9 usiluj\u00ed o rychlej\u0161\u00ed sklize\u0148<\/li>\n<li data-section-id=\"1sbvoxx\" data-start=\"1536\" data-end=\"1584\">U\u017eivatel\u00e9, kte\u0159\u00ed cht\u011bj\u00ed spolehliv\u00e9 v\u00fdsledky s n\u00edzk\u00fdm rizikem.<\/li>\n<\/ul><hr data-start=\"1586\" data-end=\"1589\" \/><h2 data-section-id=\"21q54y\" data-start=\"1591\" data-end=\"1638\">Charakteristika r\u016fstu - rychl\u00fd a konzistentn\u00ed<\/h2><p data-start=\"1640\" data-end=\"1696\">Cambodian se vyzna\u010duje <strong data-start=\"1669\" data-end=\"1695\">efektivn\u00ed r\u016fstov\u00fd cyklus<\/strong>:<\/p><ul data-start=\"1698\" data-end=\"1847\">\n<li data-section-id=\"bj9cg7\" data-start=\"1698\" data-end=\"1719\">Rychl\u00e1 kolonizace<\/li>\n<li data-section-id=\"3ply85\" data-start=\"1720\" data-end=\"1752\">Rychl\u00fd p\u0159echod kplod\u016fm<\/li>\n<li data-section-id=\"jec1cd\" data-start=\"1753\" data-end=\"1797\">D\u016fsledn\u00e9 p\u0159ipnut\u00ed a v\u00fdvoj splachov\u00e1n\u00ed<\/li>\n<li data-section-id=\"13485gl\" data-start=\"1798\" data-end=\"1847\">St\u0159edn\u011b velk\u00e9 houby s jednotnou strukturou<\/li>\n<\/ul><p data-start=\"1849\" data-end=\"1928\">Je to jedna z lep\u0161\u00edch voleb pro p\u011bstitele, kte\u0159\u00ed up\u0159ednost\u0148uj\u00ed rychlost a konzistenci.<\/p><hr data-start=\"1930\" data-end=\"1933\" \/><h2 data-section-id=\"1x9uz5o\" data-start=\"1935\" data-end=\"1981\">V\u00fdnosnost v porovn\u00e1n\u00ed s jin\u00fdmi kmeny<\/h2><p data-start=\"1983\" data-end=\"2043\">Cambodian poskytuje <strong data-start=\"2002\" data-end=\"2042\">m\u00edrn\u00e9 v\u00fdnosy s rychl\u00fdm obratem<\/strong>.<\/p><p data-start=\"2045\" data-end=\"2071\">V porovn\u00e1n\u00ed s ostatn\u00edmi <a href=\"https:\/\/www.mondogrowkits.com\/cs\/knihovna-kmenu-magickych-hub\/\">kmeny<\/a>:<\/p><ul data-start=\"2072\" data-end=\"2236\">\n<li data-section-id=\"17z5990\" data-start=\"2072\" data-end=\"2116\">Rychlej\u0161\u00ed ne\u017e Golden Teacher a Mazatapec<\/li>\n<li data-section-id=\"6az3yr\" data-start=\"2117\" data-end=\"2147\">Stabiln\u011bj\u0161\u00ed ne\u017e Amazonian<\/li>\n<li data-section-id=\"1uladbm\" data-start=\"2148\" data-end=\"2186\">O n\u011bco m\u00e9n\u011b hust\u00fd ne\u017e McKennaii<\/li>\n<li data-section-id=\"7drqyx\" data-start=\"2187\" data-end=\"2236\">Srovnateln\u00e1 rychlost s Thai, ale p\u0159edv\u00eddateln\u011bj\u0161\u00ed<\/li>\n<\/ul><p data-start=\"2238\" data-end=\"2309\">Proto je ide\u00e1ln\u00ed pro p\u011bstitele, kte\u0159\u00ed cht\u011bj\u00ed rychlou a spolehlivou produkci.<\/p><hr data-start=\"2311\" data-end=\"2314\" \/><h2 data-section-id=\"1mjkycd\" data-start=\"2316\" data-end=\"2368\">Pln\u011b kolonizovan\u00fd substr\u00e1t - nen\u00ed nutn\u00e1 \u017e\u00e1dn\u00e1 p\u0159\u00edprava<\/h2><p data-start=\"2370\" data-end=\"2496\">Ka\u017ed\u00fd p\u011bstebn\u00ed s\u00e1\u010dek obsahuje na \u017eiviny bohat\u00e9 <a href=\"https:\/\/www.mondogrowkits.com\/cs\/sterilizovany-substrat\/\">substr\u00e1t<\/a> kter\u00e1 ji\u017e byla pln\u011b os\u00eddlena zdrav\u00fdm myceliem psilocybe cubensis.<\/p><p data-start=\"2498\" data-end=\"2509\">To znamen\u00e1:<\/p><ul data-start=\"2510\" data-end=\"2596\">\n<li data-section-id=\"1bwq18v\" data-start=\"2510\" data-end=\"2537\">O\u010dkov\u00e1n\u00ed nen\u00ed nutn\u00e9<\/li>\n<li data-section-id=\"1nbh3a1\" data-start=\"2538\" data-end=\"2565\">Sterilizace nen\u00ed nutn\u00e1<\/li>\n<li data-section-id=\"1i25w4v\" data-start=\"2566\" data-end=\"2596\">Sn\u00ed\u017een\u00ed rizika kontaminace<\/li>\n<\/ul><p data-start=\"2598\" data-end=\"2633\">Plodit m\u016f\u017eete za\u010d\u00edt okam\u017eit\u011b.<\/p><hr data-start=\"2635\" data-end=\"2638\" \/><h2 data-section-id=\"eks98y\" data-start=\"2640\" data-end=\"2675\">O\u010dek\u00e1van\u00e9 v\u00fdplachy a r\u016fstov\u00fd cyklus<\/h2><p data-start=\"2677\" data-end=\"2795\">Ve stabiln\u00edch vnit\u0159n\u00edch podm\u00ednk\u00e1ch (20-24 \u00b0C) je Cambodian <a href=\"https:\/\/www.mondogrowkits.com\/cs\/kouzelne-sacky-na-pestovani-hub\/\">Kouzeln\u00fd s\u00e1\u010dek na p\u011bstov\u00e1n\u00ed hub<\/a> obvykle produkuje <strong data-start=\"2776\" data-end=\"2794\">2 a\u017e 4 spl\u00e1chnut\u00ed<\/strong>.<\/p><p data-start=\"2797\" data-end=\"2820\">Nejlep\u0161\u00ed v\u00fdsledky z\u00e1vis\u00ed na:<\/p><ul data-start=\"2821\" data-end=\"2914\">\n<li data-section-id=\"sazju1\" data-start=\"2821\" data-end=\"2843\">Stabiln\u00ed teplota<\/li>\n<li data-section-id=\"1jekqqj\" data-start=\"2844\" data-end=\"2863\">Spr\u00e1vn\u00e1 vlhkost<\/li>\n<li data-section-id=\"1m6hfm\" data-start=\"2864\" data-end=\"2882\">\u010cist\u00e1 manipulace<\/li>\n<li data-section-id=\"zjyyil\" data-start=\"2883\" data-end=\"2914\">Rehydratace mezi v\u00fdplachy<\/li>\n<\/ul><p data-start=\"2916\" data-end=\"2991\">Vzhledem k rychl\u00e9mu r\u016fstu se mohou v\u00fdplachy objevit d\u0159\u00edve ne\u017e u pomalej\u0161\u00edch kmen\u016f.<\/p><hr data-start=\"2993\" data-end=\"2996\" \/><h2 data-section-id=\"2k3a5t\" data-start=\"2998\" data-end=\"3035\">Pro\u010d si vybrat p\u011bstebn\u00ed vak Cambodian?<\/h2><p data-start=\"3037\" data-end=\"3083\">Pln\u011b kolonizovan\u00fd substr\u00e1t psilocybe cubensis<\/p><p data-start=\"3085\" data-end=\"3113\">P\u0159ipraveno k okam\u017eit\u00e9mu pou\u017eit\u00ed<\/p><p data-start=\"3115\" data-end=\"3150\">Rychle rostouc\u00ed a \u00fa\u010dinn\u00fd kmen<\/p><p data-start=\"3152\" data-end=\"3185\">Vhodn\u00e9 pro za\u010d\u00e1te\u010dn\u00edky a odpou\u0161t\u011bj\u00edc\u00ed<\/p><p data-start=\"3187\" data-end=\"3221\">Spolehliv\u00fd v\u00fdkon v\u00edce splachov\u00e1n\u00ed<\/p><p data-start=\"3223\" data-end=\"3243\">Krat\u0161\u00ed cyklus r\u016fstu<\/p><hr data-start=\"3245\" data-end=\"3248\" \/><p data-start=\"3250\" data-end=\"3439\" data-is-last-node=\"\" data-is-only-node=\"\">Pytel Cambodian Magic Mushroom Grow Bag je ide\u00e1ln\u00ed pro p\u011bstitele, kte\u0159\u00ed cht\u011bj\u00ed m\u00edt k dispozici <strong data-start=\"3322\" data-end=\"3386\">rychl\u00e9, spolehliv\u00e9 a pro za\u010d\u00e1te\u010dn\u00edky p\u0159\u00edv\u011btiv\u00e9 p\u011bstov\u00e1n\u00ed.<\/strong>, s rychlej\u0161\u00edmi cykly sklizn\u011b a konzistentn\u00edmi v\u00fdsledky.<\/p>","protected":false},"excerpt":{"rendered":"<p data-start=\"122\" data-end=\"383\">S\u00e1\u010dek Cambodian Magic Mushroom Grow Bag je pln\u011b kolonizovan\u00fd syst\u00e9m s myceliem psilocybe cubensis p\u0159ipraven\u00fd k p\u011bstov\u00e1n\u00ed. Tento kmen je zn\u00e1m\u00fd sv\u00fdm rychl\u00fdm r\u016fstem a konzistentn\u00edm v\u00fdkonem a je ide\u00e1ln\u00ed pro za\u010d\u00e1te\u010dn\u00edky, kte\u0159\u00ed hledaj\u00ed spolehliv\u00e9 v\u00fdsledky s krat\u0161\u00edmi p\u011bstebn\u00edmi cykly.<\/p>\n<ul data-start=\"385\" data-end=\"583\">\n<li data-section-id=\"aeimkw\" data-start=\"385\" data-end=\"414\">Pln\u011b kolonizovan\u00fd substr\u00e1t<\/li>\n<li data-section-id=\"1s6w1hc\" data-start=\"415\" data-end=\"445\">P\u0159ipraveno k okam\u017eit\u00e9mu pou\u017eit\u00ed<\/li>\n<li data-section-id=\"1k77gu8\" data-start=\"446\" data-end=\"492\">Nen\u00ed nutn\u00e1 st\u0159\u00edka\u010dka na spory ani sterilizace<\/li>\n<li data-section-id=\"17xlga5\" data-start=\"493\" data-end=\"537\">Produkuje 2-4 rychl\u00e9 a konzistentn\u00ed spl\u00e1chnut\u00ed<\/li>\n<li data-section-id=\"10os6dg\" data-start=\"538\" data-end=\"583\">Rychle rostouc\u00ed odr\u016fda vhodn\u00e1 pro za\u010d\u00e1te\u010dn\u00edky<\/li>\n<\/ul>","protected":false},"featured_media":3167,"comment_status":"open","ping_status":"closed","template":"","meta":[],"product_brand":[32],"product_cat":[58],"product_tag":[],"class_list":{"0":"post-3166","1":"product","2":"type-product","3":"status-publish","4":"has-post-thumbnail","6":"product_brand-mondo","7":"product_cat-magic-mushroom-grow-bags","9":"first","10":"instock","11":"taxable","12":"shipping-taxable","13":"purchasable","14":"product-type-simple"},"jetpack_sharing_enabled":true,"_links":{"self":[{"href":"https:\/\/www.mondogrowkits.com\/cs\/wp-json\/wp\/v2\/product\/3166","targetHints":{"allow":["GET"]}}],"collection":[{"href":"https:\/\/www.mondogrowkits.com\/cs\/wp-json\/wp\/v2\/product"}],"about":[{"href":"https:\/\/www.mondogrowkits.com\/cs\/wp-json\/wp\/v2\/types\/product"}],"replies":[{"embeddable":true,"href":"https:\/\/www.mondogrowkits.com\/cs\/wp-json\/wp\/v2\/comments?post=3166"}],"wp:featuredmedia":[{"embeddable":true,"href":"https:\/\/www.mondogrowkits.com\/cs\/wp-json\/wp\/v2\/media\/3167"}],"wp:attachment":[{"href":"https:\/\/www.mondogrowkits.com\/cs\/wp-json\/wp\/v2\/media?parent=3166"}],"wp:term":[{"taxonomy":"product_brand","embeddable":true,"href":"https:\/\/www.mondogrowkits.com\/cs\/wp-json\/wp\/v2\/product_brand?post=3166"},{"taxonomy":"product_cat","embeddable":true,"href":"https:\/\/www.mondogrowkits.com\/cs\/wp-json\/wp\/v2\/product_cat?post=3166"},{"taxonomy":"product_tag","embeddable":true,"href":"https:\/\/www.mondogrowkits.com\/cs\/wp-json\/wp\/v2\/product_tag?post=3166"}],"curies":[{"name":"wp","href":"https:\/\/api.w.org\/{rel}","templated":true}]}}