{"id":3190,"date":"2026-02-03T15:00:56","date_gmt":"2026-02-03T14:00:56","guid":{"rendered":"https:\/\/www.mondogrowkits.com\/?post_type=product&#038;p=3190"},"modified":"2026-05-11T19:03:26","modified_gmt":"2026-05-11T18:03:26","slug":"jedi-mysl-kurva-magicke-houby-growbag","status":"publish","type":"product","link":"https:\/\/www.mondogrowkits.com\/cs\/jedi-mind-fuck-magic-mushroom-growbag\/","title":{"rendered":"Jedi Mind Fuck - Magick\u00fd s\u00e1\u010dek na p\u011bstov\u00e1n\u00ed hub"},"content":{"rendered":"<h2 data-section-id=\"136nthc\" data-start=\"611\" data-end=\"689\">Jedi Mind Fuck - Magic Mushroom Grow Bag | Agresivn\u00ed r\u016fst a velk\u00e9 plody<\/h2><p data-start=\"691\" data-end=\"1004\">Jedi Mind Fuck Magic Mushroom Grow Bag je profesion\u00e1ln\u011b p\u0159ipraven\u00fd kultiva\u010dn\u00ed syst\u00e9m obsahuj\u00edc\u00ed pln\u011b kolonizovan\u00e9 houby. <a href=\"https:\/\/www.mondogrowkits.com\/cs\/co-je-psilocybin\/\">psilocybe cubensis<\/a> substr\u00e1t. Cel\u00fd proces inokulace a inkubace prob\u00edhal za kontrolovan\u00fdch podm\u00ednek, co\u017e umo\u017enilo okam\u017eitou fruktifikaci po um\u00edst\u011bn\u00ed do stabiln\u00edho vnit\u0159n\u00edho prost\u0159ed\u00ed.<\/p><p data-start=\"1006\" data-end=\"1190\">Jedi Mind Fuck (JMF) je zn\u00e1m\u00fd pro svou <strong data-start=\"1044\" data-end=\"1126\">agresivn\u00ed kolonizace, velk\u00e9 plodnice a celkov\u011b vysok\u00e1 v\u00fdkonnost.<\/strong>, co\u017e z n\u011bj \u010din\u00ed obl\u00edbenou volbu pro p\u011bstitele, kte\u0159\u00ed usiluj\u00ed o vysokou produkci.<\/p><hr data-start=\"1192\" data-end=\"1195\" \/><h2 data-section-id=\"plbbvn\" data-start=\"1197\" data-end=\"1261\">Obt\u00ed\u017enost p\u011bstov\u00e1n\u00ed: Pokro\u010dil\u00fd - vysok\u00fd v\u00fdkon vy\u017eaduje kontrolu<\/h2><p data-start=\"1263\" data-end=\"1394\">Jedi Mind Fuck je pova\u017eov\u00e1n za <a href=\"https:\/\/www.mondogrowkits.com\/cs\/mondo-growkits-best-strains-beginners-advanced\/\">pokro\u010dil\u00e9<\/a> kmene kv\u016fli jeho agresivn\u00edmu r\u016fstu v kombinaci s citlivost\u00ed na podm\u00ednky prost\u0159ed\u00ed.<\/p><p data-start=\"1396\" data-end=\"1549\">V porovn\u00e1n\u00ed s <a href=\"https:\/\/www.mondogrowkits.com\/cs\/knihovna-kmenu-magickych-hub\/zlaty-ucitel-psilocybe-cubensis-kmen\/\">Golden Teacher<\/a>, JMF roste rychleji a vytv\u00e1\u0159\u00ed v\u011bt\u0161\u00ed plody, ale vy\u017eaduje stabiln\u011bj\u0161\u00ed vlhkost a proud\u011bn\u00ed vzduchu, aby se zabr\u00e1nilo nest\u00e1l\u00e9mu v\u00fdvoji.<\/p><p data-start=\"1551\" data-end=\"1561\">Ide\u00e1ln\u00ed pro:<\/p><ul data-start=\"1562\" data-end=\"1670\">\n<li data-section-id=\"ddumnv\" data-start=\"1562\" data-end=\"1585\">Zku\u0161en\u00ed p\u011bstitel\u00e9<\/li>\n<li data-section-id=\"m99a1y\" data-start=\"1586\" data-end=\"1622\">U\u017eivatel\u00e9 usiluj\u00edc\u00ed o velk\u00e9 houby<\/li>\n<li data-section-id=\"6nnbpi\" data-start=\"1623\" data-end=\"1670\">P\u011bstitel\u00e9, kte\u0159\u00ed dok\u00e1\u017e\u00ed udr\u017eet optim\u00e1ln\u00ed podm\u00ednky<\/li>\n<\/ul><hr data-start=\"1672\" data-end=\"1675\" \/><h2 data-section-id=\"2rq8u6\" data-start=\"1677\" data-end=\"1727\">Charakteristika r\u016fstu - rychl\u00fd, velk\u00fd a siln\u00fd<\/h2><p data-start=\"1729\" data-end=\"1805\">Jedi Mind Fuck vynik\u00e1 svou <strong data-start=\"1766\" data-end=\"1804\">siln\u00fd a dynamick\u00fd r\u016fst<\/strong>:<\/p><ul data-start=\"1807\" data-end=\"1970\">\n<li data-section-id=\"1hn88tc\" data-start=\"1807\" data-end=\"1843\">Rychl\u00e1 a agresivn\u00ed kolonizace<\/li>\n<li data-section-id=\"g679fy\" data-start=\"1844\" data-end=\"1876\">Velk\u00e9, hust\u00e9 plodnice<\/li>\n<li data-section-id=\"8gz422\" data-start=\"1877\" data-end=\"1928\">Siln\u00e9 a rychl\u00e9 p\u0159ip\u00edn\u00e1n\u00ed za ide\u00e1ln\u00edch podm\u00ednek<\/li>\n<li data-section-id=\"1u6cent\" data-start=\"1929\" data-end=\"1970\">Hust\u00e9 splachov\u00e1n\u00ed s vysok\u00fdm vizu\u00e1ln\u00edm dopadem<\/li>\n<\/ul><p data-start=\"1972\" data-end=\"2058\">Je agresivn\u011bj\u0161\u00ed ne\u017e Thai a vytv\u00e1\u0159\u00ed v\u011bt\u0161\u00ed plody ne\u017e v\u011bt\u0161ina za\u010d\u00e1te\u010dn\u00edk\u016f. <a href=\"https:\/\/www.mondogrowkits.com\/cs\/knihovna-kmenu-magickych-hub\/\">kmeny<\/a>.<\/p><hr data-start=\"2060\" data-end=\"2063\" \/><h2 data-section-id=\"1x9uz5o\" data-start=\"2065\" data-end=\"2111\">V\u00fdnosnost v porovn\u00e1n\u00ed s jin\u00fdmi kmeny<\/h2><p data-start=\"2113\" data-end=\"2175\">Jedi Mind Fuck p\u0159in\u00e1\u0161\u00ed <strong data-start=\"2137\" data-end=\"2174\">vysok\u00e9 v\u00fdnosy s velkou velikost\u00ed plod\u016f<\/strong>.<\/p><p data-start=\"2177\" data-end=\"2203\">V porovn\u00e1n\u00ed s jin\u00fdmi kmeny:<\/p><ul data-start=\"2204\" data-end=\"2383\">\n<li data-section-id=\"1jnstks\" data-start=\"2204\" data-end=\"2244\">V\u011bt\u0161\u00ed houby ne\u017e Golden Teacher<\/li>\n<li data-section-id=\"y1u6wm\" data-start=\"2245\" data-end=\"2279\">Agresivn\u011bj\u0161\u00ed ne\u017e Mazatapec<\/li>\n<li data-section-id=\"1glza3v\" data-start=\"2280\" data-end=\"2338\">Srovnateln\u00fd v\u00fdkon s McKennaii, ale m\u00e9n\u011b \u0161etrn\u00fd.<\/li>\n<li data-section-id=\"16y5r5y\" data-start=\"2339\" data-end=\"2383\">Vy\u0161\u0161\u00ed v\u00fdkon ne\u017e v\u011bt\u0161ina kmen\u016f pro za\u010d\u00e1te\u010dn\u00edky<\/li>\n<\/ul><p data-start=\"2385\" data-end=\"2448\">Proto je ide\u00e1ln\u00ed pro p\u011bstitele zam\u011b\u0159en\u00e9 na maxim\u00e1ln\u00ed v\u00fdkon.<\/p><hr data-start=\"2450\" data-end=\"2453\" \/><h2 data-section-id=\"1mjkycd\" data-start=\"2455\" data-end=\"2507\">Pln\u011b kolonizovan\u00fd substr\u00e1t - nen\u00ed nutn\u00e1 \u017e\u00e1dn\u00e1 p\u0159\u00edprava<\/h2><p data-start=\"2509\" data-end=\"2635\">Ka\u017ed\u00fd p\u011bstebn\u00ed s\u00e1\u010dek obsahuje na \u017eiviny bohat\u00e9 <a href=\"https:\/\/www.mondogrowkits.com\/cs\/sterilizovany-substrat\/\">substr\u00e1t<\/a> kter\u00e1 ji\u017e byla pln\u011b os\u00eddlena zdrav\u00fdm myceliem psilocybe cubensis.<\/p><p data-start=\"2637\" data-end=\"2648\">To znamen\u00e1:<\/p><ul data-start=\"2649\" data-end=\"2735\">\n<li data-section-id=\"1bwq18v\" data-start=\"2649\" data-end=\"2676\">O\u010dkov\u00e1n\u00ed nen\u00ed nutn\u00e9<\/li>\n<li data-section-id=\"1nbh3a1\" data-start=\"2677\" data-end=\"2704\">Sterilizace nen\u00ed nutn\u00e1<\/li>\n<li data-section-id=\"1i25w4v\" data-start=\"2705\" data-end=\"2735\">Sn\u00ed\u017een\u00ed rizika kontaminace<\/li>\n<\/ul><p data-start=\"2737\" data-end=\"2772\">Plodit m\u016f\u017eete za\u010d\u00edt okam\u017eit\u011b.<\/p><hr data-start=\"2774\" data-end=\"2777\" \/><h2 data-section-id=\"eks98y\" data-start=\"2779\" data-end=\"2814\">O\u010dek\u00e1van\u00e9 v\u00fdplachy a r\u016fstov\u00fd cyklus<\/h2><p data-start=\"2816\" data-end=\"2939\">Ve stabiln\u00edch vnit\u0159n\u00edch podm\u00ednk\u00e1ch (20-24 \u00b0C) je Jedi Mind Fuck <a href=\"https:\/\/www.mondogrowkits.com\/cs\/kouzelne-sacky-na-pestovani-hub\/\">Kouzeln\u00fd s\u00e1\u010dek na p\u011bstov\u00e1n\u00ed hub<\/a> obvykle produkuje <strong data-start=\"2920\" data-end=\"2938\">2 a\u017e 4 spl\u00e1chnut\u00ed<\/strong>.<\/p><p data-start=\"2941\" data-end=\"2964\">Nejlep\u0161\u00ed v\u00fdsledky z\u00e1vis\u00ed na:<\/p><ul data-start=\"2965\" data-end=\"3058\">\n<li data-section-id=\"sazju1\" data-start=\"2965\" data-end=\"2987\">Stabiln\u00ed teplota<\/li>\n<li data-section-id=\"1jekqqj\" data-start=\"2988\" data-end=\"3007\">Spr\u00e1vn\u00e1 vlhkost<\/li>\n<li data-section-id=\"1m6hfm\" data-start=\"3008\" data-end=\"3026\">\u010cist\u00e1 manipulace<\/li>\n<li data-section-id=\"zjyyil\" data-start=\"3027\" data-end=\"3058\">Rehydratace mezi v\u00fdplachy<\/li>\n<\/ul><p data-start=\"3060\" data-end=\"3149\">Vzhledem k agresivn\u00edmu r\u016fstu mohou b\u00fdt p\u0159i optim\u00e1ln\u00edch podm\u00ednk\u00e1ch z\u00e1plavy velk\u00e9 a hust\u00e9.<\/p><hr data-start=\"3151\" data-end=\"3154\" \/><h2 data-section-id=\"116344m\" data-start=\"3156\" data-end=\"3198\">Pro\u010d si vybrat ta\u0161ku Jedi Mind Fuck Grow Bag?<\/h2><p data-start=\"3200\" data-end=\"3246\">Pln\u011b kolonizovan\u00fd substr\u00e1t psilocybe cubensis<\/p><p data-start=\"3248\" data-end=\"3276\">P\u0159ipraveno k okam\u017eit\u00e9mu pou\u017eit\u00ed<\/p><p data-start=\"3278\" data-end=\"3314\">Agresivn\u00ed a rychle rostouc\u00ed kmen<\/p><p data-start=\"3316\" data-end=\"3349\">Velk\u00e9 a hust\u00e9 plodnice<\/p><p data-start=\"3351\" data-end=\"3373\">Vysok\u00fd v\u00fdnosov\u00fd potenci\u00e1l<\/p><p data-start=\"3375\" data-end=\"3406\">Ide\u00e1ln\u00ed pro zku\u0161en\u00e9 p\u011bstitele<\/p><hr data-start=\"3408\" data-end=\"3411\" \/><p data-start=\"3413\" data-end=\"3621\" data-is-last-node=\"\" data-is-only-node=\"\">Pytel Jedi Mind Fuck Magic Mushroom Grow Bag je ide\u00e1ln\u00ed pro p\u011bstitele, kte\u0159\u00ed cht\u011bj\u00ed m\u00edt k dispozici <strong data-start=\"3490\" data-end=\"3562\">v\u00fdkonn\u00e9, vysoce v\u00fdnosn\u00e9 a vizu\u00e1ln\u011b p\u016fsobiv\u00e9 p\u011bstov\u00e1n\u00ed.<\/strong>, kter\u00e9 vy\u017eaduj\u00ed v\u011bt\u0161\u00ed kontrolu, ale poskytuj\u00ed vysok\u00fd v\u00fdkon.<\/p>","protected":false},"excerpt":{"rendered":"<p data-start=\"127\" data-end=\"391\">S\u00e1\u010dek Jedi Mind Fuck Magic Mushroom Grow Bag je pln\u011b kolonizovan\u00fd syst\u00e9m s myceliem psilocybe cubensis p\u0159ipraven\u00fd k p\u011bstov\u00e1n\u00ed. Tento kmen, zn\u00e1m\u00fd sv\u00fdm agresivn\u00edm r\u016fstem a velk\u00fdmi plodnicemi, je ide\u00e1ln\u00ed pro p\u011bstitele, kte\u0159\u00ed hledaj\u00ed siln\u00fd v\u00fdkon a vysok\u00e9 v\u00fdnosy.<\/p>\n<ul data-start=\"393\" data-end=\"604\">\n<li data-section-id=\"aeimkw\" data-start=\"393\" data-end=\"422\">Pln\u011b kolonizovan\u00fd substr\u00e1t<\/li>\n<li data-section-id=\"1s6w1hc\" data-start=\"423\" data-end=\"453\">P\u0159ipraveno k okam\u017eit\u00e9mu pou\u017eit\u00ed<\/li>\n<li data-section-id=\"1k77gu8\" data-start=\"454\" data-end=\"500\">Nen\u00ed nutn\u00e1 st\u0159\u00edka\u010dka na spory ani sterilizace<\/li>\n<li data-section-id=\"1whxl2h\" data-start=\"501\" data-end=\"541\">Vytv\u00e1\u0159\u00ed 2-4 velk\u00e9 a hust\u00e9 spl\u00e1chnut\u00ed<\/li>\n<li data-section-id=\"rluoby\" data-start=\"542\" data-end=\"604\">Vysoce v\u00fdkonn\u00fd kmen se siln\u00fdmi r\u016fstov\u00fdmi vlastnostmi<\/li>\n<\/ul>","protected":false},"featured_media":3197,"comment_status":"open","ping_status":"closed","template":"","meta":[],"product_brand":[32],"product_cat":[58],"product_tag":[],"class_list":{"0":"post-3190","1":"product","2":"type-product","3":"status-publish","4":"has-post-thumbnail","6":"product_brand-mondo","7":"product_cat-magic-mushroom-grow-bags","9":"first","10":"instock","11":"taxable","12":"shipping-taxable","13":"purchasable","14":"product-type-simple"},"jetpack_sharing_enabled":true,"_links":{"self":[{"href":"https:\/\/www.mondogrowkits.com\/cs\/wp-json\/wp\/v2\/product\/3190","targetHints":{"allow":["GET"]}}],"collection":[{"href":"https:\/\/www.mondogrowkits.com\/cs\/wp-json\/wp\/v2\/product"}],"about":[{"href":"https:\/\/www.mondogrowkits.com\/cs\/wp-json\/wp\/v2\/types\/product"}],"replies":[{"embeddable":true,"href":"https:\/\/www.mondogrowkits.com\/cs\/wp-json\/wp\/v2\/comments?post=3190"}],"wp:featuredmedia":[{"embeddable":true,"href":"https:\/\/www.mondogrowkits.com\/cs\/wp-json\/wp\/v2\/media\/3197"}],"wp:attachment":[{"href":"https:\/\/www.mondogrowkits.com\/cs\/wp-json\/wp\/v2\/media?parent=3190"}],"wp:term":[{"taxonomy":"product_brand","embeddable":true,"href":"https:\/\/www.mondogrowkits.com\/cs\/wp-json\/wp\/v2\/product_brand?post=3190"},{"taxonomy":"product_cat","embeddable":true,"href":"https:\/\/www.mondogrowkits.com\/cs\/wp-json\/wp\/v2\/product_cat?post=3190"},{"taxonomy":"product_tag","embeddable":true,"href":"https:\/\/www.mondogrowkits.com\/cs\/wp-json\/wp\/v2\/product_tag?post=3190"}],"curies":[{"name":"wp","href":"https:\/\/api.w.org\/{rel}","templated":true}]}}