{"id":3193,"date":"2026-02-03T15:00:51","date_gmt":"2026-02-03T14:00:51","guid":{"rendered":"https:\/\/www.mondogrowkits.com\/?post_type=product&#038;p=3193"},"modified":"2026-04-20T15:54:05","modified_gmt":"2026-04-20T14:54:05","slug":"modra-magnolie-magicky-houbovy-sacek-3","status":"publish","type":"product","link":"https:\/\/www.mondogrowkits.com\/cs\/blue-magnolia-magic-mushroom-growbag-3\/","title":{"rendered":"Blue Magnolia - Kouzeln\u00fd s\u00e1\u010dek na p\u011bstov\u00e1n\u00ed hub"},"content":{"rendered":"<h2 data-section-id=\"ircyh8\" data-start=\"629\" data-end=\"707\">Blue Magnolia - Magic Mushroom Grow Bag | Vyv\u00e1\u017een\u00fd r\u016fst a siln\u00e1 genetika<\/h2><p data-start=\"709\" data-end=\"1014\">Blue Magnolia Magic Mushroom Grow Bag je profesion\u00e1ln\u011b p\u0159ipraven\u00fd kultiva\u010dn\u00ed syst\u00e9m obsahuj\u00edc\u00ed pln\u011b kolonizovan\u00e9 houby. <a href=\"https:\/\/www.mondogrowkits.com\/cs\/co-je-psilocybin\/\">psilocybe cubensis<\/a> substr\u00e1t. Proces inokulace a inkubace byl dokon\u010den za kontrolovan\u00fdch podm\u00ednek, co\u017e umo\u017enilo okam\u017eitou fruktifikaci po um\u00edst\u011bn\u00ed do stabiln\u00edho vnit\u0159n\u00edho prost\u0159ed\u00ed.<\/p><p data-start=\"1016\" data-end=\"1208\">Blue Magnolia je zn\u00e1m\u00fd pro sv\u00e9 <strong data-start=\"1047\" data-end=\"1104\">vyv\u00e1\u017een\u00e9 r\u016fstov\u00e9 chov\u00e1n\u00ed a siln\u00e1 genetick\u00e1 stabilita<\/strong>, kter\u00fd nab\u00edz\u00ed kombinaci spolehliv\u00e9ho v\u00fdkonu a o n\u011bco vy\u0161\u0161\u00edho v\u00fdkonu. <a href=\"https:\/\/www.mondogrowkits.com\/cs\/mondo-growkits-best-strains-beginners-advanced\/\">pokro\u010dil\u00e9<\/a> p\u011bstitelsk\u00e9 vlastnosti.<\/p><hr data-start=\"1210\" data-end=\"1213\" \/><h2 data-section-id=\"13zb6pj\" data-start=\"1215\" data-end=\"1280\">Obt\u00ed\u017enost p\u011bstov\u00e1n\u00ed: M\u00edrn\u00e1 - stabiln\u00ed, ale m\u00edrn\u011b n\u00e1ro\u010dn\u011bj\u0161\u00ed<\/h2><p data-start=\"1282\" data-end=\"1411\">Blue Magnolia je pova\u017eov\u00e1n za m\u00edrn\u00fd kmen. Roste spolehliv\u011b, ale nejl\u00e9pe se mu da\u0159\u00ed, pokud jsou podm\u00ednky prost\u0159ed\u00ed stabiln\u00ed.<\/p><p data-start=\"1413\" data-end=\"1532\">V porovn\u00e1n\u00ed s Golden Teacher je o n\u011bco citliv\u011bj\u0161\u00ed, ale p\u0159edv\u00eddateln\u011bj\u0161\u00ed ne\u017e agresivn\u00ed. <a href=\"https:\/\/www.mondogrowkits.com\/cs\/knihovna-kmenu-magickych-hub\/\">kmeny<\/a> jako Amazonian.<\/p><p data-start=\"1534\" data-end=\"1544\">Ide\u00e1ln\u00ed pro:<\/p><ul data-start=\"1545\" data-end=\"1655\">\n<li data-section-id=\"1jxn174\" data-start=\"1545\" data-end=\"1569\">St\u0159edn\u011b pokro\u010dil\u00ed p\u011bstitel\u00e9<\/li>\n<li data-section-id=\"unyfs8\" data-start=\"1570\" data-end=\"1601\">Za\u010d\u00e1te\u010dn\u00edci p\u0159ipraveni k pokroku<\/li>\n<li data-section-id=\"1fu1cfh\" data-start=\"1602\" data-end=\"1655\">U\u017eivatel\u00e9, kte\u0159\u00ed hledaj\u00ed konzistentn\u00ed, ale vy\u0161\u0161\u00ed v\u00fdkon<\/li>\n<\/ul><hr data-start=\"1657\" data-end=\"1660\" \/><h2 data-section-id=\"13supje\" data-start=\"1662\" data-end=\"1713\">Charakteristika r\u016fstu - Vyv\u00e1\u017een\u00fd a kontrolovan\u00fd<\/h2><p data-start=\"1715\" data-end=\"1779\">Blue Magnolia nab\u00edz\u00ed <strong data-start=\"1738\" data-end=\"1778\">stabiln\u00ed a strukturovan\u00fd model r\u016fstu<\/strong>:<\/p><ul data-start=\"1781\" data-end=\"1925\">\n<li data-section-id=\"mmjidd\" data-start=\"1781\" data-end=\"1812\">M\u00edrn\u00e1 rychlost kolonizace<\/li>\n<li data-section-id=\"ca2pgi\" data-start=\"1813\" data-end=\"1844\">D\u016fsledn\u00e9 a rovnom\u011brn\u00e9 p\u0159ip\u00edn\u00e1n\u00ed<\/li>\n<li data-section-id=\"1hm89wb\" data-start=\"1845\" data-end=\"1874\">Jednotn\u00fd v\u00fdvoj splachov\u00e1n\u00ed<\/li>\n<li data-section-id=\"ysnlee\" data-start=\"1875\" data-end=\"1925\">St\u0159edn\u00ed a\u017e velk\u00e9 houby s pevnou strukturou<\/li>\n<\/ul><p data-start=\"1927\" data-end=\"2014\">Je m\u00e9n\u011b agresivn\u00ed ne\u017e <a href=\"https:\/\/www.mondogrowkits.com\/cs\/knihovna-kmenu-magickych-hub\/mckennaii-psilocybe-cubensis-kmen\/\">McKennaii<\/a> ale strukturovan\u011bj\u0161\u00ed ne\u017e rychlej\u0161\u00ed kmeny jako Thai.<\/p><hr data-start=\"2016\" data-end=\"2019\" \/><h2 data-section-id=\"1x9uz5o\" data-start=\"2021\" data-end=\"2067\">V\u00fdnosnost v porovn\u00e1n\u00ed s jin\u00fdmi kmeny<\/h2><p data-start=\"2069\" data-end=\"2142\">Blue Magnolia dod\u00e1v\u00e1 <strong data-start=\"2092\" data-end=\"2141\">st\u0159edn\u00ed a\u017e vysok\u00e9 v\u00fdnosy s dobrou konzistenc\u00ed<\/strong>.<\/p><p data-start=\"2144\" data-end=\"2170\">V porovn\u00e1n\u00ed s jin\u00fdmi kmeny:<\/p><ul data-start=\"2171\" data-end=\"2317\">\n<li data-section-id=\"6az3yr\" data-start=\"2171\" data-end=\"2201\">Stabiln\u011bj\u0161\u00ed ne\u017e Amazonian<\/li>\n<li data-section-id=\"1ss05bn\" data-start=\"2202\" data-end=\"2245\">M\u00edrn\u011b produktivn\u011bj\u0161\u00ed ne\u017e Mazatapec<\/li>\n<li data-section-id=\"1rqa6nz\" data-start=\"2246\" data-end=\"2280\">M\u00e9n\u011b agresivn\u00ed ne\u017e McKennaii<\/li>\n<li data-section-id=\"blvd3u\" data-start=\"2281\" data-end=\"2317\">Strukturovan\u011bj\u0161\u00ed r\u016fst ne\u017e Thai<\/li>\n<\/ul><p data-start=\"2319\" data-end=\"2400\">D\u00edky tomu je ide\u00e1ln\u00ed pro p\u011bstitele, kte\u0159\u00ed cht\u011bj\u00ed dos\u00e1hnout rovnov\u00e1hy mezi v\u00fdkonem a kontrolou.<\/p><hr data-start=\"2402\" data-end=\"2405\" \/><h2 data-section-id=\"1mjkycd\" data-start=\"2407\" data-end=\"2459\">Pln\u011b kolonizovan\u00fd substr\u00e1t - nen\u00ed nutn\u00e1 \u017e\u00e1dn\u00e1 p\u0159\u00edprava<\/h2><p data-start=\"2461\" data-end=\"2587\">Ka\u017ed\u00fd p\u011bstebn\u00ed s\u00e1\u010dek obsahuje na \u017eiviny bohat\u00e9 <a href=\"https:\/\/www.mondogrowkits.com\/cs\/sterilizovany-substrat\/\">substr\u00e1t<\/a> kter\u00e1 ji\u017e byla pln\u011b os\u00eddlena zdrav\u00fdm myceliem psilocybe cubensis.<\/p><p data-start=\"2589\" data-end=\"2600\">To znamen\u00e1:<\/p><ul data-start=\"2601\" data-end=\"2687\">\n<li data-section-id=\"1bwq18v\" data-start=\"2601\" data-end=\"2628\">O\u010dkov\u00e1n\u00ed nen\u00ed nutn\u00e9<\/li>\n<li data-section-id=\"1nbh3a1\" data-start=\"2629\" data-end=\"2656\">Sterilizace nen\u00ed nutn\u00e1<\/li>\n<li data-section-id=\"1i25w4v\" data-start=\"2657\" data-end=\"2687\">Sn\u00ed\u017een\u00ed rizika kontaminace<\/li>\n<\/ul><p data-start=\"2689\" data-end=\"2724\">Plodit m\u016f\u017eete za\u010d\u00edt okam\u017eit\u011b.<\/p><hr data-start=\"2726\" data-end=\"2729\" \/><h2 data-section-id=\"eks98y\" data-start=\"2731\" data-end=\"2766\">O\u010dek\u00e1van\u00e9 v\u00fdplachy a r\u016fstov\u00fd cyklus<\/h2><p data-start=\"2768\" data-end=\"2890\">Ve stabiln\u00edch vnit\u0159n\u00edch podm\u00ednk\u00e1ch (20-24 \u00b0C) je Blue Magnolia <a href=\"https:\/\/www.mondogrowkits.com\/cs\/kouzelne-sacky-na-pestovani-hub\/\">Kouzeln\u00fd s\u00e1\u010dek na p\u011bstov\u00e1n\u00ed hub<\/a> obvykle produkuje <strong data-start=\"2871\" data-end=\"2889\">2 a\u017e 4 spl\u00e1chnut\u00ed<\/strong>.<\/p><p data-start=\"2892\" data-end=\"2915\">Nejlep\u0161\u00ed v\u00fdsledky z\u00e1vis\u00ed na:<\/p><ul data-start=\"2916\" data-end=\"3009\">\n<li data-section-id=\"sazju1\" data-start=\"2916\" data-end=\"2938\">Stabiln\u00ed teplota<\/li>\n<li data-section-id=\"1jekqqj\" data-start=\"2939\" data-end=\"2958\">Spr\u00e1vn\u00e1 vlhkost<\/li>\n<li data-section-id=\"1m6hfm\" data-start=\"2959\" data-end=\"2977\">\u010cist\u00e1 manipulace<\/li>\n<li data-section-id=\"zjyyil\" data-start=\"2978\" data-end=\"3009\">Rehydratace mezi v\u00fdplachy<\/li>\n<\/ul><p data-start=\"3011\" data-end=\"3063\">Spl\u00e1chnut\u00ed je obvykle konzistentn\u00ed a dob\u0159e vyvinut\u00e9.<\/p><hr data-start=\"3065\" data-end=\"3068\" \/><h2 data-section-id=\"k3g7s1\" data-start=\"3070\" data-end=\"3111\">Pro\u010d si vybrat ta\u0161ku Blue Magnolia Grow Bag?<\/h2><p data-start=\"3113\" data-end=\"3159\">Pln\u011b kolonizovan\u00fd substr\u00e1t psilocybe cubensis<\/p><p data-start=\"3161\" data-end=\"3189\">P\u0159ipraveno k okam\u017eit\u00e9mu pou\u017eit\u00ed<\/p><p data-start=\"3191\" data-end=\"3219\">Vyv\u00e1\u017een\u00fd a stabiln\u00ed kmen<\/p><p data-start=\"3221\" data-end=\"3257\">Konzistentn\u00ed v\u00fdkon v\u00edce splachov\u00e1n\u00ed<\/p><p data-start=\"3259\" data-end=\"3302\">St\u0159edn\u011b obt\u00ed\u017en\u00e9 se spolehliv\u00fdmi v\u00fdsledky<\/p><p data-start=\"3304\" data-end=\"3339\">Vhodn\u00e9 pro st\u0159edn\u011b pokro\u010dil\u00e9 p\u011bstitele<\/p><hr data-start=\"3341\" data-end=\"3344\" \/><p data-start=\"3346\" data-end=\"3550\" data-is-last-node=\"\" data-is-only-node=\"\">Pytel Blue Magnolia Magic Mushroom Grow Bag je ide\u00e1ln\u00ed pro p\u011bstitele, kte\u0159\u00ed cht\u011bj\u00ed m\u00edt k dispozici <strong data-start=\"3420\" data-end=\"3493\">vyv\u00e1\u017een\u00e9, spolehliv\u00e9 a m\u00edrn\u011b pokro\u010dilej\u0161\u00ed zku\u0161enosti s p\u011bstov\u00e1n\u00edm.<\/strong>, kter\u00fd nab\u00edz\u00ed siln\u00fd v\u00fdkon bez extr\u00e9mn\u00edch obt\u00ed\u017e\u00ed.<\/p>","protected":false},"excerpt":{"rendered":"<p data-start=\"126\" data-end=\"411\">S\u00e1\u010dek Blue Magnolia Magic Mushroom Grow Bag je pln\u011b kolonizovan\u00fd syst\u00e9m s myceliem psilocybe cubensis p\u0159ipraven\u00fd k p\u011bstov\u00e1n\u00ed. Tento kmen, zn\u00e1m\u00fd svou silnou genetikou a vyv\u00e1\u017een\u00fdm v\u00fdkonem, je ide\u00e1ln\u00ed pro p\u011bstitele, kte\u0159\u00ed hledaj\u00ed konzistentn\u00ed v\u00fdnosy s m\u00edrn\u011b pokro\u010dilej\u0161\u00edmi vlastnostmi.<\/p>\n<ul data-start=\"413\" data-end=\"622\">\n<li data-section-id=\"aeimkw\" data-start=\"413\" data-end=\"442\">Pln\u011b kolonizovan\u00fd substr\u00e1t<\/li>\n<li data-section-id=\"1s6w1hc\" data-start=\"443\" data-end=\"473\">P\u0159ipraveno k okam\u017eit\u00e9mu pou\u017eit\u00ed<\/li>\n<li data-section-id=\"1k77gu8\" data-start=\"474\" data-end=\"520\">Nen\u00ed nutn\u00e1 st\u0159\u00edka\u010dka na spory ani sterilizace<\/li>\n<li data-section-id=\"vvhw42\" data-start=\"521\" data-end=\"575\">Vytv\u00e1\u0159\u00ed 2-4 konzistentn\u00ed a dob\u0159e vyvinut\u00e9 spl\u00e1chnut\u00ed<\/li>\n<li data-section-id=\"8ywwiz\" data-start=\"576\" data-end=\"622\">Vyv\u00e1\u017een\u00fd kmen se solidn\u00edm v\u00fdnosov\u00fdm potenci\u00e1lem<\/li>\n<\/ul>","protected":false},"featured_media":3194,"comment_status":"open","ping_status":"closed","template":"","meta":[],"product_brand":[32],"product_cat":[58],"product_tag":[],"class_list":{"0":"post-3193","1":"product","2":"type-product","3":"status-publish","4":"has-post-thumbnail","6":"product_brand-mondo","7":"product_cat-magic-mushroom-grow-bags","9":"first","10":"instock","11":"taxable","12":"shipping-taxable","13":"purchasable","14":"product-type-simple"},"jetpack_sharing_enabled":true,"_links":{"self":[{"href":"https:\/\/www.mondogrowkits.com\/cs\/wp-json\/wp\/v2\/product\/3193","targetHints":{"allow":["GET"]}}],"collection":[{"href":"https:\/\/www.mondogrowkits.com\/cs\/wp-json\/wp\/v2\/product"}],"about":[{"href":"https:\/\/www.mondogrowkits.com\/cs\/wp-json\/wp\/v2\/types\/product"}],"replies":[{"embeddable":true,"href":"https:\/\/www.mondogrowkits.com\/cs\/wp-json\/wp\/v2\/comments?post=3193"}],"wp:featuredmedia":[{"embeddable":true,"href":"https:\/\/www.mondogrowkits.com\/cs\/wp-json\/wp\/v2\/media\/3194"}],"wp:attachment":[{"href":"https:\/\/www.mondogrowkits.com\/cs\/wp-json\/wp\/v2\/media?parent=3193"}],"wp:term":[{"taxonomy":"product_brand","embeddable":true,"href":"https:\/\/www.mondogrowkits.com\/cs\/wp-json\/wp\/v2\/product_brand?post=3193"},{"taxonomy":"product_cat","embeddable":true,"href":"https:\/\/www.mondogrowkits.com\/cs\/wp-json\/wp\/v2\/product_cat?post=3193"},{"taxonomy":"product_tag","embeddable":true,"href":"https:\/\/www.mondogrowkits.com\/cs\/wp-json\/wp\/v2\/product_tag?post=3193"}],"curies":[{"name":"wp","href":"https:\/\/api.w.org\/{rel}","templated":true}]}}