{"id":3199,"date":"2026-02-03T15:00:56","date_gmt":"2026-02-03T14:00:56","guid":{"rendered":"https:\/\/www.mondogrowkits.com\/?post_type=product&#038;p=3199"},"modified":"2026-04-08T12:41:46","modified_gmt":"2026-04-08T11:41:46","slug":"jack-frost-magicky-sacek-na-houby","status":"publish","type":"product","link":"https:\/\/www.mondogrowkits.com\/cs\/jack-frost-magic-mushroom-growbag\/","title":{"rendered":"Jack Frost - Magick\u00fd s\u00e1\u010dek na p\u011bstov\u00e1n\u00ed hub"},"content":{"rendered":"<h2 data-section-id=\"crzhx4\" data-start=\"615\" data-end=\"697\">Jack Frost - Magic Mushroom Grow Bag | Jedine\u010dn\u00fd vzhled a pokro\u010dil\u00e9 p\u011bstov\u00e1n\u00ed<\/h2><p data-start=\"699\" data-end=\"1006\">Jack Frost Magic Mushroom Grow Bag je profesion\u00e1ln\u011b p\u0159ipraven\u00fd kultiva\u010dn\u00ed syst\u00e9m obsahuj\u00edc\u00ed pln\u011b kolonizovan\u00e9 houby. <a href=\"https:\/\/www.mondogrowkits.com\/cs\/co-je-psilocybin\/\">psilocybe cubensis<\/a> substr\u00e1t. Cel\u00fd proces inokulace a inkubace byl dokon\u010den za kontrolovan\u00fdch podm\u00ednek, co\u017e umo\u017enilo okam\u017eitou fruktifikaci po um\u00edst\u011bn\u00ed do stabiln\u00edho vnit\u0159n\u00edho prost\u0159ed\u00ed.<\/p><p data-start=\"1008\" data-end=\"1168\">Jack Frost je zn\u00e1m\u00fd pro sv\u00e9 <strong data-start=\"1036\" data-end=\"1114\">v\u00fdrazn\u00fd bled\u00fd\/b\u00edl\u00fd vzhled a pomalej\u0161\u00ed, kontrolovan\u011bj\u0161\u00ed r\u016fstov\u00fd cyklus<\/strong>, co\u017e z n\u00ed d\u011bl\u00e1 v\u00fdjime\u010dnou odr\u016fdu pro zku\u0161en\u00e9 p\u011bstitele.<\/p><hr data-start=\"1170\" data-end=\"1173\" \/><h2 data-section-id=\"jx610d\" data-start=\"1175\" data-end=\"1238\">Obt\u00ed\u017enost p\u011bstov\u00e1n\u00ed: Vy\u017eaduje se p\u0159esnost a stabilita<\/h2><p data-start=\"1240\" data-end=\"1363\">Jack Frost je pova\u017eov\u00e1n za <a href=\"https:\/\/www.mondogrowkits.com\/cs\/mondo-growkits-best-strains-beginners-advanced\/\">pokro\u010dil\u00e9<\/a> kv\u016fli pomalej\u0161\u00ed kolonizaci a vy\u0161\u0161\u00ed citlivosti na zm\u011bny prost\u0159ed\u00ed.<\/p><p data-start=\"1365\" data-end=\"1499\">V porovn\u00e1n\u00ed s <a href=\"https:\/\/www.mondogrowkits.com\/cs\/knihovna-kmenu-magickych-hub\/zlaty-ucitel-psilocybe-cubensis-kmen\/\">Golden Teacher<\/a> nebo B+, vy\u017eaduje Jack Frost pro optim\u00e1ln\u00ed v\u00fdkon p\u0159esn\u011bj\u0161\u00ed \u0159\u00edzen\u00ed vlhkosti, teploty a proud\u011bn\u00ed vzduchu.<\/p><p data-start=\"1501\" data-end=\"1511\">Ide\u00e1ln\u00ed pro:<\/p><ul data-start=\"1512\" data-end=\"1620\">\n<li data-section-id=\"ddumnv\" data-start=\"1512\" data-end=\"1535\">Zku\u0161en\u00ed p\u011bstitel\u00e9<\/li>\n<li data-section-id=\"j8kob\" data-start=\"1536\" data-end=\"1579\">U\u017eivatel\u00e9, kte\u0159\u00ed hledaj\u00ed jedine\u010dn\u00e9 vizu\u00e1ln\u00ed v\u00fdsledky<\/li>\n<li data-section-id=\"se0ltb\" data-start=\"1580\" data-end=\"1620\">P\u011bstitel\u00e9 s kontrolovan\u00fdm prost\u0159ed\u00edm<\/li>\n<\/ul><hr data-start=\"1622\" data-end=\"1625\" \/><h2 data-section-id=\"9bjdml\" data-start=\"1627\" data-end=\"1680\">Charakteristika r\u016fstu - pomal\u00fd, kontrolovan\u00fd a jedine\u010dn\u00fd<\/h2><p data-start=\"1682\" data-end=\"1746\">Jack Frost vynik\u00e1 svou <strong data-start=\"1715\" data-end=\"1745\">specializovan\u00fd vzor r\u016fstu<\/strong>:<\/p><ul data-start=\"1748\" data-end=\"1927\">\n<li data-section-id=\"gyizdu\" data-start=\"1748\" data-end=\"1809\">Pomalej\u0161\u00ed kolonizace ve srovn\u00e1n\u00ed se standardn\u00edmi kmeny cubensis<\/li>\n<li data-section-id=\"19oto9u\" data-start=\"1810\" data-end=\"1846\">\u0158\u00edzen\u00e9 a selektivn\u00ed p\u0159ip\u00edn\u00e1n\u00ed<\/li>\n<li data-section-id=\"44jkos\" data-start=\"1847\" data-end=\"1886\">Hust\u00e9, ale pomaleji se rozv\u00edjej\u00edc\u00ed v\u00fdplachy<\/li>\n<li data-section-id=\"ammmgl\" data-start=\"1887\" data-end=\"1927\">Jedine\u010dn\u00e9 sv\u011btl\u00e9 a\u017e b\u00edl\u00e9 plodnice<\/li>\n<\/ul><p data-start=\"1929\" data-end=\"1997\">Je m\u00e9n\u011b agresivn\u00ed a m\u00e9n\u011b tolerantn\u00ed ne\u017e v\u011bt\u0161ina za\u010d\u00e1te\u010dn\u00edk\u016f. <a href=\"https:\/\/www.mondogrowkits.com\/cs\/knihovna-kmenu-magickych-hub\/\">kmeny<\/a>.<\/p><hr data-start=\"1999\" data-end=\"2002\" \/><h2 data-section-id=\"1x9uz5o\" data-start=\"2004\" data-end=\"2050\">V\u00fdnosnost v porovn\u00e1n\u00ed s jin\u00fdmi kmeny<\/h2><p data-start=\"2052\" data-end=\"2123\">Jack Frost obvykle produkuje <strong data-start=\"2082\" data-end=\"2122\">st\u0159edn\u00ed v\u00fdnosy s hustou strukturou<\/strong>.<\/p><p data-start=\"2125\" data-end=\"2151\">V porovn\u00e1n\u00ed s jin\u00fdmi kmeny:<\/p><ul data-start=\"2152\" data-end=\"2312\">\n<li data-section-id=\"68rrkk\" data-start=\"2152\" data-end=\"2186\">Pomalej\u0161\u00ed ne\u017e Thai a Cambodian<\/li>\n<li data-section-id=\"t91rb6\" data-start=\"2187\" data-end=\"2221\">M\u00e9n\u011b produktivn\u00ed ne\u017e McKennaii<\/li>\n<li data-section-id=\"8kjlki\" data-start=\"2222\" data-end=\"2255\">Citliv\u011bj\u0161\u00ed ne\u017e Amazonian<\/li>\n<li data-section-id=\"131rhlz\" data-start=\"2256\" data-end=\"2312\">Jedine\u010dn\u011bj\u0161\u00ed, ale m\u00e9n\u011b p\u0159edv\u00eddateln\u00e9 ne\u017e Golden Teacher<\/li>\n<\/ul><p data-start=\"2314\" data-end=\"2382\">To z n\u00ed d\u011bl\u00e1 \u00fazce specializovanou odr\u016fdu zam\u011b\u0159enou sp\u00ed\u0161e na kvalitu a vzhled.<\/p><hr data-start=\"2384\" data-end=\"2387\" \/><h2 data-section-id=\"1mjkycd\" data-start=\"2389\" data-end=\"2441\">Pln\u011b kolonizovan\u00fd substr\u00e1t - nen\u00ed nutn\u00e1 \u017e\u00e1dn\u00e1 p\u0159\u00edprava<\/h2><p data-start=\"2443\" data-end=\"2569\">Ka\u017ed\u00fd p\u011bstebn\u00ed s\u00e1\u010dek obsahuje na \u017eiviny bohat\u00e9 <a href=\"https:\/\/www.mondogrowkits.com\/cs\/sterilizovany-substrat\/\">substr\u00e1t<\/a> kter\u00e1 ji\u017e byla pln\u011b os\u00eddlena zdrav\u00fdm myceliem psilocybe cubensis.<\/p><p data-start=\"2571\" data-end=\"2582\">To znamen\u00e1:<\/p><ul data-start=\"2583\" data-end=\"2669\">\n<li data-section-id=\"1bwq18v\" data-start=\"2583\" data-end=\"2610\">O\u010dkov\u00e1n\u00ed nen\u00ed nutn\u00e9<\/li>\n<li data-section-id=\"1nbh3a1\" data-start=\"2611\" data-end=\"2638\">Sterilizace nen\u00ed nutn\u00e1<\/li>\n<li data-section-id=\"1i25w4v\" data-start=\"2639\" data-end=\"2669\">Sn\u00ed\u017een\u00ed rizika kontaminace<\/li>\n<\/ul><p data-start=\"2671\" data-end=\"2706\">Plodit m\u016f\u017eete za\u010d\u00edt okam\u017eit\u011b.<\/p><hr data-start=\"2708\" data-end=\"2711\" \/><h2 data-section-id=\"eks98y\" data-start=\"2713\" data-end=\"2748\">O\u010dek\u00e1van\u00e9 v\u00fdplachy a r\u016fstov\u00fd cyklus<\/h2><p data-start=\"2750\" data-end=\"2869\">Ve stabiln\u00edch vnit\u0159n\u00edch podm\u00ednk\u00e1ch (20-24 \u00b0C) je Jack Frost <a href=\"https:\/\/www.mondogrowkits.com\/cs\/kouzelne-sacky-na-pestovani-hub\/\">Kouzeln\u00fd s\u00e1\u010dek na p\u011bstov\u00e1n\u00ed hub<\/a> obvykle produkuje <strong data-start=\"2850\" data-end=\"2868\">2 a\u017e 4 spl\u00e1chnut\u00ed<\/strong>.<\/p><p data-start=\"2871\" data-end=\"2902\">Optim\u00e1ln\u00ed v\u00fdkon z\u00e1vis\u00ed na:<\/p><ul data-start=\"2903\" data-end=\"3017\">\n<li data-section-id=\"1qznzyp\" data-start=\"2903\" data-end=\"2930\">Velmi stabiln\u00ed teplota<\/li>\n<li data-section-id=\"1njdg99\" data-start=\"2931\" data-end=\"2959\">P\u0159esn\u00e1 regulace vlhkosti<\/li>\n<li data-section-id=\"1m6hfm\" data-start=\"2960\" data-end=\"2978\">\u010cist\u00e1 manipulace<\/li>\n<li data-section-id=\"1q0zutz\" data-start=\"2979\" data-end=\"3017\">Spr\u00e1vn\u00e1 rehydratace mezi proplachy<\/li>\n<\/ul><p data-start=\"3019\" data-end=\"3079\">Kv\u016fli pomalej\u0161\u00edmu r\u016fstu trv\u00e1 v\u00fdvoj \u010derven\u00e1n\u00ed del\u0161\u00ed dobu.<\/p><hr data-start=\"3081\" data-end=\"3084\" \/><h2 data-section-id=\"114vxji\" data-start=\"3086\" data-end=\"3124\">Pro\u010d si vybrat p\u011bstebn\u00ed vak Jack Frost?<\/h2><p data-start=\"3126\" data-end=\"3172\">Pln\u011b kolonizovan\u00fd substr\u00e1t psilocybe cubensis<\/p><p data-start=\"3174\" data-end=\"3202\">P\u0159ipraveno k okam\u017eit\u00e9mu pou\u017eit\u00ed<\/p><p data-start=\"3204\" data-end=\"3241\">Jedine\u010dn\u00fd b\u00edl\u00fd\/alb\u00ednsk\u00fd vzhled<\/p><p data-start=\"3243\" data-end=\"3271\">Kultivace na pokro\u010dil\u00e9 \u00farovni<\/p><p data-start=\"3273\" data-end=\"3313\">Hust\u00e9 a vizu\u00e1ln\u011b v\u00fdrazn\u00e9 spl\u00e1chnut\u00ed<\/p><p data-start=\"3315\" data-end=\"3346\">Ide\u00e1ln\u00ed pro zku\u0161en\u00e9 p\u011bstitele<\/p><hr data-start=\"3348\" data-end=\"3351\" \/><p data-start=\"3353\" data-end=\"3543\" data-is-last-node=\"\" data-is-only-node=\"\">Pytel Jack Frost Magic Mushroom Grow Bag je ide\u00e1ln\u00ed pro p\u011bstitele, kte\u0159\u00ed cht\u011bj\u00ed m\u00edt k dispozici <strong data-start=\"3426\" data-end=\"3481\">jedine\u010dn\u00fd a vizu\u00e1ln\u011b p\u016fsobiv\u00fd z\u00e1\u017eitek z p\u011bstov\u00e1n\u00ed<\/strong>, kter\u00e9 vy\u017eaduj\u00ed v\u011bt\u0161\u00ed p\u0159esnost, ale p\u0159in\u00e1\u0161ej\u00ed v\u00fdrazn\u00e9 v\u00fdsledky.<\/p>","protected":false},"excerpt":{"rendered":"<p data-start=\"123\" data-end=\"396\">S\u00e1\u010dek Jack Frost Magic Mushroom Grow Bag je pln\u011b kolonizovan\u00fd syst\u00e9m s myceliem psilocybe cubensis p\u0159ipraven\u00fd k p\u011bstov\u00e1n\u00ed. Tento kmen, zn\u00e1m\u00fd sv\u00fdm jedine\u010dn\u00fdm vzhledem p\u0159ipom\u00ednaj\u00edc\u00edm alb\u00edny a pomalej\u0161\u00edm v\u00fdvojem, je ide\u00e1ln\u00ed pro zku\u0161en\u00e9 p\u011bstitele, kte\u0159\u00ed hledaj\u00ed vizu\u00e1ln\u011b v\u00fdrazn\u00e9 v\u00fdsledky.<\/p>\n<ul data-start=\"398\" data-end=\"608\">\n<li data-section-id=\"aeimkw\" data-start=\"398\" data-end=\"427\">Pln\u011b kolonizovan\u00fd substr\u00e1t<\/li>\n<li data-section-id=\"1s6w1hc\" data-start=\"428\" data-end=\"458\">P\u0159ipraveno k okam\u017eit\u00e9mu pou\u017eit\u00ed<\/li>\n<li data-section-id=\"1k77gu8\" data-start=\"459\" data-end=\"505\">Nen\u00ed nutn\u00e1 st\u0159\u00edka\u010dka na spory ani sterilizace<\/li>\n<li data-section-id=\"1h27mh8\" data-start=\"506\" data-end=\"547\">Produkuje 2-4 pomalej\u0161\u00ed, ale hust\u00e9 spl\u00e1chnut\u00ed<\/li>\n<li data-section-id=\"hewhat\" data-start=\"548\" data-end=\"608\">Pokro\u010dil\u00fd kmen s jedine\u010dn\u00fdmi b\u00edl\u00fdmi\/alb\u00ednsk\u00fdmi vlastnostmi<\/li>\n<\/ul>","protected":false},"featured_media":3204,"comment_status":"open","ping_status":"closed","template":"","meta":[],"product_brand":[32],"product_cat":[58],"product_tag":[],"class_list":{"0":"post-3199","1":"product","2":"type-product","3":"status-publish","4":"has-post-thumbnail","6":"product_brand-mondo","7":"product_cat-magic-mushroom-grow-bags","9":"first","10":"instock","11":"taxable","12":"shipping-taxable","13":"purchasable","14":"product-type-simple"},"jetpack_sharing_enabled":true,"_links":{"self":[{"href":"https:\/\/www.mondogrowkits.com\/cs\/wp-json\/wp\/v2\/product\/3199","targetHints":{"allow":["GET"]}}],"collection":[{"href":"https:\/\/www.mondogrowkits.com\/cs\/wp-json\/wp\/v2\/product"}],"about":[{"href":"https:\/\/www.mondogrowkits.com\/cs\/wp-json\/wp\/v2\/types\/product"}],"replies":[{"embeddable":true,"href":"https:\/\/www.mondogrowkits.com\/cs\/wp-json\/wp\/v2\/comments?post=3199"}],"wp:featuredmedia":[{"embeddable":true,"href":"https:\/\/www.mondogrowkits.com\/cs\/wp-json\/wp\/v2\/media\/3204"}],"wp:attachment":[{"href":"https:\/\/www.mondogrowkits.com\/cs\/wp-json\/wp\/v2\/media?parent=3199"}],"wp:term":[{"taxonomy":"product_brand","embeddable":true,"href":"https:\/\/www.mondogrowkits.com\/cs\/wp-json\/wp\/v2\/product_brand?post=3199"},{"taxonomy":"product_cat","embeddable":true,"href":"https:\/\/www.mondogrowkits.com\/cs\/wp-json\/wp\/v2\/product_cat?post=3199"},{"taxonomy":"product_tag","embeddable":true,"href":"https:\/\/www.mondogrowkits.com\/cs\/wp-json\/wp\/v2\/product_tag?post=3199"}],"curies":[{"name":"wp","href":"https:\/\/api.w.org\/{rel}","templated":true}]}}