{"id":442,"date":"2025-05-02T11:44:02","date_gmt":"2025-05-02T11:44:02","guid":{"rendered":"https:\/\/staging.mondogrowkits.com\/?post_type=product&#038;p=442"},"modified":"2026-04-28T13:52:12","modified_gmt":"2026-04-28T12:52:12","slug":"magicky-hybridni-modry-duch","status":"publish","type":"product","link":"https:\/\/www.mondogrowkits.com\/cs\/magic-hybrid-blue-ghost\/","title":{"rendered":"Magic Hybrid - Blue Ghost - Psilocybe Cubensis Tampon se sporami"},"content":{"rendered":"","protected":false},"excerpt":{"rendered":"<p data-start=\"123\" data-end=\"555\">Na str\u00e1nk\u00e1ch\u00a0<strong data-start=\"127\" data-end=\"152\">Blue Ghost Tampon na spory<\/strong> obsahuje <strong data-start=\"162\" data-end=\"194\">steriln\u00ed, vysoce kvalitn\u00ed spory<\/strong> z tajemn\u00e9ho a vizu\u00e1ln\u011b podmaniv\u00e9ho filmu <strong data-start=\"240\" data-end=\"254\">Blue Ghost<\/strong> kmen - vz\u00e1cn\u00fd <strong data-start=\"269\" data-end=\"298\">Psilocybe cubensis hybrid<\/strong> zn\u00e1m\u00fd pro sv\u00e9 <strong data-start=\"313\" data-end=\"335\">tmav\u011b modr\u00e9 podlitiny<\/strong>, <strong data-start=\"337\" data-end=\"355\">hust\u00e9 mycelium<\/strong>, a <strong data-start=\"361\" data-end=\"396\">spektr\u00e1ln\u00ed vzhled podobn\u00fd alb\u00ednu<\/strong>. Tento kmen je mezi sb\u011brateli a badateli proslul\u00fd pro svou... <strong data-start=\"465\" data-end=\"483\">siln\u00fd rodokmen<\/strong>, o nich\u017e se p\u0159edpokl\u00e1d\u00e1, \u017ee poch\u00e1zej\u00ed z alb\u00ednsk\u00fdch a vysoce aktivn\u00edch odr\u016fd cubensis.<\/p>\n<p data-start=\"557\" data-end=\"917\">Houby Blue Ghost se vyzna\u010duj\u00ed t\u00edm, \u017ee maj\u00ed <strong data-start=\"605\" data-end=\"625\">ml\u00e9\u010dn\u011b b\u00edl\u00e9 \u010depi\u010dky<\/strong>, <strong data-start=\"627\" data-end=\"665\">\u017eiv\u011b modr\u00e9 zbarven\u00ed p\u0159i kontaktu<\/strong>, a <strong data-start=\"671\" data-end=\"696\">siln\u00e9, krout\u00edc\u00ed se stonky<\/strong>-nab\u00edz\u00ed fascinuj\u00edc\u00ed t\u00e9ma pro <strong data-start=\"732\" data-end=\"796\">morfologie spor, hybridn\u00ed genetika a v\u00fdzkum pigmentace.<\/strong>. Ka\u017ed\u00fd tampon je p\u0159ipraven v laborato\u0159i za steriln\u00edch podm\u00ednek a poskytuje <strong data-start=\"861\" data-end=\"878\">\u017eivotaschopn\u00e9 spory<\/strong> ide\u00e1ln\u00ed pro vysoce kvalitn\u00ed mikroskopii.<\/p>","protected":false},"featured_media":425,"comment_status":"open","ping_status":"closed","template":"","meta":[],"product_brand":[32],"product_cat":[83],"product_tag":[],"class_list":{"0":"post-442","1":"product","2":"type-product","3":"status-publish","4":"has-post-thumbnail","6":"product_brand-mondo","7":"product_cat-spore-swabs","9":"first","10":"instock","11":"taxable","12":"shipping-taxable","13":"purchasable","14":"product-type-simple"},"jetpack_sharing_enabled":true,"_links":{"self":[{"href":"https:\/\/www.mondogrowkits.com\/cs\/wp-json\/wp\/v2\/product\/442","targetHints":{"allow":["GET"]}}],"collection":[{"href":"https:\/\/www.mondogrowkits.com\/cs\/wp-json\/wp\/v2\/product"}],"about":[{"href":"https:\/\/www.mondogrowkits.com\/cs\/wp-json\/wp\/v2\/types\/product"}],"replies":[{"embeddable":true,"href":"https:\/\/www.mondogrowkits.com\/cs\/wp-json\/wp\/v2\/comments?post=442"}],"wp:featuredmedia":[{"embeddable":true,"href":"https:\/\/www.mondogrowkits.com\/cs\/wp-json\/wp\/v2\/media\/425"}],"wp:attachment":[{"href":"https:\/\/www.mondogrowkits.com\/cs\/wp-json\/wp\/v2\/media?parent=442"}],"wp:term":[{"taxonomy":"product_brand","embeddable":true,"href":"https:\/\/www.mondogrowkits.com\/cs\/wp-json\/wp\/v2\/product_brand?post=442"},{"taxonomy":"product_cat","embeddable":true,"href":"https:\/\/www.mondogrowkits.com\/cs\/wp-json\/wp\/v2\/product_cat?post=442"},{"taxonomy":"product_tag","embeddable":true,"href":"https:\/\/www.mondogrowkits.com\/cs\/wp-json\/wp\/v2\/product_tag?post=442"}],"curies":[{"name":"wp","href":"https:\/\/api.w.org\/{rel}","templated":true}]}}