{"id":991,"date":"2025-07-23T16:59:22","date_gmt":"2025-07-23T15:59:22","guid":{"rendered":"https:\/\/staging.mondogrowkits.com\/?post_type=product&#038;p=991"},"modified":"2026-04-08T13:11:52","modified_gmt":"2026-04-08T12:11:52","slug":"spore-vial-fanaticus-original","status":"publish","type":"product","link":"https:\/\/www.mondogrowkits.com\/cs\/spore-vial-fanaticus-original\/","title":{"rendered":"PFO - Lahvi\u010dka se sporami Psilocybe Cubensis"},"content":{"rendered":"","protected":false},"excerpt":{"rendered":"<p>Lahvi\u010dky se sporami jsou snadno pou\u017eiteln\u00e9 vzduchot\u011bsn\u00e9 n\u00e1doby se sporami hub uvnit\u0159.<\/p>\n<p>Jednoduch\u00fdm prot\u0159ep\u00e1n\u00edm lahvi\u010dky a vst\u0159\u00edknut\u00edm kapaliny do substr\u00e1tu m\u016f\u017eete aktivovat mycelium, aby kolonizovalo a vykl\u00ed\u010dilo.<\/p>\n<p><span lang=\"EN-US\">Podrobn\u00e9 pokyny, instrukce a aktiva\u010dn\u00ed protokoly naleznete v na\u0161em pr\u016fvodci p\u011bstov\u00e1n\u00edm.<\/span><\/p>","protected":false},"featured_media":4643,"comment_status":"open","ping_status":"closed","template":"","meta":[],"product_brand":[32],"product_cat":[67],"product_tag":[],"class_list":{"0":"post-991","1":"product","2":"type-product","3":"status-publish","4":"has-post-thumbnail","6":"product_brand-mondo","7":"product_cat-spore-vials","9":"first","10":"instock","11":"taxable","12":"shipping-taxable","13":"purchasable","14":"product-type-simple"},"jetpack_sharing_enabled":true,"_links":{"self":[{"href":"https:\/\/www.mondogrowkits.com\/cs\/wp-json\/wp\/v2\/product\/991","targetHints":{"allow":["GET"]}}],"collection":[{"href":"https:\/\/www.mondogrowkits.com\/cs\/wp-json\/wp\/v2\/product"}],"about":[{"href":"https:\/\/www.mondogrowkits.com\/cs\/wp-json\/wp\/v2\/types\/product"}],"replies":[{"embeddable":true,"href":"https:\/\/www.mondogrowkits.com\/cs\/wp-json\/wp\/v2\/comments?post=991"}],"wp:featuredmedia":[{"embeddable":true,"href":"https:\/\/www.mondogrowkits.com\/cs\/wp-json\/wp\/v2\/media\/4643"}],"wp:attachment":[{"href":"https:\/\/www.mondogrowkits.com\/cs\/wp-json\/wp\/v2\/media?parent=991"}],"wp:term":[{"taxonomy":"product_brand","embeddable":true,"href":"https:\/\/www.mondogrowkits.com\/cs\/wp-json\/wp\/v2\/product_brand?post=991"},{"taxonomy":"product_cat","embeddable":true,"href":"https:\/\/www.mondogrowkits.com\/cs\/wp-json\/wp\/v2\/product_cat?post=991"},{"taxonomy":"product_tag","embeddable":true,"href":"https:\/\/www.mondogrowkits.com\/cs\/wp-json\/wp\/v2\/product_tag?post=991"}],"curies":[{"name":"wp","href":"https:\/\/api.w.org\/{rel}","templated":true}]}}