{"id":2249,"date":"2025-11-03T14:31:28","date_gmt":"2025-11-03T14:31:28","guid":{"rendered":"https:\/\/www.mondogrowkits.com\/?page_id=2249"},"modified":"2026-02-04T16:56:25","modified_gmt":"2026-02-04T15:56:25","slug":"forhandler","status":"publish","type":"page","link":"https:\/\/www.mondogrowkits.com\/da\/reseller\/","title":{"rendered":"Bliv forhandler"},"content":{"rendered":"<section class=\"section\" id=\"section_978885219\">\t\t<div class=\"section-bg fill\" >\t\t\t\t\t\t\t\t\t\t\t\t\t\t<\/div>\t\t\t<div class=\"ux-shape-divider ux-shape-divider--top ux-shape-divider--style-waves\">\t\t<svg viewbox=\"0 0 1200 120\" xmlns=\"http:\/\/www.w3.org\/2000\/svg\" preserveaspectratio=\"none\">  <path class=\"ux-shape-fill\" d=\"M321.39 63.56c58 10.79 114.16 30.13 172 41.86 82.39 16.72 168.19 17.73 250.45.39C823.78 89 906.67 48 985.66 27.17c70.05-18.48 146.53-26.09 214.34-3V120H0V92.65a600.21 600.21 0 01321.39-29.09z\"\/><\/svg>\t<\/div>\t\t<div class=\"section-content relative\">\t\t\t<div class=\"row\"  id=\"row-189898764\">\t<div id=\"col-1850867332\" class=\"col small-12 large-12\"  >\t\t\t\t<div class=\"col-inner\" style=\"background-color:rgb(255,255,255);\" >\t\t\t\t<div class=\"is-border\"\n\t\tstyle=\"border-color:rgb(213, 90, 70);border-radius:10px;border-width:2px 2px 2px 2px;\">\t<\/div>\t\t\t\t<div id=\"text-1840699407\" class=\"text\">\t\t<h1 style=\"text-align: left;\">Bliv forhandler af Mondo Growkits<\/h1>\t\t<style>\n#text-1840699407 {\n  font-size: 1.55rem;\n  color: #1c4882;\n}\n#text-1840699407 > * {\n  color: #1c4882;\n}\n@media (min-width:550px) {\n  #text-1840699407 {\n    font-size: 1.45rem;\n  }\n}\n<\/style>\t<\/div>\t\t<div id=\"text-194201867\" class=\"text\">\t\t<p style=\"text-align: left;\">Er du klar til at udvide din forretning med et af de mest p\u00e5lidelige navne inden for svampedyrkning? P\u00e5 <a href=\"https:\/\/www.mondogrowkits.com\/da\/\">Mondo Growkits<\/a>, Vi byder nye forhandlere, detailhandlere, grossister og distribut\u00f8rer velkommen fra alle lande, hvor vores produkter er lovligt tilladt. Uanset om du s\u00e6lger online eller driver en fysisk butik, giver deltagelse i vores forhandlerprogram dig adgang til growkits og tilbeh\u00f8r af h\u00f8j kvalitet, som kunder i hele Europa og andre steder har tillid til.<\/p>\t\t<style>\n#text-194201867 {\n  color: rgb(0,0,0);\n}\n#text-194201867 > * {\n  color: rgb(0,0,0);\n}\n<\/style>\t<\/div>\t\t\t<\/div>\t\t\t\t<style>\n#col-1850867332 > .col-inner {\n  padding: 20px 20px 20px 20px;\n  border-radius: 10px;\n}\n<\/style>\t<\/div>\t<\/div><div class=\"row align-equal\"  id=\"row-1111454046\">\t<div id=\"col-2031138485\" class=\"col medium-6 small-12 large-6\"  >\t\t\t\t<div class=\"col-inner\" style=\"background-color:rgb(255,255,255);\" >\t\t\t\t<div class=\"is-border\"\n\t\tstyle=\"border-color:rgb(213, 90, 70);border-radius:10px;border-width:2px 2px 2px 2px;\">\t<\/div>\t\t\t\t<div id=\"text-1209963394\" class=\"text\">\t\t<h2>Hvorfor samarbejde med Mondo Growkits?<\/h2>\t\t<style>\n#text-1209963394 {\n  color: #1c4882;\n}\n#text-1209963394 > * {\n  color: #1c4882;\n}\n<\/style>\t<\/div>\t<p data-start=\"532\" data-end=\"825\">Mondo Growkits er et f\u00f8rende m\u00e6rke inden for svampedyrkning og tilbyder f\u00f8rsteklasses svampedyrkningss\u00e6t, sporer, dyrkningsudstyr og tilbeh\u00f8r. Vores produkter er kendt for deres p\u00e5lidelighed, h\u00f8je succesrate og brugervenlige design - ideelt til b\u00e5de <a href=\"https:\/\/www.mondogrowkits.com\/da\/mondo-growkits-best-strains-beginners-advanced\/\">Begyndere<\/a> og erfarne dyrkere.<\/p><h3>Som forhandler eller distribut\u00f8r drager du fordel af:<\/h3><p>\u2714 Konkurrencedygtige engrospriser og fleksible ordrem\u00e6ngder<br data-start=\"942\" data-end=\"945\" \/>\u2714 Hurtig og diskret verdensomsp\u00e6ndende forsendelse fra vores centrallager<br data-start=\"1010\" data-end=\"1013\" \/>\u2714 Ekspertviden om produkter og professionel support<br data-start=\"1064\" data-end=\"1067\" \/>\u2714 Produktbilleder og markedsf\u00f8ringsmateriale af h\u00f8j kvalitet til din butik<br data-start=\"1134\" data-end=\"1137\" \/>\u2714 Langsigtede partnerskabsmuligheder for online- og offline-salg<\/p>\t\t<\/div>\t\t\t\t<style>\n#col-2031138485 > .col-inner {\n  padding: 20px 20px 20px 20px;\n  border-radius: 10px;\n}\n<\/style>\t<\/div>\t\t<div id=\"col-2058481868\" class=\"col medium-6 small-12 large-6\"  >\t\t\t\t<div class=\"col-inner\" style=\"background-color:rgb(255,255,255);\" >\t\t\t\t<div class=\"is-border\"\n\t\tstyle=\"border-color:rgb(213, 90, 70);border-radius:10px;border-width:2px 2px 2px 2px;\">\t<\/div>\t\t\t\t<div id=\"text-778274035\" class=\"text\">\t\t<h2>Hvem kan deltage i Mondo Growkits' forhandlerprogram?<\/h2>\t\t<style>\n#text-778274035 {\n  color: #1c4882;\n}\n#text-778274035 > * {\n  color: #1c4882;\n}\n<\/style>\t<\/div>\t<p data-start=\"1268\" data-end=\"1560\">Hvis din virksomhed opererer i et land, hvor vores produkter er lovligt tilladt, er du velkommen til at ans\u00f8ge om at blive officiel Mondo-partner. <a href=\"https:\/\/www.mondogrowkits.com\/da\/grow-kits\/\">Growkits<\/a> forhandler.<\/p><h3 data-start=\"1268\" data-end=\"1560\">Vi samarbejder med virksomheder i alle st\u00f8rrelser, herunder:<\/h3><p>\u2714 Onlineforhandlere udvider deres produktsortiment<br data-start=\"1374\" data-end=\"1377\" \/>\u2714 Fysiske butikker og smartshops, der s\u00e6lger dyrkningsprodukter<br data-start=\"1438\" data-end=\"1441\" \/>\u2714 Grossister, der leverer til dyrkningsbutikker eller havecentre<br data-start=\"1493\" data-end=\"1496\" \/>\u2714 Distribut\u00f8rer, der s\u00f8ger eksklusive muligheder i deres region<\/p><p data-start=\"1562\" data-end=\"1715\">\u00a0<\/p><a href=\"\/da\/kontakt\/\" class=\"button primary\" style=\"border-radius:99px;\">\n\t\t<span>Kontakt os<\/span>\n\t<\/a><a href=\"https:\/\/www.mondomycologicals.com\/\" target=\"_blank\" class=\"button secondary\" rel=\"noopener\" style=\"border-radius:99px;\">\n\t\t<span>Tilmeld dig med det samme<\/span>\n\t<\/a>\t\t<\/div>\t\t\t\t<style>\n#col-2058481868 > .col-inner {\n  padding: 20px 20px 20px 20px;\n  border-radius: 10px;\n}\n<\/style>\t<\/div>\t\t<div id=\"col-1453332788\" class=\"col small-12 large-12\"  >\t\t\t\t<div class=\"col-inner\" style=\"background-color:rgb(255,255,255);\" >\t\t\t\t<div class=\"is-border\"\n\t\tstyle=\"border-color:rgb(213, 90, 70);border-radius:10px;border-width:2px 2px 2px 2px;\">\t<\/div>\t\t\t\t<div id=\"text-3762864058\" class=\"text\">\t\t<h2>Bliv en del af Mondo Growkits' forhandlernetv\u00e6rk<\/h2>\t\t<style>\n#text-3762864058 {\n  color: #1c4882;\n}\n#text-3762864058 > * {\n  color: #1c4882;\n}\n<\/style>\t<\/div>\t<p data-start=\"2165\" data-end=\"2458\">Det er nemt at blive forhandler. Du skal bare kontakte os med oplysninger om din virksomhed, herunder firmanavn, beliggenhed og driftstype (onlinebutik, detailbutik, engroshandel eller distribution). Vores team vil gennemg\u00e5 din ans\u00f8gning og give oplysninger om priser, logistik og vilk\u00e5r.<\/p><p data-start=\"2460\" data-end=\"2602\">At samarbejde med Mondo Growkits betyder, at man arbejder med et velrenommeret europ\u00e6isk m\u00e6rke med fokus p\u00e5 kvalitet, p\u00e5lidelighed og kundetilfredshed.<\/p><h3 data-start=\"2609\" data-end=\"2650\">P\u00e5lidelig forsyning og p\u00e5lidelig kvalitet<\/h3><p data-start=\"2651\" data-end=\"2957\">Alle Mondo Growkits-produkter er fremstillet under strenge kvalitetskontrolstandarder. Vi garanterer friske, autentiske og gennemtestede produkter, som dine kunder kan stole p\u00e5. Med professionel emballage og p\u00e5lidelig levering kan du trygt tilbyde de bedste svampedyrkningss\u00e6t, der findes p\u00e5 dit marked.<\/p>\t\t<\/div>\t\t\t\t<style>\n#col-1453332788 > .col-inner {\n  padding: 20px 20px 20px 20px;\n  border-radius: 10px;\n}\n<\/style>\t<\/div>\t<\/div>\t\t<\/div>\t\t<style>\n#section_978885219 {\n  padding-top: 60px;\n  padding-bottom: 60px;\n}\n#section_978885219 .ux-shape-divider--top svg {\n  height: 30px;\n  --divider-top-width: 111%;\n}\n<\/style>\t<\/section>","protected":false},"excerpt":{"rendered":"","protected":false},"author":1,"featured_media":0,"parent":0,"menu_order":0,"comment_status":"closed","ping_status":"closed","template":"page-blank.php","meta":{"footnotes":""},"class_list":["post-2249","page","type-page","status-publish","hentry"],"jetpack_sharing_enabled":true,"_links":{"self":[{"href":"https:\/\/www.mondogrowkits.com\/da\/wp-json\/wp\/v2\/pages\/2249","targetHints":{"allow":["GET"]}}],"collection":[{"href":"https:\/\/www.mondogrowkits.com\/da\/wp-json\/wp\/v2\/pages"}],"about":[{"href":"https:\/\/www.mondogrowkits.com\/da\/wp-json\/wp\/v2\/types\/page"}],"author":[{"embeddable":true,"href":"https:\/\/www.mondogrowkits.com\/da\/wp-json\/wp\/v2\/users\/1"}],"replies":[{"embeddable":true,"href":"https:\/\/www.mondogrowkits.com\/da\/wp-json\/wp\/v2\/comments?post=2249"}],"version-history":[{"count":5,"href":"https:\/\/www.mondogrowkits.com\/da\/wp-json\/wp\/v2\/pages\/2249\/revisions"}],"predecessor-version":[{"id":3567,"href":"https:\/\/www.mondogrowkits.com\/da\/wp-json\/wp\/v2\/pages\/2249\/revisions\/3567"}],"wp:attachment":[{"href":"https:\/\/www.mondogrowkits.com\/da\/wp-json\/wp\/v2\/media?parent=2249"}],"curies":[{"name":"wp","href":"https:\/\/api.w.org\/{rel}","templated":true}]}}