{"id":2811,"date":"2025-12-11T12:23:17","date_gmt":"2025-12-11T11:23:17","guid":{"rendered":"https:\/\/www.mondogrowkits.com\/?page_id=2811"},"modified":"2026-05-07T12:16:00","modified_gmt":"2026-05-07T11:16:00","slug":"manual-til-dyrkningssaet","status":"publish","type":"page","link":"https:\/\/www.mondogrowkits.com\/da\/grow-kit-manual\/","title":{"rendered":"Manual til v\u00e6ksts\u00e6t"},"content":{"rendered":"<section class=\"section\" id=\"section_1222704112\">\n\t\t<div class=\"section-bg fill\" >\n\t\t\t\t\t\t\t\t\t\n\t\t\t\n\n\t\t<\/div>\n\n\t\t\n\n\t\t<div class=\"section-content relative\">\n\t\t\t\n\n\t<div id=\"gap-481470395\" class=\"gap-element clearfix\" style=\"display:block; height:auto;\">\n\t\t\n<style>\n#gap-481470395 {\n  padding-top: 30px;\n}\n<\/style>\n\t<\/div>\n\t\n\n<div class=\"row row-large align-middle\"  id=\"row-1475382076\">\n\n\n\t<div id=\"col-616080070\" class=\"col medium-12 small-12 large-7\"  >\n\t\t\t\t<div class=\"col-inner\"  >\n\t\t\t\n\t\t\t\n\n\t<div id=\"text-1072243386\" class=\"text\">\n\t\t\n\n<h1>Mondo Growkit - aktiveringsvejledning<\/h1>\n\t\t\n<style>\n#text-1072243386 {\n  font-size: 1.4rem;\n  color: #d55a46;\n}\n#text-1072243386 > * {\n  color: #d55a46;\n}\n<\/style>\n\t<\/div>\n\t\n\t<div id=\"text-878505258\" class=\"text\">\n\t\t\n\n<h2>S\u00e5dan kommer du i gang<\/h2>\n\t\t\n<style>\n#text-878505258 {\n  font-size: 1.2rem;\n}\n<\/style>\n\t<\/div>\n\t\n<p data-start=\"127\" data-end=\"336\">Denne aktiveringsvejledning indeholder alle vigtige instruktioner til korrekt aktivering og brug af Mondo Growkit. Den forklarer de vigtigste trin fra aktivering til h\u00f8st og sikrer en j\u00e6vn og vellykket dyrkningscyklus.<\/p>\n<p data-start=\"338\" data-end=\"495\">Du finder klare retningslinjer for milj\u00f8forhold, vanding, vedligeholdelse og v\u00e6kststadier, s\u00e5 du kan undg\u00e5 almindelige fejl og opn\u00e5 optimale resultater.<\/p>\n<p data-start=\"497\" data-end=\"607\">F\u00f8lg hvert trin omhyggeligt for at aktivere dit Mondo Growkit korrekt og sikre en sund og ensartet v\u00e6kst.<\/p>\n<a href=\"https:\/\/www.mondogrowkits.com\/wp-content\/uploads\/2026\/05\/mondo-magic-mushroom-growkit-manual.pdf\" target=\"_blank\" class=\"button primary is-large\" rel=\"noopener\" style=\"border-radius:99px;\">\n\t\t<span>Download manual<\/span>\n\t<\/a>\n\n\n<a href=\"https:\/\/www.youtube.com\/watch?v=xZMN5-o8_lo\" target=\"_blank\" class=\"button secondary is-large\" rel=\"noopener\" style=\"border-radius:99px;\">\n\t\t<span>Instruktionsvideo<\/span>\n\t<\/a>\n\n\n\n\t\t<\/div>\n\t\t\t\t\t<\/div>\n\n\t\n\n\t<div id=\"col-1788127619\" class=\"col medium-12 small-12 large-5\"  >\n\t\t\t\t<div class=\"col-inner\"  >\n\t\t\t\n\t\t\t\n\n\t<div class=\"img has-hover x md-x lg-x y md-y lg-y\" id=\"image_1040103646\">\n\t\t\t\t\t\t\t\t<div class=\"img-inner image-cover dark\" style=\"padding-top:100%;\">\n\t\t\t<img decoding=\"async\" width=\"800\" height=\"800\" src=\"https:\/\/www.mondogrowkits.com\/wp-content\/uploads\/2025\/05\/ChatGPT-Image-23-mrt-2026-17_18_03-800x800.png\" class=\"attachment-large size-large\" alt=\"Golden Teacher - S\u00e6t til dyrkning af magiske svampe\" srcset=\"https:\/\/www.mondogrowkits.com\/wp-content\/uploads\/2025\/05\/ChatGPT-Image-23-mrt-2026-17_18_03-800x800.png 800w, https:\/\/www.mondogrowkits.com\/wp-content\/uploads\/2025\/05\/ChatGPT-Image-23-mrt-2026-17_18_03-400x400.png 400w, https:\/\/www.mondogrowkits.com\/wp-content\/uploads\/2025\/05\/ChatGPT-Image-23-mrt-2026-17_18_03-100x100.png 100w, https:\/\/www.mondogrowkits.com\/wp-content\/uploads\/2025\/05\/ChatGPT-Image-23-mrt-2026-17_18_03-1000x1000.png 1000w, https:\/\/www.mondogrowkits.com\/wp-content\/uploads\/2025\/05\/ChatGPT-Image-23-mrt-2026-17_18_03-280x280.png 280w, https:\/\/www.mondogrowkits.com\/wp-content\/uploads\/2025\/05\/ChatGPT-Image-23-mrt-2026-17_18_03-768x768.png 768w, https:\/\/www.mondogrowkits.com\/wp-content\/uploads\/2025\/05\/ChatGPT-Image-23-mrt-2026-17_18_03-12x12.png 12w, https:\/\/www.mondogrowkits.com\/wp-content\/uploads\/2025\/05\/ChatGPT-Image-23-mrt-2026-17_18_03.png 1024w\" sizes=\"(max-width: 800px) 100vw, 800px\" title=\"\">\t\t\t\t\t\t\n\t\t\t\t\t<\/div>\n\t\t\t\t\t\t\t\t\n<style>\n#image_1040103646 {\n  width: 100%;\n}\n<\/style>\n\t<\/div>\n\t\n\n\n\t\t<\/div>\n\t\t\t\t\t<\/div>\n\n\t\n\n<\/div>\n<div class=\"row\"  id=\"row-195091105\">\n\n\n\t<div id=\"col-2093780611\" class=\"col small-12 large-12\"  >\n\t\t\t\t<div class=\"col-inner\"  >\n\t\t\t\n\t\t\t\n\n\n\n<iframe width=\"1200\" height=\"650\" src=\"https:\/\/www.youtube.com\/embed\/xZMN5-o8_lo?si=XEVvNLqkpAjH-avD\" title=\"YouTube-videoafspiller\" frameborder=\"0\" allow=\"accelerometer; autoplay; clipboard-write; encrypted-media; gyroscope; picture-in-picture; web-share\" referrerpolicy=\"strict-origin-when-cross-origin\" allowfullscreen><\/iframe>\n\n\n\t\t<\/div>\n\t\t\t\t\t<\/div>\n\n\t\n\n<\/div>\n<div class=\"row\"  id=\"row-734929983\">\n\n\n\t<div id=\"col-362897870\" class=\"col small-12 large-12\"  >\n\t\t\t\t<div class=\"col-inner\"  >\n\t\t\t\n\t<div class=\"is-border\"\n\t\tstyle=\"border-width:0px 0px 0px 0px;\">\n\t<\/div>\n\t\t\t\n\n<h2>Manual til v\u00e6ksts\u00e6t<\/h2>\n<h3>Information om produktet<\/h3>\n<p><strong>Produkt:<\/strong> V\u00e6ksts\u00e6t med substrat<br \/>\n<strong>Beskrivelse:<\/strong> Et substrat growkit klar til aktivering og dyrkningsproces.<br \/>\n<strong>Publikum:<\/strong> Kunder p\u00e5 begynderniveau med eller uden tidligere dyrkningserfaring.<\/p>\n<h3>Inkluderede komponenter<\/h3>\n<ul>\n<li>Substrat-v\u00e6kstkit<\/li>\n<li>Filterpose med forseglingsm\u00e6rkat<\/li>\n<\/ul>\n<h3>Trin-for-trin instruktioner<\/h3>\n<h4>Trin 1: Forberedelse<\/h4>\n<h5>Inspektion<\/h5>\n<ul>\n<li>Unders\u00f8g v\u00e6ksts\u00e6ttet for forurening:\n<ul>\n<li><strong>Sikre farver:<\/strong> Hvidt, gulligt-hvidt mycelium<\/li>\n<li><strong>Usikre farver (forurening):<\/strong> Gr\u00f8n, sort, r\u00f8d, pink<\/li>\n<\/ul>\n<\/li>\n<li>Unders\u00f8g \u00e6sken for at sikre, at den er intakt.<\/li>\n<li>Aktiver ikke s\u00e6ttet, hvis det er forurenet, eller hvis \u00e6sken er i stykker. Kontakt straks kundesupport, da kontaminerede produkter ikke kan reddes.<\/li>\n<\/ul>\n<h5>Desinfektion<\/h5>\n<ul>\n<li>Reng\u00f8r dit arbejdsomr\u00e5de, dine h\u00e6nder og underarme grundigt med antibakteriel s\u00e6be og desinficerende spray.<\/li>\n<li>Hvis du har langt h\u00e5r, anbefales det at binde det op.<\/li>\n<li>For at \u00f8ge steriliteten kan du bruge sterile handsker og en ansigtsmaske.<\/li>\n<li>Arbejd i et milj\u00f8 med lavt tr\u00e6k og helt rent.<\/li>\n<\/ul>\n<h4>Trin 2: Hydrering<\/h4>\n<ul>\n<li>\u00c5bn den ene side af l\u00e5get, fyld s\u00e6ttet med drikkevand, og luk l\u00e5get.<\/li>\n<li>Stil v\u00e6ksts\u00e6ttet i k\u00f8leskabet i 9-24 timer, s\u00e5 det kan tr\u00e6kke. Varigheden afh\u00e6nger af st\u00f8rrelsen p\u00e5 s\u00e6ttet og den omgivende temperatur i dit hjem.<\/li>\n<\/ul>\n<h4>Trin 3: Aktivering<\/h4>\n<ul>\n<li>Gentag desinfektionstrinnene fra trin 1.<\/li>\n<li>\u00c5bn l\u00e5get i det ene hj\u00f8rne, og lad forsigtigt overskydende vand l\u00f8be ud.<\/li>\n<li>Tils\u00e6t ca. 150 ml drikkevand direkte i den medf\u00f8lgende dyrkningspose.<\/li>\n<li>Placer v\u00e6ksts\u00e6ttet i v\u00e6kstposen.<\/li>\n<li>Fjern l\u00e5get fra growkittet (kass\u00e9r det ikke, du skal bruge det senere).<\/li>\n<li>Spr\u00f8jt vand p\u00e5 indersiden af posen for at \u00f8ge luftfugtigheden.<\/li>\n<li>Fold toppen af posen p\u00e6nt, og forsegl den med det medf\u00f8lgende klisterm\u00e6rke. S\u00f8rg for, at posen er pustet op og indeholder masser af frisk luft.<\/li>\n<li>Placer growkittet et lyst sted med indirekte sollys.<\/li>\n<li>Hold en konstant temperatur mellem 23-27 \u00b0C (overskrid aldrig 27 \u00b0C).<\/li>\n<\/ul>\n<h4>Trin 4: Frugts\u00e6tning<\/h4>\n<ul>\n<li>Hvis der kun er lidt eller ingen kondens inde i v\u00e6kstposen, skal du \u00e5bne den, spr\u00f8jte vand p\u00e5 indersiden og lukke den igen.<\/li>\n<li>N\u00e5r de f\u00f8rste n\u00e5le dukker op, skal du stoppe med at spr\u00f8jte vand.<\/li>\n<li>Tilf\u00f8r frisk luft ved at \u00e5bne posen, klemme den gamle luft (CO\u2082) forsigtigt ud, lukke frisk luft (O\u2082) ind og lukke posen igen, s\u00e5 den er pustet op.<\/li>\n<li>Gentag denne udskiftning af frisk luft 1-3 gange dagligt.<\/li>\n<\/ul>\n<h4>Trin 5: H\u00f8stning<\/h4>\n<ul>\n<li>Gentag desinfektionstrinnene fra trin 1.<\/li>\n<li>H\u00f8st svampe, f\u00f8r hattene \u00e5bner sig helt, for at forhindre sporespredning.<\/li>\n<li>Drej og tr\u00e6k forsigtigt svampene ud af underlaget.<\/li>\n<\/ul>\n<h4>Trin 6: Anden skylning<\/h4>\n<ul>\n<li>Gentag trin 2-5.<\/li>\n<li>S\u00f8rg for at desinficere l\u00e5get, f\u00f8r du bruger det igen til at lukke s\u00e6ttet.<\/li>\n<\/ul>\n<h3>Tips og tricks<\/h3>\n<ul>\n<li>Indirekte sollys, temperaturer mellem 24-27 \u00b0C og frisk luft er afg\u00f8rende for en sund v\u00e6kst.<\/li>\n<li>Hvis der ikke er adgang til indirekte sollys, kan man bruge v\u00e6kstlys.<\/li>\n<li>Hvis det er sv\u00e6rt at holde en konstant temperatur, kan du bruge varmem\u00e5tter.<\/li>\n<li>For at opretholde et stabilt mikroklima kan du overveje at bruge en Mondotub.<\/li>\n<li>H\u00f8st svampene, f\u00f8r hattene \u00e5bner sig helt, for at undg\u00e5, at der frig\u00f8res sporer, som kan h\u00e6mme den fremtidige v\u00e6kst.<\/li>\n<\/ul>\n<h3>Forsigtighedsregler<\/h3>\n<ul>\n<li>Hvis man ikke desinficerer h\u00e6nder, overflader eller v\u00e6rkt\u00f8j korrekt, kan det resultere i kontaminering. Kontaminerede produkter kan ikke reddes.<\/li>\n<li>Undg\u00e5 direkte sollys og alt for varme omgivelser, da overdreven varme kan dehydrere og dr\u00e6be myceliet.<\/li>\n<li>Growkits kan producere flere skylninger med den rette pleje, men af sikkerhedsm\u00e6ssige \u00e5rsager anbefaler vi ikke mere end en anden skylning.<\/li>\n<\/ul>\n<h3>Hurtig reference til fejlfinding<\/h3>\n<ul>\n<li><strong>Langsom eller ingen v\u00e6kst:<\/strong> Tjek temperatur og luftfugtighed, og s\u00f8rg for tilstr\u00e6kkelig udskiftning af frisk luft.<\/li>\n<li><strong>Deformation af svampe:<\/strong> Normalt for\u00e5rsaget af utilstr\u00e6kkelig luftudskiftning eller for h\u00f8j luftfugtighed.<\/li>\n<li><strong>Stifterne dannes, men modnes ikke:<\/strong> \u00d8g udskiftningen af frisk luft, s\u00f8rg for tilstr\u00e6kkeligt lys, og kontroller rumtemperaturen.<\/li>\n<li><strong>Skimmel eller us\u00e6dvanlige farver:<\/strong> Kass\u00e9r straks, hvis der er synlig forurening, og desinfic\u00e9r omr\u00e5det.<\/li>\n<\/ul>\n<h3>Kundesupport<\/h3>\n<p>Hvis du har brug for hj\u00e6lp, kan du kontakte vores kundesupportteam via kontaktsiden.<\/p>\n\n\t\t<\/div>\n\t\t\t\t\t<\/div>\n\n\t\n\n<\/div>\n\n\t\t<\/div>\n\n\t\t\n<style>\n#section_1222704112 {\n  padding-top: 30px;\n  padding-bottom: 30px;\n}\n<\/style>\n\t<\/section>","protected":false},"excerpt":{"rendered":"","protected":false},"author":1,"featured_media":674,"parent":0,"menu_order":0,"comment_status":"closed","ping_status":"closed","template":"page-blank.php","meta":{"footnotes":""},"class_list":["post-2811","page","type-page","status-publish","has-post-thumbnail","hentry"],"jetpack_sharing_enabled":true,"_links":{"self":[{"href":"https:\/\/www.mondogrowkits.com\/da\/wp-json\/wp\/v2\/pages\/2811","targetHints":{"allow":["GET"]}}],"collection":[{"href":"https:\/\/www.mondogrowkits.com\/da\/wp-json\/wp\/v2\/pages"}],"about":[{"href":"https:\/\/www.mondogrowkits.com\/da\/wp-json\/wp\/v2\/types\/page"}],"author":[{"embeddable":true,"href":"https:\/\/www.mondogrowkits.com\/da\/wp-json\/wp\/v2\/users\/1"}],"replies":[{"embeddable":true,"href":"https:\/\/www.mondogrowkits.com\/da\/wp-json\/wp\/v2\/comments?post=2811"}],"version-history":[{"count":8,"href":"https:\/\/www.mondogrowkits.com\/da\/wp-json\/wp\/v2\/pages\/2811\/revisions"}],"predecessor-version":[{"id":5279,"href":"https:\/\/www.mondogrowkits.com\/da\/wp-json\/wp\/v2\/pages\/2811\/revisions\/5279"}],"wp:featuredmedia":[{"embeddable":true,"href":"https:\/\/www.mondogrowkits.com\/da\/wp-json\/wp\/v2\/media\/674"}],"wp:attachment":[{"href":"https:\/\/www.mondogrowkits.com\/da\/wp-json\/wp\/v2\/media?parent=2811"}],"curies":[{"name":"wp","href":"https:\/\/api.w.org\/{rel}","templated":true}]}}