{"id":3317,"date":"2026-01-25T13:29:44","date_gmt":"2026-01-25T12:29:44","guid":{"rendered":"https:\/\/www.mondogrowkits.com\/?page_id=3317"},"modified":"2026-01-25T13:37:53","modified_gmt":"2026-01-25T12:37:53","slug":"spore-sprojte-manual-2","status":"publish","type":"page","link":"https:\/\/www.mondogrowkits.com\/da\/spore-syringe-manual-2\/","title":{"rendered":"Sporespr\u00f8jte manual"},"content":{"rendered":"<section class=\"section\" id=\"section_789341919\">\t\t<div class=\"section-bg fill\" >\t\t\t\t\t\t\t\t\t\t\t\t\t\t<\/div>\t\t\t\t<div class=\"section-content relative\">\t\t\t\t<div id=\"gap-910957545\" class=\"gap-element clearfix\" style=\"display:block; height:auto;\">\t\t<style>\n#gap-910957545 {\n  padding-top: 30px;\n}\n<\/style>\t<\/div>\t<div class=\"row row-large\"  id=\"row-323618332\">\t<div id=\"col-1325117821\" class=\"col medium-12 small-12 large-7\"  >\t\t\t\t<div class=\"col-inner\"  >\t\t\t\t\t\t\t<div id=\"text-4031879942\" class=\"text\">\t\t<h1>Sporespr\u00f8jte - aktiveringsvejledning<\/h1>\t\t<style>\n#text-4031879942 {\n  font-size: 1.4rem;\n  color: #d55a46;\n}\n#text-4031879942 > * {\n  color: #d55a46;\n}\n<\/style>\t<\/div>\t\t<div id=\"text-645077345\" class=\"text\">\t\t<h2>S\u00e5dan kommer du i gang<\/h2>\t\t<style>\n#text-645077345 {\n  font-size: 1.2rem;\n}\n<\/style>\t<\/div>\t<p>Denne vejledning indeholder alle vigtige instruktioner til korrekt brug af en <a href=\"https:\/\/www.mondogrowkits.com\/da\/psilocybe-cubensis-spore-syringes\/\">Sporespr\u00f8jte<\/a> til podning af substrat. Den forklarer de vigtigste forberedelses- og injektionstrin, der er n\u00f8dvendige for at sikre en ren og vellykket podningsproces.<\/p><p>Du finder klare retningslinjer for inspektion, sterilisering og korrekte injektionsteknikker, der hj\u00e6lper med at minimere risikoen for kontaminering og underst\u00f8tter en sund myceliumudvikling.<\/p><p>F\u00f8lg hvert trin omhyggeligt for at bruge din sporspr\u00f8jte korrekt og fremme konsekvent, p\u00e5lidelig kolonisering af <a href=\"https:\/\/www.mondogrowkits.com\/da\/sterilised-substrate\/\">Substrat<\/a>.<\/p><a href=\"https:\/\/www.mondogrowkits.com\/wp-content\/uploads\/2025\/12\/Spore-Syringe-Manual.pdf\" target=\"_blank\" class=\"button primary is-large\" rel=\"noopener\" style=\"border-radius:99px;\">\n\t\t<span>Download manual<\/span>\n\t<\/a><a class=\"button secondary is-large\" style=\"border-radius:99px;\">\n\t\t<span>Instruktionsvideo<\/span>\n\t<\/a>\t\t<\/div>\t\t\t\t\t<\/div>\t\t<div id=\"col-496967012\" class=\"col medium-12 small-12 large-5\"  >\t\t\t\t<div class=\"col-inner\"  >\t\t\t\t\t\t\t<div class=\"img has-hover x md-x lg-x y md-y lg-y\" id=\"image_359997349\">\t\t\t\t\t\t\t\t<div class=\"img-inner image-cover dark\" style=\"padding-top:100%;\">\t\t\t<img decoding=\"async\" width=\"800\" height=\"800\" src=\"https:\/\/www.mondogrowkits.com\/wp-content\/uploads\/2025\/07\/SPORE_SYRINGE_longest1500-800x800.png\" class=\"attachment-large size-large\" alt=\"Psilocybe Cubensis Spore-spr\u00f8jte\" srcset=\"https:\/\/www.mondogrowkits.com\/wp-content\/uploads\/2025\/07\/SPORE_SYRINGE_longest1500-800x800.png 800w, https:\/\/www.mondogrowkits.com\/wp-content\/uploads\/2025\/07\/SPORE_SYRINGE_longest1500-400x400.png 400w, https:\/\/www.mondogrowkits.com\/wp-content\/uploads\/2025\/07\/SPORE_SYRINGE_longest1500-100x100.png 100w, https:\/\/www.mondogrowkits.com\/wp-content\/uploads\/2025\/07\/SPORE_SYRINGE_longest1500-1000x1000.png 1000w, https:\/\/www.mondogrowkits.com\/wp-content\/uploads\/2025\/07\/SPORE_SYRINGE_longest1500-280x280.png 280w, https:\/\/www.mondogrowkits.com\/wp-content\/uploads\/2025\/07\/SPORE_SYRINGE_longest1500-768x768.png 768w, https:\/\/www.mondogrowkits.com\/wp-content\/uploads\/2025\/07\/SPORE_SYRINGE_longest1500-12x12.png 12w, https:\/\/www.mondogrowkits.com\/wp-content\/uploads\/2025\/07\/SPORE_SYRINGE_longest1500.png 1500w\" sizes=\"(max-width: 800px) 100vw, 800px\" title=\"\">\t\t\t\t\t\t\t\t\t\t\t<\/div>\t\t\t\t\t\t\t\t<style>\n#image_359997349 {\n  width: 100%;\n}\n<\/style>\t<\/div>\t\t\t<\/div>\t\t\t\t\t<\/div>\t<\/div><div class=\"row\"  id=\"row-972412474\">\t<div id=\"col-1120782687\" class=\"col small-12 large-12\"  >\t\t\t\t<div class=\"col-inner\"  >\t\t\t\t<div class=\"is-border\"\n\t\tstyle=\"border-width:0px 0px 0px 0px;\">\t<\/div>\t\t\t<h2>Sporespr\u00f8jte manual<\/h2><h3>Information om produktet<\/h3><p>    <strong>Produkt:<\/strong> Spore-spr\u00f8jte<br \/>    <strong>Beskrivelse:<\/strong> En spr\u00f8jte, der indeholder 20 ml sporesuspension i demi vand, egnet til direkte podning i substrater.<br \/>    <strong>Publikum:<\/strong> Kunder p\u00e5 mellemniveau med tidligere dyrkningserfaring.<\/p><h3>Inkluderede komponenter<\/h3><ul>\n<li>20 ml sporspr\u00f8jte (sporesuspension i demi vand)<\/li>\n<li>1x steril n\u00e5l<\/li>\n<li>Alkoholpinde<\/li>\n<\/ul><h3>Trin-for-trin instruktioner<\/h3><h4>Trin 1: Forberedelser<\/h4><h5>Inspektion<\/h5><ul>\n<li>Unders\u00f8g sporspr\u00f8jten for at sikre, at v\u00e6sken er klar og fri for synlig forurening.<\/li>\n<\/ul><h5>Klarg\u00f8ring og desinfektion af spr\u00f8jter<\/h5><ul>\n<li>Fjern beskyttelsesh\u00e6tten fra spr\u00f8jten.<\/li>\n<li>Desinficer spr\u00f8jtespidsen med den medf\u00f8lgende spritserviet.<\/li>\n<li>Tag forsigtigt den sterile n\u00e5l ud af emballagen.<\/li>\n<li>S\u00e6t n\u00e5len godt fast p\u00e5 spr\u00f8jten, og desinfic\u00e9r den.<\/li>\n<li>Desinficer injektionsporten p\u00e5 det valgte substrat grundigt.<\/li>\n<\/ul><h4>Trin 2: Injicer i underlaget<\/h4><ul>\n<li>Ryst forsigtigt spr\u00f8jten for at fordele sporerne j\u00e6vnt i v\u00e6sken.<\/li>\n<li>Injicer hele indholdet af spr\u00f8jten gennem injektionsporten p\u00e5 dit dyrkningss\u00e6t.<\/li>\n<li>Vip v\u00e6kstkassen til siden og op og ned, eller mass\u00e9r forsigtigt v\u00e6kstposen for at fordele sporeopl\u00f8sningen j\u00e6vnt i hele substratet.<\/li>\n<\/ul>\t\t<\/div>\t\t\t\t\t<\/div>\t<\/div>\t\t<\/div>\t\t<style>\n#section_789341919 {\n  padding-top: 30px;\n  padding-bottom: 30px;\n}\n<\/style>\t<\/section>","protected":false},"excerpt":{"rendered":"","protected":false},"author":1,"featured_media":674,"parent":0,"menu_order":0,"comment_status":"closed","ping_status":"closed","template":"page-blank.php","meta":{"footnotes":""},"class_list":["post-3317","page","type-page","status-publish","has-post-thumbnail","hentry"],"jetpack_sharing_enabled":true,"_links":{"self":[{"href":"https:\/\/www.mondogrowkits.com\/da\/wp-json\/wp\/v2\/pages\/3317","targetHints":{"allow":["GET"]}}],"collection":[{"href":"https:\/\/www.mondogrowkits.com\/da\/wp-json\/wp\/v2\/pages"}],"about":[{"href":"https:\/\/www.mondogrowkits.com\/da\/wp-json\/wp\/v2\/types\/page"}],"author":[{"embeddable":true,"href":"https:\/\/www.mondogrowkits.com\/da\/wp-json\/wp\/v2\/users\/1"}],"replies":[{"embeddable":true,"href":"https:\/\/www.mondogrowkits.com\/da\/wp-json\/wp\/v2\/comments?post=3317"}],"version-history":[{"count":2,"href":"https:\/\/www.mondogrowkits.com\/da\/wp-json\/wp\/v2\/pages\/3317\/revisions"}],"predecessor-version":[{"id":3320,"href":"https:\/\/www.mondogrowkits.com\/da\/wp-json\/wp\/v2\/pages\/3317\/revisions\/3320"}],"wp:featuredmedia":[{"embeddable":true,"href":"https:\/\/www.mondogrowkits.com\/da\/wp-json\/wp\/v2\/media\/674"}],"wp:attachment":[{"href":"https:\/\/www.mondogrowkits.com\/da\/wp-json\/wp\/v2\/media?parent=3317"}],"curies":[{"name":"wp","href":"https:\/\/api.w.org\/{rel}","templated":true}]}}