{"id":4139,"date":"2026-03-05T18:45:24","date_gmt":"2026-03-05T17:45:24","guid":{"rendered":"https:\/\/www.mondogrowkits.com\/?page_id=4139"},"modified":"2026-05-13T15:36:04","modified_gmt":"2026-05-13T14:36:04","slug":"gylden-laerer-psilocybe-cubensis-stamme","status":"publish","type":"page","link":"https:\/\/www.mondogrowkits.com\/da\/magic-mushroom-strain-library\/golden-teacher-psilocybe-cubensis-strain\/","title":{"rendered":"Golden Teacher (Psilocybe cubensis) Stamme"},"content":{"rendered":"<section class=\"section\" id=\"section_1977584638\">\t\t<div class=\"section-bg fill\" >\t\t\t\t\t\t\t\t\t<div class=\"section-bg-overlay absolute fill\"><\/div>\t\t\t\t\t<\/div>\t\t\t\t<div class=\"section-content relative\">\t\t\t<div class=\"row row-large align-middle\"  id=\"row-1799571892\">\t<div id=\"col-1568253068\" class=\"col medium-6 small-12 large-6\"  >\t\t\t\t<div class=\"col-inner text-left\"  >\t\t\t\t\t\t<h1 data-start=\"1054\" data-end=\"1098\">Golden Teacher (Psilocybe cubensis) Stamme<\/h1><p data-start=\"1100\" data-end=\"1343\">Golden Teacher er en af de mest ber\u00f8mte <strong data-start=\"1141\" data-end=\"1171\">Psilocybe cubensis-stammer<\/strong> i verden og er blevet dyrket i stor stil i \u00e5rtier. Sorten er kendt for sin karakteristiske <strong data-start=\"1269\" data-end=\"1342\">Guldfarvede h\u00e6tter, p\u00e5lidelig v\u00e6kst og afbalancerede psykedeliske effekter<\/strong>.<\/p><p data-start=\"1345\" data-end=\"1504\">P\u00e5 grund af dens <strong data-start=\"1360\" data-end=\"1401\">moderat styrke og nem dyrkning<\/strong>, er Golden Teacher blevet en af de mest popul\u00e6re stammer for b\u00e5de <a href=\"https:\/\/www.mondogrowkits.com\/da\/mondo-growkits-best-strains-beginners-advanced\/\">Begyndere<\/a> og erfarne dyrkere.<\/p><p data-start=\"1506\" data-end=\"1709\">Mange f\u00f8rstegangsdyrkere starter med en <strong data-start=\"1547\" data-end=\"1589\">Golden Teacher Magic Mushroom Grow Kit<\/strong>, mens mere erfarne dyrkere kan dyrke sorten ved hj\u00e6lp af en <strong data-start=\"1655\" data-end=\"1708\">Golden Teacher - Psilocybe Cubensis sporespr\u00f8jte<\/strong>.<\/p><p data-start=\"1711\" data-end=\"1860\">Golden Teacher-svampe er ofte forbundet med <strong data-start=\"1762\" data-end=\"1818\">introspektive og indsigtsfulde psykedeliske oplevelser<\/strong>, Det er derfra, stammen har f\u00e5et sit navn.<\/p>\t\t<\/div>\t\t\t\t\t<\/div>\t\t<div id=\"col-964815589\" class=\"col medium-6 small-12 large-6\"  >\t\t\t\t<div class=\"col-inner\"  >\t\t\t\t\t\t\t<div class=\"img has-hover x md-x lg-x y md-y lg-y\" id=\"image_1733122485\">\t\t\t\t\t\t\t\t<div class=\"img-inner image-cover dark\" style=\"padding-top:75%;\">\t\t\t<img decoding=\"async\" width=\"800\" height=\"800\" src=\"https:\/\/www.mondogrowkits.com\/wp-content\/uploads\/2025\/05\/ChatGPT-Image-23-mrt-2026-17_18_03-800x800.png\" class=\"attachment-large size-large\" alt=\"Golden Teacher - S\u00e6t til dyrkning af magiske svampe\" srcset=\"https:\/\/www.mondogrowkits.com\/wp-content\/uploads\/2025\/05\/ChatGPT-Image-23-mrt-2026-17_18_03-800x800.png 800w, https:\/\/www.mondogrowkits.com\/wp-content\/uploads\/2025\/05\/ChatGPT-Image-23-mrt-2026-17_18_03-400x400.png 400w, https:\/\/www.mondogrowkits.com\/wp-content\/uploads\/2025\/05\/ChatGPT-Image-23-mrt-2026-17_18_03-100x100.png 100w, https:\/\/www.mondogrowkits.com\/wp-content\/uploads\/2025\/05\/ChatGPT-Image-23-mrt-2026-17_18_03-1000x1000.png 1000w, https:\/\/www.mondogrowkits.com\/wp-content\/uploads\/2025\/05\/ChatGPT-Image-23-mrt-2026-17_18_03-280x280.png 280w, https:\/\/www.mondogrowkits.com\/wp-content\/uploads\/2025\/05\/ChatGPT-Image-23-mrt-2026-17_18_03-768x768.png 768w, https:\/\/www.mondogrowkits.com\/wp-content\/uploads\/2025\/05\/ChatGPT-Image-23-mrt-2026-17_18_03-12x12.png 12w, https:\/\/www.mondogrowkits.com\/wp-content\/uploads\/2025\/05\/ChatGPT-Image-23-mrt-2026-17_18_03.png 1024w\" sizes=\"(max-width: 800px) 100vw, 800px\" title=\"\">\t\t\t\t\t\t\t\t\t\t\t<\/div>\t\t\t\t\t\t\t\t<style>\n#image_1733122485 {\n  width: 100%;\n}\n<\/style>\t<\/div>\t\t\t<\/div>\t\t\t\t\t<\/div>\t<\/div><div class=\"row\"  id=\"row-1464143661\">\t<div id=\"col-876636051\" class=\"col small-12 large-12\"  >\t\t\t\t<div class=\"col-inner\"  >\t\t\t\t\t\t<h2 data-start=\"1867\" data-end=\"1898\">Golden Teacher-stammeprofil<\/h2><div class=\"TyagGW_tableContainer\"><div class=\"group TyagGW_tableWrapper flex flex-col-reverse w-fit\" tabindex=\"-1\"><table class=\"w-fit min-w-(--thread-content-width)\" data-start=\"1900\" data-end=\"2100\">\n<thead data-start=\"1900\" data-end=\"1921\">\n<tr data-start=\"1900\" data-end=\"1921\">\n<th class=\"\" data-start=\"1900\" data-end=\"1911\" data-col-size=\"sm\">Ejendom<\/th>\n<th class=\"\" data-start=\"1911\" data-end=\"1921\" data-col-size=\"sm\">Bed\u00f8mmelse<\/th>\n<\/tr>\n<\/thead>\n<tbody data-start=\"1932\" data-end=\"2100\">\n<tr data-start=\"1932\" data-end=\"1951\">\n<td data-start=\"1932\" data-end=\"1942\" data-col-size=\"sm\">Styrke<\/td>\n<td data-col-size=\"sm\" data-start=\"1942\" data-end=\"1951\">\u2b50\u2b50\u2b50\u2606\u2606<\/td>\n<\/tr>\n<tr data-start=\"1952\" data-end=\"1978\">\n<td data-start=\"1952\" data-end=\"1969\" data-col-size=\"sm\">Visuelle effekter<\/td>\n<td data-col-size=\"sm\" data-start=\"1969\" data-end=\"1978\">\u2b50\u2b50\u2b50\u2b50\u2606<\/td>\n<\/tr>\n<tr data-start=\"1979\" data-end=\"2011\">\n<td data-start=\"1979\" data-end=\"2002\" data-col-size=\"sm\">Spirituel oplevelse<\/td>\n<td data-col-size=\"sm\" data-start=\"2002\" data-end=\"2011\">\u2b50\u2b50\u2b50\u2b50\u2606<\/td>\n<\/tr>\n<tr data-start=\"2012\" data-end=\"2041\">\n<td data-start=\"2012\" data-end=\"2032\" data-col-size=\"sm\">Venlig over for begyndere<\/td>\n<td data-start=\"2032\" data-end=\"2041\" data-col-size=\"sm\">\u2b50\u2b50\u2b50\u2b50\u2b50<\/td>\n<\/tr>\n<tr data-start=\"2042\" data-end=\"2072\">\n<td data-start=\"2042\" data-end=\"2063\" data-col-size=\"sm\">Voksende vanskeligheder<\/td>\n<td data-start=\"2063\" data-end=\"2072\" data-col-size=\"sm\">\u2b50\u2b50\u2606\u2606\u2606<\/td>\n<\/tr>\n<tr data-start=\"2073\" data-end=\"2100\">\n<td data-start=\"2073\" data-end=\"2091\" data-col-size=\"sm\">Udbyttepotentiale<\/td>\n<td data-start=\"2091\" data-end=\"2100\" data-col-size=\"sm\">\u2b50\u2b50\u2b50\u2b50\u2606<\/td>\n<\/tr>\n<\/tbody>\n<\/table><\/div><\/div><hr data-start=\"2102\" data-end=\"2105\"><h2 data-start=\"2107\" data-end=\"2127\">Hurtige fakta om stammen<\/h2><div class=\"TyagGW_tableContainer\"><div class=\"group TyagGW_tableWrapper flex flex-col-reverse w-fit\" tabindex=\"-1\"><table class=\"w-fit min-w-(--thread-content-width)\" data-start=\"2129\" data-end=\"2423\">\n<thead data-start=\"2129\" data-end=\"2151\">\n<tr data-start=\"2129\" data-end=\"2151\">\n<th class=\"\" data-start=\"2129\" data-end=\"2140\" data-col-size=\"sm\">Ejendom<\/th>\n<th class=\"\" data-start=\"2140\" data-end=\"2151\" data-col-size=\"sm\">Detaljer<\/th>\n<\/tr>\n<\/thead>\n<tbody data-start=\"2162\" data-end=\"2423\">\n<tr data-start=\"2162\" data-end=\"2194\">\n<td data-start=\"2162\" data-end=\"2172\" data-col-size=\"sm\">Arter<\/td>\n<td data-start=\"2172\" data-end=\"2194\" data-col-size=\"sm\">Psilocybe cubensis<\/td>\n<\/tr>\n<tr data-start=\"2195\" data-end=\"2222\">\n<td data-start=\"2195\" data-end=\"2204\" data-col-size=\"sm\">Stamme<\/td>\n<td data-start=\"2204\" data-end=\"2222\" data-col-size=\"sm\">Golden Teacher<\/td>\n<\/tr>\n<tr data-start=\"2223\" data-end=\"2243\">\n<td data-start=\"2223\" data-end=\"2233\" data-col-size=\"sm\">Styrke<\/td>\n<td data-start=\"2233\" data-end=\"2243\" data-col-size=\"sm\">Medium<\/td>\n<\/tr>\n<tr data-start=\"2244\" data-end=\"2265\">\n<td data-start=\"2244\" data-end=\"2257\" data-col-size=\"sm\">Sv\u00e6rhedsgrad<\/td>\n<td data-col-size=\"sm\" data-start=\"2257\" data-end=\"2265\">Let<\/td>\n<\/tr>\n<tr data-start=\"2266\" data-end=\"2303\">\n<td data-start=\"2266\" data-end=\"2275\" data-col-size=\"sm\">Oprindelse<\/td>\n<td data-start=\"2275\" data-end=\"2303\" data-col-size=\"sm\">Sydamerika (ansl\u00e5et)<\/td>\n<\/tr>\n<tr data-start=\"2304\" data-end=\"2335\">\n<td data-start=\"2304\" data-end=\"2320\" data-col-size=\"sm\">Turens varighed<\/td>\n<td data-col-size=\"sm\" data-start=\"2320\" data-end=\"2335\">4 - 6 timer<\/td>\n<\/tr>\n<tr data-start=\"2336\" data-end=\"2372\">\n<td data-start=\"2336\" data-end=\"2356\" data-col-size=\"sm\">Koloniseringstid<\/td>\n<td data-col-size=\"sm\" data-start=\"2356\" data-end=\"2372\">10 - 20 dage<\/td>\n<\/tr>\n<tr data-start=\"2373\" data-end=\"2403\">\n<td data-start=\"2373\" data-end=\"2388\" data-col-size=\"sm\">H\u00f8sttid<\/td>\n<td data-col-size=\"sm\" data-start=\"2388\" data-end=\"2403\">2 - 3 uger<\/td>\n<\/tr>\n<tr data-start=\"2404\" data-end=\"2423\">\n<td data-start=\"2404\" data-end=\"2414\" data-col-size=\"sm\">Skyller<\/td>\n<td data-col-size=\"sm\" data-start=\"2414\" data-end=\"2423\">2 - 4<\/td>\n<\/tr>\n<\/tbody>\n<\/table><\/div><\/div><hr data-start=\"2425\" data-end=\"2428\"><h2 data-start=\"2430\" data-end=\"2470\">Udseende af Golden Teacher-svampe<\/h2><p data-start=\"2472\" data-end=\"2593\">Golden Teacher-svampe er let genkendelige p\u00e5 grund af deres <strong data-start=\"2534\" data-end=\"2565\">gyldne karamelfarvede h\u00e6tter<\/strong> og relativt tykke st\u00e6ngler.<\/p><h3 data-start=\"2595\" data-end=\"2602\">H\u00e6tte<\/h3><ul data-start=\"2604\" data-end=\"2711\">\n<li data-start=\"2604\" data-end=\"2637\">\n<p data-start=\"2606\" data-end=\"2637\">Farve: gyldenbrun til gul<\/p>\n<\/li>\n<li data-start=\"2638\" data-end=\"2658\">\n<p data-start=\"2640\" data-end=\"2658\">Diameter: 2-8 cm<\/p>\n<\/li>\n<li data-start=\"2659\" data-end=\"2711\">\n<p data-start=\"2661\" data-end=\"2711\">Form: konveks, n\u00e5r den er ung, fladtrykt, n\u00e5r den er moden<\/p>\n<\/li>\n<\/ul><h3 data-start=\"2713\" data-end=\"2721\">Stamme<\/h3><ul data-start=\"2723\" data-end=\"2802\">\n<li data-start=\"2723\" data-end=\"2753\">\n<p data-start=\"2725\" data-end=\"2753\">Farve: hvid til lys creme<\/p>\n<\/li>\n<li data-start=\"2754\" data-end=\"2774\">\n<p data-start=\"2756\" data-end=\"2774\">Tyk og robust<\/p>\n<\/li>\n<li data-start=\"2775\" data-end=\"2802\">\n<p data-start=\"2777\" data-end=\"2802\">Bl\u00e5 m\u00e6rker, n\u00e5r de er beskadiget<\/p>\n<\/li>\n<\/ul><h3 data-start=\"2804\" data-end=\"2814\">Sporer<\/h3><ul data-start=\"2816\" data-end=\"2896\">\n<li data-start=\"2816\" data-end=\"2853\">\n<p data-start=\"2818\" data-end=\"2853\">Sporefarve: m\u00f8rk lilla til sort<\/p>\n<\/li>\n<li data-start=\"2854\" data-end=\"2896\">\n<p data-start=\"2856\" data-end=\"2896\">Velegnet til sporeaftryk og mikroskopi<\/p>\n<\/li>\n<\/ul><hr data-start=\"2898\" data-end=\"2901\"><h2 data-start=\"2903\" data-end=\"2939\">Golden Teacher Styrke og virkninger<\/h2><p data-start=\"2941\" data-end=\"3140\">Golden Teacher betragtes generelt som en <strong data-start=\"2982\" data-end=\"3029\">moderat potent Psilocybe cubensis-stamme<\/strong>. Oplevelsen beskrives ofte som afbalanceret, idet den kombinerer visuel stimulering med dybe, introspektive tanker.<\/p><p data-start=\"3142\" data-end=\"3174\">Almindelige rapporterede virkninger omfatter:<\/p><ul data-start=\"3176\" data-end=\"3282\">\n<li data-start=\"3176\" data-end=\"3195\">\n<p data-start=\"3178\" data-end=\"3195\">Forbedrede farver<\/p>\n<\/li>\n<li data-start=\"3196\" data-end=\"3215\">\n<p data-start=\"3198\" data-end=\"3215\">visuelle m\u00f8nstre<\/p>\n<\/li>\n<li data-start=\"3216\" data-end=\"3233\">\n<p data-start=\"3218\" data-end=\"3233\">Introspektion<\/p>\n<\/li>\n<li data-start=\"3234\" data-end=\"3246\">\n<p data-start=\"3236\" data-end=\"3246\">eufori<\/p>\n<\/li>\n<li data-start=\"3247\" data-end=\"3261\">\n<p data-start=\"3249\" data-end=\"3261\">Kreativitet<\/p>\n<\/li>\n<li data-start=\"3262\" data-end=\"3282\">\n<p data-start=\"3264\" data-end=\"3282\">spirituelle indsigter<\/p>\n<\/li>\n<\/ul><p data-start=\"3284\" data-end=\"3418\">Sammenlignet med st\u00e6rkere <a href=\"https:\/\/www.mondogrowkits.com\/da\/magic-mushroom-strain-library\/\">stammer<\/a> ligesom <strong data-start=\"3318\" data-end=\"3332\">Penis Envy<\/strong>, Golden Teacher har en tendens til at give en mere h\u00e5ndterbar og blid psykedelisk oplevelse.<\/p><hr data-start=\"3420\" data-end=\"3423\"><h2 data-start=\"3425\" data-end=\"3455\">Golden Teacher Turens varighed<\/h2><p data-start=\"3457\" data-end=\"3519\">Virkningerne begynder normalt <strong data-start=\"3483\" data-end=\"3518\">20-60 minutter efter indtagelse<\/strong>.<\/p><div class=\"TyagGW_tableContainer\"><div class=\"group TyagGW_tableWrapper flex flex-col-reverse w-fit\" tabindex=\"-1\"><table class=\"w-fit min-w-(--thread-content-width)\" data-start=\"3521\" data-end=\"3665\">\n<thead data-start=\"3521\" data-end=\"3541\">\n<tr data-start=\"3521\" data-end=\"3541\">\n<th class=\"\" data-start=\"3521\" data-end=\"3529\" data-col-size=\"sm\">Fase<\/th>\n<th class=\"\" data-start=\"3529\" data-end=\"3541\" data-col-size=\"sm\">Varighed<\/th>\n<\/tr>\n<\/thead>\n<tbody data-start=\"3552\" data-end=\"3665\">\n<tr data-start=\"3552\" data-end=\"3579\">\n<td data-start=\"3552\" data-end=\"3560\" data-col-size=\"sm\">Begyndelse<\/td>\n<td data-col-size=\"sm\" data-start=\"3560\" data-end=\"3579\">20 - 60 minutter<\/td>\n<\/tr>\n<tr data-start=\"3580\" data-end=\"3602\">\n<td data-start=\"3580\" data-end=\"3587\" data-col-size=\"sm\">Toppen<\/td>\n<td data-start=\"3587\" data-end=\"3602\" data-col-size=\"sm\">2 - 3 timer<\/td>\n<\/tr>\n<tr data-start=\"3603\" data-end=\"3630\">\n<td data-start=\"3603\" data-end=\"3615\" data-col-size=\"sm\">Kom ned<\/td>\n<td data-col-size=\"sm\" data-start=\"3615\" data-end=\"3630\">2 - 3 timer<\/td>\n<\/tr>\n<tr data-start=\"3631\" data-end=\"3665\">\n<td data-start=\"3631\" data-end=\"3650\" data-col-size=\"sm\">Samlet erfaring<\/td>\n<td data-col-size=\"sm\" data-start=\"3650\" data-end=\"3665\">4 - 6 timer<\/td>\n<\/tr>\n<\/tbody>\n<\/table><\/div><\/div><hr data-start=\"3667\" data-end=\"3670\"><h2 data-start=\"3672\" data-end=\"3701\">Golden Teacher Doseringsvejledning<\/h2><p data-start=\"3703\" data-end=\"3763\">Doseringen varierer afh\u00e6ngigt af erfaringsniveau og f\u00f8lsomhed.<\/p><div class=\"TyagGW_tableContainer\"><div class=\"group TyagGW_tableWrapper flex flex-col-reverse w-fit\" tabindex=\"-1\"><table class=\"w-fit min-w-(--thread-content-width)\" data-start=\"3765\" data-end=\"3976\">\n<thead data-start=\"3765\" data-end=\"3783\">\n<tr data-start=\"3765\" data-end=\"3783\">\n<th class=\"\" data-start=\"3765\" data-end=\"3772\" data-col-size=\"sm\">Dosis<\/th>\n<th class=\"\" data-start=\"3772\" data-end=\"3783\" data-col-size=\"sm\">Effekter<\/th>\n<\/tr>\n<\/thead>\n<tbody data-start=\"3794\" data-end=\"3976\">\n<tr data-start=\"3794\" data-end=\"3825\">\n<td data-start=\"3794\" data-end=\"3806\" data-col-size=\"sm\">0.5 - 1 g<\/td>\n<td data-col-size=\"sm\" data-start=\"3806\" data-end=\"3825\">Mildt hum\u00f8rboost<\/td>\n<\/tr>\n<tr data-start=\"3826\" data-end=\"3865\">\n<td data-start=\"3826\" data-end=\"3836\" data-col-size=\"sm\">1 - 2 g<\/td>\n<td data-start=\"3836\" data-end=\"3865\" data-col-size=\"sm\">Lette psykedeliske effekter<\/td>\n<\/tr>\n<tr data-start=\"3866\" data-end=\"3907\">\n<td data-start=\"3866\" data-end=\"3876\" data-col-size=\"sm\">2 - 3 g<\/td>\n<td data-col-size=\"sm\" data-start=\"3876\" data-end=\"3907\">Fuld psykedelisk oplevelse<\/td>\n<\/tr>\n<tr data-start=\"3908\" data-end=\"3936\">\n<td data-start=\"3908\" data-end=\"3918\" data-col-size=\"sm\">3 - 5 g<\/td>\n<td data-start=\"3918\" data-end=\"3936\" data-col-size=\"sm\">St\u00e6rke billeder<\/td>\n<\/tr>\n<tr data-start=\"3937\" data-end=\"3976\">\n<td data-start=\"3937\" data-end=\"3944\" data-col-size=\"sm\">5 g+<\/td>\n<td data-start=\"3944\" data-end=\"3976\" data-col-size=\"sm\">Intens spirituel oplevelse<\/td>\n<\/tr>\n<\/tbody>\n<\/table><\/div><\/div><p data-start=\"3978\" data-end=\"4014\">V\u00e6rdierne refererer til <strong data-start=\"3994\" data-end=\"4013\">T\u00f8rrede svampe<\/strong>.<\/p><hr data-start=\"4016\" data-end=\"4019\"><h2 data-start=\"4021\" data-end=\"4045\">Dyrkning af Golden Teacher<\/h2><p data-start=\"4047\" data-end=\"4141\">Golden Teacher er bredt betragtet <strong data-start=\"4083\" data-end=\"4140\">en af de letteste Psilocybe cubensis-stammer at dyrke<\/strong>.<\/p><p data-start=\"4143\" data-end=\"4298\">Det er derfor, stammen ofte bruges i en <strong data-start=\"4188\" data-end=\"4230\">Golden Teacher Magic Mushroom Grow Kit<\/strong>, som g\u00f8r det muligt for begyndere at dyrke svampe med minimal forberedelse.<\/p><p data-start=\"4300\" data-end=\"4452\">Avancerede avlere kan dyrke Golden Teacher fra sporer ved hj\u00e6lp af en <strong data-start=\"4366\" data-end=\"4419\">Golden Teacher - Psilocybe Cubensis sporespr\u00f8jte<\/strong> til at inokulere korn eller <a href=\"https:\/\/www.mondogrowkits.com\/da\/sterilised-substrate\/\">Substrat<\/a>.<\/p><hr data-start=\"4454\" data-end=\"4457\"><h2 data-start=\"4459\" data-end=\"4485\">Ideelle v\u00e6kstbetingelser<\/h2><div class=\"TyagGW_tableContainer\"><div class=\"group TyagGW_tableWrapper flex flex-col-reverse w-fit\" tabindex=\"-1\"><table class=\"w-fit min-w-(--thread-content-width)\" data-start=\"4487\" data-end=\"4672\">\n<thead data-start=\"4487\" data-end=\"4511\">\n<tr data-start=\"4487\" data-end=\"4511\">\n<th class=\"\" data-start=\"4487\" data-end=\"4496\" data-col-size=\"sm\">Faktor<\/th>\n<th class=\"\" data-start=\"4496\" data-end=\"4511\" data-col-size=\"sm\">Ideel r\u00e6kkevidde<\/th>\n<\/tr>\n<\/thead>\n<tbody data-start=\"4522\" data-end=\"4672\">\n<tr data-start=\"4522\" data-end=\"4549\">\n<td data-start=\"4522\" data-end=\"4536\" data-col-size=\"sm\">Temperatur<\/td>\n<td data-start=\"4536\" data-end=\"4549\" data-col-size=\"sm\">20 - 24\u00b0C<\/td>\n<\/tr>\n<tr data-start=\"4550\" data-end=\"4573\">\n<td data-start=\"4550\" data-end=\"4561\" data-col-size=\"sm\">Fugtighed<\/td>\n<td data-start=\"4561\" data-end=\"4573\" data-col-size=\"sm\">85 - 95%<\/td>\n<\/tr>\n<tr data-start=\"4574\" data-end=\"4607\">\n<td data-start=\"4574\" data-end=\"4595\" data-col-size=\"sm\">Udveksling af frisk luft<\/td>\n<td data-col-size=\"sm\" data-start=\"4595\" data-end=\"4607\">Moderat<\/td>\n<\/tr>\n<tr data-start=\"4608\" data-end=\"4640\">\n<td data-start=\"4608\" data-end=\"4619\" data-col-size=\"sm\">Belysning<\/td>\n<td data-col-size=\"sm\" data-start=\"4619\" data-end=\"4640\">Indirekte dagslys<\/td>\n<\/tr>\n<tr data-start=\"4641\" data-end=\"4672\">\n<td data-start=\"4641\" data-end=\"4656\" data-col-size=\"sm\">Kolonisering<\/td>\n<td data-col-size=\"sm\" data-start=\"4656\" data-end=\"4672\">10 - 20 dage<\/td>\n<\/tr>\n<\/tbody>\n<\/table><\/div><\/div><hr data-start=\"4674\" data-end=\"4677\"><h2 data-start=\"4679\" data-end=\"4696\">Udbyttepotentiale<\/h2><p data-start=\"4698\" data-end=\"4761\">Golden Teacher er kendt for <strong data-start=\"4726\" data-end=\"4760\">Ensartede og p\u00e5lidelige udbytter<\/strong>.<\/p><p data-start=\"4763\" data-end=\"4787\">Typiske h\u00f8stresultater:<\/p><ul data-start=\"4789\" data-end=\"4870\">\n<li data-start=\"4789\" data-end=\"4830\">\n<p data-start=\"4791\" data-end=\"4830\">150 - 300 g friske svampe pr. skylle<\/p>\n<\/li>\n<li data-start=\"4831\" data-end=\"4870\">\n<p data-start=\"4833\" data-end=\"4870\">15 - 30 g t\u00f8rrede svampe pr. skylle<\/p>\n<\/li>\n<\/ul><p data-start=\"4872\" data-end=\"4914\"><a href=\"https:\/\/www.mondogrowkits.com\/da\/grow-kits\/\">Dyrkningss\u00e6t<\/a> producerer normalt <strong data-start=\"4898\" data-end=\"4913\">2-4 skylninger<\/strong>.<\/p><hr data-start=\"4916\" data-end=\"4919\"><h2 data-start=\"4921\" data-end=\"4958\">Oprindelsen af Golden Teacher-stammen<\/h2><p data-start=\"4960\" data-end=\"5090\">Den n\u00f8jagtige oprindelse af Golden Teacher er usikker, men de fleste kilder antyder, at den f\u00f8rst dukkede op i <strong data-start=\"5055\" data-end=\"5089\">Sydamerika i l\u00f8bet af 1980'erne<\/strong>.<\/p><p data-start=\"5092\" data-end=\"5201\">Siden da er stammen blevet en af de mest dyrkede. <strong data-start=\"5160\" data-end=\"5200\">Psilocybe cubensis-stammer p\u00e5 verdensplan<\/strong>.<\/p><hr data-start=\"5203\" data-end=\"5206\"><h2 data-start=\"5208\" data-end=\"5242\">Hvorfor Golden Teacher er s\u00e5 popul\u00e6r<\/h2><p data-start=\"5244\" data-end=\"5301\">Golden Teacher er stadig popul\u00e6r p\u00e5 grund af sin kombination af:<\/p><ul data-start=\"5303\" data-end=\"5432\">\n<li data-start=\"5303\" data-end=\"5336\">\n<p data-start=\"5305\" data-end=\"5336\">begyndervenlig dyrkning<\/p>\n<\/li>\n<li data-start=\"5337\" data-end=\"5369\">\n<p data-start=\"5339\" data-end=\"5369\">afbalancerede psykedeliske effekter<\/p>\n<\/li>\n<li data-start=\"5370\" data-end=\"5391\">\n<p data-start=\"5372\" data-end=\"5391\">p\u00e5lidelig frugtning<\/p>\n<\/li>\n<li data-start=\"5392\" data-end=\"5411\">\n<p data-start=\"5394\" data-end=\"5411\">stabil genetik<\/p>\n<\/li>\n<li data-start=\"5412\" data-end=\"5432\">\n<p data-start=\"5414\" data-end=\"5432\">ikoniske gyldne kasketter<\/p>\n<\/li>\n<\/ul><p data-start=\"5434\" data-end=\"5554\">P\u00e5 grund af disse kvaliteter anbefales Golden Teacher ofte som <strong data-start=\"5501\" data-end=\"5553\">Den klassiske introduktion til psilocybinsvampe<\/strong>.<\/p><h2>Golden Teacher OFTE STILLEDE SP\u00d8RGSM\u00c5L<\/h2><div class=\"accordion\">\t<div id=\"accordion-2460689015\" class=\"accordion-item\">\t\t<a id=\"accordion-2460689015-label\" class=\"accordion-title plain\" href=\"#accordion-item-is-golden-teacher-good-for-beginners?\" aria-expanded=\"false\" aria-controls=\"accordion-2460689015-content\">\n\t\t\t<button class=\"toggle\" aria-label=\"Sl\u00e5 til\/fra\"><i class=\"icon-angle-down\" aria-hidden=\"true\"><\/i><\/button>\n\t\t\t<span>Er Golden Teacher godt for begyndere?<\/span>\n\t\t<\/a>\t\t<div id=\"accordion-2460689015-content\" class=\"accordion-inner\" aria-labelledby=\"accordion-2460689015-label\">\t\t\t<p>Ja. Golden Teacher anses for at v\u00e6re en af de mest begyndervenlige psilocybinsvampestammer.<\/p>\t\t<\/div>\t<\/div>\t\t<div id=\"accordion-3425150967\" class=\"accordion-item\">\t\t<a id=\"accordion-3425150967-label\" class=\"accordion-title plain\" href=\"#accordion-item-how-strong-is-golden-teacher?\" aria-expanded=\"false\" aria-controls=\"accordion-3425150967-content\">\n\t\t\t<button class=\"toggle\" aria-label=\"Sl\u00e5 til\/fra\"><i class=\"icon-angle-down\" aria-hidden=\"true\"><\/i><\/button>\n\t\t\t<span>Hvor st\u00e6rk er Golden Teacher?<\/span>\n\t\t<\/a>\t\t<div id=\"accordion-3425150967-content\" class=\"accordion-inner\" aria-labelledby=\"accordion-3425150967-label\">\t\t\t<p>Golden Teacher har en moderat styrke, hvilket g\u00f8r det h\u00e5ndterbart for de fleste brugere.<\/p>\t\t<\/div>\t<\/div>\t\t<div id=\"accordion-3993340513\" class=\"accordion-item\">\t\t<a id=\"accordion-3993340513-label\" class=\"accordion-title plain\" href=\"#accordion-item-how-long-does-a-golden-teacher-trip-last?\" aria-expanded=\"false\" aria-controls=\"accordion-3993340513-content\">\n\t\t\t<button class=\"toggle\" aria-label=\"Sl\u00e5 til\/fra\"><i class=\"icon-angle-down\" aria-hidden=\"true\"><\/i><\/button>\n\t\t\t<span>Hvor lang tid varer en Golden Teacher-rejse?<\/span>\n\t\t<\/a>\t\t<div id=\"accordion-3993340513-content\" class=\"accordion-inner\" aria-labelledby=\"accordion-3993340513-label\">\t\t\t<p>De fleste oplevelser varer <strong data-start=\"5907\" data-end=\"5920\">4-6 timer<\/strong>.<\/p>\t\t<\/div>\t<\/div>\t\t<div id=\"accordion-1322926645\" class=\"accordion-item\">\t\t<a id=\"accordion-1322926645-label\" class=\"accordion-title plain\" href=\"#accordion-item-is-golden-teacher-easy-to-grow?\" aria-expanded=\"false\" aria-controls=\"accordion-1322926645-content\">\n\t\t\t<button class=\"toggle\" aria-label=\"Sl\u00e5 til\/fra\"><i class=\"icon-angle-down\" aria-hidden=\"true\"><\/i><\/button>\n\t\t\t<span>Er Golden Teacher let at dyrke?<\/span>\n\t\t<\/a>\t\t<div id=\"accordion-1322926645-content\" class=\"accordion-inner\" aria-labelledby=\"accordion-1322926645-label\">\t\t\t<p data-start=\"5960\" data-end=\"6065\">Ja. Golden Teacher anses generelt for at v\u00e6re en af de nemmeste <strong data-start=\"6021\" data-end=\"6064\">Psilocybe cubensis-stammer til dyrkning<\/strong>.<\/p>\t\t<\/div>\t<\/div>\t<\/div>\t\t<\/div>\t\t\t\t\t<\/div>\t<\/div>\t\t<\/div>\t\t<style>\n#section_1977584638 {\n  padding-top: 60px;\n  padding-bottom: 60px;\n}\n#section_1977584638 .section-bg-overlay {\n  background-color: rgba(255, 255, 255, 0.85);\n}\n<\/style>\t<\/section>\t<p><\/p>","protected":false},"excerpt":{"rendered":"","protected":false},"author":1,"featured_media":4633,"parent":4137,"menu_order":0,"comment_status":"closed","ping_status":"closed","template":"page-blank.php","meta":{"footnotes":""},"class_list":["post-4139","page","type-page","status-publish","has-post-thumbnail","hentry"],"jetpack_sharing_enabled":true,"_links":{"self":[{"href":"https:\/\/www.mondogrowkits.com\/da\/wp-json\/wp\/v2\/pages\/4139","targetHints":{"allow":["GET"]}}],"collection":[{"href":"https:\/\/www.mondogrowkits.com\/da\/wp-json\/wp\/v2\/pages"}],"about":[{"href":"https:\/\/www.mondogrowkits.com\/da\/wp-json\/wp\/v2\/types\/page"}],"author":[{"embeddable":true,"href":"https:\/\/www.mondogrowkits.com\/da\/wp-json\/wp\/v2\/users\/1"}],"replies":[{"embeddable":true,"href":"https:\/\/www.mondogrowkits.com\/da\/wp-json\/wp\/v2\/comments?post=4139"}],"version-history":[{"count":5,"href":"https:\/\/www.mondogrowkits.com\/da\/wp-json\/wp\/v2\/pages\/4139\/revisions"}],"predecessor-version":[{"id":4886,"href":"https:\/\/www.mondogrowkits.com\/da\/wp-json\/wp\/v2\/pages\/4139\/revisions\/4886"}],"up":[{"embeddable":true,"href":"https:\/\/www.mondogrowkits.com\/da\/wp-json\/wp\/v2\/pages\/4137"}],"wp:featuredmedia":[{"embeddable":true,"href":"https:\/\/www.mondogrowkits.com\/da\/wp-json\/wp\/v2\/media\/4633"}],"wp:attachment":[{"href":"https:\/\/www.mondogrowkits.com\/da\/wp-json\/wp\/v2\/media?parent=4139"}],"curies":[{"name":"wp","href":"https:\/\/api.w.org\/{rel}","templated":true}]}}