{"id":1024,"date":"2025-07-23T17:17:27","date_gmt":"2025-07-23T16:17:27","guid":{"rendered":"https:\/\/staging.mondogrowkits.com\/?post_type=product&#038;p=1024"},"modified":"2026-04-07T11:42:21","modified_gmt":"2026-04-07T10:42:21","slug":"sporesprojte-fanaticus-original","status":"publish","type":"product","link":"https:\/\/www.mondogrowkits.com\/da\/spore-syringe-fanaticus-original\/","title":{"rendered":"PFO - Psilocybe Cubensis sporespr\u00f8jte"},"content":{"rendered":"<h2 data-start=\"940\" data-end=\"1007\">PFO - Psilocybe Cubensis-sporspr\u00f8jte | Sterile Cubensis-sporer<\/h2><p data-start=\"1009\" data-end=\"1329\">PFO Psilocybe Cubensis Spore Syringe indeholder mikroskopiske cubensis-sporer suspenderet i en steril opl\u00f8sning, der er fremstillet under kontrollerede forhold for at sikre renhed og ensartet sporedistribution. Denne spr\u00f8jte er beregnet til mikroskopi, forskning og podning af <a href=\"https:\/\/www.mondogrowkits.com\/da\/steriliseret-substrat\/\">steriliseret substrat<\/a> hvor det er lovligt.<\/p><p data-start=\"1331\" data-end=\"1645\">PFO er en anerkendt stamme inden for <a href=\"https:\/\/www.mondogrowkits.com\/da\/hvad-er-psilocybin\/\">Psilocybe Cubensis<\/a> arter. Mens alle cubensis-stammer tilh\u00f8rer den samme artsklassifikation, kan individuelle stammer udvise subtile forskelle i koloniseringsadf\u00e6rd, myceliet\u00e6thed og strukturel v\u00e6kst afh\u00e6ngigt af milj\u00f8m\u00e6ssig stabilitet og dyrkningsforhold.<\/p><hr data-start=\"1647\" data-end=\"1650\" \/><h2 data-start=\"1652\" data-end=\"1686\">Hvad indeholder denne spr\u00f8jte?<\/h2><p data-start=\"1688\" data-end=\"1710\">Hver spr\u00f8jte indeholder:<\/p><ul data-start=\"1712\" data-end=\"1809\">\n<li data-start=\"1712\" data-end=\"1754\">\n<p data-start=\"1714\" data-end=\"1754\">Psilocybe Cubensis-sporer (PFO-stamme)<\/p>\n<\/li>\n<li data-start=\"1755\" data-end=\"1786\">\n<p data-start=\"1757\" data-end=\"1786\">Steril suspensionsopl\u00f8sning<\/p>\n<\/li>\n<li data-start=\"1787\" data-end=\"1809\">\n<p data-start=\"1789\" data-end=\"1809\">Intet aktivt mycelium<\/p>\n<\/li>\n<\/ul><p data-start=\"1811\" data-end=\"2049\">Fordi spr\u00f8jten indeholder sporer i stedet for levende mycelium, er det n\u00f8dvendigt med en spiringsfase efter podning. N\u00e5r det er injiceret i steriliserede <a href=\"https:\/\/www.mondogrowkits.com\/da\/steriliseret-substrat\/\">Substrat<\/a>, Sporer skal aktiveres og begynde at danne mycelium, f\u00f8r der kan ske en fuld kolonisering.<\/p><hr data-start=\"2051\" data-end=\"2054\" \/><h2 data-start=\"2056\" data-end=\"2101\">Designet til brug med steriliseret substrat<\/h2><p data-start=\"2103\" data-end=\"2313\">PFO'en <a href=\"https:\/\/www.mondogrowkits.com\/da\/psilocybe-cubensis-sporesprojter\/\">Sporespr\u00f8jte<\/a> bruges almindeligvis med professionelt forberedt steriliseret substrat eller kornyngel. Da steriliseret substrat ikke indeholder aktivt mycelium, er podning n\u00f8dvendig for at p\u00e5begynde kolonisering.<\/p><p data-start=\"2315\" data-end=\"2509\">Opretholdelse af steril teknik under injektion er afg\u00f8rende for at reducere risikoen for kontaminering. Rent v\u00e6rkt\u00f8j, stabile temperaturer og kontrolleret h\u00e5ndtering har stor indflydelse p\u00e5 koloniseringens succes.<\/p><p data-start=\"2511\" data-end=\"2668\">Psilocybe cubensis koloniserer generelt godt mellem 20-24 \u00b0C (68-75 \u00b0F), selvom koloniseringstiden kan variere afh\u00e6ngigt af stamme og milj\u00f8konsistens.<\/p><hr data-start=\"2670\" data-end=\"2673\" \/><h2 data-start=\"2675\" data-end=\"2709\">Sporespr\u00f8jte vs Liquid Culture<\/h2><p data-start=\"2711\" data-end=\"2775\">At forst\u00e5 forskellen hj\u00e6lper med at finde den rigtige tilgang:<\/p><p data-start=\"2777\" data-end=\"2794\"><strong data-start=\"2777\" data-end=\"2794\">Spore-spr\u00f8jte<\/strong><\/p><ul data-start=\"2795\" data-end=\"2921\">\n<li data-start=\"2795\" data-end=\"2822\">\n<p data-start=\"2797\" data-end=\"2822\">Indeholder hvilende sporer<\/p>\n<\/li>\n<li data-start=\"2823\" data-end=\"2853\">\n<p data-start=\"2825\" data-end=\"2853\">Kr\u00e6ver spiringsfase<\/p>\n<\/li>\n<li data-start=\"2854\" data-end=\"2892\">\n<p data-start=\"2856\" data-end=\"2892\">Typisk l\u00e6ngere koloniseringstid<\/p>\n<\/li>\n<li data-start=\"2893\" data-end=\"2921\">\n<p data-start=\"2895\" data-end=\"2921\">Tillader genetisk variation<\/p>\n<\/li>\n<\/ul><p data-start=\"2923\" data-end=\"2949\"><strong data-start=\"2923\" data-end=\"2949\">Liquid Culture Spr\u00f8jte<\/strong><\/p><ul data-start=\"2950\" data-end=\"3041\">\n<li data-start=\"2950\" data-end=\"2978\">\n<p data-start=\"2952\" data-end=\"2978\">Indeholder aktivt mycelium<\/p>\n<\/li>\n<li data-start=\"2979\" data-end=\"3002\">\n<p data-start=\"2981\" data-end=\"3002\">Hurtigere kolonisering<\/p>\n<\/li>\n<li data-start=\"3003\" data-end=\"3041\">\n<p data-start=\"3005\" data-end=\"3041\">Mere konsekvent genetisk udtryk<\/p>\n<\/li>\n<\/ul><p data-start=\"3043\" data-end=\"3097\">Begge metoder er kompatible med steriliseret substrat.<\/p><hr data-start=\"3099\" data-end=\"3102\" \/><h2 data-start=\"3104\" data-end=\"3140\">Hvorfor v\u00e6lge PFO Spore-spr\u00f8jten?<\/h2><ul data-start=\"3142\" data-end=\"3351\">\n<li data-start=\"3142\" data-end=\"3186\">\n<p data-start=\"3144\" data-end=\"3186\">Professionelt forberedt steril opl\u00f8sning<\/p>\n<\/li>\n<li data-start=\"3187\" data-end=\"3227\">\n<p data-start=\"3189\" data-end=\"3227\">P\u00e5lidelig Psilocybe Cubensis-genetik<\/p>\n<\/li>\n<li data-start=\"3228\" data-end=\"3268\">\n<p data-start=\"3230\" data-end=\"3268\">Kompatibel med steriliseret substrat<\/p>\n<\/li>\n<li data-start=\"3269\" data-end=\"3309\">\n<p data-start=\"3271\" data-end=\"3309\">Velegnet til mikroskopi og forskning<\/p>\n<\/li>\n<li data-start=\"3310\" data-end=\"3351\">\n<p data-start=\"3312\" data-end=\"3351\">Ren og ensartet sporesuspension<\/p>\n<\/li>\n<\/ul><p data-start=\"3353\" data-end=\"3501\">PFO Psilocybe Cubensis Spore Syringe giver en kontrolleret og p\u00e5lidelig metode til at indf\u00f8re cubensis-sporer i sterile dyrkningsmedier.<\/p>","protected":false},"excerpt":{"rendered":"<p data-start=\"346\" data-end=\"628\">PFO Psilocybe Cubensis Spore Syringe indeholder cubensis-sporer af h\u00f8j kvalitet suspenderet i en steril opl\u00f8sning til pr\u00e6cis og kontrolleret inokulering. Denne spr\u00f8jte er fremstillet under rene forhold og er velegnet til mikroskopi og brug med steriliseret substrat, hvor det er lovligt.<\/p>\n<ul data-start=\"630\" data-end=\"824\">\n<li data-start=\"630\" data-end=\"658\">\n<p data-start=\"632\" data-end=\"658\">Steril sporesuspension<\/p>\n<\/li>\n<li data-start=\"659\" data-end=\"702\">\n<p data-start=\"661\" data-end=\"702\">Indeholder kun sporer (intet levende mycelium)<\/p>\n<\/li>\n<li data-start=\"703\" data-end=\"743\">\n<p data-start=\"705\" data-end=\"743\">Kompatibel med steriliseret substrat<\/p>\n<\/li>\n<li data-start=\"744\" data-end=\"771\">\n<p data-start=\"746\" data-end=\"771\">J\u00e6vn sporefordeling<\/p>\n<\/li>\n<li data-start=\"772\" data-end=\"824\">\n<p data-start=\"774\" data-end=\"824\">Velegnet til forskning og kontrolleret dyrkning<\/p>\n<\/li>\n<\/ul>\n<p data-start=\"826\" data-end=\"904\">Designet til dyrkere og forskere, der arbejder med Psilocybe Cubensis-genetik.<\/p>","protected":false},"featured_media":4641,"comment_status":"open","ping_status":"closed","template":"","meta":[],"product_brand":[32],"product_cat":[66],"product_tag":[],"class_list":{"0":"post-1024","1":"product","2":"type-product","3":"status-publish","4":"has-post-thumbnail","6":"product_brand-mondo","7":"product_cat-psilocybe-cubensis-spore-syringes","9":"first","10":"instock","11":"taxable","12":"shipping-taxable","13":"purchasable","14":"product-type-simple"},"jetpack_sharing_enabled":true,"_links":{"self":[{"href":"https:\/\/www.mondogrowkits.com\/da\/wp-json\/wp\/v2\/product\/1024","targetHints":{"allow":["GET"]}}],"collection":[{"href":"https:\/\/www.mondogrowkits.com\/da\/wp-json\/wp\/v2\/product"}],"about":[{"href":"https:\/\/www.mondogrowkits.com\/da\/wp-json\/wp\/v2\/types\/product"}],"replies":[{"embeddable":true,"href":"https:\/\/www.mondogrowkits.com\/da\/wp-json\/wp\/v2\/comments?post=1024"}],"wp:featuredmedia":[{"embeddable":true,"href":"https:\/\/www.mondogrowkits.com\/da\/wp-json\/wp\/v2\/media\/4641"}],"wp:attachment":[{"href":"https:\/\/www.mondogrowkits.com\/da\/wp-json\/wp\/v2\/media?parent=1024"}],"wp:term":[{"taxonomy":"product_brand","embeddable":true,"href":"https:\/\/www.mondogrowkits.com\/da\/wp-json\/wp\/v2\/product_brand?post=1024"},{"taxonomy":"product_cat","embeddable":true,"href":"https:\/\/www.mondogrowkits.com\/da\/wp-json\/wp\/v2\/product_cat?post=1024"},{"taxonomy":"product_tag","embeddable":true,"href":"https:\/\/www.mondogrowkits.com\/da\/wp-json\/wp\/v2\/product_tag?post=1024"}],"curies":[{"name":"wp","href":"https:\/\/api.w.org\/{rel}","templated":true}]}}