{"id":1026,"date":"2025-07-23T16:17:32","date_gmt":"2025-07-23T16:17:32","guid":{"rendered":"https:\/\/staging.mondogrowkits.com\/?post_type=product&#038;p=1026"},"modified":"2026-04-07T11:42:22","modified_gmt":"2026-04-07T10:42:22","slug":"sporesprojte-gylden-laerer","status":"publish","type":"product","link":"https:\/\/www.mondogrowkits.com\/da\/spore-syringe-golden-teacher\/","title":{"rendered":"Golden Teacher - Psilocybe Cubensis sporespr\u00f8jte"},"content":{"rendered":"<h2 data-start=\"961\" data-end=\"1039\">Golden Teacher - Psilocybe Cubensis-sporspr\u00f8jte | Sterile Cubensis-sporer<\/h2><p data-start=\"1041\" data-end=\"1372\">Golden Teacher Psilocybe Cubensis Spore Syringe indeholder mikroskopiske cubensis-sporer suspenderet i en steril opl\u00f8sning, der er fremstillet under kontrollerede forhold for at sikre renhed og ensartet sporedistribution. Dette produkt er beregnet til mikroskopi, forskning og podning af <a href=\"https:\/\/www.mondogrowkits.com\/pt\/sterilised-substrate\/\">steriliseret substrat<\/a> hvor det er lovligt.<\/p><p data-start=\"1374\" data-end=\"1696\">Golden Teacher er en af de mest anerkendte stammer inden for <a href=\"https:\/\/www.mondogrowkits.com\/pt\/what-is-psilocybin\/\">Psilocybe Cubensis<\/a> arter. Mens alle cubensis-stammer har samme artsklassifikation, kan individuelle stammer udvise subtile forskelle i koloniseringsadf\u00e6rd, myceliet\u00e6thed og strukturel udvikling afh\u00e6ngigt af milj\u00f8forholdene.<\/p><hr data-start=\"1698\" data-end=\"1701\" \/><h2 data-start=\"1703\" data-end=\"1737\">Hvad indeholder denne spr\u00f8jte?<\/h2><p data-start=\"1739\" data-end=\"1761\">Hver spr\u00f8jte indeholder:<\/p><ul data-start=\"1763\" data-end=\"1871\">\n<li data-start=\"1763\" data-end=\"1816\">\n<p data-start=\"1765\" data-end=\"1816\">Psilocybe Cubensis-sporer (Golden Teacher-stamme)<\/p>\n<\/li>\n<li data-start=\"1817\" data-end=\"1848\">\n<p data-start=\"1819\" data-end=\"1848\">Steril suspensionsopl\u00f8sning<\/p>\n<\/li>\n<li data-start=\"1849\" data-end=\"1871\">\n<p data-start=\"1851\" data-end=\"1871\">Intet aktivt mycelium<\/p>\n<\/li>\n<\/ul><p data-start=\"1873\" data-end=\"2111\">Fordi spr\u00f8jten indeholder sporer i stedet for levende mycelium, er det n\u00f8dvendigt med en spiringsfase efter podning. N\u00e5r det er injiceret i steriliserede <a href=\"https:\/\/www.mondogrowkits.com\/pt\/sterilised-substrate\/\">Substrat<\/a>, Sporer skal aktiveres og begynde at danne mycelium, f\u00f8r der kan ske en fuld kolonisering.<\/p><hr data-start=\"2113\" data-end=\"2116\" \/><h2 data-start=\"2118\" data-end=\"2163\">Designet til brug med steriliseret substrat<\/h2><p data-start=\"2165\" data-end=\"2386\">Den <a href=\"https:\/\/www.mondogrowkits.com\/pt\/magic-mushroom-strain-library\/golden-teacher-psilocybe-cubensis-strain\/\">Golden Teacher<\/a> Sporespr\u00f8jten bruges almindeligvis med professionelt forberedt steriliseret substrat eller kornyngel. Da steriliseret substrat ikke indeholder aktivt mycelium, er podning n\u00f8dvendig for at p\u00e5begynde kolonisering.<\/p><p data-start=\"2388\" data-end=\"2582\">Opretholdelse af steril teknik under injektion er afg\u00f8rende for at reducere risikoen for kontaminering. Rent v\u00e6rkt\u00f8j, kontrolleret h\u00e5ndtering og stabile temperaturer har stor indflydelse p\u00e5 koloniseringens succes.<\/p><p data-start=\"2584\" data-end=\"2739\">Psilocybe cubensis koloniserer generelt godt mellem 20-24 \u00b0C (68-75 \u00b0F), selvom koloniseringstiden kan variere afh\u00e6ngigt af stamme og milj\u00f8m\u00e6ssig stabilitet.<\/p><hr data-start=\"2741\" data-end=\"2744\" \/><h2 data-start=\"2746\" data-end=\"2780\">Sporespr\u00f8jte vs Liquid Culture<\/h2><p data-start=\"2782\" data-end=\"2851\">At forst\u00e5 forskellen hj\u00e6lper med at bestemme den rette metode:<\/p><p data-start=\"2853\" data-end=\"2870\"><strong data-start=\"2853\" data-end=\"2870\">Spore-spr\u00f8jte<\/strong><\/p><ul data-start=\"2871\" data-end=\"2997\">\n<li data-start=\"2871\" data-end=\"2898\">\n<p data-start=\"2873\" data-end=\"2898\">Indeholder hvilende sporer<\/p>\n<\/li>\n<li data-start=\"2899\" data-end=\"2929\">\n<p data-start=\"2901\" data-end=\"2929\">Kr\u00e6ver spiringsfase<\/p>\n<\/li>\n<li data-start=\"2930\" data-end=\"2968\">\n<p data-start=\"2932\" data-end=\"2968\">Typisk l\u00e6ngere koloniseringstid<\/p>\n<\/li>\n<li data-start=\"2969\" data-end=\"2997\">\n<p data-start=\"2971\" data-end=\"2997\">Tillader genetisk variation<\/p>\n<\/li>\n<\/ul><p data-start=\"2999\" data-end=\"3025\"><strong data-start=\"2999\" data-end=\"3025\">Liquid Culture Spr\u00f8jte<\/strong><\/p><ul data-start=\"3026\" data-end=\"3117\">\n<li data-start=\"3026\" data-end=\"3054\">\n<p data-start=\"3028\" data-end=\"3054\">Indeholder aktivt mycelium<\/p>\n<\/li>\n<li data-start=\"3055\" data-end=\"3078\">\n<p data-start=\"3057\" data-end=\"3078\">Hurtigere kolonisering<\/p>\n<\/li>\n<li data-start=\"3079\" data-end=\"3117\">\n<p data-start=\"3081\" data-end=\"3117\">Mere konsekvent genetisk udtryk<\/p>\n<\/li>\n<\/ul><p data-start=\"3119\" data-end=\"3173\">Begge muligheder er kompatible med steriliseret substrat.<\/p><hr data-start=\"3175\" data-end=\"3178\" \/><h2 data-start=\"3180\" data-end=\"3227\">Hvorfor v\u00e6lge Golden Teacher Spore Syringe?<\/h2><ul data-start=\"3229\" data-end=\"3440\">\n<li data-start=\"3229\" data-end=\"3273\">\n<p data-start=\"3231\" data-end=\"3273\">Professionelt forberedt steril opl\u00f8sning<\/p>\n<\/li>\n<li data-start=\"3274\" data-end=\"3316\">\n<p data-start=\"3276\" data-end=\"3316\">Anerkendte Psilocybe Cubensis-genetikker<\/p>\n<\/li>\n<li data-start=\"3317\" data-end=\"3357\">\n<p data-start=\"3319\" data-end=\"3357\">Kompatibel med steriliseret substrat<\/p>\n<\/li>\n<li data-start=\"3358\" data-end=\"3398\">\n<p data-start=\"3360\" data-end=\"3398\">Velegnet til mikroskopi og forskning<\/p>\n<\/li>\n<li data-start=\"3399\" data-end=\"3440\">\n<p data-start=\"3401\" data-end=\"3440\">Ren og ensartet sporesuspension<\/p>\n<\/li>\n<\/ul><p data-start=\"3442\" data-end=\"3601\">Golden Teacher <a href=\"https:\/\/www.mondogrowkits.com\/pt\/psilocybe-cubensis-spore-syringes\/\">Psilocybe Cubensis Spore-spr\u00f8jte<\/a> giver en kontrolleret og p\u00e5lidelig metode til at introducere cubensis-sporer i sterile dyrkningsmedier.<\/p>","protected":false},"excerpt":{"rendered":"<p>Golden Teacher - Psilocybe Cubensis Spore Syringe er en af de mest ikoniske og anerkendte Cubensis-stammer i mykologisamfundet. Golden Teacher er v\u00e6rdsat for sin stabile genetik og p\u00e5lidelige sporeproduktion og er fortsat en benchmark-stamme til forskning og avancerede mykologiske anvendelser.<\/p>\n<p>Denne f\u00f8rsteklasses sporspr\u00f8jte indeholder en omhyggeligt forberedt steril sporeopl\u00f8sning, der er produceret under kontrollerede laboratorieforhold for at sikre renhed og konsistens. Det brugsklare format giver mulighed for pr\u00e6cis p\u00e5f\u00f8ring i sterile milj\u00f8er og er kompatibelt med korrekt forberedt sterilt substrat under kontrollerede forhold.<\/p>\n<h3>Produktets h\u00f8jdepunkter:<\/h3>\n<ul>\n<li>Premium Psilocybe Cubensis-sporer<\/li>\n<li>Fremstillet under sterile laboratorieforhold<\/li>\n<li>Klar-til-brug-spr\u00f8jte til pr\u00e6cis p\u00e5f\u00f8ring<\/li>\n<li>Kompatibel med sterilt substrat i kontrollerede milj\u00f8er<\/li>\n<li>Stabil, veldokumenteret stamme-genetik<\/li>\n<\/ul>\n<p>Opbevares k\u00f8ligt og m\u00f8rkt for at bevare sporekvaliteten p\u00e5 lang sigt. Beregnet til mikroskopi og forskningsform\u00e5l.<\/p>","protected":false},"featured_media":4641,"comment_status":"open","ping_status":"closed","template":"","meta":[],"product_brand":[32],"product_cat":[66],"product_tag":[],"class_list":{"0":"post-1026","1":"product","2":"type-product","3":"status-publish","4":"has-post-thumbnail","6":"product_brand-mondo","7":"product_cat-psilocybe-cubensis-spore-syringes","9":"first","10":"instock","11":"taxable","12":"shipping-taxable","13":"purchasable","14":"product-type-simple"},"jetpack_sharing_enabled":true,"_links":{"self":[{"href":"https:\/\/www.mondogrowkits.com\/da\/wp-json\/wp\/v2\/product\/1026","targetHints":{"allow":["GET"]}}],"collection":[{"href":"https:\/\/www.mondogrowkits.com\/da\/wp-json\/wp\/v2\/product"}],"about":[{"href":"https:\/\/www.mondogrowkits.com\/da\/wp-json\/wp\/v2\/types\/product"}],"replies":[{"embeddable":true,"href":"https:\/\/www.mondogrowkits.com\/da\/wp-json\/wp\/v2\/comments?post=1026"}],"wp:featuredmedia":[{"embeddable":true,"href":"https:\/\/www.mondogrowkits.com\/da\/wp-json\/wp\/v2\/media\/4641"}],"wp:attachment":[{"href":"https:\/\/www.mondogrowkits.com\/da\/wp-json\/wp\/v2\/media?parent=1026"}],"wp:term":[{"taxonomy":"product_brand","embeddable":true,"href":"https:\/\/www.mondogrowkits.com\/da\/wp-json\/wp\/v2\/product_brand?post=1026"},{"taxonomy":"product_cat","embeddable":true,"href":"https:\/\/www.mondogrowkits.com\/da\/wp-json\/wp\/v2\/product_cat?post=1026"},{"taxonomy":"product_tag","embeddable":true,"href":"https:\/\/www.mondogrowkits.com\/da\/wp-json\/wp\/v2\/product_tag?post=1026"}],"curies":[{"name":"wp","href":"https:\/\/api.w.org\/{rel}","templated":true}]}}