{"id":1365,"date":"2025-09-11T16:49:50","date_gmt":"2025-09-11T16:49:50","guid":{"rendered":"https:\/\/www.mondogrowkits.com\/?post_type=product&#038;p=1365"},"modified":"2026-04-28T12:35:30","modified_gmt":"2026-04-28T11:35:30","slug":"flydende-kultur-hollandia","status":"publish","type":"product","link":"https:\/\/www.mondogrowkits.com\/da\/liquid-culture-hollandia\/","title":{"rendered":"Hollandia - Psilocybe Cubensis Liquid Culture Spr\u00f8jte"},"content":{"rendered":"<h2 data-section-id=\"7i253m\" data-start=\"583\" data-end=\"656\">Hollandia Liquid Culture spr\u00f8jte - Psilocybe cubensis Premium Genetics<\/h2><p data-start=\"658\" data-end=\"978\">Den <a href=\"https:\/\/www.mondogrowkits.com\/da\/hollandia-magiske-trofler\/\">Hollandia<\/a> - Psilocybe cubensis Liquid Culture Syringe er en kultur af h\u00f8j kvalitet, der er kendt for sin st\u00e6rke genetik, hurtige kolonisering og konsekvente myceliumudvikling. Denne velkendte stamme er blevet popul\u00e6r p\u00e5 grund af dens p\u00e5lidelige v\u00e6kstm\u00f8nstre og forudsigelige ydeevne p\u00e5 tv\u00e6rs af en r\u00e6kke forskellige dyrkningsops\u00e6tninger.<\/p><p data-start=\"980\" data-end=\"1215\">Hollandia er kendt for sit t\u00e6tte og kraftige mycelium, der giver mulighed for hurtig og j\u00e6vn kolonisering af forskellige substrater. Dens stabile egenskaber g\u00f8r den til et fremragende valg for dyrkere, der \u00f8nsker effektivitet og ensartede resultater.<\/p><p data-start=\"1217\" data-end=\"1462\">Fordi dette produkt leveres som en flydende kultur, indeholder det aktivt mycelium suspenderet i en n\u00e6ringsrig opl\u00f8sning. Det giver mulighed for betydeligt hurtigere kolonisering sammenlignet med traditionelle <a href=\"https:\/\/www.mondogrowkits.com\/da\/psilocybe-cubensis-sporesprojter\/\">Sporespr\u00f8jter<\/a> og forbedrer den samlede succesrate.<\/p><p data-start=\"1464\" data-end=\"1569\">Under optimale forhold kan man ofte se myceliev\u00e6kst inden for f\u00e5 dage efter podning.<\/p><hr data-start=\"1571\" data-end=\"1574\" \/><h3 data-section-id=\"1nu8hu6\" data-start=\"1576\" data-end=\"1619\">Hvad er Hollandia (Psilocybe cubensis)?<\/h3><p data-start=\"1621\" data-end=\"1858\">Hollandia er en velkendt <a href=\"https:\/\/www.mondogrowkits.com\/da\/hvad-er-psilocybin\/\">Psilocybe cubensis<\/a> Sorten er v\u00e6rdsat for sin p\u00e5lidelige v\u00e6kst og lette dyrkning. Ligesom andre cubensis-sorter er den meget unders\u00f8gt og v\u00e6rdsat for sin konsekvente udvikling under kontrollerede forhold.<\/p><p data-start=\"1860\" data-end=\"1975\">Dens stabile genetik og p\u00e5lidelige ydeevne g\u00f8r den til et popul\u00e6rt valg blandt b\u00e5de <a href=\"https:\/\/www.mondogrowkits.com\/da\/mondo-growkits-bedste-stammer-begyndere-avancerede\/\">Begyndere<\/a> og erfarne dyrkere.<\/p><hr data-start=\"1977\" data-end=\"1980\" \/><h3 data-section-id=\"1nwe2p2\" data-start=\"1982\" data-end=\"2022\">Hvorfor v\u00e6lge Hollandia Liquid Culture?<\/h3><ul data-start=\"2024\" data-end=\"2310\">\n<li data-section-id=\"uotoak\" data-start=\"2024\" data-end=\"2061\">Popul\u00e6r Psilocybe cubensis-stamme<\/li>\n<li data-section-id=\"1nqqo5y\" data-start=\"2062\" data-end=\"2100\">St\u00e6rk og konsekvent kolonisering<\/li>\n<li data-section-id=\"1hxpfjl\" data-start=\"2101\" data-end=\"2138\">Hurtig og kraftig myceliev\u00e6kst<\/li>\n<li data-section-id=\"vs2jta\" data-start=\"2139\" data-end=\"2174\">P\u00e5lidelig og stabil ydeevne<\/li>\n<li data-section-id=\"fix0if\" data-start=\"2175\" data-end=\"2225\">Velegnet til begyndere og erfarne dyrkere<\/li>\n<li data-section-id=\"19zbuxr\" data-start=\"2226\" data-end=\"2269\">Hurtigere kolonisering end sporspr\u00f8jter<\/li>\n<li data-section-id=\"16w25lw\" data-start=\"2270\" data-end=\"2310\">Aktiv flydende kultur - klar til brug<\/li>\n<\/ul><p data-start=\"2312\" data-end=\"2420\">Hollandia v\u00e6skekultur er ideel til avlere, der \u00f8nsker en p\u00e5lidelig og effektiv dyrkningsoplevelse.<\/p><hr data-start=\"2422\" data-end=\"2425\" \/><h3 data-section-id=\"1edg1fv\" data-start=\"2427\" data-end=\"2457\">Fordele ved Liquid Culture<\/h3><p data-start=\"2459\" data-end=\"2548\">Spr\u00f8jter til flydende dyrkning giver flere fordele i forhold til traditionelle sporebaserede produkter.<\/p><p data-start=\"2550\" data-end=\"2638\">Da myceliet allerede er aktivt, begynder koloniseringen straks efter inokuleringen.<\/p><p data-start=\"2640\" data-end=\"2661\">De vigtigste fordele omfatter:<\/p><ul data-start=\"2663\" data-end=\"2820\">\n<li data-section-id=\"5at1tr\" data-start=\"2663\" data-end=\"2692\">Hurtigere koloniseringstider<\/li>\n<li data-section-id=\"cqwl0j\" data-start=\"2693\" data-end=\"2717\">H\u00f8jere succesrater<\/li>\n<li data-section-id=\"ur01ho\" data-start=\"2718\" data-end=\"2751\">J\u00e6vn fordeling af mycelium<\/li>\n<li data-section-id=\"nuiwlo\" data-start=\"2752\" data-end=\"2784\">Nem og pr\u00e6cis p\u00e5f\u00f8ring<\/li>\n<li data-section-id=\"s8uau9\" data-start=\"2785\" data-end=\"2820\">Konsistente og p\u00e5lidelige resultater<\/li>\n<\/ul><p data-start=\"2822\" data-end=\"2905\">Flydende dyrkning er det foretrukne valg for dyrkere, der s\u00e6tter pris p\u00e5 hastighed og konsistens.<\/p><hr data-start=\"2907\" data-end=\"2910\" \/><h3 data-section-id=\"1ltc4xe\" data-start=\"2912\" data-end=\"2937\">Brug og anvendelse<\/h3><p data-start=\"2939\" data-end=\"3027\">Hollandia <a href=\"https:\/\/www.mondogrowkits.com\/da\/sprojte-til-flydende-kultur\/\">spr\u00f8jte til flydende kultur<\/a> er nem at bruge og velegnet til forskellige underlag.<\/p><p data-start=\"3029\" data-end=\"3167\">Ryst forsigtigt spr\u00f8jten f\u00f8r brug for at fordele myceliet j\u00e6vnt. Injicer opl\u00f8sningen i din <a href=\"https:\/\/www.mondogrowkits.com\/da\/steriliseret-substrat\/\">sterilt substrat<\/a> eller v\u00e6kstmedium.<\/p><p data-start=\"3169\" data-end=\"3269\">Fordi kulturen indeholder aktivt mycelium, begynder koloniseringen typisk hurtigere end med sporer.<\/p><p data-start=\"3271\" data-end=\"3350\">Arbejd altid i et rent og sterilt milj\u00f8 for at minimere risikoen for kontaminering.<\/p><p data-start=\"3352\" data-end=\"3437\">Bem\u00e6rk: Dette produkt er udelukkende beregnet til mikroskopi og uddannelsesform\u00e5l.<\/p><hr data-start=\"3439\" data-end=\"3442\" \/><h3 data-section-id=\"1w10lnv\" data-start=\"3444\" data-end=\"3468\">Opbevaring og holdbarhed<\/h3><p data-start=\"3470\" data-end=\"3531\">Opbevar spr\u00f8jten med den flydende kultur i k\u00f8leskab ved 2-8 \u00b0C.<\/p><p data-start=\"3533\" data-end=\"3584\">Holdbarhed: Op til 2-3 m\u00e5neder ved korrekt opbevaring<\/p><p data-start=\"3586\" data-end=\"3673\">Undg\u00e5 direkte sollys og varme. Lad spr\u00f8jten n\u00e5 stuetemperatur f\u00f8r brug.<\/p><hr data-start=\"3675\" data-end=\"3678\" \/><h3 data-section-id=\"pbs93p\" data-start=\"3680\" data-end=\"3724\">Hollandia - st\u00e6rk og p\u00e5lidelig genetik<\/h3><p data-start=\"3726\" data-end=\"3841\">Hollandia er v\u00e6rdsat for sin hurtige kolonisering og konsekvente ydeevne, hvilket g\u00f8r den til et p\u00e5lideligt valg blandt avlere.<\/p><p data-start=\"3843\" data-end=\"3951\">Dens p\u00e5lidelige v\u00e6kstegenskaber og brugervenlighed g\u00f8r den velegnet til en bred vifte af dyrkningsops\u00e6tninger.<\/p><hr data-start=\"3953\" data-end=\"3956\" \/><h3 data-section-id=\"e5ir0n\" data-start=\"3958\" data-end=\"4011\">Bestil din Hollandia Liquid Culture-spr\u00f8jte i dag<\/h3><p data-start=\"4013\" data-end=\"4142\">Hollandia - Psilocybe cubensis Liquid Culture-spr\u00f8jten tilbyder en fremragende kombination af hastighed, p\u00e5lidelighed og ydeevne.<\/p><p data-start=\"4144\" data-end=\"4262\">Med aktivt mycelium og gennempr\u00f8vet genetik er denne flydende kultur ideel til at opn\u00e5 hurtig og ensartet kolonisering.<\/p><p data-start=\"4264\" data-end=\"4322\" data-is-last-node=\"\" data-is-only-node=\"\">Bestil i dag, og oplev f\u00f8rsteklasses kvalitet af flydende kultur.<\/p>","protected":false},"excerpt":{"rendered":"<p data-start=\"113\" data-end=\"405\">Hollandia - Psilocybe cubensis Liquid Culture Syringe er en f\u00f8rsteklasses flydende kultur, der er kendt for sin hurtige kolonisering og st\u00e6rke, ensartede myceliev\u00e6kst. Denne popul\u00e6re stamme er v\u00e6rdsat for sin p\u00e5lidelige ydeevne og stabile genetik, hvilket g\u00f8r den velegnet til b\u00e5de nybegyndere og erfarne dyrkere.<\/p>\n<p data-start=\"407\" data-end=\"576\">Spr\u00f8jten indeholder aktivt mycelium suspenderet i en n\u00e6ringsrig opl\u00f8sning, hvilket sikrer hurtigere kolonisering og h\u00f8jere succesrater sammenlignet med traditionelle sporspr\u00f8jter.<\/p>","protected":false},"featured_media":4547,"comment_status":"open","ping_status":"closed","template":"","meta":[],"product_brand":[32],"product_cat":[68],"product_tag":[],"class_list":{"0":"post-1365","1":"product","2":"type-product","3":"status-publish","4":"has-post-thumbnail","6":"product_brand-mondo","7":"product_cat-liquid-culture-syringe","9":"first","10":"instock","11":"taxable","12":"shipping-taxable","13":"purchasable","14":"product-type-simple"},"jetpack_sharing_enabled":true,"_links":{"self":[{"href":"https:\/\/www.mondogrowkits.com\/da\/wp-json\/wp\/v2\/product\/1365","targetHints":{"allow":["GET"]}}],"collection":[{"href":"https:\/\/www.mondogrowkits.com\/da\/wp-json\/wp\/v2\/product"}],"about":[{"href":"https:\/\/www.mondogrowkits.com\/da\/wp-json\/wp\/v2\/types\/product"}],"replies":[{"embeddable":true,"href":"https:\/\/www.mondogrowkits.com\/da\/wp-json\/wp\/v2\/comments?post=1365"}],"wp:featuredmedia":[{"embeddable":true,"href":"https:\/\/www.mondogrowkits.com\/da\/wp-json\/wp\/v2\/media\/4547"}],"wp:attachment":[{"href":"https:\/\/www.mondogrowkits.com\/da\/wp-json\/wp\/v2\/media?parent=1365"}],"wp:term":[{"taxonomy":"product_brand","embeddable":true,"href":"https:\/\/www.mondogrowkits.com\/da\/wp-json\/wp\/v2\/product_brand?post=1365"},{"taxonomy":"product_cat","embeddable":true,"href":"https:\/\/www.mondogrowkits.com\/da\/wp-json\/wp\/v2\/product_cat?post=1365"},{"taxonomy":"product_tag","embeddable":true,"href":"https:\/\/www.mondogrowkits.com\/da\/wp-json\/wp\/v2\/product_tag?post=1365"}],"curies":[{"name":"wp","href":"https:\/\/api.w.org\/{rel}","templated":true}]}}