{"id":1371,"date":"2025-09-11T16:49:43","date_gmt":"2025-09-11T16:49:43","guid":{"rendered":"https:\/\/www.mondogrowkits.com\/?post_type=product&#038;p=1371"},"modified":"2026-04-22T10:49:38","modified_gmt":"2026-04-22T09:49:38","slug":"flydende-kultur-jack-frost","status":"publish","type":"product","link":"https:\/\/www.mondogrowkits.com\/da\/liquid-culture-jack-frost\/","title":{"rendered":"Jack Frost - Psilocybe Cubensis Liquid Culture-spr\u00f8jte"},"content":{"rendered":"<h2 data-section-id=\"f9xt8h\" data-start=\"602\" data-end=\"675\">Jack Frost Liquid Culture-spr\u00f8jte - unik Psilocybe Cubensis-genetik<\/h2><p data-start=\"677\" data-end=\"986\">Den <strong data-start=\"681\" data-end=\"739\">Jack Frost - Psilocybe Cubensis Liquid Culture-spr\u00f8jte<\/strong> er en karakteristisk og meget efterspurgt sort, der er kendt for sin st\u00e6rke genetik, p\u00e5lidelige kolonisering og konsekvente myceliumudvikling. Denne sort er blevet popul\u00e6r blandt avlere p\u00e5 grund af dens stabile ydeevne og unikke egenskaber.<\/p><p data-start=\"988\" data-end=\"1233\">Jack Frost er kendt for sit t\u00e6tte og kraftige mycelium, der giver mulighed for hurtig og ensartet kolonisering p\u00e5 en lang r\u00e6kke underlag. Dens p\u00e5lidelige natur g\u00f8r den til et fremragende valg for dyrkere, der \u00f8nsker forudsigelige og effektive resultater.<\/p><p data-start=\"1235\" data-end=\"1480\">Fordi dette produkt leveres som en <a href=\"https:\/\/www.mondogrowkits.com\/da\/sprojte-til-flydende-kultur\/\">flydende kultur<\/a>, Den indeholder aktivt mycelium suspenderet i en n\u00e6ringsrig opl\u00f8sning. Det giver mulighed for betydeligt hurtigere kolonisering sammenlignet med traditionelle sporspr\u00f8jter og forbedrer den samlede succesrate.<\/p><p data-start=\"1482\" data-end=\"1587\">Under optimale forhold kan man ofte se myceliev\u00e6kst inden for f\u00e5 dage efter podning.<\/p><hr data-start=\"1589\" data-end=\"1592\" \/><h3 data-section-id=\"2tmyn1\" data-start=\"1594\" data-end=\"1635\">Hvorfor v\u00e6lge Jack Frost Liquid Culture?<\/h3><p data-start=\"1637\" data-end=\"1891\">\u2714 Unik og popul\u00e6r Psilocybe cubensis-stamme<br data-start=\"1683\" data-end=\"1686\" \/>\u2714 St\u00e6rk og konsekvent kolonisering<br data-start=\"1722\" data-end=\"1725\" \/>\u2714 P\u00e5lidelig og stabil v\u00e6kst<br data-start=\"1753\" data-end=\"1756\" \/>\u2714 Velegnet til <a href=\"https:\/\/www.mondogrowkits.com\/da\/mondo-growkits-bedste-stammer-begyndere-avancerede\/\">Begyndere<\/a> og erfarne avlere<br data-start=\"1804\" data-end=\"1807\" \/>\u2714 Hurtigere kolonisering end sporespr\u00f8jter<br data-start=\"1848\" data-end=\"1851\" \/>\u2714 Aktiv flydende kultur - klar til brug<\/p><p data-start=\"1893\" data-end=\"1987\">Jack Frost er ideel til dyrkere, der \u00f8nsker en p\u00e5lidelig og effektiv dyrkningsoplevelse.<\/p><hr data-start=\"1989\" data-end=\"1992\" \/><h3 data-section-id=\"1edg1fv\" data-start=\"1994\" data-end=\"2024\">Fordele ved Liquid Culture<\/h3><p data-start=\"2026\" data-end=\"2115\">Spr\u00f8jter til flydende dyrkning giver flere fordele i forhold til traditionelle sporebaserede produkter.<\/p><p data-start=\"2117\" data-end=\"2205\">Da myceliet allerede er aktivt, begynder koloniseringen straks efter inokuleringen.<\/p><p data-start=\"2207\" data-end=\"2228\">De vigtigste fordele omfatter:<\/p><p data-start=\"2230\" data-end=\"2387\">- Hurtigere koloniseringstider<br data-start=\"2257\" data-end=\"2260\" \/>- H\u00f8jere succesrater<br data-start=\"2282\" data-end=\"2285\" \/>- J\u00e6vn fordeling af mycelium<br data-start=\"2316\" data-end=\"2319\" \/>- Nem og pr\u00e6cis p\u00e5f\u00f8ring<br data-start=\"2349\" data-end=\"2352\" \/>- Konsistente og p\u00e5lidelige resultater<\/p><p data-start=\"2389\" data-end=\"2471\">Flydende dyrkning er det foretrukne valg for dyrkere, der \u00f8nsker hastighed og konsistens.<\/p><hr data-start=\"2473\" data-end=\"2476\" \/><h3 data-section-id=\"1ltc4xe\" data-start=\"2478\" data-end=\"2503\">Brug og anvendelse<\/h3><p data-start=\"2505\" data-end=\"2594\">Jack Frost-spr\u00f8jten til flydende kulturer er nem at bruge og velegnet til forskellige substrater.<\/p><p data-start=\"2596\" data-end=\"2732\">Ryst forsigtigt spr\u00f8jten f\u00f8r brug for at fordele myceliet j\u00e6vnt. Injicer v\u00e6sken i din <a href=\"https:\/\/www.mondogrowkits.com\/da\/steriliseret-substrat\/\">sterilt substrat<\/a> eller v\u00e6kstmedium.<\/p><p data-start=\"2734\" data-end=\"2834\">Fordi kulturen indeholder aktivt mycelium, begynder koloniseringen typisk hurtigere end med sporer.<\/p><p data-start=\"2836\" data-end=\"2915\">Arbejd altid i et rent og sterilt milj\u00f8 for at minimere risikoen for kontaminering.<\/p><p data-start=\"2917\" data-end=\"3006\"><strong data-start=\"2917\" data-end=\"2926\">Bem\u00e6rk:<\/strong> Dette produkt er udelukkende beregnet til mikroskopi og uddannelsesform\u00e5l.<\/p><hr data-start=\"3008\" data-end=\"3011\" \/><h3 data-section-id=\"1w10lnv\" data-start=\"3013\" data-end=\"3037\">Opbevaring og holdbarhed<\/h3><p data-start=\"3039\" data-end=\"3100\">Opbevar spr\u00f8jten med den flydende kultur i k\u00f8leskab ved 2-8 \u00b0C.<\/p><p data-start=\"3102\" data-end=\"3151\">Holdbarhed: Op til 2-3 m\u00e5neder ved korrekt opbevaring<\/p><p data-start=\"3153\" data-end=\"3240\">Undg\u00e5 direkte sollys og varme. Lad spr\u00f8jten n\u00e5 stuetemperatur f\u00f8r brug.<\/p><hr data-start=\"3242\" data-end=\"3245\" \/><h3 data-section-id=\"1ndk1rc\" data-start=\"3247\" data-end=\"3295\">Jack Frost - Stabil og karakteristisk genetik<\/h3><p data-start=\"3297\" data-end=\"3415\">Jack Frost er v\u00e6rdsat for sin st\u00e6rke kolonisering og konsekvente ydeevne, hvilket g\u00f8r den til et p\u00e5lideligt valg blandt avlere.<\/p><p data-start=\"3417\" data-end=\"3525\">Dens p\u00e5lidelige v\u00e6kstegenskaber og brugervenlighed g\u00f8r den velegnet til en bred vifte af dyrkningsops\u00e6tninger.<\/p><hr data-start=\"3527\" data-end=\"3530\" \/><h3 data-section-id=\"1rp5fmk\" data-start=\"3532\" data-end=\"3586\">Bestil din Jack Frost Liquid Culture-spr\u00f8jte i dag<\/h3><p data-start=\"3588\" data-end=\"3721\">Den <strong data-start=\"3592\" data-end=\"3650\">Jack Frost - Psilocybe Cubensis Liquid Culture-spr\u00f8jte<\/strong> tilbyder en perfekt kombination af styrke, p\u00e5lidelighed og effektivitet.<\/p><p data-start=\"3723\" data-end=\"3841\">Med aktivt mycelium og gennempr\u00f8vet genetik er denne flydende kultur ideel til at opn\u00e5 hurtig og ensartet kolonisering.<\/p><p data-start=\"3843\" data-end=\"3901\" data-is-last-node=\"\" data-is-only-node=\"\">Bestil i dag, og oplev f\u00f8rsteklasses kvalitet af flydende kultur.<\/p>","protected":false},"excerpt":{"rendered":"<p data-start=\"146\" data-end=\"434\"><strong data-start=\"146\" data-end=\"204\">Jack Frost - Psilocybe Cubensis Liquid Culture-spr\u00f8jte<\/strong> er en f\u00f8rsteklasses flydende kultur, der er kendt for sin hurtige kolonisering og st\u00e6rke myceliev\u00e6kst. Denne unikke stamme er v\u00e6rdsat for sin stabilitet og ensartede ydeevne, hvilket g\u00f8r den velegnet til b\u00e5de nybegyndere og erfarne dyrkere.<\/p>\n<p data-start=\"436\" data-end=\"595\">Spr\u00f8jten indeholder aktivt mycelium i en n\u00e6ringsrig opl\u00f8sning, hvilket sikrer hurtigere kolonisering og h\u00f8jere succesrater sammenlignet med traditionelle sporspr\u00f8jter.<\/p>","protected":false},"featured_media":4547,"comment_status":"open","ping_status":"closed","template":"","meta":[],"product_brand":[32],"product_cat":[68],"product_tag":[],"class_list":{"0":"post-1371","1":"product","2":"type-product","3":"status-publish","4":"has-post-thumbnail","6":"product_brand-mondo","7":"product_cat-liquid-culture-syringe","9":"first","10":"instock","11":"taxable","12":"shipping-taxable","13":"purchasable","14":"product-type-simple"},"jetpack_sharing_enabled":true,"_links":{"self":[{"href":"https:\/\/www.mondogrowkits.com\/da\/wp-json\/wp\/v2\/product\/1371","targetHints":{"allow":["GET"]}}],"collection":[{"href":"https:\/\/www.mondogrowkits.com\/da\/wp-json\/wp\/v2\/product"}],"about":[{"href":"https:\/\/www.mondogrowkits.com\/da\/wp-json\/wp\/v2\/types\/product"}],"replies":[{"embeddable":true,"href":"https:\/\/www.mondogrowkits.com\/da\/wp-json\/wp\/v2\/comments?post=1371"}],"wp:featuredmedia":[{"embeddable":true,"href":"https:\/\/www.mondogrowkits.com\/da\/wp-json\/wp\/v2\/media\/4547"}],"wp:attachment":[{"href":"https:\/\/www.mondogrowkits.com\/da\/wp-json\/wp\/v2\/media?parent=1371"}],"wp:term":[{"taxonomy":"product_brand","embeddable":true,"href":"https:\/\/www.mondogrowkits.com\/da\/wp-json\/wp\/v2\/product_brand?post=1371"},{"taxonomy":"product_cat","embeddable":true,"href":"https:\/\/www.mondogrowkits.com\/da\/wp-json\/wp\/v2\/product_cat?post=1371"},{"taxonomy":"product_tag","embeddable":true,"href":"https:\/\/www.mondogrowkits.com\/da\/wp-json\/wp\/v2\/product_tag?post=1371"}],"curies":[{"name":"wp","href":"https:\/\/api.w.org\/{rel}","templated":true}]}}