{"id":1375,"date":"2025-09-11T16:49:39","date_gmt":"2025-09-11T16:49:39","guid":{"rendered":"https:\/\/www.mondogrowkits.com\/?post_type=product&#038;p=1375"},"modified":"2026-04-08T12:54:24","modified_gmt":"2026-04-08T11:54:24","slug":"flydende-kultur-yeti","status":"publish","type":"product","link":"https:\/\/www.mondogrowkits.com\/da\/liquid-culture-yeti\/","title":{"rendered":"Yeti - Psilocybe Cubensis Liquid Culture-spr\u00f8jte"},"content":{"rendered":"<h2 data-section-id=\"lzfgdk\" data-start=\"600\" data-end=\"665\">Yeti Liquid Culture Spr\u00f8jte - Sj\u00e6lden Psilocybe Cubensis Genetics<\/h2><p data-start=\"667\" data-end=\"960\">Den <strong data-start=\"671\" data-end=\"723\">Yeti - Psilocybe Cubensis Liquid Culture-spr\u00f8jte<\/strong> er en unik og eftertragtet sort, der er kendt for sin st\u00e6rke genetik, hurtige kolonisering og p\u00e5lidelige myceliumudvikling. Denne sort er blevet popul\u00e6r blandt avlere p\u00e5 grund af dens ensartede ydeevne og karakteristiske egenskaber.<\/p><p data-start=\"962\" data-end=\"1201\">Yeti er kendt for sit t\u00e6tte og aggressive mycelium, der giver mulighed for hurtig og ensartet kolonisering p\u00e5 en lang r\u00e6kke substrater. Dens stabile genetik g\u00f8r den til en p\u00e5lidelig mulighed for avlere, der \u00f8nsker forudsigelige og effektive resultater.<\/p><p data-start=\"1203\" data-end=\"1448\">Fordi dette produkt leveres som en <a href=\"https:\/\/www.mondogrowkits.com\/da\/sprojte-til-flydende-kultur\/\">flydende kultur<\/a>, Den indeholder aktivt mycelium suspenderet i en n\u00e6ringsrig opl\u00f8sning. Det giver mulighed for betydeligt hurtigere kolonisering sammenlignet med traditionelle sporspr\u00f8jter og forbedrer den samlede succesrate.<\/p><p data-start=\"1450\" data-end=\"1555\">Under optimale forhold kan man ofte se myceliev\u00e6kst inden for f\u00e5 dage efter podning.<\/p><hr data-start=\"1557\" data-end=\"1560\" \/><h3 data-section-id=\"14n0ts3\" data-start=\"1562\" data-end=\"1597\">Hvorfor v\u00e6lge Yeti Liquid Culture?<\/h3><p data-start=\"1599\" data-end=\"1860\">\u2714 Sj\u00e6lden og popul\u00e6r Psilocybe cubensis-stamme<br data-start=\"1643\" data-end=\"1646\" \/>\u2714 St\u00e6rk og aggressiv kolonisering<br data-start=\"1682\" data-end=\"1685\" \/>\u2714 P\u00e5lidelig og ensartet ydeevne<br data-start=\"1722\" data-end=\"1725\" \/>\u2714 Velegnet til <a href=\"https:\/\/www.mondogrowkits.com\/da\/mondo-growkits-bedste-stammer-begyndere-avancerede\/\">Begyndere<\/a> og erfarne avlere<br data-start=\"1773\" data-end=\"1776\" \/>\u2714 Hurtigere kolonisering end sporespr\u00f8jter<br data-start=\"1817\" data-end=\"1820\" \/>\u2714 Aktiv flydende kultur - klar til brug<\/p><p data-start=\"1862\" data-end=\"1965\">Yeti er ideel til dyrkere, der \u00f8nsker en hurtig og effektiv dyrkningsoplevelse med en unik stamme.<\/p><hr data-start=\"1967\" data-end=\"1970\" \/><h3 data-section-id=\"1edg1fv\" data-start=\"1972\" data-end=\"2002\">Fordele ved Liquid Culture<\/h3><p data-start=\"2004\" data-end=\"2095\">Spr\u00f8jter til flydende dyrkning giver betydelige fordele i forhold til traditionelle sporebaserede produkter.<\/p><p data-start=\"2097\" data-end=\"2185\">Da myceliet allerede er aktivt, begynder koloniseringen straks efter inokuleringen.<\/p><p data-start=\"2187\" data-end=\"2208\">De vigtigste fordele omfatter:<\/p><p data-start=\"2210\" data-end=\"2367\">- Hurtigere koloniseringstider<br data-start=\"2237\" data-end=\"2240\" \/>- H\u00f8jere succesrater<br data-start=\"2262\" data-end=\"2265\" \/>- J\u00e6vn fordeling af mycelium<br data-start=\"2296\" data-end=\"2299\" \/>- Nem og pr\u00e6cis p\u00e5f\u00f8ring<br data-start=\"2329\" data-end=\"2332\" \/>- Konsistente og p\u00e5lidelige resultater<\/p><p data-start=\"2369\" data-end=\"2450\">Flydende dyrkning er det foretrukne valg for dyrkere, der \u00f8nsker hastighed og konsistens.<\/p><hr data-start=\"2452\" data-end=\"2455\" \/><h3 data-section-id=\"1ltc4xe\" data-start=\"2457\" data-end=\"2482\">Brug og anvendelse<\/h3><p data-start=\"2484\" data-end=\"2567\">Yeti-spr\u00f8jten til flydende kulturer er nem at bruge og velegnet til forskellige substrater.<\/p><p data-start=\"2569\" data-end=\"2705\">Ryst forsigtigt spr\u00f8jten f\u00f8r brug for at fordele myceliet j\u00e6vnt. Injicer v\u00e6sken i din <a href=\"https:\/\/www.mondogrowkits.com\/da\/steriliseret-substrat\/\">sterilt substrat<\/a> eller v\u00e6kstmedium.<\/p><p data-start=\"2707\" data-end=\"2807\">Fordi kulturen indeholder aktivt mycelium, begynder koloniseringen typisk hurtigere end med sporer.<\/p><p data-start=\"2809\" data-end=\"2888\">Arbejd altid i et rent og sterilt milj\u00f8 for at minimere risikoen for kontaminering.<\/p><p data-start=\"2890\" data-end=\"2979\"><strong data-start=\"2890\" data-end=\"2899\">Bem\u00e6rk:<\/strong> Dette produkt er udelukkende beregnet til mikroskopi og uddannelsesform\u00e5l.<\/p><hr data-start=\"2981\" data-end=\"2984\" \/><h3 data-section-id=\"1w10lnv\" data-start=\"2986\" data-end=\"3010\">Opbevaring og holdbarhed<\/h3><p data-start=\"3012\" data-end=\"3073\">Opbevar spr\u00f8jten med den flydende kultur i k\u00f8leskab ved 2-8 \u00b0C.<\/p><p data-start=\"3075\" data-end=\"3124\">Holdbarhed: Op til 2-3 m\u00e5neder ved korrekt opbevaring<\/p><p data-start=\"3126\" data-end=\"3213\">Undg\u00e5 direkte sollys og varme. Lad spr\u00f8jten n\u00e5 stuetemperatur f\u00f8r brug.<\/p><hr data-start=\"3215\" data-end=\"3218\" \/><h3 data-section-id=\"x0p4ug\" data-start=\"3220\" data-end=\"3262\">Yeti - St\u00e6rk og karakteristisk genetik<\/h3><p data-start=\"3264\" data-end=\"3376\">Yeti er v\u00e6rdsat for sin st\u00e6rke kolonisering og konsekvente v\u00e6kst, hvilket g\u00f8r den til et popul\u00e6rt valg blandt avlere.<\/p><p data-start=\"3378\" data-end=\"3486\">Dens unikke egenskaber og p\u00e5lidelige ydeevne g\u00f8r den velegnet til en lang r\u00e6kke dyrkningsopstillinger.<\/p><hr data-start=\"3488\" data-end=\"3491\" \/><h3 data-section-id=\"1ojna0y\" data-start=\"3493\" data-end=\"3541\">Bestil din Yeti Liquid Culture-spr\u00f8jte i dag<\/h3><p data-start=\"3543\" data-end=\"3665\">Den <strong data-start=\"3547\" data-end=\"3599\">Yeti - Psilocybe Cubensis Liquid Culture-spr\u00f8jte<\/strong> tilbyder en perfekt kombination af styrke, hastighed og p\u00e5lidelighed.<\/p><p data-start=\"3667\" data-end=\"3786\">Med aktivt mycelium og f\u00f8rsteklasses genetik er denne flydende kultur ideel til at opn\u00e5 hurtig og ensartet kolonisering.<\/p><p data-start=\"3788\" data-end=\"3855\" data-is-last-node=\"\" data-is-only-node=\"\">Bestil i dag, og oplev en v\u00e6skekultur af h\u00f8j kvalitet.<\/p>","protected":false},"excerpt":{"rendered":"<p data-start=\"146\" data-end=\"432\"><strong data-start=\"146\" data-end=\"198\">Yeti - Psilocybe Cubensis Liquid Culture-spr\u00f8jte<\/strong> er en f\u00f8rsteklasses flydende kultur, der er kendt for sin st\u00e6rke kolonisering og kraftige myceliev\u00e6kst. Denne karakteristiske stamme er v\u00e6rdsat for sin stabilitet og ensartede ydeevne, hvilket g\u00f8r den velegnet til b\u00e5de nybegyndere og erfarne dyrkere.<\/p>\n<p data-start=\"434\" data-end=\"593\">Spr\u00f8jten indeholder aktivt mycelium i en n\u00e6ringsrig opl\u00f8sning, hvilket sikrer hurtigere kolonisering og h\u00f8jere succesrater sammenlignet med traditionelle sporspr\u00f8jter.<\/p>","protected":false},"featured_media":4547,"comment_status":"open","ping_status":"closed","template":"","meta":[],"product_brand":[32],"product_cat":[68],"product_tag":[],"class_list":{"0":"post-1375","1":"product","2":"type-product","3":"status-publish","4":"has-post-thumbnail","6":"product_brand-mondo","7":"product_cat-liquid-culture-syringe","9":"first","10":"instock","11":"taxable","12":"shipping-taxable","13":"purchasable","14":"product-type-simple"},"jetpack_sharing_enabled":true,"_links":{"self":[{"href":"https:\/\/www.mondogrowkits.com\/da\/wp-json\/wp\/v2\/product\/1375","targetHints":{"allow":["GET"]}}],"collection":[{"href":"https:\/\/www.mondogrowkits.com\/da\/wp-json\/wp\/v2\/product"}],"about":[{"href":"https:\/\/www.mondogrowkits.com\/da\/wp-json\/wp\/v2\/types\/product"}],"replies":[{"embeddable":true,"href":"https:\/\/www.mondogrowkits.com\/da\/wp-json\/wp\/v2\/comments?post=1375"}],"wp:featuredmedia":[{"embeddable":true,"href":"https:\/\/www.mondogrowkits.com\/da\/wp-json\/wp\/v2\/media\/4547"}],"wp:attachment":[{"href":"https:\/\/www.mondogrowkits.com\/da\/wp-json\/wp\/v2\/media?parent=1375"}],"wp:term":[{"taxonomy":"product_brand","embeddable":true,"href":"https:\/\/www.mondogrowkits.com\/da\/wp-json\/wp\/v2\/product_brand?post=1375"},{"taxonomy":"product_cat","embeddable":true,"href":"https:\/\/www.mondogrowkits.com\/da\/wp-json\/wp\/v2\/product_cat?post=1375"},{"taxonomy":"product_tag","embeddable":true,"href":"https:\/\/www.mondogrowkits.com\/da\/wp-json\/wp\/v2\/product_tag?post=1375"}],"curies":[{"name":"wp","href":"https:\/\/api.w.org\/{rel}","templated":true}]}}