{"id":2468,"date":"2026-02-03T12:06:35","date_gmt":"2026-02-03T11:06:35","guid":{"rendered":"https:\/\/www.mondogrowkits.com\/?post_type=product&#038;p=2468"},"modified":"2026-05-11T18:01:02","modified_gmt":"2026-05-11T17:01:02","slug":"vandtageflaske","status":"publish","type":"product","link":"https:\/\/www.mondogrowkits.com\/da\/water-mist-bottle\/","title":{"rendered":"Flaske med vandt\u00e5ge"},"content":{"rendered":"<h3><b>Hvorfor er luftfugtigheden vigtig?<\/b><\/h3>\n<p><span style=\"font-weight: 400;\">Takket v\u00e6re den meget fine t\u00e5ge fordeler den effektivt sm\u00e5 vandpartikler meget j\u00e6vnt i hele v\u00e6kstposen. Med denne t\u00e5geflaske er det nemt at opn\u00e5 en h\u00f8j luftfugtighed i v\u00e6kstposen, hvilket svampene har brug for for at vokse sig store. Luftfugtigheden b\u00f8r holdes omkring 80-90%.<\/span><span style=\"font-weight: 400;\"><br \/>\n<\/span><span style=\"font-weight: 400;\"><br \/>\n<\/span><span style=\"font-weight: 400;\">Hvis man ikke holder svampene i en tilstr\u00e6kkelig h\u00f8j luftfugtighed, kan det f\u00e5 myceliet til at t\u00f8rre ud, hvilket igen f\u00f8rer til, at svampene ikke vokser.<\/span><\/p>\n<h3><b>Let at bruge<\/b><\/h3>\n<p><span style=\"font-weight: 400;\">Den er ergonomisk designet, s\u00e5 du kan spr\u00f8jte vand uden at holde dit h\u00e5ndled i en akavet vinkel. Sammenlignet med konventionelle sprayflasker er det muligt at spr\u00f8jte vand, n\u00e5r den ligger p\u00e5 siden eller p\u00e5 hovedet.<\/span><\/p>","protected":false},"excerpt":{"rendered":"<p><span style=\"font-weight: 400;\">Hold dine svampe i det fugtige milj\u00f8, de fortjener, med denne milde t\u00e5geflaske. Den spr\u00f8jter j\u00e6vnt med en meget fin t\u00e5ge. Brug den, n\u00e5r du ser lidt eller ingen kondens i dyrkningsposen, da b\u00e5de mycelium og svampe kan lide at vokse i meget fugtige milj\u00f8er.<\/span><\/p>","protected":false},"featured_media":3135,"comment_status":"open","ping_status":"closed","template":"","meta":[],"product_brand":[32],"product_cat":[85],"product_tag":[],"class_list":{"0":"post-2468","1":"product","2":"type-product","3":"status-publish","4":"has-post-thumbnail","6":"product_brand-mondo","7":"product_cat-disinfectant-spray-bottles","9":"first","10":"instock","11":"taxable","12":"shipping-taxable","13":"purchasable","14":"product-type-simple"},"jetpack_sharing_enabled":true,"_links":{"self":[{"href":"https:\/\/www.mondogrowkits.com\/da\/wp-json\/wp\/v2\/product\/2468","targetHints":{"allow":["GET"]}}],"collection":[{"href":"https:\/\/www.mondogrowkits.com\/da\/wp-json\/wp\/v2\/product"}],"about":[{"href":"https:\/\/www.mondogrowkits.com\/da\/wp-json\/wp\/v2\/types\/product"}],"replies":[{"embeddable":true,"href":"https:\/\/www.mondogrowkits.com\/da\/wp-json\/wp\/v2\/comments?post=2468"}],"wp:featuredmedia":[{"embeddable":true,"href":"https:\/\/www.mondogrowkits.com\/da\/wp-json\/wp\/v2\/media\/3135"}],"wp:attachment":[{"href":"https:\/\/www.mondogrowkits.com\/da\/wp-json\/wp\/v2\/media?parent=2468"}],"wp:term":[{"taxonomy":"product_brand","embeddable":true,"href":"https:\/\/www.mondogrowkits.com\/da\/wp-json\/wp\/v2\/product_brand?post=2468"},{"taxonomy":"product_cat","embeddable":true,"href":"https:\/\/www.mondogrowkits.com\/da\/wp-json\/wp\/v2\/product_cat?post=2468"},{"taxonomy":"product_tag","embeddable":true,"href":"https:\/\/www.mondogrowkits.com\/da\/wp-json\/wp\/v2\/product_tag?post=2468"}],"curies":[{"name":"wp","href":"https:\/\/api.w.org\/{rel}","templated":true}]}}