{"id":3082,"date":"2026-01-29T13:39:36","date_gmt":"2026-01-29T12:39:36","guid":{"rendered":"https:\/\/www.mondogrowkits.com\/?post_type=product&#038;p=3082"},"modified":"2026-04-28T18:56:08","modified_gmt":"2026-04-28T17:56:08","slug":"yeti-magic-svampedyrkningssaet","status":"publish","type":"product","link":"https:\/\/www.mondogrowkits.com\/da\/yeti-magic-mushroom-grow-kit\/","title":{"rendered":"Yeti - Dyrkningsudstyr til magiske svampe"},"content":{"rendered":"<h1 data-section-id=\"1ou7mm8\" data-start=\"278\" data-end=\"348\">Yeti Magic Mushroom Grow Kit - sj\u00e6lden albino Psilocybe Cubensis-stamme<\/h1><p data-start=\"350\" data-end=\"568\">Den <strong data-start=\"354\" data-end=\"386\">Yeti Magic Mushroom Grow Kit<\/strong> er en sj\u00e6lden og visuelt sl\u00e5ende <strong data-start=\"419\" data-end=\"455\">Psilocybe cubensis albino-stamme<\/strong> der er blevet popul\u00e6r blandt svampedyrkere p\u00e5 grund af sit us\u00e6dvanlige udseende og gode dyrkningsegenskaber.<\/p><p data-start=\"570\" data-end=\"862\">Yeti-svampe kan genkendes p\u00e5 deres <strong data-start=\"609\" data-end=\"647\">lyse st\u00e6ngler og lyse h\u00e6tter<\/strong>, som ofte ser n\u00e6sten hvide ud p\u00e5 grund af deres albino-genetik. I l\u00f8bet af frugtstadiet udvikler disse svampe <strong data-start=\"762\" data-end=\"798\">tykke st\u00e6ngler og velformede h\u00e6tter<\/strong>, De danner ofte t\u00e6tte klynger, som giver en imponerende h\u00f8st.<\/p><p data-start=\"864\" data-end=\"1052\">P\u00e5 grund af sin st\u00e6rke myceliev\u00e6kst og stabile genetik er <strong data-start=\"927\" data-end=\"944\">Yeti v\u00e6ksts\u00e6t<\/strong> er kendt for at levere <strong data-start=\"969\" data-end=\"1013\">p\u00e5lidelig frugts\u00e6tning og ensartede skylninger<\/strong> n\u00e5r den dyrkes under de rigtige forhold.<\/p><p data-start=\"1054\" data-end=\"1220\">Under optimale v\u00e6kstbetingelser dukker de f\u00f8rste svampetapper typisk op inden for <strong data-start=\"1136\" data-end=\"1153\">10 til 14 dage<\/strong>, hvilket g\u00f8r Yeti-dyrkningss\u00e6ttet til en god mulighed for hjemmedyrkning.<\/p><p data-start=\"1222\" data-end=\"1401\">Hvert dyrkningss\u00e6t ankommer <strong data-start=\"1244\" data-end=\"1281\">fuldt koloniseret og klar til at vokse<\/strong>, hvilket betyder, at <a href=\"https:\/\/www.mondogrowkits.com\/da\/steriliseret-substrat\/\">Substrat<\/a> indeholder allerede aktivt mycelium, og dyrkningen kan begynde med det samme med minimal forberedelse.<\/p><hr data-start=\"1403\" data-end=\"1406\" \/><h1 data-section-id=\"lqmyw1\" data-start=\"1408\" data-end=\"1439\">Hvorfor v\u00e6lge Yeti Grow Kit?<\/h1><p data-start=\"1441\" data-end=\"1734\">\u2714 Sj\u00e6lden <strong data-start=\"1448\" data-end=\"1484\">Psilocybe cubensis albino-stamme<\/strong><br data-start=\"1484\" data-end=\"1487\" \/>\u2714 Karakteristiske lyse svampe med unikt udseende<br data-start=\"1538\" data-end=\"1541\" \/>\u2714 Tykke st\u00e6ngler og t\u00e6tte svampeklynger<br data-start=\"1582\" data-end=\"1585\" \/>\u2714 St\u00e6rk myceliev\u00e6kst og p\u00e5lidelig h\u00f8st<br data-start=\"1631\" data-end=\"1634\" \/>\u2714 Flere skylninger mulige fra \u00e9t s\u00e6t<br data-start=\"1674\" data-end=\"1677\" \/>\u2714 Fuldt koloniseret substrat - klar til at vokse med det samme<\/p><p data-start=\"1736\" data-end=\"1852\">Yeti-sorten er is\u00e6r v\u00e6rdsat af avlere, der nyder <strong data-start=\"1799\" data-end=\"1851\">sj\u00e6ldne og visuelt karakteristiske svampesorter<\/strong>.<\/p><hr data-start=\"2273\" data-end=\"2276\" \/><h1 data-section-id=\"2t1372\" data-start=\"2278\" data-end=\"2304\">Ideelle v\u00e6kstbetingelser<\/h1><p data-start=\"2306\" data-end=\"2382\">Yeti-svampe vokser bedst i varme og fugtige omgivelser med indirekte lys.<\/p><p data-start=\"2384\" data-end=\"2415\">Anbefalede v\u00e6kstbetingelser:<\/p><p data-start=\"2417\" data-end=\"2596\"><strong data-start=\"2417\" data-end=\"2433\">Temperatur:<\/strong> 18-27 \u00b0C<br data-start=\"2442\" data-end=\"2445\" \/><strong data-start=\"2445\" data-end=\"2469\">Optimal temperatur:<\/strong> 22-25 \u00b0C<br data-start=\"2478\" data-end=\"2481\" \/><strong data-start=\"2481\" data-end=\"2494\">Belysning:<\/strong> Indirekte dagslys eller omgivende rumlys<br data-start=\"2534\" data-end=\"2537\" \/><strong data-start=\"2537\" data-end=\"2550\">Fugtighed:<\/strong> H\u00f8j luftfugtighed med regelm\u00e6ssig udskiftning af frisk luft<\/p><p data-start=\"2598\" data-end=\"2719\">Kondensvand inde i v\u00e6kstposen hj\u00e6lper med at opretholde det rette fugtighedsniveau. Undg\u00e5 at spr\u00f8jte vand direkte p\u00e5 substratet.<\/p><p data-start=\"2721\" data-end=\"2817\">Sm\u00e5 svampestifter dukker normalt op inden for <strong data-start=\"2763\" data-end=\"2777\">10-14 dage<\/strong>, afh\u00e6ngigt af milj\u00f8forholdene.<\/p><hr data-start=\"2819\" data-end=\"2822\" \/><h1 data-section-id=\"4lzyck\" data-start=\"2824\" data-end=\"2857\">Virkninger af Yeti Magic Mushrooms<\/h1><p data-start=\"2859\" data-end=\"2981\">Den <strong data-start=\"2863\" data-end=\"2897\">Yeti Psilocybe cubensis-stamme<\/strong> er kendt for at levere en <strong data-start=\"2924\" data-end=\"2980\">st\u00e6rk og visuelt fordybende psykedelisk oplevelse<\/strong>.<\/p><p data-start=\"2983\" data-end=\"3017\">Almindeligt rapporterede virkninger omfatter:<\/p><p data-start=\"3019\" data-end=\"3198\">- Forbedrede farver og visuel opfattelse<br data-start=\"3059\" data-end=\"3062\" \/>- St\u00e6rke visuelle m\u00f8nstre og sensorisk forst\u00e6rkning<br data-start=\"3110\" data-end=\"3113\" \/>- Forh\u00f8jet hum\u00f8r og f\u00f8lelse af eufori<br data-start=\"3153\" data-end=\"3156\" \/>- \u00d8get kreativitet og introspektion<\/p><p data-start=\"3200\" data-end=\"3284\">Mange brugere beskriver oplevelsen som <strong data-start=\"3238\" data-end=\"3283\">dyb, farverig og mentalt stimulerende<\/strong>.<\/p><hr data-start=\"3286\" data-end=\"3289\" \/><h1 data-section-id=\"ljcc7e\" data-start=\"3291\" data-end=\"3330\">Komplet alt-i-en-svampedyrkningss\u00e6t<\/h1><p data-start=\"3332\" data-end=\"3430\">Hver enkelt <strong data-start=\"3337\" data-end=\"3369\">Yeti Magic Mushroom Grow Kit<\/strong> indeholder alt, hvad der skal til for at komme i gang med dyrkningen med det samme.<\/p><p data-start=\"3432\" data-end=\"3450\">Dit s\u00e6t indeholder:<\/p><p data-start=\"3452\" data-end=\"3667\">\u2714 Fuldt koloniseret substrat med aktivt mycelium<br data-start=\"3500\" data-end=\"3503\" \/>\u2714 Fugtbevarende substratkomponenter<br data-start=\"3544\" data-end=\"3547\" \/>\u2714 V\u00e6kstpose med integrerede luftfiltre<br data-start=\"3585\" data-end=\"3588\" \/>\u2714 To papirclips til at forsegle dyrkningsposen<br data-start=\"3629\" data-end=\"3632\" \/>\u2714 Detaljerede dyrkningsinstruktioner<\/p><p data-start=\"3669\" data-end=\"3774\">V\u00e6ksts\u00e6ttet er designet til at g\u00f8re <strong data-start=\"3702\" data-end=\"3773\">Dyrkning af magiske svampe - enkelt, effektivt og begyndervenligt<\/strong>.<\/p><hr data-start=\"3776\" data-end=\"3779\" \/><h1 data-section-id=\"3kfd2k\" data-start=\"3781\" data-end=\"3814\">S\u00e5dan dyrker du - hurtig start-guide<\/h1><p data-start=\"3816\" data-end=\"3901\">Dyrkning af svampe med <strong data-start=\"3843\" data-end=\"3860\">Yeti v\u00e6ksts\u00e6t<\/strong> er enkel og kr\u00e6ver kun f\u00e5 trin.<\/p><ol data-start=\"3903\" data-end=\"4248\">\n<li data-section-id=\"x1d9t\" data-start=\"3903\" data-end=\"3962\">\n<p data-start=\"3906\" data-end=\"3962\">Vask dine h\u00e6nder, og reng\u00f8r ydersiden af v\u00e6ksts\u00e6ttet.<\/p>\n<\/li>\n<li data-section-id=\"hci7ne\" data-start=\"3963\" data-end=\"4026\">\n<p data-start=\"3966\" data-end=\"4026\">Tag l\u00e5get af, og fyld beholderen med lunkent vand.<\/p>\n<\/li>\n<li data-section-id=\"owtwed\" data-start=\"4027\" data-end=\"4074\">\n<p data-start=\"4030\" data-end=\"4074\">Lad underlaget ligge i bl\u00f8d i <strong data-start=\"4057\" data-end=\"4071\">8-12 timer<\/strong>.<\/p>\n<\/li>\n<li data-section-id=\"5aqy5l\" data-start=\"4075\" data-end=\"4113\">\n<p data-start=\"4078\" data-end=\"4113\">Dr\u00e6n det overskydende vand omhyggeligt.<\/p>\n<\/li>\n<li data-section-id=\"9asdz4\" data-start=\"4114\" data-end=\"4190\">\n<p data-start=\"4117\" data-end=\"4190\">Placer dyrkningss\u00e6ttet i dyrkningsposen, og forsegl den med papirklipsene.<\/p>\n<\/li>\n<li data-section-id=\"1fhyrkq\" data-start=\"4191\" data-end=\"4248\">\n<p data-start=\"4194\" data-end=\"4248\">Opbevar v\u00e6kstposen et varmt sted med indirekte lys.<\/p>\n<\/li>\n<\/ol><p data-start=\"4250\" data-end=\"4389\">Inden for <strong data-start=\"4257\" data-end=\"4271\">10-14 dage<\/strong>, S\u00e5 begynder der at komme sm\u00e5 svampestifter frem. H\u00f8st svampene, n\u00e5r de <strong data-start=\"4346\" data-end=\"4388\">sl\u00f8ret under h\u00e6tten begynder at revne<\/strong>.<\/p><p data-start=\"4391\" data-end=\"4473\">Efter h\u00f8sten kan dyrkningss\u00e6ttet <strong data-start=\"4429\" data-end=\"4442\">gennembl\u00f8dt igen<\/strong> for at producere yderligere skylninger.<\/p><p data-start=\"4475\" data-end=\"4541\">Med den rette pleje kan et dyrkningss\u00e6t producere <strong data-start=\"4518\" data-end=\"4540\">op til fire skylninger<\/strong>.<\/p><hr data-start=\"4543\" data-end=\"4546\" \/><h1 data-section-id=\"ybm8az\" data-start=\"4548\" data-end=\"4570\">Opbevaring og holdbarhed<\/h1><p data-start=\"4572\" data-end=\"4634\">Opbevar det u\u00e5bnede dyrkningss\u00e6t i <strong data-start=\"4607\" data-end=\"4633\">k\u00f8leskab ved 2-8 \u00b0C<\/strong>.<\/p><p data-start=\"4636\" data-end=\"4676\">Holdbarhed: <strong data-start=\"4648\" data-end=\"4676\">3-6 m\u00e5neder i u\u00e5bnet tilstand<\/strong><\/p><p data-start=\"4678\" data-end=\"4777\">For at opn\u00e5 de bedste resultater anbefales det at starte dyrkningen <strong data-start=\"4739\" data-end=\"4776\">kort efter at have modtaget v\u00e6ksts\u00e6ttet<\/strong>.<\/p><hr data-start=\"4779\" data-end=\"4782\" \/><h1 data-section-id=\"1qgfiv8\" data-start=\"4784\" data-end=\"4809\">Lovlig og ansvarlig brug<\/h1><p data-start=\"4811\" data-end=\"4966\">Magiske svampe er reguleret i mange lande. I nogle regioner, <strong data-start=\"4877\" data-end=\"4925\">Dyrkningss\u00e6t og tr\u00f8fler forbliver lovlige produkter<\/strong>, mens de i andre tilf\u00e6lde kan v\u00e6re begr\u00e6nsede.<\/p><p data-start=\"4968\" data-end=\"5045\">Tjek altid <strong data-start=\"4981\" data-end=\"5011\">lokale love og regler<\/strong> f\u00f8r du k\u00f8ber eller dyrker.<\/p><p data-start=\"5047\" data-end=\"5206\"><a href=\"https:\/\/www.mondogrowkits.com\/da\/what-is-psilocybin\/\">Psilocybin<\/a> svampe betragtes som <strong data-start=\"5083\" data-end=\"5100\">ikke-vanedannende<\/strong>, men de kan have st\u00e6rke psykologiske effekter. Ansvarlig brug i et sikkert milj\u00f8 anbefales.<\/p><hr data-start=\"5208\" data-end=\"5211\" \/><h1 data-section-id=\"1u8mgu1\" data-start=\"5213\" data-end=\"5260\">Bestil dit Yeti Magic Mushroom Grow Kit i dag<\/h1><p data-start=\"5262\" data-end=\"5408\">Den <strong data-start=\"5266\" data-end=\"5298\">Yeti Magic Mushroom Grow Kit<\/strong> tilbyder en givende dyrkningsoplevelse med sj\u00e6ldne albinosvampe, p\u00e5lidelig v\u00e6kst og flere h\u00f8ster.<\/p><p data-start=\"5410\" data-end=\"5566\">Med sit karakteristiske udseende og st\u00e6rke genetik er Yeti blevet en af de <strong data-start=\"5490\" data-end=\"5565\">De mest unikke Psilocybe cubensis-dyrkningss\u00e6t, der findes til hjemmedyrkning<\/strong>.<\/p><p data-start=\"5568\" data-end=\"5663\">Bestil din <strong data-start=\"5579\" data-end=\"5617\">Yeti Magic Mushroom Grow Kit i dag<\/strong> og begynde at dyrke dine egne svampe derhjemme.<\/p>","protected":false},"excerpt":{"rendered":"<p>Yeti magic mushroom grow kit er en sj\u00e6lden og meget potent Psilocybe cubensis-stamme, der producerer t\u00e6tte, albino-lignende frugtlegemer med st\u00e6rk kolonisering. F\u00e5s som et 1200cc-s\u00e6t til erfarne dyrkere. En af de mest efterspurgte avancerede stammer i moderne hjemmedyrkning.<\/p>","protected":false},"featured_media":4675,"comment_status":"open","ping_status":"closed","template":"","meta":[],"product_brand":[32],"product_cat":[17],"product_tag":[],"class_list":{"0":"post-3082","1":"product","2":"type-product","3":"status-publish","4":"has-post-thumbnail","6":"product_brand-mondo","7":"product_cat-magic-mushroom-grow-kits","9":"first","10":"instock","11":"taxable","12":"shipping-taxable","13":"purchasable","14":"product-type-simple"},"jetpack_sharing_enabled":true,"_links":{"self":[{"href":"https:\/\/www.mondogrowkits.com\/da\/wp-json\/wp\/v2\/product\/3082","targetHints":{"allow":["GET"]}}],"collection":[{"href":"https:\/\/www.mondogrowkits.com\/da\/wp-json\/wp\/v2\/product"}],"about":[{"href":"https:\/\/www.mondogrowkits.com\/da\/wp-json\/wp\/v2\/types\/product"}],"replies":[{"embeddable":true,"href":"https:\/\/www.mondogrowkits.com\/da\/wp-json\/wp\/v2\/comments?post=3082"}],"wp:featuredmedia":[{"embeddable":true,"href":"https:\/\/www.mondogrowkits.com\/da\/wp-json\/wp\/v2\/media\/4675"}],"wp:attachment":[{"href":"https:\/\/www.mondogrowkits.com\/da\/wp-json\/wp\/v2\/media?parent=3082"}],"wp:term":[{"taxonomy":"product_brand","embeddable":true,"href":"https:\/\/www.mondogrowkits.com\/da\/wp-json\/wp\/v2\/product_brand?post=3082"},{"taxonomy":"product_cat","embeddable":true,"href":"https:\/\/www.mondogrowkits.com\/da\/wp-json\/wp\/v2\/product_cat?post=3082"},{"taxonomy":"product_tag","embeddable":true,"href":"https:\/\/www.mondogrowkits.com\/da\/wp-json\/wp\/v2\/product_tag?post=3082"}],"curies":[{"name":"wp","href":"https:\/\/api.w.org\/{rel}","templated":true}]}}