{"id":2244,"date":"2025-11-03T14:16:00","date_gmt":"2025-11-03T14:16:00","guid":{"rendered":"https:\/\/www.mondogrowkits.com\/?page_id=2244"},"modified":"2026-03-11T14:39:33","modified_gmt":"2026-03-11T13:39:33","slug":"zahlungsmoglichkeiten","status":"publish","type":"page","link":"https:\/\/www.mondogrowkits.com\/de\/payment-options\/","title":{"rendered":"Zahlungsm\u00f6glichkeiten"},"content":{"rendered":"<section class=\"section\" id=\"section_2113093538\">\n\t\t<div class=\"section-bg fill\" >\n\t\t\t\t\t\t\t\t\t\n\t\t\t\n\n\t\t<\/div>\n\n\t\t\n\n\t\t<div class=\"section-content relative\">\n\t\t\t\n\n<div class=\"row align-equal\"  id=\"row-1220954798\">\n\n\n\t<div id=\"col-1729482610\" class=\"col small-12 large-12\"  >\n\t\t\t\t<div class=\"col-inner\" style=\"background-color:rgb(255,255,255);\" >\n\t\t\t\n\t<div class=\"is-border\"\n\t\tstyle=\"border-color:rgb(213, 90, 70);border-radius:10px;border-width:0px 0px 0px 0px;\">\n\t<\/div>\n\t\t\t\n\n\t<div id=\"text-3565525618\" class=\"text\">\n\t\t\n\n<h1>Sichere Zahlungsm\u00f6glichkeiten bei Mondo Growkits<\/h1>\n\t\t\n<style>\n#text-3565525618 {\n  font-size: 1.25rem;\n  color: #1c4882;\n}\n#text-3565525618 > * {\n  color: #1c4882;\n}\n<\/style>\n\t<\/div>\n\t\n\n\t\t<\/div>\n\t\t\t\t\n<style>\n#col-1729482610 > .col-inner {\n  padding: 20px 20px 20px 20px;\n  border-radius: 10px;\n}\n<\/style>\n\t<\/div>\n\n\t\n\n<\/div>\n<div class=\"row align-equal\"  id=\"row-2053195071\">\n\n\n\t<div id=\"col-1722128507\" class=\"col medium-4 small-12 large-4\"  >\n\t\t\t\t<div class=\"col-inner\"  >\n\t\t\t\n\t<div class=\"is-border\"\n\t\tstyle=\"border-color:rgb(219, 219, 219);border-radius:5px;border-width:1px 1px 1px 1px;\">\n\t<\/div>\n\t\t\t\n\n\n\t\t<div class=\"icon-box featured-box icon-box-top text-left\"  >\n\t\t\t\t\t<div class=\"icon-box-img\" style=\"width: 106px\">\n\t\t\t\t<div class=\"icon\">\n\t\t\t\t\t<div class=\"icon-inner\" >\n\t\t\t\t\t\t<img decoding=\"async\" width=\"692\" height=\"215\" src=\"https:\/\/www.mondogrowkits.com\/wp-content\/uploads\/2026\/02\/visa-mastercard.jpg\" class=\"attachment-medium size-medium\" alt=\"\" srcset=\"https:\/\/www.mondogrowkits.com\/wp-content\/uploads\/2026\/02\/visa-mastercard.jpg 692w, https:\/\/www.mondogrowkits.com\/wp-content\/uploads\/2026\/02\/visa-mastercard-18x6.jpg 18w, https:\/\/www.mondogrowkits.com\/wp-content\/uploads\/2026\/02\/visa-mastercard-510x158.jpg 510w\" sizes=\"(max-width: 692px) 100vw, 692px\" title=\"\">\t\t\t\t\t<\/div>\n\t\t\t\t<\/div>\n\t\t\t<\/div>\n\t\t\t\t<div class=\"icon-box-text last-reset\">\n\t\t\t\t\t\t\t\t\t\n\n<h4 data-section-id=\"169n0d\" data-start=\"493\" data-end=\"528\">Kreditkarte (Visa &amp; Mastercard)<\/h4>\n<p data-start=\"529\" data-end=\"712\">Sie k\u00f6nnen schnell und sicher bezahlen mit Ihrem <strong data-start=\"573\" data-end=\"607\">Visa- oder Mastercard-Kreditkarte<\/strong>. Zahlungen per Kreditkarte werden sofort verarbeitet, sodass wir Ihre Bestellung ohne Verz\u00f6gerung bearbeiten und versenden k\u00f6nnen.<\/p>\n\n\t\t<\/div>\n\t<\/div>\n\t\n\t\n\n\t\t<\/div>\n\t\t\t\t\n<style>\n#col-1722128507 > .col-inner {\n  padding: 20px 20px 20px 20px;\n}\n<\/style>\n\t<\/div>\n\n\t\n\n\t<div id=\"col-1167467974\" class=\"col medium-4 small-12 large-4\"  >\n\t\t\t\t<div class=\"col-inner\"  >\n\t\t\t\n\t<div class=\"is-border\"\n\t\tstyle=\"border-color:rgb(219, 219, 219);border-radius:5px;border-width:1px 1px 1px 1px;\">\n\t<\/div>\n\t\t\t\n\n\n\t\t<div class=\"icon-box featured-box icon-box-top text-left\"  >\n\t\t\t\t\t<div class=\"icon-box-img\" style=\"width: 68px\">\n\t\t\t\t<div class=\"icon\">\n\t\t\t\t\t<div class=\"icon-inner\" >\n\t\t\t\t\t\t<img decoding=\"async\" width=\"381\" height=\"132\" src=\"https:\/\/www.mondogrowkits.com\/wp-content\/uploads\/2026\/03\/sepa-bank-transfer.png\" class=\"attachment-medium size-medium\" alt=\"\" srcset=\"https:\/\/www.mondogrowkits.com\/wp-content\/uploads\/2026\/03\/sepa-bank-transfer.png 381w, https:\/\/www.mondogrowkits.com\/wp-content\/uploads\/2026\/03\/sepa-bank-transfer-18x6.png 18w\" sizes=\"(max-width: 381px) 100vw, 381px\" title=\"\">\t\t\t\t\t<\/div>\n\t\t\t\t<\/div>\n\t\t\t<\/div>\n\t\t\t\t<div class=\"icon-box-text last-reset\">\n\t\t\t\t\t\t\t\t\t\n\n<h4 data-section-id=\"s3b8kd\" data-start=\"961\" data-end=\"988\">Bank\u00fcberweisung SEPA<\/h4>\n<p data-start=\"989\" data-end=\"1267\">Mit <strong data-start=\"994\" data-end=\"1016\">SEPA-\u00dcberweisung<\/strong>, Kunden innerhalb der EU k\u00f6nnen die Zahlung direkt von ihrem Bankkonto \u00fcberweisen. Sobald die Zahlung eingegangen ist und best\u00e4tigt wurde, wird Ihre Bestellung f\u00fcr den Versand vorbereitet. Abh\u00e4ngig von Ihrer Bank dauern SEPA-\u00dcberweisungen in der Regel <strong data-start=\"1245\" data-end=\"1266\">1-2 Arbeitstage<\/strong>.<\/p>\n\n\t\t<\/div>\n\t<\/div>\n\t\n\t\n\n\t\t<\/div>\n\t\t\t\t\n<style>\n#col-1167467974 > .col-inner {\n  padding: 20px 20px 20px 20px;\n}\n<\/style>\n\t<\/div>\n\n\t\n\n\t<div id=\"col-1651393823\" class=\"col medium-4 small-12 large-4\"  >\n\t\t\t\t<div class=\"col-inner\"  >\n\t\t\t\n\t<div class=\"is-border\"\n\t\tstyle=\"border-color:rgb(219, 219, 219);border-radius:5px;border-width:1px 1px 1px 1px;\">\n\t<\/div>\n\t\t\t\n\n\n\t\t<div class=\"icon-box featured-box icon-box-top text-left\"  >\n\t\t\t\t\t<div class=\"icon-box-img\" style=\"width: 31px\">\n\t\t\t\t<div class=\"icon\">\n\t\t\t\t\t<div class=\"icon-inner\" >\n\t\t\t\t\t\t<img decoding=\"async\" width=\"400\" height=\"400\" src=\"https:\/\/www.mondogrowkits.com\/wp-content\/uploads\/2026\/02\/international-banktransfer-400x400.jpg\" class=\"attachment-medium size-medium\" alt=\"\" srcset=\"https:\/\/www.mondogrowkits.com\/wp-content\/uploads\/2026\/02\/international-banktransfer-400x400.jpg 400w, https:\/\/www.mondogrowkits.com\/wp-content\/uploads\/2026\/02\/international-banktransfer-100x100.jpg 100w, https:\/\/www.mondogrowkits.com\/wp-content\/uploads\/2026\/02\/international-banktransfer-280x280.jpg 280w, https:\/\/www.mondogrowkits.com\/wp-content\/uploads\/2026\/02\/international-banktransfer-12x12.jpg 12w, https:\/\/www.mondogrowkits.com\/wp-content\/uploads\/2026\/02\/international-banktransfer-510x510.jpg 510w, https:\/\/www.mondogrowkits.com\/wp-content\/uploads\/2026\/02\/international-banktransfer.jpg 612w\" sizes=\"(max-width: 400px) 100vw, 400px\" title=\"\">\t\t\t\t\t<\/div>\n\t\t\t\t<\/div>\n\t\t\t<\/div>\n\t\t\t\t<div class=\"icon-box-text last-reset\">\n\t\t\t\t\t\t\t\t\t\n\n<h4 data-section-id=\"14064u2\" data-start=\"1269\" data-end=\"1314\">Internationale Bank\u00fcberweisung (UK &amp; Nicht-EU)<\/h4>\n<p data-start=\"1315\" data-end=\"1595\">Kunden aus dem <strong data-start=\"1334\" data-end=\"1381\">Vereinigtes K\u00f6nigreich und bestimmte Nicht-EU-L\u00e4nder<\/strong> k\u00f6nnen mit einer internationalen Bank\u00fcberweisung bezahlen. Nachdem Sie Ihre Bestellung aufgegeben haben, erhalten Sie die erforderlichen Bankdaten, um die Zahlung abzuschlie\u00dfen. Die Bearbeitungszeit h\u00e4ngt von Ihrer Bank ab und kann dauern <strong data-start=\"1573\" data-end=\"1594\">1-3 Arbeitstage<\/strong>.<\/p>\n\n\n\t\t<\/div>\n\t<\/div>\n\t\n\t\n\n\t\t<\/div>\n\t\t\t\t\n<style>\n#col-1651393823 > .col-inner {\n  padding: 20px 20px 20px 20px;\n}\n<\/style>\n\t<\/div>\n\n\t\n\n<\/div>\n<div class=\"row align-equal\"  id=\"row-1944960782\">\n\n\n\t<div id=\"col-1640931360\" class=\"col medium-4 small-12 large-4\"  >\n\t\t\t\t<div class=\"col-inner\"  >\n\t\t\t\n\t<div class=\"is-border\"\n\t\tstyle=\"border-color:rgb(219, 219, 219);border-radius:5px;border-width:1px 1px 1px 1px;\">\n\t<\/div>\n\t\t\t\n\n\n\t\t<div class=\"icon-box featured-box icon-box-top text-left\"  >\n\t\t\t\t\t<div class=\"icon-box-img\" style=\"width: 61px\">\n\t\t\t\t<div class=\"icon\">\n\t\t\t\t\t<div class=\"icon-inner\" >\n\t\t\t\t\t\t<img decoding=\"async\" width=\"400\" height=\"400\" src=\"https:\/\/www.mondogrowkits.com\/wp-content\/uploads\/2026\/02\/bank_transfer-512-400x400.png\" class=\"attachment-medium size-medium\" alt=\"\" srcset=\"https:\/\/www.mondogrowkits.com\/wp-content\/uploads\/2026\/02\/bank_transfer-512-400x400.png 400w, https:\/\/www.mondogrowkits.com\/wp-content\/uploads\/2026\/02\/bank_transfer-512-e1772294500944-100x100.png 100w, https:\/\/www.mondogrowkits.com\/wp-content\/uploads\/2026\/02\/bank_transfer-512-e1772294500944-280x280.png 280w\" sizes=\"(max-width: 400px) 100vw, 400px\" title=\"\">\t\t\t\t\t<\/div>\n\t\t\t\t<\/div>\n\t\t\t<\/div>\n\t\t\t\t<div class=\"icon-box-text last-reset\">\n\t\t\t\t\t\t\t\t\t\n\n<h4 data-section-id=\"o4mss0\" data-start=\"714\" data-end=\"743\">Echtzeit\u00fcberweisung (EU)<\/h4>\n<p data-start=\"744\" data-end=\"959\">Kunden innerhalb der <strong data-start=\"765\" data-end=\"783\">Europ\u00e4ische Union<\/strong> k\u00f6nnen Instant Bank Payment nutzen, um ihre Zahlung direkt \u00fcber ihre Online-Banking-Umgebung abzuwickeln. Die Zahlungen werden sofort verarbeitet, was eine schnellere Auftragsabwicklung erm\u00f6glicht.<\/p>\n\n\t\t<\/div>\n\t<\/div>\n\t\n\t\n\n\t\t<\/div>\n\t\t\t\t\n<style>\n#col-1640931360 > .col-inner {\n  padding: 20px 20px 20px 20px;\n}\n<\/style>\n\t<\/div>\n\n\t\n\n\t<div id=\"col-111437146\" class=\"col medium-4 small-12 large-4\"  >\n\t\t\t\t<div class=\"col-inner\"  >\n\t\t\t\n\t<div class=\"is-border\"\n\t\tstyle=\"border-color:rgb(219, 219, 219);border-radius:5px;border-width:1px 1px 1px 1px;\">\n\t<\/div>\n\t\t\t\n\n\n\t\t<div class=\"icon-box featured-box icon-box-top text-left\"  >\n\t\t\t\t\t<div class=\"icon-box-img\" style=\"width: 54px\">\n\t\t\t\t<div class=\"icon\">\n\t\t\t\t\t<div class=\"icon-inner\" >\n\t\t\t\t\t\t<img decoding=\"async\" width=\"400\" height=\"400\" src=\"https:\/\/www.mondogrowkits.com\/wp-content\/uploads\/2026\/03\/IDEAL_logo-400x400.webp\" class=\"attachment-medium size-medium\" alt=\"\" srcset=\"https:\/\/www.mondogrowkits.com\/wp-content\/uploads\/2026\/03\/IDEAL_logo-400x400.webp 400w, https:\/\/www.mondogrowkits.com\/wp-content\/uploads\/2026\/03\/IDEAL_logo-100x100.webp 100w, https:\/\/www.mondogrowkits.com\/wp-content\/uploads\/2026\/03\/IDEAL_logo-1000x1000.webp 1000w, https:\/\/www.mondogrowkits.com\/wp-content\/uploads\/2026\/03\/IDEAL_logo-800x800.webp 800w, https:\/\/www.mondogrowkits.com\/wp-content\/uploads\/2026\/03\/IDEAL_logo-280x280.webp 280w, https:\/\/www.mondogrowkits.com\/wp-content\/uploads\/2026\/03\/IDEAL_logo-768x768.webp 768w, https:\/\/www.mondogrowkits.com\/wp-content\/uploads\/2026\/03\/IDEAL_logo-12x12.webp 12w, https:\/\/www.mondogrowkits.com\/wp-content\/uploads\/2026\/03\/IDEAL_logo.webp 1040w\" sizes=\"(max-width: 400px) 100vw, 400px\" title=\"\">\t\t\t\t\t<\/div>\n\t\t\t\t<\/div>\n\t\t\t<\/div>\n\t\t\t\t<div class=\"icon-box-text last-reset\">\n\t\t\t\t\t\t\t\t\t\n\n<h4 data-section-id=\"7qo9c3\" data-start=\"1597\" data-end=\"1606\">iDEAL<\/h4>\n<p data-start=\"1607\" data-end=\"1794\">F\u00fcr Kunden in der <strong data-start=\"1628\" data-end=\"1643\">Niederlande<\/strong>, bieten wir <strong data-start=\"1654\" data-end=\"1663\">iDEAL<\/strong>, die am weitesten verbreitete Online-Zahlungsmethode in diesem Land. Die Zahlungen werden sofort \u00fcber Ihre eigene Bankumgebung abgewickelt.<\/p>\n\n\t\t<\/div>\n\t<\/div>\n\t\n\t\n\n\t\t<\/div>\n\t\t\t\t\n<style>\n#col-111437146 > .col-inner {\n  padding: 20px 20px 20px 20px;\n}\n<\/style>\n\t<\/div>\n\n\t\n\n\t<div id=\"col-1682293041\" class=\"col medium-4 small-12 large-4\"  >\n\t\t\t\t<div class=\"col-inner\"  >\n\t\t\t\n\t<div class=\"is-border\"\n\t\tstyle=\"border-color:rgb(219, 219, 219);border-radius:5px;border-width:1px 1px 1px 1px;\">\n\t<\/div>\n\t\t\t\n\n\n\t\t<div class=\"icon-box featured-box icon-box-top text-left\"  >\n\t\t\t\t\t<div class=\"icon-box-img\" style=\"width: 83px\">\n\t\t\t\t<div class=\"icon\">\n\t\t\t\t\t<div class=\"icon-inner\" >\n\t\t\t\t\t\t<img decoding=\"async\" width=\"302\" height=\"223\" src=\"https:\/\/www.mondogrowkits.com\/wp-content\/uploads\/2026\/03\/bancontact_logo-302x223-1.jpg\" class=\"attachment-medium size-medium\" alt=\"\" srcset=\"https:\/\/www.mondogrowkits.com\/wp-content\/uploads\/2026\/03\/bancontact_logo-302x223-1.jpg 302w, https:\/\/www.mondogrowkits.com\/wp-content\/uploads\/2026\/03\/bancontact_logo-302x223-1-16x12.jpg 16w\" sizes=\"(max-width: 302px) 100vw, 302px\" title=\"\">\t\t\t\t\t<\/div>\n\t\t\t\t<\/div>\n\t\t\t<\/div>\n\t\t\t\t<div class=\"icon-box-text last-reset\">\n\t\t\t\t\t\t\t\t\t\n\n<h4 data-section-id=\"43zw6j\" data-start=\"1796\" data-end=\"1810\">Bancontact<\/h4>\n<p data-start=\"1811\" data-end=\"1954\">Kunden in <strong data-start=\"1824\" data-end=\"1835\">Belgien<\/strong> verwenden k\u00f6nnen <strong data-start=\"1844\" data-end=\"1858\">Bancontact<\/strong>, eine sichere und vertrauensw\u00fcrdige Zahlungsmethode, die direkte Zahlungen \u00fcber belgische Bankkonten erm\u00f6glicht.<\/p>\n\n\t\t<\/div>\n\t<\/div>\n\t\n\t\n\n\t\t<\/div>\n\t\t\t\t\n<style>\n#col-1682293041 > .col-inner {\n  padding: 20px 20px 20px 20px;\n}\n<\/style>\n\t<\/div>\n\n\t\n\n<\/div>\n<div class=\"row align-equal\"  id=\"row-1970829927\">\n\n\n\t<div id=\"col-1412821254\" class=\"col medium-4 small-12 large-4\"  >\n\t\t\t\t<div class=\"col-inner\"  >\n\t\t\t\n\t<div class=\"is-border\"\n\t\tstyle=\"border-color:rgb(219, 219, 219);border-radius:5px;border-width:1px 1px 1px 1px;\">\n\t<\/div>\n\t\t\t\n\n\n\t\t<div class=\"icon-box featured-box icon-box-top text-left\"  >\n\t\t\t\t\t<div class=\"icon-box-img\" style=\"width: 46px\">\n\t\t\t\t<div class=\"icon\">\n\t\t\t\t\t<div class=\"icon-inner\" >\n\t\t\t\t\t\t<img decoding=\"async\" width=\"286\" height=\"176\" src=\"https:\/\/www.mondogrowkits.com\/wp-content\/uploads\/2026\/03\/images.png\" class=\"attachment-medium size-medium\" alt=\"\" srcset=\"https:\/\/www.mondogrowkits.com\/wp-content\/uploads\/2026\/03\/images.png 286w, https:\/\/www.mondogrowkits.com\/wp-content\/uploads\/2026\/03\/images-18x12.png 18w\" sizes=\"(max-width: 286px) 100vw, 286px\" title=\"\">\t\t\t\t\t<\/div>\n\t\t\t\t<\/div>\n\t\t\t<\/div>\n\t\t\t\t<div class=\"icon-box-text last-reset\">\n\t\t\t\t\t\t\t\t\t\n\n<h4 data-section-id=\"1xxfaf4\" data-start=\"1956\" data-end=\"1963\">EPS<\/h4>\n<p data-start=\"1964\" data-end=\"2122\"><strong data-start=\"1964\" data-end=\"1971\">EPS<\/strong> ist eine sichere Online-Zahlungsmethode, die h\u00e4ufig in <strong data-start=\"2023\" data-end=\"2034\">\u00d6sterreich<\/strong>. Die Kunden k\u00f6nnen ihre Zahlung direkt \u00fcber ihr eigenes Online-Banking-System abwickeln.<\/p>\n\n\t\t<\/div>\n\t<\/div>\n\t\n\t\n\n\t\t<\/div>\n\t\t\t\t\n<style>\n#col-1412821254 > .col-inner {\n  padding: 20px 20px 20px 20px;\n}\n<\/style>\n\t<\/div>\n\n\t\n\n\t<div id=\"col-398144178\" class=\"col medium-4 small-12 large-4\"  >\n\t\t\t\t<div class=\"col-inner\"  >\n\t\t\t\n\t<div class=\"is-border\"\n\t\tstyle=\"border-color:rgb(219, 219, 219);border-radius:5px;border-width:1px 1px 1px 1px;\">\n\t<\/div>\n\t\t\t\n\n\n\t\t<div class=\"icon-box featured-box icon-box-top text-left\"  >\n\t\t\t\t\t<div class=\"icon-box-img\" style=\"width: 68px\">\n\t\t\t\t<div class=\"icon\">\n\t\t\t\t\t<div class=\"icon-inner\" >\n\t\t\t\t\t\t<img decoding=\"async\" width=\"302\" height=\"110\" src=\"https:\/\/www.mondogrowkits.com\/wp-content\/uploads\/2026\/03\/onlineuberweisen-302x110-1.png\" class=\"attachment-medium size-medium\" alt=\"\" srcset=\"https:\/\/www.mondogrowkits.com\/wp-content\/uploads\/2026\/03\/onlineuberweisen-302x110-1.png 302w, https:\/\/www.mondogrowkits.com\/wp-content\/uploads\/2026\/03\/onlineuberweisen-302x110-1-18x7.png 18w\" sizes=\"(max-width: 302px) 100vw, 302px\" title=\"\">\t\t\t\t\t<\/div>\n\t\t\t\t<\/div>\n\t\t\t<\/div>\n\t\t\t\t<div class=\"icon-box-text last-reset\">\n\t\t\t\t\t\t\t\t\t\n\n<h4 data-section-id=\"4dzag3\" data-start=\"2124\" data-end=\"2144\">Online-\u00dcberweisungen<\/h4>\n<p data-start=\"2145\" data-end=\"2302\">Kunden in <strong data-start=\"2158\" data-end=\"2169\">Deutschland<\/strong> verwenden k\u00f6nnen <strong data-start=\"2178\" data-end=\"2198\">Online-\u00dcberweisungen<\/strong>, eine schnelle und sichere Zahlungsmethode, die direkte Zahlungen \u00fcber ihre Online-Banking-Umgebung erm\u00f6glicht.<\/p>\n\n\t\t<\/div>\n\t<\/div>\n\t\n\t\n\n\t\t<\/div>\n\t\t\t\t\n<style>\n#col-398144178 > .col-inner {\n  padding: 20px 20px 20px 20px;\n}\n<\/style>\n\t<\/div>\n\n\t\n\n\t<div id=\"col-2118668010\" class=\"col medium-4 small-12 large-4\"  >\n\t\t\t\t<div class=\"col-inner\"  >\n\t\t\t\n\t<div class=\"is-border\"\n\t\tstyle=\"border-color:rgb(219, 219, 219);border-radius:5px;border-width:1px 1px 1px 1px;\">\n\t<\/div>\n\t\t\t\n\n\n\t\t<div class=\"icon-box featured-box icon-box-top text-left\"  >\n\t\t\t\t\t<div class=\"icon-box-img\" style=\"width: 31px\">\n\t\t\t\t<div class=\"icon\">\n\t\t\t\t\t<div class=\"icon-inner\" >\n\t\t\t\t\t\t<img decoding=\"async\" width=\"250\" height=\"250\" src=\"https:\/\/www.mondogrowkits.com\/wp-content\/uploads\/2026\/03\/Bitcoin.svg-1.webp\" class=\"attachment-medium size-medium\" alt=\"\" srcset=\"https:\/\/www.mondogrowkits.com\/wp-content\/uploads\/2026\/03\/Bitcoin.svg-1.webp 250w, https:\/\/www.mondogrowkits.com\/wp-content\/uploads\/2026\/03\/Bitcoin.svg-1-100x100.webp 100w, https:\/\/www.mondogrowkits.com\/wp-content\/uploads\/2026\/03\/Bitcoin.svg-1-12x12.webp 12w, https:\/\/www.mondogrowkits.com\/wp-content\/uploads\/2026\/03\/Bitcoin.svg-1-247x247.webp 247w\" sizes=\"(max-width: 250px) 100vw, 250px\" title=\"\">\t\t\t\t\t<\/div>\n\t\t\t\t<\/div>\n\t\t\t<\/div>\n\t\t\t\t<div class=\"icon-box-text last-reset\">\n\t\t\t\t\t\t\t\t\t\n\n<h4 data-section-id=\"c4ymk2\" data-start=\"2462\" data-end=\"2473\">Bitcoin<\/h4>\n<p data-start=\"2474\" data-end=\"2651\">Wir akzeptieren auch <strong data-start=\"2489\" data-end=\"2509\">Bitcoin-Zahlungen<\/strong> f\u00fcr Kunden, die lieber mit Kryptow\u00e4hrung bezahlen. Sobald die Transaktion in der Blockchain best\u00e4tigt wurde, wird Ihre Bestellung bearbeitet.<\/p>\n\n\t\t<\/div>\n\t<\/div>\n\t\n\t\n\n\t\t<\/div>\n\t\t\t\t\n<style>\n#col-2118668010 > .col-inner {\n  padding: 20px 20px 20px 20px;\n}\n<\/style>\n\t<\/div>\n\n\t\n\n<\/div>\n\n\t\t<\/div>\n\n\t\t\n<style>\n#section_2113093538 {\n  padding-top: 30px;\n  padding-bottom: 30px;\n}\n<\/style>\n\t<\/section>","protected":false},"excerpt":{"rendered":"","protected":false},"author":1,"featured_media":0,"parent":0,"menu_order":0,"comment_status":"closed","ping_status":"closed","template":"page-blank.php","meta":{"footnotes":""},"class_list":["post-2244","page","type-page","status-publish","hentry"],"jetpack_sharing_enabled":true,"_links":{"self":[{"href":"https:\/\/www.mondogrowkits.com\/de\/wp-json\/wp\/v2\/pages\/2244","targetHints":{"allow":["GET"]}}],"collection":[{"href":"https:\/\/www.mondogrowkits.com\/de\/wp-json\/wp\/v2\/pages"}],"about":[{"href":"https:\/\/www.mondogrowkits.com\/de\/wp-json\/wp\/v2\/types\/page"}],"author":[{"embeddable":true,"href":"https:\/\/www.mondogrowkits.com\/de\/wp-json\/wp\/v2\/users\/1"}],"replies":[{"embeddable":true,"href":"https:\/\/www.mondogrowkits.com\/de\/wp-json\/wp\/v2\/comments?post=2244"}],"version-history":[{"count":8,"href":"https:\/\/www.mondogrowkits.com\/de\/wp-json\/wp\/v2\/pages\/2244\/revisions"}],"predecessor-version":[{"id":4302,"href":"https:\/\/www.mondogrowkits.com\/de\/wp-json\/wp\/v2\/pages\/2244\/revisions\/4302"}],"wp:attachment":[{"href":"https:\/\/www.mondogrowkits.com\/de\/wp-json\/wp\/v2\/media?parent=2244"}],"curies":[{"name":"wp","href":"https:\/\/api.w.org\/{rel}","templated":true}]}}