{"id":3,"date":"2025-04-01T14:28:59","date_gmt":"2025-04-01T14:28:59","guid":{"rendered":"https:\/\/staging.mondogrowkits.com\/?page_id=3"},"modified":"2026-03-12T18:42:56","modified_gmt":"2026-03-12T17:42:56","slug":"datenschutzbestimmungen","status":"publish","type":"page","link":"https:\/\/www.mondogrowkits.com\/de\/privacy-policy\/","title":{"rendered":"Datenschutzbestimmungen"},"content":{"rendered":"<div class=\"row\"  id=\"row-2093106856\">\t<div id=\"col-1524924249\" class=\"col small-12 large-12\"  >\t\t\t\t<div class=\"col-inner\"  >\t\t\t\t\t\t<h1>Datenschutzbestimmungen<\/h1><p><blockquote class=\"wp-embedded-content\" data-secret=\"b00GKq91GL\"><a href=\"https:\/\/www.mondogrowkits.com\/de\/\">Startseite<\/a><\/blockquote><iframe class=\"wp-embedded-content\" sandbox=\"allow-scripts\" security=\"restricted\" style=\"position: absolute; visibility: hidden;\" title=\"\u201cZuhause\u201d - Mondo Growkits\" src=\"https:\/\/www.mondogrowkits.com\/embed\/#?secret=8GBOeSuZpz#?secret=b00GKq91GL\" data-secret=\"b00GKq91GL\" width=\"600\" height=\"338\" frameborder=\"0\" marginwidth=\"0\" marginheight=\"0\" scrolling=\"no\"><\/iframe><\/p><h2>\u00dcber unsere Datenschutzrichtlinie<\/h2><p>MGK Logistik <a href=\"https:\/\/www.mondogrowkits.com\/de\/b-magic-mushroom-grow-kit\/\">B<\/a>.V. legt gro\u00dfen Wert auf den Schutz Ihrer Privatsph\u00e4re. Wir verarbeiten daher nur Daten, die wir zur Verbesserung unserer Dienste ben\u00f6tigen und gehen mit den Informationen, die wir \u00fcber Sie und Ihre Nutzung unserer Dienste sammeln, sorgf\u00e4ltig um. Ihre Daten werden niemals zu kommerziellen Zwecken an Dritte weitergegeben.<\/p><p>Diese Datenschutzrichtlinie gilt f\u00fcr die Nutzung der Website und der auf der Website angebotenen Dienste. <strong>mondogrowkits.com<\/strong>. Das Datum des Inkrafttretens dieser Politik ist <strong>1. Januar 2024<\/strong>. Wenn eine neue Version ver\u00f6ffentlicht wird, werden alle fr\u00fcheren Versionen ung\u00fcltig.<\/p><p>Diese Datenschutzerkl\u00e4rung beschreibt, welche Daten wir \u00fcber Sie sammeln, wof\u00fcr diese Daten verwendet werden und mit wem und unter welchen Bedingungen diese Daten an Dritte weitergegeben werden k\u00f6nnen. Au\u00dferdem erl\u00e4utern wir, wie wir Ihre Daten speichern, wie wir sie vor Missbrauch sch\u00fctzen und welche Rechte Sie in Bezug auf die von Ihnen zur Verf\u00fcgung gestellten personenbezogenen Daten haben.<\/p><p>Wenn Sie Fragen zu unserer Datenschutzpolitik haben, k\u00f6nnen Sie sich an unseren Ansprechpartner f\u00fcr den Datenschutz wenden, den Sie am Ende dieser Politik finden.<\/p><hr><h2>Datenverarbeitung<\/h2><p>Im Folgenden k\u00f6nnen Sie nachlesen, wie wir Ihre Daten verarbeiten, wo wir sie speichern, welche Sicherheitstechniken wir verwenden und wer Zugriff auf die Daten hat.<\/p><hr><h2>Webshop-Software<\/h2><h3>WooCommerce<\/h3><p>Unser Webshop wurde entwickelt mit <strong>WooCommerce<\/strong> Software. Pers\u00f6nliche Daten, die Sie uns f\u00fcr unsere Dienste zur Verf\u00fcgung stellen, k\u00f6nnen mit dieser Partei geteilt werden.<\/p><p>WooCommerce hat Zugang zu Ihren Daten, um technischen Support zu leisten, und wird Ihre Daten niemals f\u00fcr andere Zwecke verwenden. WooCommerce ist aufgrund der Vereinbarung, die wir mit ihm getroffen haben, verpflichtet, angemessene Sicherheitsma\u00dfnahmen zu ergreifen. Zu diesen Ma\u00dfnahmen geh\u00f6ren die SSL-Verschl\u00fcsselung und strenge Passwortrichtlinien.<\/p><p>WooCommerce verwendet Cookies, um technische Informationen im Zusammenhang mit Ihrer Nutzung der Software zu sammeln. Zu diesem Zweck werden keine personenbezogenen Daten erhoben oder gespeichert.<\/p><hr><h2>Webhosting<\/h2><h3>Gegrillt<\/h3><p>Wir beziehen Webhosting-Dienste von <strong>Gegrillt<\/strong>. Hoasted verarbeitet personenbezogene Daten in unserem Auftrag und nutzt Ihre Daten nicht f\u00fcr eigene Zwecke.<\/p><p>Allerdings kann diese Partei Metadaten \u00fcber die Nutzung der Dienste sammeln. Dabei handelt es sich nicht um personenbezogene Daten. Hoasted hat angemessene technische und organisatorische Ma\u00dfnahmen ergriffen, um den Verlust und die unbefugte Nutzung Ihrer personenbezogenen Daten zu verhindern.<\/p><p>Hoasted ist an Vertraulichkeitsvereinbarungen gebunden.<\/p><hr><h2>E-Mail- und Mailing-Listen<\/h2><h3>Brevo<\/h3><p>Wir verwenden <strong>Brevo<\/strong> f\u00fcr den Versand von Newslettern und automatisierter E-Mail-Kommunikation.<\/p><p>Brevo wird Ihren Namen und Ihre E-Mail-Adresse niemals f\u00fcr eigene Zwecke verwenden. Am Ende jeder E-Mail, die automatisch \u00fcber unsere Website verschickt wird, finden Sie einen <strong>Abmeldelink<\/strong>. Wenn Sie diesen Link verwenden, werden Sie unseren Newsletter nicht mehr erhalten.<\/p><p>Ihre pers\u00f6nlichen Daten werden von Brevo sicher gespeichert. Brevo kann Cookies und Internettechnologien verwenden, um zu verfolgen, ob E-Mails ge\u00f6ffnet und gelesen werden. Diese Informationen helfen, unsere Kommunikation zu verbessern.<\/p><hr><h2>Zahlungsabwickler<\/h2><h3>Icepay und Cardgate<\/h3><p>F\u00fcr die Abwicklung von Zahlungen in unserem Webshop verwenden wir das <a href=\"https:\/\/www.mondogrowkits.com\/de\/payment-options\/\">Zahlung<\/a> Plattformen <strong>Icepay<\/strong> und <strong>Cardgate<\/strong>.<\/p><p>Diese Anbieter verarbeiten Ihren Namen, Ihre Adresse, Ihre Zahlungsdaten und andere Informationen, die zur Abwicklung der Transaktion erforderlich sind. Beide Unternehmen haben angemessene technische und organisatorische Ma\u00dfnahmen zum Schutz Ihrer personenbezogenen Daten getroffen.<\/p><hr><h2>Bewertungen<\/h2><h3>WebwinkelKeur<\/h3><p>Wir sammeln Bewertungen \u00fcber die <strong>WebwinkelKeur<\/strong> Plattform.<\/p><p>Wenn Sie eine Bewertung \u00fcber WebwinkelKeur abgeben, m\u00fcssen Sie Ihren Namen und Ihre E-Mail-Adresse angeben. WebwinkelKeur teilt diese Daten mit uns, damit wir die Bewertung mit Ihrer Bestellung verkn\u00fcpfen k\u00f6nnen. WebwinkelKeur kann auch Ihren Namen auf seiner Website ver\u00f6ffentlichen.<\/p><p>In einigen F\u00e4llen kann WebwinkelKeur Sie kontaktieren, um Sie um eine Kl\u00e4rung bez\u00fcglich Ihrer Bewertung zu bitten.<\/p><p>WebwinkelKeur hat angemessene technische und organisatorische Ma\u00dfnahmen zum Schutz Ihrer personenbezogenen Daten getroffen.<\/p><hr><h2>Versand und Logistik<\/h2><h3>FedEx<\/h3><p>Wenn Sie eine Bestellung bei uns aufgeben, liegt es in unserer Verantwortung, Ihnen Ihr Paket zuzustellen.<\/p><p>Wir nutzen die Dienste von <strong>FedEx<\/strong> f\u00fcr Lieferungen. Zu diesem Zweck geben wir Ihren Namen, Ihre Adresse und Ihre Ortsangaben an FedEx weiter. FedEx verwendet diese Informationen nur f\u00fcr die Durchf\u00fchrung des Zustelldienstes.<\/p><p>Wenn FedEx Unterauftragnehmer einsetzt, k\u00f6nnen Ihre Daten auch an diese Parteien weitergegeben werden.<\/p><hr><h2>Rechnungswesen und Buchhaltung<\/h2><h3>Genau Online<\/h3><p>F\u00fcr unsere Verwaltung und Buchhaltung verwenden wir <strong>Genau Online<\/strong>.<\/p><p>Wir geben Ihren Namen, Ihre Adressdaten und Bestellinformationen an Exact Online weiter, um Rechnungen zu bearbeiten und Finanzunterlagen zu f\u00fchren. Ihre Daten werden sicher \u00fcbertragen und gespeichert. Exact Online hat die notwendigen technischen und organisatorischen Ma\u00dfnahmen ergriffen, um Ihre pers\u00f6nlichen Daten zu sch\u00fctzen.<\/p><hr><h2>Externe Vertriebskan\u00e4le<\/h2><h3>Bol.com und Amazon<\/h3><p>Wir verkaufen einige unserer Produkte \u00fcber die Plattformen <strong>Bol.com<\/strong> und <strong>Amazon<\/strong>.<\/p><p>Wenn Sie eine Bestellung \u00fcber eine dieser Plattformen aufgeben, geben diese Ihre Bestellung und Ihre pers\u00f6nlichen Daten an uns weiter. Wir verwenden diese Informationen ausschlie\u00dflich zur Bearbeitung und Lieferung Ihrer Bestellung.<\/p><p>Wir behandeln diese Daten vertraulich und haben entsprechende Sicherheitsma\u00dfnahmen getroffen.<\/p><hr><h2>Zweck der Datenverarbeitung<\/h2><h3>Allgemeiner Zweck der Verarbeitung<\/h3><p>Wir verwenden Ihre Daten ausschlie\u00dflich zur Erbringung unserer Dienstleistungen. Das hei\u00dft, der Zweck der Verarbeitung steht immer in direktem Zusammenhang mit der von Ihnen erteilten Bestellung oder Anfrage.<\/p><p>Wir verwenden Ihre Daten nicht f\u00fcr gezieltes Marketing, es sei denn, Sie haben dem ausdr\u00fccklich zugestimmt.<\/p><p>Ihre Daten werden nicht an Dritte weitergegeben, es sei denn, dies ist zur Erf\u00fcllung administrativer, buchhalterischer oder rechtlicher Verpflichtungen erforderlich.<\/p><p>Alle beteiligten Dritten sind an Vertraulichkeitsvereinbarungen gebunden.<\/p><hr><h2>Automatisch erfasste Daten<\/h2><p>Die von unserer Website automatisch erfassten Daten werden zur weiteren Verbesserung unserer Dienstleistungen verwendet.<\/p><p>Beispiele hierf\u00fcr sind:<\/p><ul>\n<li>IP-Adresse<\/li>\n<li>Web-Browser<\/li>\n<li>Das Betriebssystem<\/li>\n<\/ul><p>Diese Daten werden nicht verwendet, um Besucher pers\u00f6nlich zu identifizieren.<\/p><hr><h2>Aufbewahrung von Daten<\/h2><p>Wir bewahren Ihre Daten auf, solange Sie Kunde bei uns sind.<\/p><p>Wenn Sie uns mitteilen, dass Sie unsere Dienste nicht mehr in Anspruch nehmen m\u00f6chten, werten wir dies als Aufforderung zur L\u00f6schung Ihrer Daten.<\/p><p>Wir werden Ihre personenbezogenen Daten nicht l\u00e4nger speichern als <strong>zwei Jahre nach Ihrer letzten Transaktion oder Ihrem letzten Kontakt<\/strong>, Es sei denn, wir sind aufgrund rechtlicher Verpflichtungen verpflichtet, bestimmte Informationen aufzubewahren.<\/p><p>Rechnungen, die personenbezogene Daten enthalten, m\u00fcssen w\u00e4hrend der gesetzlich vorgeschriebenen Verwaltungszeit aufbewahrt werden.<\/p><hr><h2>Ihre Rechte<\/h2><p>Nach den europ\u00e4ischen und niederl\u00e4ndischen Datenschutzgesetzen (GDPR) haben Sie mehrere Rechte in Bezug auf Ihre personenbezogenen Daten.<\/p><p>Diese Rechte umfassen:<\/p><ul>\n<li>Recht auf Zugang<\/li>\n<li>Recht auf Berichtigung<\/li>\n<li>Recht auf Einschr\u00e4nkung der Verarbeitung<\/li>\n<li>Recht auf Daten\u00fcbertragbarkeit<\/li>\n<li>Recht auf Widerspruch gegen die Verarbeitung<\/li>\n<li>Recht, die L\u00f6schung Ihrer Daten zu verlangen<\/li>\n<\/ul><p>Um Missbrauch vorzubeugen, senden wir Kopien Ihrer Daten in der Regel nur an die uns bereits bekannte E-Mail Adresse.<\/p><p>Sie haben auch das Recht, eine Beschwerde bei der Europ\u00e4ischen Kommission einzureichen. <strong>Niederl\u00e4ndische Datenschutzbeh\u00f6rde (Autoriteit Persoonsgegevens)<\/strong> wenn Sie der Meinung sind, dass Ihre personenbezogenen Daten nicht ordnungsgem\u00e4\u00df verarbeitet werden.<\/p><hr><h2>Cookies<\/h2><h3>Google Analytics<\/h3><p>Unsere Website verwendet Cookies von <strong>Google Analytics<\/strong> um zu analysieren, wie Besucher die Website nutzen.<\/p><p>So k\u00f6nnen wir die Nutzung der Website \u00fcberwachen und unsere Dienste verbessern.<\/p><p>Wir haben Google nicht gestattet, die gesammelten Analysedaten f\u00fcr andere Google-Dienste zu verwenden.<\/p><hr><h2>Cookies von Drittanbietern<\/h2><p>Wenn Softwarel\u00f6sungen von Drittanbietern Cookies verwenden, wird dies in dieser Datenschutzrichtlinie angegeben.<\/p><hr><h2>\u00c4nderungen der Datenschutzrichtlinie<\/h2><p>Wir behalten uns das Recht vor, diese Datenschutzrichtlinie jederzeit zu \u00e4ndern.<\/p><p>Die aktuellste Version wird immer auf dieser Seite verf\u00fcgbar sein. Wenn sich \u00c4nderungen darauf auswirken, wie wir bereits erfasste Daten \u00fcber Sie verarbeiten, werden wir Sie per E-Mail benachrichtigen.<\/p><hr><h2>Kontaktinformationen<\/h2><p> MGK Logistik B.V.<br \/> Newtonstraat 25<br \/> 1446 VP Purmerend<br \/> Die Niederlande <\/p><p>Website: <a href=\"https:\/\/www.mondogrowkits.com\/de\/\">https:\/\/www.mondogrowkits.com<\/a><\/p>\t\t<\/div>\t\t\t\t\t<\/div>\t<\/div>","protected":false},"excerpt":{"rendered":"","protected":false},"author":1,"featured_media":0,"parent":0,"menu_order":0,"comment_status":"closed","ping_status":"closed","template":"","meta":{"footnotes":""},"class_list":["post-3","page","type-page","status-publish","hentry"],"jetpack_sharing_enabled":true,"_links":{"self":[{"href":"https:\/\/www.mondogrowkits.com\/de\/wp-json\/wp\/v2\/pages\/3","targetHints":{"allow":["GET"]}}],"collection":[{"href":"https:\/\/www.mondogrowkits.com\/de\/wp-json\/wp\/v2\/pages"}],"about":[{"href":"https:\/\/www.mondogrowkits.com\/de\/wp-json\/wp\/v2\/types\/page"}],"author":[{"embeddable":true,"href":"https:\/\/www.mondogrowkits.com\/de\/wp-json\/wp\/v2\/users\/1"}],"replies":[{"embeddable":true,"href":"https:\/\/www.mondogrowkits.com\/de\/wp-json\/wp\/v2\/comments?post=3"}],"version-history":[{"count":7,"href":"https:\/\/www.mondogrowkits.com\/de\/wp-json\/wp\/v2\/pages\/3\/revisions"}],"predecessor-version":[{"id":4370,"href":"https:\/\/www.mondogrowkits.com\/de\/wp-json\/wp\/v2\/pages\/3\/revisions\/4370"}],"wp:attachment":[{"href":"https:\/\/www.mondogrowkits.com\/de\/wp-json\/wp\/v2\/media?parent=3"}],"curies":[{"name":"wp","href":"https:\/\/api.w.org\/{rel}","templated":true}]}}