{"id":4137,"date":"2026-03-05T18:42:53","date_gmt":"2026-03-05T17:42:53","guid":{"rendered":"https:\/\/www.mondogrowkits.com\/?page_id=4137"},"modified":"2026-03-20T11:28:03","modified_gmt":"2026-03-20T10:28:03","slug":"magic-mushroom-sortenbibliothek","status":"publish","type":"page","link":"https:\/\/www.mondogrowkits.com\/de\/magic-mushroom-strain-library\/","title":{"rendered":"Magic Mushroom Sortenbibliothek"},"content":{"rendered":"<section class=\"section\" id=\"section_1208166487\">\t\t<div class=\"section-bg fill\" >\t\t\t\t\t\t\t\t\t\t\t\t\t\t<\/div>\t\t\t\t<div class=\"section-content relative\">\t\t\t<div class=\"row\"  id=\"row-184390893\">\t<div id=\"col-475425676\" class=\"col small-12 large-12\"  >\t\t\t\t<div class=\"col-inner\"  >\t\t\t\t\t\t<div class=\"row align-middle\"  id=\"row-142172097\">\t<div id=\"col-925030035\" class=\"col medium-7 small-12 large-7\"  >\t\t\t\t<div class=\"col-inner\"  >\t\t\t\t\t\t\t<div id=\"text-3610798887\" class=\"text\">\t\t<h1>Magic Mushroom Sortenbibliothek<\/h1>\t\t<style>\n#text-3610798887 {\n  font-size: 1.4rem;\n}\n<\/style>\t<\/div>\t\t<div id=\"text-584532995\" class=\"text\">\t\t<h3 class=\"thin-font\"><strong>Vollst\u00e4ndiger Leitfaden zu Psilocybe cubensis St\u00e4mmen mit Informationen zu Potenz, Wirkung und Anbau<\/strong><\/h3>\t\t<style>\n#text-584532995 {\n  font-size: 1.1rem;\n  text-align: left;\n  color: #009162;\n}\n#text-584532995 > * {\n  color: #009162;\n}\n<\/style>\t<\/div>\t<p data-start=\"111\" data-end=\"210\">Willkommen in der Magic Mushroom Strain Library - Ihr vollst\u00e4ndiger Leitfaden f\u00fcr <em data-start=\"181\" data-end=\"201\"><a href=\"https:\/\/www.mondogrowkits.com\/de\/what-is-psilocybin\/\">Psilocybe cubensis<\/a><\/em> St\u00e4mme.<\/p><p data-start=\"212\" data-end=\"491\">Hier kannst Du die beliebtesten magischen Pilzsorten auf der Grundlage von Potenz, Wirkung, Anbauschwierigkeit und Ertrag erkunden und vergleichen. Obwohl die meisten psychedelischen Pilze zur selben Spezies geh\u00f6ren, k\u00f6nnen sich einzelne Sorten in St\u00e4rke, Aussehen und Gesamterlebnis erheblich unterscheiden.<\/p><p data-start=\"493\" data-end=\"760\">Diese Bibliothek soll Ihnen helfen, diese Unterschiede schnell zu verstehen. Egal, ob Du nach einer anf\u00e4ngerfreundlichen Sorte mit schneller Besiedlung oder einer potenten Sorte mit st\u00e4rkerer Wirkung suchst, hier findest Du klare und strukturierte Informationen, die Dir bei Deiner Wahl helfen.<\/p><p data-start=\"762\" data-end=\"914\">Vergleichen Sie ganz einfach Sorten und finden Sie heraus, welche am besten zu Ihren Vorlieben, Anbauerfahrungen und gew\u00fcnschten Ergebnissen passt - so k\u00f6nnen Sie mit Zuversicht w\u00e4hlen.<\/p><a href=\"https:\/\/www.mondogrowkits.com\/de\/magic-mushroom-grow-kits\/\" class=\"button secondary\" style=\"border-radius:99px;padding:0px 30px 0px 30px;\">\n\t\t<span>Grow-Kits<\/span>\n\t<\/a><a href=\"https:\/\/www.mondogrowkits.com\/de\/magic-mushroom-grow-beutel\/\" class=\"button success\" style=\"border-radius:99px;padding:0px 30px 0px 30px;\">\n\t\t<span>Grow-Bags<\/span>\n\t<\/a>\t\t<\/div>\t\t\t\t\t<\/div>\t\t<div id=\"col-1892624677\" class=\"col medium-5 small-12 large-5\"  >\t\t\t\t<div class=\"col-inner\"  >\t\t\t\t\t\t\t<div class=\"img has-hover x md-x lg-x y md-y lg-y\" id=\"image_1579020835\">\t\t\t\t\t\t\t\t<div class=\"img-inner image-cover dark\" style=\"padding-top:100%;\">\t\t\t<img decoding=\"async\" width=\"800\" height=\"800\" src=\"https:\/\/www.mondogrowkits.com\/wp-content\/uploads\/2025\/05\/ChatGPT-Image-12-mrt-2026-16_47_31-800x800.png\" class=\"attachment-large size-large\" alt=\"Goldener Lehrer Grow Kit f\u00fcr Magic Mushrooms\" srcset=\"https:\/\/www.mondogrowkits.com\/wp-content\/uploads\/2025\/05\/ChatGPT-Image-12-mrt-2026-16_47_31-800x800.png 800w, https:\/\/www.mondogrowkits.com\/wp-content\/uploads\/2025\/05\/ChatGPT-Image-12-mrt-2026-16_47_31-400x400.png 400w, https:\/\/www.mondogrowkits.com\/wp-content\/uploads\/2025\/05\/ChatGPT-Image-12-mrt-2026-16_47_31-100x100.png 100w, https:\/\/www.mondogrowkits.com\/wp-content\/uploads\/2025\/05\/ChatGPT-Image-12-mrt-2026-16_47_31-1000x1000.png 1000w, https:\/\/www.mondogrowkits.com\/wp-content\/uploads\/2025\/05\/ChatGPT-Image-12-mrt-2026-16_47_31-280x280.png 280w, https:\/\/www.mondogrowkits.com\/wp-content\/uploads\/2025\/05\/ChatGPT-Image-12-mrt-2026-16_47_31-768x768.png 768w, https:\/\/www.mondogrowkits.com\/wp-content\/uploads\/2025\/05\/ChatGPT-Image-12-mrt-2026-16_47_31-12x12.png 12w, https:\/\/www.mondogrowkits.com\/wp-content\/uploads\/2025\/05\/ChatGPT-Image-12-mrt-2026-16_47_31.png 1024w\" sizes=\"(max-width: 800px) 100vw, 800px\" title=\"\">\t\t\t\t\t\t\t\t\t\t\t<\/div>\t\t\t\t\t\t\t\t<style>\n#image_1579020835 {\n  width: 100%;\n}\n<\/style>\t<\/div>\t\t\t<\/div>\t\t\t\t\t<\/div>\t<\/div>\t<div id=\"gap-940091919\" class=\"gap-element clearfix\" style=\"display:block; height:auto;\">\t\t<style>\n#gap-940091919 {\n  padding-top: 30px;\n}\n<\/style>\t<\/div>\t\t<div id=\"text-1479781179\" class=\"text\">\t\t<h2>Alle Magic Mushroom St\u00e4mme entdecken<\/h2>\t\t<style>\n#text-1479781179 {\n  font-size: 1.05rem;\n  text-align: left;\n}\n<\/style>\t<\/div>\t<p>Entdecken Sie unsere vollst\u00e4ndige Sammlung von Pilzsorten unten. Klicken Sie auf eine Sorte, um eine detaillierte Anleitung zu sehen.<\/p><div class=\"row align-equal\"  id=\"row-90394402\">\t<div id=\"col-1776620990\" class=\"col medium-3 small-12 large-3\"  >\t\t\t\t<div class=\"col-inner\"  >\t\t\t\t<div class=\"is-border\"\n\t\tstyle=\"border-color:rgb(0, 145, 98);border-radius:10px;border-width:1px 1px 1px 1px;\">\t<\/div>\t\t\t\t<div id=\"text-3994643821\" class=\"text\">\t\t<h3>Anf\u00e4ngertaugliche Sorten<\/h3>\t\t<style>\n#text-3994643821 {\n  color: #009162;\n}\n#text-3994643821 > * {\n  color: #009162;\n}\n<\/style>\t<\/div>\t<ul style=\"list-style: none; padding-left: 0; margin: 0;\">\n  <li style=\"margin-bottom: 8px;\">> <a href=\"\/de\/magic-mushroom-sortenbibliothek\/golden-teacher-psilocybe-cubensis-sorte\/\"><strong>Golden Teacher<\/strong><\/a><\/li>\n  <li style=\"margin-bottom: 8px;\">> <a href=\"\/de\/magic-mushroom-sortenbibliothek\/b-plus-psilocybe-cubensis-stamm\/\"><strong>B+<\/strong><\/a><\/li>\n  <li style=\"margin-bottom: 8px;\">> <a href=\"\/de\/magic-mushroom-sortenbibliothek\/mazatapec-psilocybe-cubensis-strain\/\"><strong>Mazatapec<\/strong><\/a><\/li>\n  <li>> <a href=\"\/de\/magic-mushroom-sortenbibliothek\/kambodschanischer-psilocybe-cubensis-stamm\/\"><strong>Cambodian<\/strong><\/a><\/li>\n<\/ul>\t\t<\/div>\t\t\t\t<style>\n#col-1776620990 > .col-inner {\n  padding: 20px 20px 20px 20px;\n}\n<\/style>\t<\/div>\t\t<div id=\"col-2028361409\" class=\"col medium-3 small-12 large-3\"  >\t\t\t\t<div class=\"col-inner\"  >\t\t\t\t<div class=\"is-border\"\n\t\tstyle=\"border-color:rgb(0, 145, 98);border-radius:10px;border-width:1px 1px 1px 1px;\">\t<\/div>\t\t\t\t<div id=\"text-1993587354\" class=\"text\">\t\t<h3>Hochwirksame St\u00e4mme<\/h3>\t\t<style>\n#text-1993587354 {\n  color: #009162;\n}\n#text-1993587354 > * {\n  color: #009162;\n}\n<\/style>\t<\/div>\t<ul style=\"list-style: none; padding-left: 0;\">\n  <li style=\"margin-bottom: 6px;\">&gt; <a href=\"\/de\/magic-mushroom-sortenbibliothek\/penis-envy-psilocybe-cubensis-strain\/\"><strong>Penis Envy<\/strong><\/a><\/li>\n  <li style=\"margin-bottom: 6px;\">&gt; <a href=\"\/de\/magic-mushroom-sortenbibliothek\/jedi-mind-fuck-psilocybe-cubensis-strain\/\"><strong>Jedi Mind Fuck<\/strong><\/a><\/li>\n  <li style=\"margin-bottom: 6px;\">&gt; <a href=\"\/de\/magic-mushroom-sortenbibliothek\/yeti-psilocybe-cubensis-strain\/\"><strong>Yeti<\/strong><\/a><\/li>\n  <li>&gt; <a href=\"\/de\/magic-mushroom-sortenbibliothek\/blue-ghost-psilocybe-cubensis-strain\/\"><strong>Blue Ghost<\/strong><\/a><\/li>\n<\/ul>\t\t<\/div>\t\t\t\t<style>\n#col-2028361409 > .col-inner {\n  padding: 20px 20px 20px 20px;\n}\n<\/style>\t<\/div>\t\t<div id=\"col-2147152404\" class=\"col medium-3 small-12 large-3\"  >\t\t\t\t<div class=\"col-inner\"  >\t\t\t\t<div class=\"is-border\"\n\t\tstyle=\"border-color:rgb(0, 145, 98);border-radius:10px;border-width:1px 1px 1px 1px;\">\t<\/div>\t\t\t\t<div id=\"text-4166553954\" class=\"text\">\t\t<h3>Exotische &amp; seltene St\u00e4mme<\/h3>\t\t<style>\n#text-4166553954 {\n  color: #009162;\n}\n#text-4166553954 > * {\n  color: #009162;\n}\n<\/style>\t<\/div>\t<ul style=\"list-style: none; padding-left: 0;\">\n  <li style=\"margin-bottom: 6px;\">&gt; <a href=\"\/de\/magic-mushroom-sortenbibliothek\/jack-frost-psilocybe-cubensis-strain\/\"><strong>Jack Frost<\/strong><\/a><\/li>\n  <li style=\"margin-bottom: 6px;\">&gt; <a href=\"\/de\/magic-mushroom-sortenbibliothek\/averys-albino-psilocybe-cubensis-strain\/\"><strong>Avery's Albino<\/strong><\/a><\/li>\n  <li style=\"margin-bottom: 6px;\">&gt; <a href=\"\/de\/magic-mushroom-sortenbibliothek\/true-albino-teacher-psilocybe-cubensis-strain\/\"><strong>True Albino Teacher<\/strong><\/a><\/li>\n  <li>&gt; <a href=\"\/de\/magic-mushroom-sortenbibliothek\/blue-magnolia-psilocybe-cubensis-strain\/\"><strong>Blue Magnolia<\/strong><\/a><\/li>\n<\/ul>\t\t<\/div>\t\t\t\t<style>\n#col-2147152404 > .col-inner {\n  padding: 20px 20px 20px 20px;\n}\n<\/style>\t<\/div>\t\t<div id=\"col-1991052661\" class=\"col medium-3 small-12 large-3\"  >\t\t\t\t<div class=\"col-inner\"  >\t\t\t\t<div class=\"is-border\"\n\t\tstyle=\"border-color:rgb(0, 145, 98);border-radius:10px;border-width:1px 1px 1px 1px;\">\t<\/div>\t\t\t\t<div id=\"text-1553681046\" class=\"text\">\t\t<h3>Klassische &amp; beliebte Sorten<\/h3>\t\t<style>\n#text-1553681046 {\n  color: #009162;\n}\n#text-1553681046 > * {\n  color: #009162;\n}\n<\/style>\t<\/div>\t<ul style=\"list-style: none; padding-left: 0;\">\n  <li style=\"margin-bottom: 6px;\">&gt; <a href=\"\/de\/magic-mushroom-sortenbibliothek\/mckennaii-psilocybe-cubensis-sorte\/\"><strong>McKennaii<\/strong><\/a><\/li>\n  <li style=\"margin-bottom: 6px;\">&gt; <a href=\"\/de\/magic-mushroom-sortenbibliothek\/psilocybe-cubensis-stamm-aus-dem-amazonasgebiet\/\"><strong>Amazonian<\/strong><\/a><\/li>\n  <li style=\"margin-bottom: 6px;\">&gt; <a href=\"\/de\/magic-mushroom-sortenbibliothek\/pes-hawaii-psilocybe-cubensis-strain\/\"><strong>PES Hawaii<\/strong><\/a><\/li>\n  <li style=\"margin-bottom: 6px;\">&gt; <a href=\"\/de\/magic-mushroom-sortenbibliothek\/thai-psilocybe-cubensis-strain\/\"><strong>Thai<\/strong><\/a><\/li>\n  <li>&gt; <a href=\"\/de\/magic-mushroom-sortenbibliothek\/treasure-coast-psilocybe-cubensis-strain\/\"><strong>Treasure Coast<\/strong><\/a><\/li>\n<\/ul>\t\t<\/div>\t\t\t\t<style>\n#col-1991052661 > .col-inner {\n  padding: 20px 20px 20px 20px;\n}\n<\/style>\t<\/div>\t<\/div>\t\t<\/div>\t\t\t\t\t<\/div>\t<\/div><div class=\"row\"  id=\"row-1539766027\">\t<div id=\"col-1947403361\" class=\"col small-12 large-12\"  >\t\t\t\t<div class=\"col-inner\"  >\t\t\t\t\t\t\t<div id=\"gap-1213277478\" class=\"gap-element clearfix\" style=\"display:block; height:auto;\">\t\t<style>\n#gap-1213277478 {\n  padding-top: 30px;\n}\n<\/style>\t<\/div>\t<h2>Magic Mushroom-Sorten vergleichen<\/h2><div style=\"overflow-x: auto;\">  <table style=\"width: 100%; border-collapse: collapse; min-width: 700px;\">\n    <thead>\n      <tr>\n        <th style=\"text-align: left; padding: 10px; border-bottom: 1px solid #ddd;\">Art<\/th>\n        <th style=\"text-align: left; padding: 10px; border-bottom: 1px solid #ddd;\">Potenz<\/th>\n        <th style=\"text-align: left; padding: 10px; border-bottom: 1px solid #ddd;\">Schwierigkeitsgrad<\/th>\n        <th style=\"text-align: left; padding: 10px; border-bottom: 1px solid #ddd;\">Ausbeute<\/th>\n        <th style=\"text-align: left; padding: 10px; border-bottom: 1px solid #ddd;\">Auswirkungen<\/th>\n      <\/tr>\n    <\/thead>\n    <tbody>\n      <tr>\n        <td style=\"padding: 10px; border-bottom: 1px solid #eee;\">Golden Teacher<\/td>\n        <td style=\"padding: 10px; border-bottom: 1px solid #eee;\">Mittel<\/td>\n        <td style=\"padding: 10px; border-bottom: 1px solid #eee;\">Einfach<\/td>\n        <td style=\"padding: 10px; border-bottom: 1px solid #eee;\">Hoch<\/td>\n        <td style=\"padding: 10px; border-bottom: 1px solid #eee;\">Ausgeglichen, introspektiv<\/td>\n      <\/tr>\n      <tr>\n        <td style=\"padding: 10px; border-bottom: 1px solid #eee;\">B+<\/td>\n        <td style=\"padding: 10px; border-bottom: 1px solid #eee;\">Mild bis mittel<\/td>\n        <td style=\"padding: 10px; border-bottom: 1px solid #eee;\">Einfach<\/td>\n        <td style=\"padding: 10px; border-bottom: 1px solid #eee;\">Hoch<\/td>\n        <td style=\"padding: 10px; border-bottom: 1px solid #eee;\">Entspannt, erbaulich<\/td>\n      <\/tr>\n      <tr>\n        <td style=\"padding: 10px; border-bottom: 1px solid #eee;\">Mazatapec<\/td>\n        <td style=\"padding: 10px; border-bottom: 1px solid #eee;\">Mild bis mittel<\/td>\n        <td style=\"padding: 10px; border-bottom: 1px solid #eee;\">Einfach<\/td>\n        <td style=\"padding: 10px; border-bottom: 1px solid #eee;\">Mittel<\/td>\n        <td style=\"padding: 10px; border-bottom: 1px solid #eee;\">Ruhig, spirituell<\/td>\n      <\/tr>\n      <tr>\n        <td style=\"padding: 10px; border-bottom: 1px solid #eee;\">Cambodian<\/td>\n        <td style=\"padding: 10px; border-bottom: 1px solid #eee;\">Mittel<\/td>\n        <td style=\"padding: 10px; border-bottom: 1px solid #eee;\">Einfach<\/td>\n        <td style=\"padding: 10px; border-bottom: 1px solid #eee;\">Hoch<\/td>\n        <td style=\"padding: 10px; border-bottom: 1px solid #eee;\">Energetisch, klar im Kopf<\/td>\n      <\/tr>\n      <tr>\n        <td style=\"padding: 10px; border-bottom: 1px solid #eee;\">Penis Envy<\/td>\n        <td style=\"padding: 10px; border-bottom: 1px solid #eee;\">Sehr hoch<\/td>\n        <td style=\"padding: 10px; border-bottom: 1px solid #eee;\">Hart<\/td>\n        <td style=\"padding: 10px; border-bottom: 1px solid #eee;\">Mittel<\/td>\n        <td style=\"padding: 10px; border-bottom: 1px solid #eee;\">Intensiv, visuell<\/td>\n      <\/tr>\n      <tr>\n        <td style=\"padding: 10px; border-bottom: 1px solid #eee;\">Jedi Mind Fuck<\/td>\n        <td style=\"padding: 10px; border-bottom: 1px solid #eee;\">Hoch<\/td>\n        <td style=\"padding: 10px; border-bottom: 1px solid #eee;\">Mittel<\/td>\n        <td style=\"padding: 10px; border-bottom: 1px solid #eee;\">Hoch<\/td>\n        <td style=\"padding: 10px; border-bottom: 1px solid #eee;\">Euphorische, starke Visuals<\/td>\n      <\/tr>\n      <tr>\n        <td style=\"padding: 10px; border-bottom: 1px solid #eee;\">Yeti<\/td>\n        <td style=\"padding: 10px; border-bottom: 1px solid #eee;\">Sehr hoch<\/td>\n        <td style=\"padding: 10px; border-bottom: 1px solid #eee;\">Mittel<\/td>\n        <td style=\"padding: 10px; border-bottom: 1px solid #eee;\">Mittel<\/td>\n        <td style=\"padding: 10px; border-bottom: 1px solid #eee;\">Schwere Visuals, intensiv<\/td>\n      <\/tr>\n      <tr>\n        <td style=\"padding: 10px;\">McKennaii<\/td>\n        <td style=\"padding: 10px;\">Mittel bis Hoch<\/td>\n        <td style=\"padding: 10px;\">Mittel<\/td>\n        <td style=\"padding: 10px;\">Mittel<\/td>\n        <td style=\"padding: 10px;\">Tiefgr\u00fcndig, introspektiv<\/td>\n      <\/tr>\n    <\/tbody>\n  <\/table><\/div>\t\t<\/div>\t\t\t\t\t<\/div>\t<\/div>\t<div id=\"gap-909865605\" class=\"gap-element clearfix\" style=\"display:block; height:auto;\">\t\t<style>\n#gap-909865605 {\n  padding-top: 30px;\n}\n<\/style>\t<\/div>\t<div class=\"row\"  id=\"row-2054017665\">\t<div id=\"col-28627770\" class=\"col medium-8 small-12 large-8\"  >\t\t\t\t<div class=\"col-inner\"  >\t\t\t\t\t\t<h2>Was macht die Magic Mushroom-Sorten anders?<\/h2><p>Obwohl die meisten <a href=\"https:\/\/en.wikipedia.org\/wiki\/Psilocybin_mushroom\" target=\"_blank\" rel=\"noopener noreferrer\">Magic Mushrooms<\/a> geh\u00f6ren zu den Arten <em>Psilocybe cubensis<\/em>, Dennoch k\u00f6nnen sich verschiedene Sorten deutlich unterscheiden. Diese Unterschiede wirken sich sowohl auf ihr Wachstum als auch auf ihre Erfahrung aus.<\/p><p>Einige Sorten produzieren gr\u00f6\u00dfere, dickere Pilze, w\u00e4hrend andere schneller oder konstanter wachsen. Auch die Potenz kann variieren, was bedeutet, dass sich bestimmte Sorten visueller, introspektiver oder einfach insgesamt intensiver anf\u00fchlen.<\/p><h3>Die Hauptunterschiede zwischen den St\u00e4mmen bestehen in folgenden Punkten:<\/h3><ul style=\"list-style: none; padding-left: 0;\">\n  <li style=\"margin-bottom: 6px;\">&gt; Erscheinungsbild - Gr\u00f6\u00dfe, Form und Farbe der Pilze<\/li>\n  <li style=\"margin-bottom: 6px;\">&gt; Potenz - wie stark sich die Wirkung anf\u00fchlt<\/li>\n  <li style=\"margin-bottom: 6px;\">&gt; Effekte - visuelle, mentale und physische Erfahrung<\/li>\n  <li style=\"margin-bottom: 6px;\">&gt; Wachstum - Geschwindigkeit der Besiedlung und Fruchtbildung<\/li>\n  <li>&gt; Ertrag - wie viel jeder Grow produziert<\/li>\n<\/ul><p>Wenn man diese Unterschiede kennt, ist es einfacher, die Sorten zu vergleichen und eine auszuw\u00e4hlen, die zu den eigenen Vorlieben passt.<\/p>\t\t<\/div>\t\t\t\t\t<\/div>\t\t<div id=\"col-318786603\" class=\"col circle medium-4 small-12 large-4\"  >\t\t\t\t<div class=\"col-inner\"  >\t\t\t\t\t\t\t<div class=\"img has-hover x md-x lg-x y md-y lg-y\" id=\"image_663904758\">\t\t\t\t\t\t\t\t<div class=\"img-inner image-cover dark\" style=\"padding-top:100%;\">\t\t\t<img decoding=\"async\" width=\"800\" height=\"800\" src=\"https:\/\/www.mondogrowkits.com\/wp-content\/uploads\/2026\/01\/Mckennai-800x800.jpg\" class=\"attachment-large size-large\" alt=\"McKennaii - Magic Mushroom Grow Bag\" srcset=\"https:\/\/www.mondogrowkits.com\/wp-content\/uploads\/2026\/01\/Mckennai-800x800.jpg 800w, https:\/\/www.mondogrowkits.com\/wp-content\/uploads\/2026\/01\/Mckennai-400x400.jpg 400w, https:\/\/www.mondogrowkits.com\/wp-content\/uploads\/2026\/01\/Mckennai-100x100.jpg 100w, https:\/\/www.mondogrowkits.com\/wp-content\/uploads\/2026\/01\/Mckennai-1000x1000.jpg 1000w, https:\/\/www.mondogrowkits.com\/wp-content\/uploads\/2026\/01\/Mckennai-280x280.jpg 280w, https:\/\/www.mondogrowkits.com\/wp-content\/uploads\/2026\/01\/Mckennai-768x768.jpg 768w, https:\/\/www.mondogrowkits.com\/wp-content\/uploads\/2026\/01\/Mckennai-12x12.jpg 12w, https:\/\/www.mondogrowkits.com\/wp-content\/uploads\/2026\/01\/Mckennai.jpg 1500w\" sizes=\"(max-width: 800px) 100vw, 800px\" title=\"\">\t\t\t\t\t\t\t\t\t\t\t<\/div>\t\t\t\t\t\t\t\t<style>\n#image_663904758 {\n  width: 100%;\n}\n<\/style>\t<\/div>\t\t\t<\/div>\t\t\t\t\t<\/div>\t<\/div>\t<div id=\"gap-569364223\" class=\"gap-element clearfix\" style=\"display:block; height:auto;\">\t\t<style>\n#gap-569364223 {\n  padding-top: 30px;\n}\n<\/style>\t<\/div>\t<div class=\"row\"  id=\"row-1878091924\">\t<div id=\"col-1262341401\" class=\"col small-12 large-12\"  >\t\t\t\t<div class=\"col-inner\"  >\t\t\t\t<div class=\"is-border\"\n\t\tstyle=\"border-color:#009162;border-radius:10px;border-width:1px 1px 1px 1px;\">\t<\/div>\t\t\t<h2>Wie man die richtige Pilzsorte ausw\u00e4hlt<\/h2><p>Die Wahl der richtigen Magic Mushroom-Sorte h\u00e4ngt von deiner Erfahrung ab, von der Art der Wirkung, die du suchst, und davon, ob du sie selbst anbauen willst.<\/p><h3>F\u00fcr Anf\u00e4nger<\/h3><p>Sorten wie Golden Teacher, B+ und Mazatapec sind f\u00fcr ihre ausgewogene Wirkung bekannt und werden oft f\u00fcr den Einstieg empfohlen.<\/p><h3>F\u00fcr st\u00e4rkere Effekte<\/h3><p>St\u00e4rkere Sorten wie Penis Envy, Yeti und Jedi Mind Fuck sind f\u00fcr ihre st\u00e4rkeren visuellen Effekte und intensiveren Erfahrungen bekannt.<\/p><h3>F\u00fcr einen einfachen Anbau<\/h3><p>B+, Cambodian und Amazonian sind aufgrund ihres schnellen Wachstums und ihrer Fehlerverzeihung eine beliebte Wahl.<\/p><h3>Bei hohen Ertr\u00e4gen<\/h3><p>Sorten wie Amazonian und Jedi Mind Fuck werden oft wegen ihrer F\u00e4higkeit ausgew\u00e4hlt, gr\u00f6\u00dfere Ernten zu erzielen.<\/p>\t\t<\/div>\t\t\t\t<style>\n#col-1262341401 > .col-inner {\n  padding: 30px 30px 30px 30px;\n}\n<\/style>\t<\/div>\t<\/div><div class=\"row\"  id=\"row-358466686\">\t<div id=\"col-1587031493\" class=\"col small-12 large-12\"  >\t\t\t\t<div class=\"col-inner\"  >\t\t\t\t\t\t\t<div id=\"gap-1152723414\" class=\"gap-element clearfix\" style=\"display:block; height:auto;\">\t\t<style>\n#gap-1152723414 {\n  padding-top: 30px;\n}\n<\/style>\t<\/div>\t<h2>H\u00e4ufig gestellte Fragen zu Magic Mushroom-Sorten<\/h2><div class=\"accordion\">\t<div id=\"accordion-6145107\" class=\"accordion-item\">\t\t<a id=\"accordion-6145107-label\" class=\"accordion-title plain\" href=\"#accordion-item-what-is-the-strongest-magic-mushroom-strain?\" aria-expanded=\"false\" aria-controls=\"accordion-6145107-content\">\n\t\t\t<button class=\"toggle\" aria-label=\"Umschalten\"><i class=\"icon-angle-down\" aria-hidden=\"true\"><\/i><\/button>\n\t\t\t<span>Welches ist die st\u00e4rkste magische Pilzsorte?<\/span>\n\t\t<\/a>\t\t<div id=\"accordion-6145107-content\" class=\"accordion-inner\" aria-labelledby=\"accordion-6145107-label\">\t\t\t<p>Sorten wie Penis Envy und Yeti werden oft zu den potentesten Psilocybe cubensis-Sorten gez\u00e4hlt, die f\u00fcr ihre intensiven visuellen und tiefgreifenden psychedelischen Effekte bekannt sind.<\/p>\t\t<\/div>\t<\/div>\t\t<div id=\"accordion-546117938\" class=\"accordion-item\">\t\t<a id=\"accordion-546117938-label\" class=\"accordion-title plain\" href=\"#accordion-item-which-magic-mushroom-strain-is-best-for-beginners?\" aria-expanded=\"false\" aria-controls=\"accordion-546117938-content\">\n\t\t\t<button class=\"toggle\" aria-label=\"Umschalten\"><i class=\"icon-angle-down\" aria-hidden=\"true\"><\/i><\/button>\n\t\t\t<span>Welche magische Pilzsorte ist am besten f\u00fcr Anf\u00e4nger geeignet?<\/span>\n\t\t<\/a>\t\t<div id=\"accordion-546117938-content\" class=\"accordion-inner\" aria-labelledby=\"accordion-546117938-label\">\t\t\t<p>Golden Teacher, B+ und Mazatapec werden aufgrund ihrer ausgewogenen Wirkung und relativ vorhersehbaren Erfahrungen h\u00e4ufig f\u00fcr Anf\u00e4nger empfohlen.<\/p>\t\t<\/div>\t<\/div>\t\t<div id=\"accordion-3686517695\" class=\"accordion-item\">\t\t<a id=\"accordion-3686517695-label\" class=\"accordion-title plain\" href=\"#accordion-item-do-different-mushroom-strains-really-feel-different?\" aria-expanded=\"false\" aria-controls=\"accordion-3686517695-content\">\n\t\t\t<button class=\"toggle\" aria-label=\"Umschalten\"><i class=\"icon-angle-down\" aria-hidden=\"true\"><\/i><\/button>\n\t\t\t<span>F\u00fchlen sich verschiedene Pilzsorten wirklich unterschiedlich an?<\/span>\n\t\t<\/a>\t\t<div id=\"accordion-3686517695-content\" class=\"accordion-inner\" aria-labelledby=\"accordion-3686517695-label\">\t\t\t<p>Obwohl alle Psilocybe cubensis-Pilze Psilocybin enthalten, berichten viele Konsumenten von deutlichen Unterschieden in der Intensit\u00e4t, dem visuellen Eindruck und dem Gesamterlebnis zwischen den Sorten.<\/p>\t\t<\/div>\t<\/div>\t\t<div id=\"accordion-4236919296\" class=\"accordion-item\">\t\t<a id=\"accordion-4236919296-label\" class=\"accordion-title plain\" href=\"#accordion-item-which-mushroom-strain-is-easiest-to-grow?\" aria-expanded=\"false\" aria-controls=\"accordion-4236919296-content\">\n\t\t\t<button class=\"toggle\" aria-label=\"Umschalten\"><i class=\"icon-angle-down\" aria-hidden=\"true\"><\/i><\/button>\n\t\t\t<span>Welche Pilzsorte ist am einfachsten zu z\u00fcchten?<\/span>\n\t\t<\/a>\t\t<div id=\"accordion-4236919296-content\" class=\"accordion-inner\" aria-labelledby=\"accordion-4236919296-label\">\t\t\t<p>B+ und Cambodian sind bekannt f\u00fcr ihre schnelle Besiedlung und ihre Fehlerverzeihung, was sie zu einer beliebten Wahl f\u00fcr Anbauanf\u00e4nger macht.<\/p>\t\t<\/div>\t<\/div>\t\t<div id=\"accordion-3213117214\" class=\"accordion-item\">\t\t<a id=\"accordion-3213117214-label\" class=\"accordion-title plain\" href=\"#accordion-item-which-strains-produce-the-highest-yields?\" aria-expanded=\"false\" aria-controls=\"accordion-3213117214-content\">\n\t\t\t<button class=\"toggle\" aria-label=\"Umschalten\"><i class=\"icon-angle-down\" aria-hidden=\"true\"><\/i><\/button>\n\t\t\t<span>Welche St\u00e4mme bringen die h\u00f6chsten Ertr\u00e4ge?<\/span>\n\t\t<\/a>\t\t<div id=\"accordion-3213117214-content\" class=\"accordion-inner\" aria-labelledby=\"accordion-3213117214-label\">\t\t\t<p>St\u00e4mme wie B+ und Amazonian werden h\u00e4ufig wegen ihrer F\u00e4higkeit ausgew\u00e4hlt, unter den richtigen Anbaubedingungen gro\u00dfe Ernten zu erzielen.<\/p>\t\t<\/div>\t<\/div>\t\t<div id=\"accordion-1570739251\" class=\"accordion-item\">\t\t<a id=\"accordion-1570739251-label\" class=\"accordion-title plain\" href=\"#accordion-item-are-all-magic-mushroom-strains-the-same-species?\" aria-expanded=\"false\" aria-controls=\"accordion-1570739251-content\">\n\t\t\t<button class=\"toggle\" aria-label=\"Umschalten\"><i class=\"icon-angle-down\" aria-hidden=\"true\"><\/i><\/button>\n\t\t\t<span>Sind alle magischen Pilzsorten die gleiche Art?<\/span>\n\t\t<\/a>\t\t<div id=\"accordion-1570739251-content\" class=\"accordion-inner\" aria-labelledby=\"accordion-1570739251-label\">\t\t\t<p>Die am h\u00e4ufigsten verwendeten St\u00e4mme geh\u00f6ren zu Psilocybe cubensis, wurden aber im Laufe der Zeit selektiv gez\u00fcchtet, was zu Unterschieden im Aussehen, in der Potenz und in den Wachstumseigenschaften f\u00fchrt.<\/p>\t\t<\/div>\t<\/div>\t<\/div>\t\t<\/div>\t\t\t\t\t<\/div>\t<\/div>\t\t<\/div>\t\t<style>\n#section_1208166487 {\n  padding-top: 30px;\n  padding-bottom: 30px;\n}\n<\/style>\t<\/section>","protected":false},"excerpt":{"rendered":"","protected":false},"author":1,"featured_media":4353,"parent":0,"menu_order":0,"comment_status":"closed","ping_status":"closed","template":"page-blank.php","meta":{"footnotes":""},"class_list":["post-4137","page","type-page","status-publish","has-post-thumbnail","hentry"],"jetpack_sharing_enabled":true,"_links":{"self":[{"href":"https:\/\/www.mondogrowkits.com\/de\/wp-json\/wp\/v2\/pages\/4137","targetHints":{"allow":["GET"]}}],"collection":[{"href":"https:\/\/www.mondogrowkits.com\/de\/wp-json\/wp\/v2\/pages"}],"about":[{"href":"https:\/\/www.mondogrowkits.com\/de\/wp-json\/wp\/v2\/types\/page"}],"author":[{"embeddable":true,"href":"https:\/\/www.mondogrowkits.com\/de\/wp-json\/wp\/v2\/users\/1"}],"replies":[{"embeddable":true,"href":"https:\/\/www.mondogrowkits.com\/de\/wp-json\/wp\/v2\/comments?post=4137"}],"version-history":[{"count":19,"href":"https:\/\/www.mondogrowkits.com\/de\/wp-json\/wp\/v2\/pages\/4137\/revisions"}],"predecessor-version":[{"id":4535,"href":"https:\/\/www.mondogrowkits.com\/de\/wp-json\/wp\/v2\/pages\/4137\/revisions\/4535"}],"wp:featuredmedia":[{"embeddable":true,"href":"https:\/\/www.mondogrowkits.com\/de\/wp-json\/wp\/v2\/media\/4353"}],"wp:attachment":[{"href":"https:\/\/www.mondogrowkits.com\/de\/wp-json\/wp\/v2\/media?parent=4137"}],"curies":[{"name":"wp","href":"https:\/\/api.w.org\/{rel}","templated":true}]}}