{"id":4355,"date":"2026-03-12T16:54:15","date_gmt":"2026-03-12T15:54:15","guid":{"rendered":"https:\/\/www.mondogrowkits.com\/?page_id=4355"},"modified":"2026-03-12T17:01:25","modified_gmt":"2026-03-12T16:01:25","slug":"echtheit-der-bewertungen","status":"publish","type":"page","link":"https:\/\/www.mondogrowkits.com\/de\/authenticity-of-reviews\/","title":{"rendered":"Authentizit\u00e4t der Bewertungen"},"content":{"rendered":"<section class=\"section\" id=\"section_1710626587\">\n\t\t<div class=\"section-bg fill\" >\n\t\t\t\t\t\t\t\t\t\n\t\t\t\n\n\t\t<\/div>\n\n\t\t\n\n\t\t<div class=\"section-content relative\">\n\t\t\t\n\n<div class=\"row\"  id=\"row-1162640543\">\n\n\n\t<div id=\"col-990498392\" class=\"col small-12 large-12\"  >\n\t\t\t\t<div class=\"col-inner\"  >\n\t\t\t\n\t\t\t\n\n<h1>Authentizit\u00e4t Bewertungen<\/h1>\n\n<p>Wir halten es f\u00fcr wichtig, dass die Bewertungen ein genaues und ehrliches Bild unserer Produkte und Dienstleistungen vermitteln. Unsere Bewertungen werden daher unabh\u00e4ngig verwaltet von <a href=\"https:\/\/www.webwinkelkeur.nl\/\" target=\"_blank\" rel=\"noopener\">WebwinkelKeur<\/a>.<\/p>\n<p>WebwinkelKeur hat Ma\u00dfnahmen ergriffen, um die Authentizit\u00e4t der Bewertungen zu gew\u00e4hrleisten. Sie k\u00f6nnen mehr \u00fcber diese Ma\u00dfnahmen lesen <a href=\"https:\/\/www.webwinkelkeur.nl\/kennisbank\/consumenten\/waarom-webwinkelkeur\/klantbeoordelingen\/\" target=\"_blank\" rel=\"noopener\">hier<\/a>.<\/p>\n<p>Unsere Kunden werden nicht f\u00fcr das Schreiben von Bewertungen belohnt. Wir bieten keine Rabatte, Geschenke oder andere Anreize im Austausch f\u00fcr Bewertungen.<\/p>\n\n\t\t<\/div>\n\t\t\t\t\t<\/div>\n\n\t\n\n<\/div>\n\n\t\t<\/div>\n\n\t\t\n<style>\n#section_1710626587 {\n  padding-top: 30px;\n  padding-bottom: 30px;\n}\n<\/style>\n\t<\/section>\n\t\n\n\n\n<p><\/p>","protected":false},"excerpt":{"rendered":"","protected":false},"author":1,"featured_media":0,"parent":0,"menu_order":0,"comment_status":"closed","ping_status":"closed","template":"page-blank.php","meta":{"footnotes":""},"class_list":["post-4355","page","type-page","status-publish","hentry"],"jetpack_sharing_enabled":true,"_links":{"self":[{"href":"https:\/\/www.mondogrowkits.com\/de\/wp-json\/wp\/v2\/pages\/4355","targetHints":{"allow":["GET"]}}],"collection":[{"href":"https:\/\/www.mondogrowkits.com\/de\/wp-json\/wp\/v2\/pages"}],"about":[{"href":"https:\/\/www.mondogrowkits.com\/de\/wp-json\/wp\/v2\/types\/page"}],"author":[{"embeddable":true,"href":"https:\/\/www.mondogrowkits.com\/de\/wp-json\/wp\/v2\/users\/1"}],"replies":[{"embeddable":true,"href":"https:\/\/www.mondogrowkits.com\/de\/wp-json\/wp\/v2\/comments?post=4355"}],"version-history":[{"count":3,"href":"https:\/\/www.mondogrowkits.com\/de\/wp-json\/wp\/v2\/pages\/4355\/revisions"}],"predecessor-version":[{"id":4358,"href":"https:\/\/www.mondogrowkits.com\/de\/wp-json\/wp\/v2\/pages\/4355\/revisions\/4358"}],"wp:attachment":[{"href":"https:\/\/www.mondogrowkits.com\/de\/wp-json\/wp\/v2\/media?parent=4355"}],"curies":[{"name":"wp","href":"https:\/\/api.w.org\/{rel}","templated":true}]}}