{"id":1000,"date":"2025-07-23T16:06:27","date_gmt":"2025-07-23T16:06:27","guid":{"rendered":"https:\/\/staging.mondogrowkits.com\/?post_type=product&#038;p=1000"},"modified":"2026-05-07T18:56:20","modified_gmt":"2026-05-07T17:56:20","slug":"sporenspritze-a","status":"publish","type":"product","link":"https:\/\/www.mondogrowkits.com\/de\/spore-syringe-a\/","title":{"rendered":"A+ - Psilocybe Cubensis Sporenspritze"},"content":{"rendered":"<h2 data-section-id=\"7w21ak\" data-start=\"532\" data-end=\"594\">A+ Sporenspritze - Psilocybe cubensis Premium Sporen<\/h2><p data-start=\"596\" data-end=\"872\">Die A+ - <a href=\"https:\/\/www.mondogrowkits.com\/de\/was-ist-psilocybin\/\">Psilocybe cubensis<\/a> Spore Syringe ist eine hochwertige Sporenl\u00f6sung, die f\u00fcr ihre saubere Zusammensetzung, ihr zuverl\u00e4ssiges Keimungspotenzial und ihre gleichbleibende Qualit\u00e4t bekannt ist. Diese charakteristische Albino-Variante wird wegen ihres stabilen genetischen Profils und ihrer vorhersehbaren Eigenschaften gesch\u00e4tzt.<\/p><p data-start=\"874\" data-end=\"1164\">A+ ist bekannt f\u00fcr seine konsistente Entwicklung und sein zuverl\u00e4ssiges Verhalten unter kontrollierten Bedingungen, was ihn zu einer beliebten Wahl f\u00fcr diejenigen macht, die an der Untersuchung von Psilocybe cubensis-Sporen interessiert sind. Seine einzigartigen Albino-Eigenschaften machen ihn besonders attraktiv f\u00fcr die Mikroskopie und Beobachtung.<\/p><p data-start=\"1166\" data-end=\"1394\">Anders als <a href=\"https:\/\/www.mondogrowkits.com\/de\/liquid-culture-spritze\/\">liquid culture<\/a>, Dieses Produkt enth\u00e4lt Sporen und kein aktives Mycelium. Die Sporen m\u00fcssen erst keimen, bevor sich das Myzel entwickelt, was bedeutet, dass der Prozess im Vergleich zu fl\u00fcssigen Kulturl\u00f6sungen l\u00e4nger dauert.<\/p><p data-start=\"1396\" data-end=\"1512\">Unter optimalen Bedingungen kann die Keimung der Sporen innerhalb weniger Tage beginnen, gefolgt von einer allm\u00e4hlichen Entwicklung des Myzels.<\/p><hr data-start=\"1514\" data-end=\"1517\" \/><h3 data-section-id=\"1bipeqv\" data-start=\"1519\" data-end=\"1562\">Was ist A+ (Psilocybe cubensis)?<\/h3><p data-start=\"1564\" data-end=\"1801\">A+ ist eine Variante des bekannten Psilocybe cubensis-Stamms A+, der sich durch seine Albino-Eigenschaften und sein stabiles genetisches Profil auszeichnet. Sie ist weithin erforscht und wird f\u00fcr ihr konsistentes Verhalten unter kontrollierten Bedingungen gesch\u00e4tzt.<\/p><p data-start=\"1803\" data-end=\"1901\">Aufgrund seiner berechenbaren Eigenschaften eignet es sich f\u00fcr eine Vielzahl von Mikroskopie- und Forschungsanwendungen.<\/p><hr data-start=\"1903\" data-end=\"1906\" \/><h3 data-section-id=\"knd65l\" data-start=\"1908\" data-end=\"1947\">Warum A+Spore Syringe w\u00e4hlen?<\/h3><ul data-start=\"1949\" data-end=\"2215\">\n<li data-section-id=\"joyacz\" data-start=\"1949\" data-end=\"2003\">Albino-Variante des Stammes A+ Psilocybe cubensis<\/li>\n<li data-section-id=\"130p6a2\" data-start=\"2004\" data-end=\"2045\">Saubere und hochwertige Sporenl\u00f6sung<\/li>\n<li data-section-id=\"1cqmpiq\" data-start=\"2046\" data-end=\"2078\">Stabile und zuverl\u00e4ssige Genetik<\/li>\n<li data-section-id=\"5pyesc\" data-start=\"2079\" data-end=\"2127\">Geeignet f\u00fcr Anf\u00e4nger und erfahrene Benutzer<\/li>\n<li data-section-id=\"l2iwrs\" data-start=\"2128\" data-end=\"2165\">Ideal f\u00fcr Mikroskopie und Forschung<\/li>\n<li data-section-id=\"2ai7u3\" data-start=\"2166\" data-end=\"2215\">Einzigartige Albino-Merkmale zur Beobachtung<\/li>\n<\/ul><p data-start=\"2217\" data-end=\"2325\">Die A+ Sporenspritze ist ideal f\u00fcr alle, die eine unverwechselbare und zuverl\u00e4ssige Sorte f\u00fcr Studienzwecke suchen.<\/p><hr data-start=\"2327\" data-end=\"2330\" \/><h3 data-section-id=\"1swr0f2\" data-start=\"2332\" data-end=\"2362\">Vorteile von Sporenspritzen<\/h3><p data-start=\"2364\" data-end=\"2451\">Sporenspritzen sind eine weit verbreitete Methode zur Untersuchung der Genetik und Entwicklung von Pilzen.<\/p><p data-start=\"2453\" data-end=\"2571\">Da Sporen der Ausgangspunkt des Lebenszyklus von Pilzen sind, geben sie Aufschluss \u00fcber die fr\u00fchesten Wachstumsstadien.<\/p><p data-start=\"2573\" data-end=\"2594\">Die wichtigsten Vorteile sind:<\/p><ul data-start=\"2596\" data-end=\"2791\">\n<li data-section-id=\"1wtlhpj\" data-start=\"2596\" data-end=\"2639\">Geeignet f\u00fcr Mikroskopie und Beobachtung<\/li>\n<li data-section-id=\"5o38hs\" data-start=\"2640\" data-end=\"2680\">Lange Haltbarkeit bei richtiger Lagerung<\/li>\n<li data-section-id=\"14gjei0\" data-start=\"2681\" data-end=\"2709\">Leicht zu handhaben und anzuwenden<\/li>\n<li data-section-id=\"80duo5\" data-start=\"2710\" data-end=\"2762\">Ideal f\u00fcr die Untersuchung von Sporenstruktur und -verhalten<\/li>\n<li data-section-id=\"15use0o\" data-start=\"2763\" data-end=\"2791\">Zug\u00e4nglich f\u00fcr Anf\u00e4nger<\/li>\n<\/ul><p data-start=\"2793\" data-end=\"2889\">Sporenspritzen sind eine gute Wahl f\u00fcr alle, die sich f\u00fcr Forschung und Lehre interessieren.<\/p><hr data-start=\"2891\" data-end=\"2894\" \/><h3 data-section-id=\"1ltc4xe\" data-start=\"2896\" data-end=\"2921\">Verwendung und Anwendung<\/h3><p data-start=\"2923\" data-end=\"3010\">Die A+ Sporenspritze ist einfach zu handhaben und f\u00fcr Mikroskopie und Forschung bestimmt.<\/p><p data-start=\"3012\" data-end=\"3147\">Vor Gebrauch die Spritze leicht sch\u00fctteln, um die Sporen gleichm\u00e4\u00dfig zu verteilen. Ein kleiner Tropfen kann zur Beobachtung auf einen Objekttr\u00e4ger gegeben werden.<\/p><p data-start=\"3149\" data-end=\"3233\">Arbeiten Sie immer in einer sauberen Umgebung, um Kontaminationen beim Umgang mit der Spritze zu vermeiden.<\/p><p data-start=\"3235\" data-end=\"3320\">Hinweis: Dieses Produkt ist ausschlie\u00dflich f\u00fcr die Mikroskopie und f\u00fcr Ausbildungszwecke bestimmt.<\/p><hr data-start=\"3322\" data-end=\"3325\" \/><h3 data-section-id=\"1w10lnv\" data-start=\"3327\" data-end=\"3351\">Lagerung und Haltbarkeit<\/h3><p data-start=\"3353\" data-end=\"3405\">Lagern Sie die Sporenspritze im K\u00fchlschrank bei 2-8 \u00b0C.<\/p><p data-start=\"3407\" data-end=\"3459\">Lagerf\u00e4higkeit: Bis zu 6-12 Monate bei sachgem\u00e4\u00dfer Lagerung<\/p><p data-start=\"3461\" data-end=\"3548\">Vermeiden Sie direkte Sonneneinstrahlung und Hitze. Lassen Sie die Spritze vor Gebrauch auf Raumtemperatur kommen.<\/p><hr data-start=\"3550\" data-end=\"3553\" \/><h3 data-section-id=\"4l73nt\" data-start=\"3555\" data-end=\"3597\">A+ - Stabile und einzigartige Genetik<\/h3><p data-start=\"3599\" data-end=\"3738\">A+ wird wegen seines konsistenten genetischen Profils und seiner ausgepr\u00e4gten Albinomerkmale gesch\u00e4tzt und ist daher eine zuverl\u00e4ssige Wahl f\u00fcr Studien und Beobachtungen.<\/p><p data-start=\"3740\" data-end=\"3830\">Dank seiner zuverl\u00e4ssigen Eigenschaften eignet es sich f\u00fcr ein breites Spektrum von Mikroskopieanwendungen.<\/p><hr data-start=\"3832\" data-end=\"3835\" \/><h3 data-section-id=\"1taklbp\" data-start=\"3837\" data-end=\"3881\">Bestellen Sie Ihre A+ Sporenspritze noch heute<\/h3><p data-start=\"3883\" data-end=\"4002\">Die A+ - <a href=\"https:\/\/www.mondogrowkits.com\/de\/psilocybe-cubensis-sporenspritzen\/\">Psilocybe cubensis Sporenspritze<\/a> bietet eine hervorragende Kombination aus Qualit\u00e4t, Stabilit\u00e4t und Einzigartigkeit.<\/p><p data-start=\"4004\" data-end=\"4100\">Mit sauberen Sporen und bew\u00e4hrter Genetik ist diese Spritze ideal f\u00fcr die Mikroskopie und den Einsatz in der Ausbildung.<\/p><p data-start=\"4102\" data-end=\"4159\" data-is-last-node=\"\" data-is-only-node=\"\">Bestellen Sie noch heute und erleben Sie erstklassige Sporenspritzenqualit\u00e4t.<\/p>","protected":false},"excerpt":{"rendered":"<p data-start=\"95\" data-end=\"407\">A+ - Psilocybe cubensis Spore Syringe ist eine hochwertige Sporenl\u00f6sung, die f\u00fcr ihre zuverl\u00e4ssige Keimung und gleichbleibende Leistung bekannt ist. Diese einzigartige Albino-Variante der beliebten Sorte A+ wird wegen ihrer stabilen Genetik und einfachen Erforschung gesch\u00e4tzt und eignet sich daher sowohl f\u00fcr Anf\u00e4nger als auch f\u00fcr erfahrene Enthusiasten.<\/p>\n<p data-start=\"409\" data-end=\"525\">Die Spritze enth\u00e4lt mikroskopisch kleine Sporen, die in einer sterilen L\u00f6sung suspendiert sind, ideal f\u00fcr Mikroskopie- und Forschungszwecke.<\/p>","protected":false},"featured_media":4641,"comment_status":"open","ping_status":"closed","template":"","meta":[],"product_brand":[32],"product_cat":[66],"product_tag":[],"class_list":{"0":"post-1000","1":"product","2":"type-product","3":"status-publish","4":"has-post-thumbnail","6":"product_brand-mondo","7":"product_cat-psilocybe-cubensis-spore-syringes","9":"first","10":"instock","11":"taxable","12":"shipping-taxable","13":"purchasable","14":"product-type-simple"},"jetpack_sharing_enabled":true,"_links":{"self":[{"href":"https:\/\/www.mondogrowkits.com\/de\/wp-json\/wp\/v2\/product\/1000","targetHints":{"allow":["GET"]}}],"collection":[{"href":"https:\/\/www.mondogrowkits.com\/de\/wp-json\/wp\/v2\/product"}],"about":[{"href":"https:\/\/www.mondogrowkits.com\/de\/wp-json\/wp\/v2\/types\/product"}],"replies":[{"embeddable":true,"href":"https:\/\/www.mondogrowkits.com\/de\/wp-json\/wp\/v2\/comments?post=1000"}],"wp:featuredmedia":[{"embeddable":true,"href":"https:\/\/www.mondogrowkits.com\/de\/wp-json\/wp\/v2\/media\/4641"}],"wp:attachment":[{"href":"https:\/\/www.mondogrowkits.com\/de\/wp-json\/wp\/v2\/media?parent=1000"}],"wp:term":[{"taxonomy":"product_brand","embeddable":true,"href":"https:\/\/www.mondogrowkits.com\/de\/wp-json\/wp\/v2\/product_brand?post=1000"},{"taxonomy":"product_cat","embeddable":true,"href":"https:\/\/www.mondogrowkits.com\/de\/wp-json\/wp\/v2\/product_cat?post=1000"},{"taxonomy":"product_tag","embeddable":true,"href":"https:\/\/www.mondogrowkits.com\/de\/wp-json\/wp\/v2\/product_tag?post=1000"}],"curies":[{"name":"wp","href":"https:\/\/api.w.org\/{rel}","templated":true}]}}