{"id":1030,"date":"2025-07-23T16:17:44","date_gmt":"2025-07-23T16:17:44","guid":{"rendered":"https:\/\/staging.mondogrowkits.com\/?post_type=product&#038;p=1030"},"modified":"2026-04-07T11:42:21","modified_gmt":"2026-04-07T10:42:21","slug":"spore-spritze-orissa-indien","status":"publish","type":"product","link":"https:\/\/www.mondogrowkits.com\/de\/spore-syringe-orissa-india\/","title":{"rendered":"Orissa Indien - Psilocybe Cubensis Sporenspritze"},"content":{"rendered":"<h2 data-start=\"955\" data-end=\"1031\">Orissa Indien - Psilocybe Cubensis Sporenspritze | Sterile Cubensis Sporen<\/h2><p data-start=\"1033\" data-end=\"1362\">Die Orissa India Psilocybe Cubensis Sporenspritze enth\u00e4lt mikroskopisch kleine Cubensis-Sporen, die in einer sterilen L\u00f6sung suspendiert sind, die unter kontrollierten Bedingungen hergestellt wurde, um Sauberkeit und eine gleichm\u00e4\u00dfige Verteilung der Sporen zu gew\u00e4hrleisten. Diese Spritze ist f\u00fcr die Mikroskopie, Forschung und Inokulation von <a href=\"https:\/\/www.mondogrowkits.com\/es\/sustrato-esterilizado\/\">sterilisiertes Substrat<\/a> soweit gesetzlich zul\u00e4ssig.<\/p><p data-start=\"1364\" data-end=\"1641\">Orissa Indien ist eine anerkannte <a href=\"https:\/\/www.mondogrowkits.com\/es\/que-es-la-psilocibina\/\">Psilocybe Cubensis<\/a> Stamm, der aus der Region Orissa in Indien stammt. Wie alle cubensis-Variet\u00e4ten geh\u00f6rt er zur selben Art, kann aber je nach Umweltbedingungen subtile Unterschiede in der Besiedlungsgeschwindigkeit und im strukturellen Wachstum aufweisen.<\/p><hr data-start=\"1643\" data-end=\"1646\" \/><h2 data-start=\"1648\" data-end=\"1688\">Was enth\u00e4lt diese Sporenspritze?<\/h2><p data-start=\"1690\" data-end=\"1712\">Dieses Produkt umfasst:<\/p><ul data-start=\"1714\" data-end=\"1820\">\n<li data-start=\"1714\" data-end=\"1765\">\n<p data-start=\"1716\" data-end=\"1765\">Psilocybe Cubensis-Sporen (Stamm Orissa India)<\/p>\n<\/li>\n<li data-start=\"1766\" data-end=\"1797\">\n<p data-start=\"1768\" data-end=\"1797\">Sterile Suspensionsl\u00f6sung<\/p>\n<\/li>\n<li data-start=\"1798\" data-end=\"1820\">\n<p data-start=\"1800\" data-end=\"1820\">Kein aktives Myzel<\/p>\n<\/li>\n<\/ul><p data-start=\"1822\" data-end=\"2064\">Da die Spritze Sporen und kein lebendes Myzel enth\u00e4lt, ist nach der Inokulation eine Keimungsphase erforderlich. Nach der Injektion in sterilisierte <a href=\"https:\/\/www.mondogrowkits.com\/es\/sustrato-esterilizado\/\">Substrat<\/a>, Bevor eine vollst\u00e4ndige Besiedlung stattfinden kann, m\u00fcssen die Sporen aktiviert werden und mit der Bildung von Myzel beginnen.<\/p><hr data-start=\"2066\" data-end=\"2069\" \/><h2 data-start=\"2071\" data-end=\"2103\">Verwendung mit sterilisiertem Substrat<\/h2><p data-start=\"2105\" data-end=\"2326\">Die Orissa India Sporenspritze wird in der Regel mit professionell aufbereitetem sterilisiertem Substrat oder Getreidebrut verwendet. Da sterilisiertes Substrat kein aktives Myzel enth\u00e4lt, ist eine Inokulation erforderlich, um die Besiedlung einzuleiten.<\/p><p data-start=\"2328\" data-end=\"2528\">Um das Kontaminationsrisiko zu minimieren, ist die Einhaltung steriler Techniken w\u00e4hrend der Inokulation entscheidend. Saubere Werkzeuge, kontrollierte Umgebungen und stabile Temperaturen haben einen erheblichen Einfluss auf den Erfolg der Kolonisierung.<\/p><p data-start=\"2530\" data-end=\"2684\">Psilocybe cubensis kolonisiert im Allgemeinen gut bei 20-24\u00b0C (68-75\u00b0F), obwohl die Kolonisationszeit je nach Stamm und Umweltbedingungen variiert.<\/p><hr data-start=\"2686\" data-end=\"2689\" \/><h2 data-start=\"2691\" data-end=\"2725\">Sporenspritze vs. Fl\u00fcssigkultur<\/h2><p data-start=\"2727\" data-end=\"2806\">Wenn Sie den Unterschied verstehen, k\u00f6nnen Sie die richtige Methode f\u00fcr Ihr Projekt w\u00e4hlen:<\/p><p data-start=\"2808\" data-end=\"2825\"><strong data-start=\"2808\" data-end=\"2825\">Sporen-Spritze<\/strong><\/p><ul data-start=\"2826\" data-end=\"2952\">\n<li data-start=\"2826\" data-end=\"2853\">\n<p data-start=\"2828\" data-end=\"2853\">Enth\u00e4lt schlafende Sporen<\/p>\n<\/li>\n<li data-start=\"2854\" data-end=\"2884\">\n<p data-start=\"2856\" data-end=\"2884\">Erfordert Keimungsphase<\/p>\n<\/li>\n<li data-start=\"2885\" data-end=\"2923\">\n<p data-start=\"2887\" data-end=\"2923\">Typischerweise l\u00e4ngere Besiedelungszeit<\/p>\n<\/li>\n<li data-start=\"2924\" data-end=\"2952\">\n<p data-start=\"2926\" data-end=\"2952\">Erm\u00f6glicht genetische Vielfalt<\/p>\n<\/li>\n<\/ul><p data-start=\"2954\" data-end=\"2980\"><strong data-start=\"2954\" data-end=\"2980\">Liquid Culture Spritze<\/strong><\/p><ul data-start=\"2981\" data-end=\"3073\">\n<li data-start=\"2981\" data-end=\"3009\">\n<p data-start=\"2983\" data-end=\"3009\">Enth\u00e4lt aktives Myzel<\/p>\n<\/li>\n<li data-start=\"3010\" data-end=\"3033\">\n<p data-start=\"3012\" data-end=\"3033\">Schnellere Kolonisierung<\/p>\n<\/li>\n<li data-start=\"3034\" data-end=\"3073\">\n<p data-start=\"3036\" data-end=\"3073\">Einheitlichere Wachstumsmerkmale<\/p>\n<\/li>\n<\/ul><p data-start=\"3075\" data-end=\"3129\">Beide Optionen sind mit sterilisiertem Substrat kompatibel.<\/p><hr data-start=\"3131\" data-end=\"3134\" \/><h2 data-start=\"3136\" data-end=\"3177\">Warum Orissa India Spore Syringe w\u00e4hlen?<\/h2><ul data-start=\"3179\" data-end=\"3392\">\n<li data-start=\"3179\" data-end=\"3225\">\n<p data-start=\"3181\" data-end=\"3225\">Professionell zubereitete sterile Suspension<\/p>\n<\/li>\n<li data-start=\"3226\" data-end=\"3266\">\n<p data-start=\"3228\" data-end=\"3266\">Zuverl\u00e4ssige Psilocybe Cubensis-Genetik<\/p>\n<\/li>\n<li data-start=\"3267\" data-end=\"3307\">\n<p data-start=\"3269\" data-end=\"3307\">Kompatibel mit sterilisiertem Substrat<\/p>\n<\/li>\n<li data-start=\"3308\" data-end=\"3348\">\n<p data-start=\"3310\" data-end=\"3348\">Geeignet f\u00fcr Mikroskopie und Forschung<\/p>\n<\/li>\n<li data-start=\"3349\" data-end=\"3392\">\n<p data-start=\"3351\" data-end=\"3392\">Saubere und gleichm\u00e4\u00dfige Sporenverteilung<\/p>\n<\/li>\n<\/ul><p data-start=\"3394\" data-end=\"3547\">Die Orissa Indien <a href=\"https:\/\/www.mondogrowkits.com\/es\/jeringas-de-esporas-psilocybe-cubensis\/\">Psilocybe Cubensis Sporenspritze<\/a> bietet eine kontrollierte und zuverl\u00e4ssige Methode zum Einbringen von Cubensis-Sporen in sterile Kulturmedien.<\/p>","protected":false},"excerpt":{"rendered":"<p data-start=\"370\" data-end=\"649\">Die Orissa India Psilocybe Cubensis Sporenspritze enth\u00e4lt hochwertige Cubensis-Sporen, die in einer sterilen L\u00f6sung zur kontrollierten Inokulation suspendiert sind. Diese unter sauberen Bedingungen hergestellte Spritze ist f\u00fcr die Mikroskopie und die Verwendung mit sterilisiertem Substrat geeignet, sofern dies gesetzlich zul\u00e4ssig ist.<\/p>\n<ul data-start=\"651\" data-end=\"845\">\n<li data-start=\"651\" data-end=\"679\">\n<p data-start=\"653\" data-end=\"679\">Sterile Sporensuspension<\/p>\n<\/li>\n<li data-start=\"680\" data-end=\"723\">\n<p data-start=\"682\" data-end=\"723\">Enth\u00e4lt nur Sporen (kein lebendes Myzel)<\/p>\n<\/li>\n<li data-start=\"724\" data-end=\"764\">\n<p data-start=\"726\" data-end=\"764\">Kompatibel mit sterilisiertem Substrat<\/p>\n<\/li>\n<li data-start=\"765\" data-end=\"792\">\n<p data-start=\"767\" data-end=\"792\">Gleichm\u00e4\u00dfige Verteilung der Sporen<\/p>\n<\/li>\n<li data-start=\"793\" data-end=\"845\">\n<p data-start=\"795\" data-end=\"845\">Geeignet f\u00fcr Forschung und kontrollierten Anbau<\/p>\n<\/li>\n<\/ul>\n<p data-start=\"847\" data-end=\"919\">Entwickelt f\u00fcr Z\u00fcchter und Forscher, die zuverl\u00e4ssige Cubensis-Genetik suchen.<\/p>","protected":false},"featured_media":3141,"comment_status":"open","ping_status":"closed","template":"","meta":[],"product_brand":[32],"product_cat":[66],"product_tag":[],"class_list":{"0":"post-1030","1":"product","2":"type-product","3":"status-publish","4":"has-post-thumbnail","6":"product_brand-mondo","7":"product_cat-psilocybe-cubensis-spore-syringes","9":"first","10":"instock","11":"taxable","12":"shipping-taxable","13":"purchasable","14":"product-type-simple"},"jetpack_sharing_enabled":true,"_links":{"self":[{"href":"https:\/\/www.mondogrowkits.com\/de\/wp-json\/wp\/v2\/product\/1030","targetHints":{"allow":["GET"]}}],"collection":[{"href":"https:\/\/www.mondogrowkits.com\/de\/wp-json\/wp\/v2\/product"}],"about":[{"href":"https:\/\/www.mondogrowkits.com\/de\/wp-json\/wp\/v2\/types\/product"}],"replies":[{"embeddable":true,"href":"https:\/\/www.mondogrowkits.com\/de\/wp-json\/wp\/v2\/comments?post=1030"}],"wp:featuredmedia":[{"embeddable":true,"href":"https:\/\/www.mondogrowkits.com\/de\/wp-json\/wp\/v2\/media\/3141"}],"wp:attachment":[{"href":"https:\/\/www.mondogrowkits.com\/de\/wp-json\/wp\/v2\/media?parent=1030"}],"wp:term":[{"taxonomy":"product_brand","embeddable":true,"href":"https:\/\/www.mondogrowkits.com\/de\/wp-json\/wp\/v2\/product_brand?post=1030"},{"taxonomy":"product_cat","embeddable":true,"href":"https:\/\/www.mondogrowkits.com\/de\/wp-json\/wp\/v2\/product_cat?post=1030"},{"taxonomy":"product_tag","embeddable":true,"href":"https:\/\/www.mondogrowkits.com\/de\/wp-json\/wp\/v2\/product_tag?post=1030"}],"curies":[{"name":"wp","href":"https:\/\/api.w.org\/{rel}","templated":true}]}}