{"id":1339,"date":"2025-09-11T16:51:20","date_gmt":"2025-09-11T16:51:20","guid":{"rendered":"https:\/\/www.mondogrowkits.com\/?post_type=product&#038;p=1339"},"modified":"2026-04-07T14:45:22","modified_gmt":"2026-04-07T13:45:22","slug":"liquid-culture-azurescens","status":"publish","type":"product","link":"https:\/\/www.mondogrowkits.com\/de\/liquid-culture-azurescens\/","title":{"rendered":"Azurescens - Psilocybe Cubensis Liquid Culture Spritze"},"content":{"rendered":"","protected":false},"excerpt":{"rendered":"<p><strong data-start=\"316\" data-end=\"330\">Azurescens<\/strong><br data-start=\"330\" data-end=\"333\" \/>Die Azurescens Liquid Culture Syringe bietet eine der potentesten Psilocybe-Sorten. Bekannt f\u00fcr starke Besiedlung, Widerstandsf\u00e4higkeit und robuste Fruchtbildung, ist sie ein Favorit unter fortgeschrittenen Z\u00fcchtern, die starke Ergebnisse suchen.<\/p>","protected":false},"featured_media":3139,"comment_status":"open","ping_status":"closed","template":"","meta":[],"product_brand":[32],"product_cat":[68],"product_tag":[],"class_list":{"0":"post-1339","1":"product","2":"type-product","3":"status-publish","4":"has-post-thumbnail","6":"product_brand-mondo","7":"product_cat-liquid-culture-syringe","9":"first","10":"instock","11":"taxable","12":"shipping-taxable","13":"purchasable","14":"product-type-simple"},"jetpack_sharing_enabled":true,"_links":{"self":[{"href":"https:\/\/www.mondogrowkits.com\/de\/wp-json\/wp\/v2\/product\/1339","targetHints":{"allow":["GET"]}}],"collection":[{"href":"https:\/\/www.mondogrowkits.com\/de\/wp-json\/wp\/v2\/product"}],"about":[{"href":"https:\/\/www.mondogrowkits.com\/de\/wp-json\/wp\/v2\/types\/product"}],"replies":[{"embeddable":true,"href":"https:\/\/www.mondogrowkits.com\/de\/wp-json\/wp\/v2\/comments?post=1339"}],"wp:featuredmedia":[{"embeddable":true,"href":"https:\/\/www.mondogrowkits.com\/de\/wp-json\/wp\/v2\/media\/3139"}],"wp:attachment":[{"href":"https:\/\/www.mondogrowkits.com\/de\/wp-json\/wp\/v2\/media?parent=1339"}],"wp:term":[{"taxonomy":"product_brand","embeddable":true,"href":"https:\/\/www.mondogrowkits.com\/de\/wp-json\/wp\/v2\/product_brand?post=1339"},{"taxonomy":"product_cat","embeddable":true,"href":"https:\/\/www.mondogrowkits.com\/de\/wp-json\/wp\/v2\/product_cat?post=1339"},{"taxonomy":"product_tag","embeddable":true,"href":"https:\/\/www.mondogrowkits.com\/de\/wp-json\/wp\/v2\/product_tag?post=1339"}],"curies":[{"name":"wp","href":"https:\/\/api.w.org\/{rel}","templated":true}]}}