{"id":1340,"date":"2025-09-11T16:50:46","date_gmt":"2025-09-11T16:50:46","guid":{"rendered":"https:\/\/www.mondogrowkits.com\/?post_type=product&#038;p=1340"},"modified":"2026-04-07T14:45:36","modified_gmt":"2026-04-07T13:45:36","slug":"liquid-culture-pes-hawaii","status":"publish","type":"product","link":"https:\/\/www.mondogrowkits.com\/de\/liquid-culture-pes-hawaii\/","title":{"rendered":"PES Hawaii - Psilocybe Cubensis Liquid Culture Spritze"},"content":{"rendered":"","protected":false},"excerpt":{"rendered":"<p><strong data-start=\"556\" data-end=\"570\">PES Hawaii<\/strong><br data-start=\"570\" data-end=\"573\" \/>PES Hawaii wird wegen ihres kr\u00e4ftigen Myzels und ihrer zuverl\u00e4ssigen Ertr\u00e4ge gesch\u00e4tzt. Diese klassische Sorte kolonisiert schnell und produziert dichte Schw\u00e4rme, was sie zu einer ausgezeichneten Wahl f\u00fcr einen best\u00e4ndigen Anbau macht.<\/p>","protected":false},"featured_media":3139,"comment_status":"open","ping_status":"closed","template":"","meta":[],"product_brand":[32],"product_cat":[68],"product_tag":[],"class_list":{"0":"post-1340","1":"product","2":"type-product","3":"status-publish","4":"has-post-thumbnail","6":"product_brand-mondo","7":"product_cat-liquid-culture-syringe","9":"first","10":"instock","11":"taxable","12":"shipping-taxable","13":"purchasable","14":"product-type-simple"},"jetpack_sharing_enabled":true,"_links":{"self":[{"href":"https:\/\/www.mondogrowkits.com\/de\/wp-json\/wp\/v2\/product\/1340","targetHints":{"allow":["GET"]}}],"collection":[{"href":"https:\/\/www.mondogrowkits.com\/de\/wp-json\/wp\/v2\/product"}],"about":[{"href":"https:\/\/www.mondogrowkits.com\/de\/wp-json\/wp\/v2\/types\/product"}],"replies":[{"embeddable":true,"href":"https:\/\/www.mondogrowkits.com\/de\/wp-json\/wp\/v2\/comments?post=1340"}],"wp:featuredmedia":[{"embeddable":true,"href":"https:\/\/www.mondogrowkits.com\/de\/wp-json\/wp\/v2\/media\/3139"}],"wp:attachment":[{"href":"https:\/\/www.mondogrowkits.com\/de\/wp-json\/wp\/v2\/media?parent=1340"}],"wp:term":[{"taxonomy":"product_brand","embeddable":true,"href":"https:\/\/www.mondogrowkits.com\/de\/wp-json\/wp\/v2\/product_brand?post=1340"},{"taxonomy":"product_cat","embeddable":true,"href":"https:\/\/www.mondogrowkits.com\/de\/wp-json\/wp\/v2\/product_cat?post=1340"},{"taxonomy":"product_tag","embeddable":true,"href":"https:\/\/www.mondogrowkits.com\/de\/wp-json\/wp\/v2\/product_tag?post=1340"}],"curies":[{"name":"wp","href":"https:\/\/api.w.org\/{rel}","templated":true}]}}