{"id":1342,"date":"2025-09-11T16:50:44","date_gmt":"2025-09-11T16:50:44","guid":{"rendered":"https:\/\/www.mondogrowkits.com\/?post_type=product&#038;p=1342"},"modified":"2026-04-07T14:46:16","modified_gmt":"2026-04-07T13:46:16","slug":"liquid-culture-treasure-coast","status":"publish","type":"product","link":"https:\/\/www.mondogrowkits.com\/de\/liquid-culture-treasure-coast\/","title":{"rendered":"Treasure Coast - Psilocybe Cubensis Fl\u00fcssigkultur-Spritze"},"content":{"rendered":"<h2 data-section-id=\"fn4qvb\" data-start=\"565\" data-end=\"641\">Treasure Coast Liquid Culture Spritze - Klassischer Psilocybe Cubensis-Stamm<\/h2><p data-start=\"643\" data-end=\"947\">Die <strong data-start=\"647\" data-end=\"709\">Treasure Coast - Psilocybe Cubensis Fl\u00fcssigkultur-Spritze<\/strong> ist eine bekannte und weithin gesch\u00e4tzte Sorte, die f\u00fcr ihre starke Genetik, zuverl\u00e4ssige Besiedlung und gleichm\u00e4\u00dfige Myzelentwicklung bekannt ist. Diese Sorte ist bei den Z\u00fcchtern wegen ihrer stabilen Leistung und zuverl\u00e4ssigen Ergebnisse sehr beliebt.<\/p><p data-start=\"949\" data-end=\"1206\">Treasure Coast ist bekannt f\u00fcr sein kr\u00e4ftiges und gleichm\u00e4\u00dfiges Myzelwachstum, das eine schnelle und gleichm\u00e4\u00dfige Besiedlung einer Vielzahl von Substraten erm\u00f6glicht. Sein vorhersehbares Verhalten macht es zu einer ausgezeichneten Wahl f\u00fcr Z\u00fcchter, die Effizienz und einfache Kultivierung suchen.<\/p><p data-start=\"1208\" data-end=\"1453\">Da dieses Produkt als Paket geliefert wird <a href=\"https:\/\/www.mondogrowkits.com\/de\/liquid-culture-syringe\/\">liquid culture<\/a>, Sie enth\u00e4lt aktives Myzel in einer n\u00e4hrstoffreichen L\u00f6sung. Dies erm\u00f6glicht im Vergleich zu herk\u00f6mmlichen Sporenspritzen eine deutlich schnellere Besiedlung und verbessert die Erfolgsquote insgesamt.<\/p><p data-start=\"1455\" data-end=\"1560\">Unter optimalen Bedingungen kann das Myzelwachstum oft schon wenige Tage nach der Inokulation beobachtet werden.<\/p><hr data-start=\"1562\" data-end=\"1565\" \/><h3 data-section-id=\"vvo0t7\" data-start=\"1567\" data-end=\"1612\">Warum Treasure Coast Liquid Culture w\u00e4hlen?<\/h3><p data-start=\"1614\" data-end=\"1878\">\u2714 Klassischer und gut etablierter Psilocybe cubensis Stamm<br data-start=\"1670\" data-end=\"1673\" \/>\u2714 Starke und best\u00e4ndige Besiedlung<br data-start=\"1709\" data-end=\"1712\" \/>\u2714 Verl\u00e4ssliches und stabiles Wachstum<br data-start=\"1740\" data-end=\"1743\" \/>\u2714 Geeignet f\u00fcr <a href=\"https:\/\/www.mondogrowkits.com\/de\/mondo-growkits-best-strains-beginners-advanced\/\">Anf\u00e4nger<\/a> und erfahrene Z\u00fcchter<br data-start=\"1791\" data-end=\"1794\" \/>\u2714 Schnellere Kolonisierung als Sporenspritzen<br data-start=\"1835\" data-end=\"1838\" \/>\u2714 Aktive Fl\u00fcssigkultur - gebrauchsfertig<\/p><p data-start=\"1880\" data-end=\"1978\">Treasure Coast ist ideal f\u00fcr Z\u00fcchter, die einen zuverl\u00e4ssigen und effizienten Anbau w\u00fcnschen.<\/p><hr data-start=\"1980\" data-end=\"1983\" \/><h3 data-section-id=\"1edg1fv\" data-start=\"1985\" data-end=\"2015\">Vorteile von Liquid Culture<\/h3><p data-start=\"2017\" data-end=\"2102\">Fl\u00fcssigkultur-Spritzen bieten eindeutige Vorteile gegen\u00fcber herk\u00f6mmlichen Produkten auf Sporenbasis.<\/p><p data-start=\"2104\" data-end=\"2192\">Da das Myzel bereits aktiv ist, beginnt die Besiedlung unmittelbar nach der Inokulation.<\/p><p data-start=\"2194\" data-end=\"2215\">Die wichtigsten Vorteile sind:<\/p><p data-start=\"2217\" data-end=\"2374\">- Schnellere Kolonisierungszeiten<br data-start=\"2244\" data-end=\"2247\" \/>- H\u00f6here Erfolgsquoten<br data-start=\"2269\" data-end=\"2272\" \/>- Gleichm\u00e4\u00dfige Verteilung des Myzels<br data-start=\"2303\" data-end=\"2306\" \/>- Einfache und pr\u00e4zise Anwendung<br data-start=\"2336\" data-end=\"2339\" \/>- Konsistente und zuverl\u00e4ssige Ergebnisse<\/p><p data-start=\"2376\" data-end=\"2457\">Die Fl\u00fcssigkultur ist die bevorzugte Wahl f\u00fcr Z\u00fcchter, die Schnelligkeit und Best\u00e4ndigkeit suchen.<\/p><hr data-start=\"2459\" data-end=\"2462\" \/><h3 data-section-id=\"1ltc4xe\" data-start=\"2464\" data-end=\"2489\">Verwendung und Anwendung<\/h3><p data-start=\"2491\" data-end=\"2584\">Die Treasure Coast Fl\u00fcssigkultur-Spritze ist einfach zu bedienen und f\u00fcr verschiedene Substrate geeignet.<\/p><p data-start=\"2586\" data-end=\"2722\">Sch\u00fctteln Sie die Spritze vor der Anwendung leicht, um das Myzel gleichm\u00e4\u00dfig zu verteilen. Injizieren Sie die Fl\u00fcssigkeit in Ihr <a href=\"https:\/\/www.mondogrowkits.com\/de\/sterilised-substrate\/\">steriles Substrat<\/a> oder Kultursubstrat.<\/p><p data-start=\"2724\" data-end=\"2824\">Da die Kultur aktives Myzel enth\u00e4lt, beginnt die Besiedlung in der Regel schneller als bei Sporen.<\/p><p data-start=\"2826\" data-end=\"2905\">Arbeiten Sie stets in einer sauberen und sterilen Umgebung, um das Kontaminationsrisiko zu minimieren.<\/p><p data-start=\"2907\" data-end=\"2996\"><strong data-start=\"2907\" data-end=\"2916\">Anmerkung:<\/strong> Dieses Produkt ist ausschlie\u00dflich f\u00fcr die Mikroskopie und f\u00fcr Ausbildungszwecke bestimmt.<\/p><hr data-start=\"2998\" data-end=\"3001\" \/><h3 data-section-id=\"1w10lnv\" data-start=\"3003\" data-end=\"3027\">Lagerung und Haltbarkeit<\/h3><p data-start=\"3029\" data-end=\"3090\">Lagern Sie die Fl\u00fcssigkultur-Spritze im K\u00fchlschrank bei 2-8 \u00b0C.<\/p><p data-start=\"3092\" data-end=\"3141\">Lagerf\u00e4higkeit: Bis zu 2-3 Monate bei sachgem\u00e4\u00dfer Lagerung<\/p><p data-start=\"3143\" data-end=\"3239\">Vor direkter Sonneneinstrahlung und Hitze sch\u00fctzen. Lassen Sie die Spritze vor Gebrauch auf Raumtemperatur kommen.<\/p><hr data-start=\"3241\" data-end=\"3244\" \/><h3 data-section-id=\"13ogc0b\" data-start=\"3246\" data-end=\"3295\">Treasure Coast - Zuverl\u00e4ssige und bew\u00e4hrte Genetik<\/h3><p data-start=\"3297\" data-end=\"3419\">Treasure Coast wird f\u00fcr seine starke Besiedlung und gleichbleibende Leistung gesch\u00e4tzt, was es zu einer zuverl\u00e4ssigen Wahl unter den Landwirten macht.<\/p><p data-start=\"3421\" data-end=\"3527\">Dank seiner stabilen Wachstumseigenschaften und seiner einfachen Handhabung eignet er sich f\u00fcr eine Vielzahl von Anbausystemen.<\/p><hr data-start=\"3529\" data-end=\"3532\" \/><h3 data-section-id=\"1hlhd96\" data-start=\"3534\" data-end=\"3592\">Bestellen Sie Ihre Treasure Coast Liquid Culture Spritze noch heute<\/h3><p data-start=\"3594\" data-end=\"3724\">Die <strong data-start=\"3598\" data-end=\"3660\">Treasure Coast - Psilocybe Cubensis Fl\u00fcssigkultur-Spritze<\/strong> bietet ein perfektes Gleichgewicht aus Zuverl\u00e4ssigkeit, Geschwindigkeit und Effizienz.<\/p><p data-start=\"3726\" data-end=\"3844\">Mit aktivem Myzel und bew\u00e4hrter Genetik ist diese Fl\u00fcssigkultur ideal f\u00fcr eine schnelle und gleichm\u00e4\u00dfige Besiedlung.<\/p><p data-start=\"3846\" data-end=\"3904\" data-is-last-node=\"\" data-is-only-node=\"\">Bestellen Sie noch heute und erleben Sie erstklassige Fl\u00fcssigkulturqualit\u00e4t.<\/p>","protected":false},"excerpt":{"rendered":"<p data-start=\"146\" data-end=\"397\"><strong data-start=\"146\" data-end=\"208\">Treasure Coast - Psilocybe Cubensis Fl\u00fcssigkultur-Spritze<\/strong> ist eine zuverl\u00e4ssige und schnell kolonisierende Fl\u00fcssigkultur, die f\u00fcr ihr starkes Myzelwachstum und ihre konstante Leistung bekannt ist. Diese beliebte Sorte ist sowohl f\u00fcr Anf\u00e4nger als auch f\u00fcr erfahrene Z\u00fcchter geeignet.<\/p>\n<p data-start=\"399\" data-end=\"558\">Die Spritze enth\u00e4lt aktives Myzel in einer n\u00e4hrstoffreichen L\u00f6sung, die im Vergleich zu herk\u00f6mmlichen Sporenspritzen eine schnellere Kolonisierung und h\u00f6here Erfolgsquoten gew\u00e4hrleistet.<\/p>","protected":false},"featured_media":3139,"comment_status":"open","ping_status":"closed","template":"","meta":[],"product_brand":[32],"product_cat":[68],"product_tag":[],"class_list":{"0":"post-1342","1":"product","2":"type-product","3":"status-publish","4":"has-post-thumbnail","6":"product_brand-mondo","7":"product_cat-liquid-culture-syringe","9":"first","10":"instock","11":"taxable","12":"shipping-taxable","13":"purchasable","14":"product-type-simple"},"jetpack_sharing_enabled":true,"_links":{"self":[{"href":"https:\/\/www.mondogrowkits.com\/de\/wp-json\/wp\/v2\/product\/1342","targetHints":{"allow":["GET"]}}],"collection":[{"href":"https:\/\/www.mondogrowkits.com\/de\/wp-json\/wp\/v2\/product"}],"about":[{"href":"https:\/\/www.mondogrowkits.com\/de\/wp-json\/wp\/v2\/types\/product"}],"replies":[{"embeddable":true,"href":"https:\/\/www.mondogrowkits.com\/de\/wp-json\/wp\/v2\/comments?post=1342"}],"wp:featuredmedia":[{"embeddable":true,"href":"https:\/\/www.mondogrowkits.com\/de\/wp-json\/wp\/v2\/media\/3139"}],"wp:attachment":[{"href":"https:\/\/www.mondogrowkits.com\/de\/wp-json\/wp\/v2\/media?parent=1342"}],"wp:term":[{"taxonomy":"product_brand","embeddable":true,"href":"https:\/\/www.mondogrowkits.com\/de\/wp-json\/wp\/v2\/product_brand?post=1342"},{"taxonomy":"product_cat","embeddable":true,"href":"https:\/\/www.mondogrowkits.com\/de\/wp-json\/wp\/v2\/product_cat?post=1342"},{"taxonomy":"product_tag","embeddable":true,"href":"https:\/\/www.mondogrowkits.com\/de\/wp-json\/wp\/v2\/product_tag?post=1342"}],"curies":[{"name":"wp","href":"https:\/\/api.w.org\/{rel}","templated":true}]}}