{"id":1348,"date":"2025-09-11T16:50:40","date_gmt":"2025-09-11T16:50:40","guid":{"rendered":"https:\/\/www.mondogrowkits.com\/?post_type=product&#038;p=1348"},"modified":"2026-04-07T14:46:54","modified_gmt":"2026-04-07T13:46:54","slug":"liquid-culture-mckennaii","status":"publish","type":"product","link":"https:\/\/www.mondogrowkits.com\/de\/liquid-culture-mckennaii\/","title":{"rendered":"McKennaii - McKennaii \u2013 Psilocybe Cubensis Liquid Culture Spritze"},"content":{"rendered":"<h2 data-section-id=\"qmytu4\" data-start=\"113\" data-end=\"187\">McKennaii Liquid Culture Spritze - Leistungsstarke Psilocybe Cubensis Genetik<\/h2><p data-start=\"189\" data-end=\"535\">Die <strong data-start=\"193\" data-end=\"250\">McKennaii - Psilocybe Cubensis Fl\u00fcssigkultur-Spritze<\/strong> ist eine hoch angesehene Sorte, die f\u00fcr ihr kr\u00e4ftiges Wachstum, ihre starke Kolonisierung und ihre zuverl\u00e4ssige Leistung bekannt ist. Benannt nach dem ber\u00fchmten Ethnobotaniker <span class=\"hover:entity-accent entity-underline inline cursor-pointer align-baseline\"><span class=\"whitespace-normal\">Terence McKenna<\/span><\/span>, Diese Sorte ist bei den Z\u00fcchtern aufgrund ihres aggressiven Myzels und der gleichbleibenden Ergebnisse sehr beliebt geworden.<\/p><p data-start=\"537\" data-end=\"780\"><a href=\"https:\/\/www.mondogrowkits.com\/de\/magic-mushroom-sortenbibliothek\/mckennaii-psilocybe-cubensis-sorte\/\">McKennaii<\/a> ist bekannt f\u00fcr seine schnelle Besiedlungsgeschwindigkeit und dichte Myzelentwicklung, was ihn zu einer ausgezeichneten Wahl f\u00fcr Z\u00fcchter macht, die Effizienz und Stabilit\u00e4t suchen. Der Stamm eignet sich f\u00fcr eine Vielzahl von Substraten und Anbausystemen.<\/p><p data-start=\"782\" data-end=\"1017\">Da dieses Produkt als Paket geliefert wird <a href=\"https:\/\/www.mondogrowkits.com\/de\/liquid-culture-spritze\/\">liquid culture<\/a>, Sie enth\u00e4lt aktives Myzel in einer n\u00e4hrstoffreichen L\u00f6sung. Dies erm\u00f6glicht eine schnellere Besiedlung im Vergleich zu herk\u00f6mmlichen Sporenspritzen und erh\u00f6ht die allgemeine Erfolgsquote.<\/p><p data-start=\"1019\" data-end=\"1112\">Unter optimalen Bedingungen kann das Wachstum des Myzels bereits wenige Tage nach der Inokulation einsetzen.<\/p><hr data-start=\"1114\" data-end=\"1117\" \/><h3 data-section-id=\"1tid1er\" data-start=\"1119\" data-end=\"1159\">Warum McKennaii Liquid Culture w\u00e4hlen?<\/h3><p data-start=\"1161\" data-end=\"1443\">\u2714 Starke und aggressive Psilocybe cubensis-Sorte<br data-start=\"1210\" data-end=\"1213\" \/>\u2714 Schnelle Besiedlung und dichtes Myzelwachstum<br data-start=\"1258\" data-end=\"1261\" \/>\u2714 Zuverl\u00e4ssige und konstante Leistung<br data-start=\"1298\" data-end=\"1301\" \/>\u2714 Geeignet f\u00fcr <a href=\"https:\/\/www.mondogrowkits.com\/de\/mondo-growkits-beste-stamme-anfanger-fortgeschrittene\/\">Anf\u00e4nger<\/a> und erfahrene Z\u00fcchter<br data-start=\"1349\" data-end=\"1352\" \/>\u2714 Aktive Fl\u00fcssigkultur - sofort einsatzbereit<br data-start=\"1402\" data-end=\"1405\" \/>\u2714 Funktioniert gut mit verschiedenen Substraten<\/p><p data-start=\"1445\" data-end=\"1537\">McKennaii ist eine beliebte Wahl f\u00fcr Z\u00fcchter, die eine leistungsstarke und sich schnell entwickelnde Sorte suchen.<\/p><hr data-start=\"1539\" data-end=\"1542\" \/><h3 data-section-id=\"1edg1fv\" data-start=\"1544\" data-end=\"1574\">Vorteile von Liquid Culture<\/h3><p data-start=\"1576\" data-end=\"1667\">Fl\u00fcssigkulturspritzen bieten erhebliche Vorteile gegen\u00fcber herk\u00f6mmlichen Produkten auf Sporenbasis.<\/p><p data-start=\"1669\" data-end=\"1767\">Da das Myzel bereits lebendig und aktiv ist, beginnt die Besiedlung unmittelbar nach der Inokulation.<\/p><p data-start=\"1769\" data-end=\"1790\">Die wichtigsten Vorteile sind:<\/p><p data-start=\"1792\" data-end=\"1961\">- Schnellere Kolonisierungszeiten<br data-start=\"1819\" data-end=\"1822\" \/>- H\u00f6here Erfolgsquoten<br data-start=\"1844\" data-end=\"1847\" \/>- Geringeres Ausfallrisiko bei korrekter Anwendung<br data-start=\"1892\" data-end=\"1895\" \/>- Gleichm\u00e4\u00dfige Verteilung des Myzels<br data-start=\"1926\" data-end=\"1929\" \/>- Einfache und pr\u00e4zise Anwendung<\/p><p data-start=\"1963\" data-end=\"2042\">Die Fl\u00fcssigkultur ist ideal f\u00fcr Z\u00fcchter, die vorhersehbare und effiziente Ergebnisse w\u00fcnschen.<\/p><hr data-start=\"2044\" data-end=\"2047\" \/><h3 data-section-id=\"1ltc4xe\" data-start=\"2049\" data-end=\"2074\">Verwendung und Anwendung<\/h3><p data-start=\"2076\" data-end=\"2174\">Die Fl\u00fcssigkulturspritze McKennaii ist einfach zu bedienen und f\u00fcr verschiedene Kultivierungsmethoden geeignet.<\/p><p data-start=\"2176\" data-end=\"2312\">Sch\u00fctteln Sie die Spritze vor der Anwendung leicht, um das Myzel gleichm\u00e4\u00dfig zu verteilen. Injizieren Sie die Fl\u00fcssigkeit in Ihr <a href=\"https:\/\/www.mondogrowkits.com\/de\/sterilisiertes-substrat\/\">steriles Substrat<\/a> oder Kultursubstrat.<\/p><p data-start=\"2314\" data-end=\"2414\">Da die Kultur aktives Myzel enth\u00e4lt, beginnt die Besiedlung in der Regel schneller als bei Sporen.<\/p><p data-start=\"2416\" data-end=\"2485\">Halten Sie stets sterile Arbeitsbedingungen aufrecht, um die Kontamination zu minimieren.<\/p><p data-start=\"2487\" data-end=\"2576\"><strong data-start=\"2487\" data-end=\"2496\">Anmerkung:<\/strong> Dieses Produkt ist ausschlie\u00dflich f\u00fcr die Mikroskopie und f\u00fcr Ausbildungszwecke bestimmt.<\/p><hr data-start=\"2578\" data-end=\"2581\" \/><h3 data-section-id=\"1w10lnv\" data-start=\"2583\" data-end=\"2607\">Lagerung und Haltbarkeit<\/h3><p data-start=\"2609\" data-end=\"2687\">Bewahren Sie die Fl\u00fcssigkultur-Spritze im K\u00fchlschrank bei 2-8 \u00b0C auf, um optimale Ergebnisse zu erzielen.<\/p><p data-start=\"2689\" data-end=\"2739\">Lagerf\u00e4higkeit: Bis zu 2-3 Monate bei korrekter Lagerung<\/p><p data-start=\"2741\" data-end=\"2837\">Vor direkter Sonneneinstrahlung und Hitze sch\u00fctzen. Lassen Sie die Spritze vor Gebrauch auf Raumtemperatur kommen.<\/p><hr data-start=\"2839\" data-end=\"2842\" \/><h3 data-section-id=\"jo8ted\" data-start=\"2844\" data-end=\"2890\">McKennaii - Eine leistungsstarke und zuverl\u00e4ssige Sorte<\/h3><p data-start=\"2892\" data-end=\"3009\">McKennaii ist bekannt f\u00fcr ihre starke Genetik und schnelle Besiedlung, was sie zu einer vertrauensw\u00fcrdigen Sorte unter Z\u00fcchtern weltweit macht.<\/p><p data-start=\"3011\" data-end=\"3166\">Sein aggressives Wachstum und seine konstante Leistung machen ihn zu einer ausgezeichneten Wahl f\u00fcr alle, die Effizienz und Zuverl\u00e4ssigkeit in ihrem Anbauverfahren suchen.<\/p><hr data-start=\"3168\" data-end=\"3171\" \/><h3 data-section-id=\"ozoeaq\" data-start=\"3173\" data-end=\"3226\">Bestellen Sie Ihre McKennaii Liquid Culture Spritze noch heute<\/h3><p data-start=\"3228\" data-end=\"3347\">Die <strong data-start=\"3232\" data-end=\"3289\">McKennaii - Psilocybe Cubensis Fl\u00fcssigkultur-Spritze<\/strong> bietet Geschwindigkeit, St\u00e4rke und Konsistenz in einem Produkt.<\/p><p data-start=\"3349\" data-end=\"3474\">Mit aktivem Myzel und bew\u00e4hrter Genetik ist diese Fl\u00fcssigkultur perfekt f\u00fcr Z\u00fcchter, die eine zuverl\u00e4ssige und schnelle Besiedlung w\u00fcnschen.<\/p><p data-start=\"3476\" data-end=\"3538\" data-is-last-node=\"\" data-is-only-node=\"\">Bestellen Sie noch heute und erleben Sie eine erstklassige Fl\u00fcssigkulturleistung.<\/p>","protected":false},"excerpt":{"rendered":"<div class=\"flex flex-col text-sm pb-25\">\n<section class=\"text-token-text-primary w-full focus:outline-none [--shadow-height:45px] has-data-writing-block:pointer-events-none has-data-writing-block:-mt-(--shadow-height) has-data-writing-block:pt-(--shadow-height) [&amp;:has([data-writing-block])&gt;*]:pointer-events-auto scroll-mt-[calc(var(--header-height)+min(200px,max(70px,20svh)))]\" dir=\"auto\" data-turn-id=\"request-WEB:4f24f257-2f2d-4e1c-b3aa-1abf6ca93056-27\" data-testid=\"conversation-turn-10\" data-scroll-anchor=\"true\" data-turn=\"assistant\">\n<div class=\"text-base my-auto mx-auto pb-10 [--thread-content-margin:var(--thread-content-margin-xs,calc(var(--spacing)*4))] @w-sm\/main:[--thread-content-margin:var(--thread-content-margin-sm,calc(var(--spacing)*6))] @w-lg\/main:[--thread-content-margin:var(--thread-content-margin-lg,calc(var(--spacing)*16))] px-(--thread-content-margin)\">\n<div class=\"[--thread-content-max-width:40rem] @w-lg\/main:[--thread-content-max-width:48rem] mx-auto max-w-(--thread-content-max-width) flex-1 group\/turn-messages focus-visible:outline-hidden relative flex w-full min-w-0 flex-col agent-turn\">\n<div class=\"flex max-w-full flex-col gap-4 grow\">\n<div class=\"min-h-8 text-message relative flex w-full flex-col items-end gap-2 text-start break-words whitespace-normal outline-none keyboard-focused:focus-ring [.text-message+&amp;]:mt-1\" dir=\"auto\" data-message-author-role=\"assistant\" data-message-id=\"65e18695-0e04-4fe6-93dc-022bc6c84269\" data-message-model-slug=\"gpt-5-3\" data-turn-start-message=\"true\">\n<div class=\"flex w-full flex-col gap-1 empty:hidden\">\n<div class=\"markdown prose dark:prose-invert w-full wrap-break-word light markdown-new-styling\">\n<p data-start=\"110\" data-end=\"401\"><strong data-start=\"110\" data-end=\"167\">McKennaii \u2013 Psilocybe Cubensis Liquid Culture Syringe<\/strong> is a high-quality liquid culture known for its fast colonisation and strong mycelium growth. This powerful strain is valued for its reliability and consistent performance, making it suitable for both beginner and experienced growers.<\/p>\n<p data-start=\"403\" data-end=\"566\" data-is-last-node=\"\" data-is-only-node=\"\">The syringe contains active mycelium in a nutrient-rich solution, allowing for faster colonisation and higher success rates compared to traditional spore syringes.<\/p>\n<\/div>\n<\/div>\n<\/div>\n<\/div>\n<div class=\"z-0 flex min-h-[46px] justify-start\"><\/div>\n<div class=\"mt-3 w-full empty:hidden\">\n<div class=\"text-center\"><\/div>\n<\/div>\n<\/div>\n<\/div>\n<\/section>\n<\/div>\n<div class=\"pointer-events-none h-px w-px absolute bottom-0\" aria-hidden=\"true\" data-edge=\"true\"><\/div>\n","protected":false},"featured_media":3139,"comment_status":"open","ping_status":"closed","template":"","meta":[],"product_brand":[32],"product_cat":[68],"product_tag":[],"class_list":{"0":"post-1348","1":"product","2":"type-product","3":"status-publish","4":"has-post-thumbnail","6":"product_brand-mondo","7":"product_cat-liquid-culture-syringe","9":"first","10":"outofstock","11":"taxable","12":"shipping-taxable","13":"purchasable","14":"product-type-simple"},"jetpack_sharing_enabled":true,"_links":{"self":[{"href":"https:\/\/www.mondogrowkits.com\/de\/wp-json\/wp\/v2\/product\/1348","targetHints":{"allow":["GET"]}}],"collection":[{"href":"https:\/\/www.mondogrowkits.com\/de\/wp-json\/wp\/v2\/product"}],"about":[{"href":"https:\/\/www.mondogrowkits.com\/de\/wp-json\/wp\/v2\/types\/product"}],"replies":[{"embeddable":true,"href":"https:\/\/www.mondogrowkits.com\/de\/wp-json\/wp\/v2\/comments?post=1348"}],"wp:featuredmedia":[{"embeddable":true,"href":"https:\/\/www.mondogrowkits.com\/de\/wp-json\/wp\/v2\/media\/3139"}],"wp:attachment":[{"href":"https:\/\/www.mondogrowkits.com\/de\/wp-json\/wp\/v2\/media?parent=1348"}],"wp:term":[{"taxonomy":"product_brand","embeddable":true,"href":"https:\/\/www.mondogrowkits.com\/de\/wp-json\/wp\/v2\/product_brand?post=1348"},{"taxonomy":"product_cat","embeddable":true,"href":"https:\/\/www.mondogrowkits.com\/de\/wp-json\/wp\/v2\/product_cat?post=1348"},{"taxonomy":"product_tag","embeddable":true,"href":"https:\/\/www.mondogrowkits.com\/de\/wp-json\/wp\/v2\/product_tag?post=1348"}],"curies":[{"name":"wp","href":"https:\/\/api.w.org\/{rel}","templated":true}]}}