{"id":1365,"date":"2025-09-11T16:49:50","date_gmt":"2025-09-11T16:49:50","guid":{"rendered":"https:\/\/www.mondogrowkits.com\/?post_type=product&#038;p=1365"},"modified":"2026-04-07T14:56:26","modified_gmt":"2026-04-07T13:56:26","slug":"liquid-culture-hollandia","status":"publish","type":"product","link":"https:\/\/www.mondogrowkits.com\/de\/liquid-culture-hollandia\/","title":{"rendered":"Hollandia - Psilocybe Cubensis Liquid Culture Spritze"},"content":{"rendered":"","protected":false},"excerpt":{"rendered":"<p>Hollandia produziert gro\u00dfe, dichte Sklerotien mit konstanten Ertr\u00e4gen. Sie ist eine bew\u00e4hrte Sorte f\u00fcr den zuverl\u00e4ssigen und effizienten Tr\u00fcffelanbau.<\/p>","protected":false},"featured_media":3139,"comment_status":"open","ping_status":"closed","template":"","meta":[],"product_brand":[32],"product_cat":[68],"product_tag":[],"class_list":{"0":"post-1365","1":"product","2":"type-product","3":"status-publish","4":"has-post-thumbnail","6":"product_brand-mondo","7":"product_cat-liquid-culture-syringe","9":"first","10":"instock","11":"taxable","12":"shipping-taxable","13":"purchasable","14":"product-type-simple"},"jetpack_sharing_enabled":true,"_links":{"self":[{"href":"https:\/\/www.mondogrowkits.com\/de\/wp-json\/wp\/v2\/product\/1365","targetHints":{"allow":["GET"]}}],"collection":[{"href":"https:\/\/www.mondogrowkits.com\/de\/wp-json\/wp\/v2\/product"}],"about":[{"href":"https:\/\/www.mondogrowkits.com\/de\/wp-json\/wp\/v2\/types\/product"}],"replies":[{"embeddable":true,"href":"https:\/\/www.mondogrowkits.com\/de\/wp-json\/wp\/v2\/comments?post=1365"}],"wp:featuredmedia":[{"embeddable":true,"href":"https:\/\/www.mondogrowkits.com\/de\/wp-json\/wp\/v2\/media\/3139"}],"wp:attachment":[{"href":"https:\/\/www.mondogrowkits.com\/de\/wp-json\/wp\/v2\/media?parent=1365"}],"wp:term":[{"taxonomy":"product_brand","embeddable":true,"href":"https:\/\/www.mondogrowkits.com\/de\/wp-json\/wp\/v2\/product_brand?post=1365"},{"taxonomy":"product_cat","embeddable":true,"href":"https:\/\/www.mondogrowkits.com\/de\/wp-json\/wp\/v2\/product_cat?post=1365"},{"taxonomy":"product_tag","embeddable":true,"href":"https:\/\/www.mondogrowkits.com\/de\/wp-json\/wp\/v2\/product_tag?post=1365"}],"curies":[{"name":"wp","href":"https:\/\/api.w.org\/{rel}","templated":true}]}}