{"id":1371,"date":"2025-09-11T16:49:43","date_gmt":"2025-09-11T16:49:43","guid":{"rendered":"https:\/\/www.mondogrowkits.com\/?post_type=product&#038;p=1371"},"modified":"2026-04-08T12:54:24","modified_gmt":"2026-04-08T11:54:24","slug":"liquid-culture-jack-frost","status":"publish","type":"product","link":"https:\/\/www.mondogrowkits.com\/de\/liquid-culture-jack-frost\/","title":{"rendered":"Jack Frost - Psilocybe Cubensis Liquid Culture Spuit"},"content":{"rendered":"<h2 data-section-id=\"f9xt8h\" data-start=\"602\" data-end=\"675\">Jack Frost Liquid Culture Spritze - Einzigartige Psilocybe Cubensis Genetik<\/h2><p data-start=\"677\" data-end=\"986\">Die <strong data-start=\"681\" data-end=\"739\">Jack Frost - Psilocybe Cubensis Fl\u00fcssigkultur Spritze<\/strong> ist eine unverwechselbare und sehr gefragte Sorte, die f\u00fcr ihre starke Genetik, zuverl\u00e4ssige Besiedlung und gleichm\u00e4\u00dfige Myzelentwicklung bekannt ist. Diese Sorte hat aufgrund ihrer stabilen Leistung und ihrer einzigartigen Eigenschaften an Beliebtheit unter den Z\u00fcchtern gewonnen.<\/p><p data-start=\"988\" data-end=\"1233\">Jack Frost ist bekannt f\u00fcr sein dichtes und kr\u00e4ftiges Myzel, das eine schnelle und gleichm\u00e4\u00dfige Besiedlung einer Vielzahl von Substraten erm\u00f6glicht. Seine zuverl\u00e4ssige Natur macht es zu einer ausgezeichneten Wahl f\u00fcr Z\u00fcchter, die vorhersehbare und effiziente Ergebnisse erzielen wollen.<\/p><p data-start=\"1235\" data-end=\"1480\">Da dieses Produkt als Paket geliefert wird <a href=\"https:\/\/www.mondogrowkits.com\/de\/liquid-culture-spritze\/\">liquid culture<\/a>, Sie enth\u00e4lt aktives Myzel in einer n\u00e4hrstoffreichen L\u00f6sung. Dies erm\u00f6glicht im Vergleich zu herk\u00f6mmlichen Sporenspritzen eine deutlich schnellere Besiedlung und verbessert die Erfolgsquote insgesamt.<\/p><p data-start=\"1482\" data-end=\"1587\">Unter optimalen Bedingungen kann das Myzelwachstum oft schon wenige Tage nach der Inokulation beobachtet werden.<\/p><hr data-start=\"1589\" data-end=\"1592\" \/><h3 data-section-id=\"2tmyn1\" data-start=\"1594\" data-end=\"1635\">Warum Jack Frost Liquid Culture w\u00e4hlen?<\/h3><p data-start=\"1637\" data-end=\"1891\">\u2714 Einzigartige und beliebte Psilocybe cubensis-Sorte<br data-start=\"1683\" data-end=\"1686\" \/>\u2714 Starke und best\u00e4ndige Besiedlung<br data-start=\"1722\" data-end=\"1725\" \/>\u2714 Verl\u00e4ssliches und stabiles Wachstum<br data-start=\"1753\" data-end=\"1756\" \/>\u2714 Geeignet f\u00fcr <a href=\"https:\/\/www.mondogrowkits.com\/de\/mondo-growkits-beste-stamme-anfanger-fortgeschrittene\/\">Anf\u00e4nger<\/a> und erfahrene Z\u00fcchter<br data-start=\"1804\" data-end=\"1807\" \/>\u2714 Schnellere Kolonisierung als Sporenspritzen<br data-start=\"1848\" data-end=\"1851\" \/>\u2714 Aktive Fl\u00fcssigkultur - gebrauchsfertig<\/p><p data-start=\"1893\" data-end=\"1987\">Das Jack Frost ist ideal f\u00fcr Z\u00fcchter, die einen zuverl\u00e4ssigen und effizienten Anbau w\u00fcnschen.<\/p><hr data-start=\"1989\" data-end=\"1992\" \/><h3 data-section-id=\"1edg1fv\" data-start=\"1994\" data-end=\"2024\">Vorteile von Liquid Culture<\/h3><p data-start=\"2026\" data-end=\"2115\">Fl\u00fcssigkultur-Spritzen bieten mehrere Vorteile gegen\u00fcber herk\u00f6mmlichen Produkten auf Sporenbasis.<\/p><p data-start=\"2117\" data-end=\"2205\">Da das Myzel bereits aktiv ist, beginnt die Besiedlung unmittelbar nach der Inokulation.<\/p><p data-start=\"2207\" data-end=\"2228\">Die wichtigsten Vorteile sind:<\/p><p data-start=\"2230\" data-end=\"2387\">- Schnellere Kolonisierungszeiten<br data-start=\"2257\" data-end=\"2260\" \/>- H\u00f6here Erfolgsquoten<br data-start=\"2282\" data-end=\"2285\" \/>- Gleichm\u00e4\u00dfige Verteilung des Myzels<br data-start=\"2316\" data-end=\"2319\" \/>- Einfache und pr\u00e4zise Anwendung<br data-start=\"2349\" data-end=\"2352\" \/>- Konsistente und zuverl\u00e4ssige Ergebnisse<\/p><p data-start=\"2389\" data-end=\"2471\">Die Fl\u00fcssigkultur ist die bevorzugte Wahl f\u00fcr Z\u00fcchter, die Schnelligkeit und Konsistenz w\u00fcnschen.<\/p><hr data-start=\"2473\" data-end=\"2476\" \/><h3 data-section-id=\"1ltc4xe\" data-start=\"2478\" data-end=\"2503\">Verwendung und Anwendung<\/h3><p data-start=\"2505\" data-end=\"2594\">Die Jack Frost Fl\u00fcssigkultur-Spritze ist einfach zu bedienen und f\u00fcr verschiedene Substrate geeignet.<\/p><p data-start=\"2596\" data-end=\"2732\">Sch\u00fctteln Sie die Spritze vor der Anwendung leicht, um das Myzel gleichm\u00e4\u00dfig zu verteilen. Injizieren Sie die Fl\u00fcssigkeit in Ihr <a href=\"https:\/\/www.mondogrowkits.com\/de\/sterilisiertes-substrat\/\">steriles Substrat<\/a> oder Kultursubstrat.<\/p><p data-start=\"2734\" data-end=\"2834\">Da die Kultur aktives Myzel enth\u00e4lt, beginnt die Besiedlung in der Regel schneller als bei Sporen.<\/p><p data-start=\"2836\" data-end=\"2915\">Arbeiten Sie stets in einer sauberen und sterilen Umgebung, um das Kontaminationsrisiko zu minimieren.<\/p><p data-start=\"2917\" data-end=\"3006\"><strong data-start=\"2917\" data-end=\"2926\">Anmerkung:<\/strong> Dieses Produkt ist ausschlie\u00dflich f\u00fcr die Mikroskopie und f\u00fcr Ausbildungszwecke bestimmt.<\/p><hr data-start=\"3008\" data-end=\"3011\" \/><h3 data-section-id=\"1w10lnv\" data-start=\"3013\" data-end=\"3037\">Lagerung und Haltbarkeit<\/h3><p data-start=\"3039\" data-end=\"3100\">Lagern Sie die Fl\u00fcssigkultur-Spritze im K\u00fchlschrank bei 2-8 \u00b0C.<\/p><p data-start=\"3102\" data-end=\"3151\">Lagerf\u00e4higkeit: Bis zu 2-3 Monate bei sachgem\u00e4\u00dfer Lagerung<\/p><p data-start=\"3153\" data-end=\"3240\">Vermeiden Sie direkte Sonneneinstrahlung und Hitze. Lassen Sie die Spritze vor Gebrauch auf Raumtemperatur kommen.<\/p><hr data-start=\"3242\" data-end=\"3245\" \/><h3 data-section-id=\"1ndk1rc\" data-start=\"3247\" data-end=\"3295\">Jack Frost - Stabile und ausgepr\u00e4gte Genetik<\/h3><p data-start=\"3297\" data-end=\"3415\">Jack Frost wird f\u00fcr seine starke Besiedlung und gleichbleibende Leistung gesch\u00e4tzt, was es zu einer vertrauensw\u00fcrdigen Wahl unter Landwirten macht.<\/p><p data-start=\"3417\" data-end=\"3525\">Dank ihrer zuverl\u00e4ssigen Wachstumseigenschaften und ihrer einfachen Handhabung eignet sie sich f\u00fcr eine Vielzahl von Anbausystemen.<\/p><hr data-start=\"3527\" data-end=\"3530\" \/><h3 data-section-id=\"1rp5fmk\" data-start=\"3532\" data-end=\"3586\">Bestellen Sie Ihre Jack Frost Liquid Culture Spritze noch heute<\/h3><p data-start=\"3588\" data-end=\"3721\">Die <strong data-start=\"3592\" data-end=\"3650\">Jack Frost - Psilocybe Cubensis Fl\u00fcssigkultur Spritze<\/strong> bietet eine perfekte Kombination aus St\u00e4rke, Zuverl\u00e4ssigkeit und Effizienz.<\/p><p data-start=\"3723\" data-end=\"3841\">Mit aktivem Myzel und bew\u00e4hrter Genetik ist diese Fl\u00fcssigkultur ideal f\u00fcr eine schnelle und gleichm\u00e4\u00dfige Besiedlung.<\/p><p data-start=\"3843\" data-end=\"3901\" data-is-last-node=\"\" data-is-only-node=\"\">Bestellen Sie noch heute und erleben Sie erstklassige Fl\u00fcssigkulturqualit\u00e4t.<\/p>","protected":false},"excerpt":{"rendered":"<p data-start=\"146\" data-end=\"434\"><strong data-start=\"146\" data-end=\"204\">Jack Frost - Psilocybe Cubensis Fl\u00fcssigkultur Spritze<\/strong> ist eine erstklassige Fl\u00fcssigkultur, die f\u00fcr ihre schnelle Besiedlung und ihr starkes Myzelwachstum bekannt ist. Diese einzigartige Sorte wird f\u00fcr ihre Stabilit\u00e4t und gleichbleibende Leistung gesch\u00e4tzt und eignet sich daher sowohl f\u00fcr Anf\u00e4nger als auch f\u00fcr erfahrene Z\u00fcchter.<\/p>\n<p data-start=\"436\" data-end=\"595\">Die Spritze enth\u00e4lt aktives Myzel in einer n\u00e4hrstoffreichen L\u00f6sung, die im Vergleich zu herk\u00f6mmlichen Sporenspritzen eine schnellere Kolonisierung und h\u00f6here Erfolgsquoten gew\u00e4hrleistet.<\/p>","protected":false},"featured_media":3139,"comment_status":"open","ping_status":"closed","template":"","meta":[],"product_brand":[32],"product_cat":[68],"product_tag":[],"class_list":{"0":"post-1371","1":"product","2":"type-product","3":"status-publish","4":"has-post-thumbnail","6":"product_brand-mondo","7":"product_cat-liquid-culture-syringe","9":"first","10":"instock","11":"taxable","12":"shipping-taxable","13":"purchasable","14":"product-type-simple"},"jetpack_sharing_enabled":true,"_links":{"self":[{"href":"https:\/\/www.mondogrowkits.com\/de\/wp-json\/wp\/v2\/product\/1371","targetHints":{"allow":["GET"]}}],"collection":[{"href":"https:\/\/www.mondogrowkits.com\/de\/wp-json\/wp\/v2\/product"}],"about":[{"href":"https:\/\/www.mondogrowkits.com\/de\/wp-json\/wp\/v2\/types\/product"}],"replies":[{"embeddable":true,"href":"https:\/\/www.mondogrowkits.com\/de\/wp-json\/wp\/v2\/comments?post=1371"}],"wp:featuredmedia":[{"embeddable":true,"href":"https:\/\/www.mondogrowkits.com\/de\/wp-json\/wp\/v2\/media\/3139"}],"wp:attachment":[{"href":"https:\/\/www.mondogrowkits.com\/de\/wp-json\/wp\/v2\/media?parent=1371"}],"wp:term":[{"taxonomy":"product_brand","embeddable":true,"href":"https:\/\/www.mondogrowkits.com\/de\/wp-json\/wp\/v2\/product_brand?post=1371"},{"taxonomy":"product_cat","embeddable":true,"href":"https:\/\/www.mondogrowkits.com\/de\/wp-json\/wp\/v2\/product_cat?post=1371"},{"taxonomy":"product_tag","embeddable":true,"href":"https:\/\/www.mondogrowkits.com\/de\/wp-json\/wp\/v2\/product_tag?post=1371"}],"curies":[{"name":"wp","href":"https:\/\/api.w.org\/{rel}","templated":true}]}}