{"id":3088,"date":"2026-01-29T13:39:32","date_gmt":"2026-01-29T12:39:32","guid":{"rendered":"https:\/\/www.mondogrowkits.com\/?post_type=product&#038;p=3088"},"modified":"2026-04-08T12:43:06","modified_gmt":"2026-04-08T11:43:06","slug":"true-albino-teacher-magic-mushroom-grow-kit","status":"publish","type":"product","link":"https:\/\/www.mondogrowkits.com\/de\/true-albino-teacher-magic-mushroom-grow-kit\/","title":{"rendered":"True Albino Teacher - Magic Mushroom Grow Kit"},"content":{"rendered":"<h1 data-section-id=\"bwt0w3\" data-start=\"293\" data-end=\"378\">True Albino Teacher Magic Mushroom Grow Kit - Seltener Albino Psilocybe Cubensis Hybrid<\/h1><p data-start=\"380\" data-end=\"701\">Die <strong data-start=\"384\" data-end=\"431\">True Albino Teacher Magic Mushroom Grow Kit<\/strong> ist eine seltene und visuell beeindruckende <strong data-start=\"464\" data-end=\"500\">Psilocybe cubensis-Hybridstamm<\/strong> abgeleitet von dem ber\u00fchmten <a href=\"https:\/\/www.mondogrowkits.com\/de\/magic-mushroom-sortenbibliothek\/golden-teacher-psilocybe-cubensis-sorte\/\">Golden Teacher<\/a> Abstammung. Bekannt f\u00fcr ihr blasses Aussehen und ihre starke Genetik, wird diese Sorte von Z\u00fcchtern, die gerne einzigartige Pilzsorten anbauen, sehr gesch\u00e4tzt.<\/p><p data-start=\"703\" data-end=\"1008\">Echte Albino-Lehrerpilze erkennt man an ihrem <strong data-start=\"757\" data-end=\"803\">helle St\u00e4ngel und fast wei\u00dfe Kappen<\/strong>, Sie entwickeln w\u00e4hrend der Reifung oft subtile bl\u00e4uliche T\u00f6ne. Im Gegensatz zu den traditionellen Golden Teacher-Pilzen zeigt diese Albino-Sorte <strong data-start=\"935\" data-end=\"959\">geringe Pigmentierung<\/strong>, und verleiht ihm ein unverwechselbares und elegantes Aussehen.<\/p><p data-start=\"1010\" data-end=\"1201\">W\u00e4hrend des Fruchtstadiums entwickeln die Pilze typischerweise <strong data-start=\"1069\" data-end=\"1105\">dicke Stiele und wohlgeformte Kappen<\/strong>, Sie wachsen oft in kompakten Trauben, die unter den richtigen Bedingungen beeindruckende Ernten liefern.<\/p><p data-start=\"1203\" data-end=\"1454\">Dank seines kr\u00e4ftigen Myzelwachstums und seiner stabilen Genetik ist der <strong data-start=\"1267\" data-end=\"1299\">True Albino Teacher Grow Kit<\/strong> liefert zuverl\u00e4ssige Ergebnisse, wenn sie in der richtigen Umgebung angebaut wird. Unter optimalen Bedingungen erscheinen die ersten Pilznadeln normalerweise innerhalb von <strong data-start=\"1436\" data-end=\"1453\">10 bis 14 Tage<\/strong>.<\/p><p data-start=\"1456\" data-end=\"1640\">Jedes Grow-Kit wird geliefert <strong data-start=\"1478\" data-end=\"1515\">vollst\u00e4ndig kolonisiert und bereit zu wachsen<\/strong>, d.h. die <a href=\"https:\/\/www.mondogrowkits.com\/de\/sterilisiertes-substrat\/\">Substrat<\/a> enth\u00e4lt bereits aktives Myzel und die Kultivierung kann sofort und mit nur minimaler Vorbereitung beginnen.<\/p><hr data-start=\"1642\" data-end=\"1645\" \/><h1 data-section-id=\"xzoo4d\" data-start=\"1647\" data-end=\"1693\">Warum sollte man das True Albino Teacher Grow Kit w\u00e4hlen?<\/h1><p data-start=\"1695\" data-end=\"2026\">\u2714 Selten <strong data-start=\"1702\" data-end=\"1768\">Psilocybe cubensis-Hybride, abgeleitet von Golden Teacher-Genetik<\/strong><br data-start=\"1768\" data-end=\"1771\" \/>\u2714 Sch\u00f6ne blasse Pilze mit Albinomerkmalen<br data-start=\"1825\" data-end=\"1828\" \/>\u2714 dicke Stiele und elegante Kappen w\u00e4hrend der Fruchtbildung<br data-start=\"1874\" data-end=\"1877\" \/>\u2714 Starkes Myzelwachstum und zuverl\u00e4ssige Ernten<br data-start=\"1923\" data-end=\"1926\" \/>\u2714 Mehrfachsp\u00fclungen mit einem Kit m\u00f6glich<br data-start=\"1966\" data-end=\"1969\" \/>\u2714 Vollst\u00e4ndig besiedeltes Substrat - sofort zum Wachsen bereit<\/p><p data-start=\"2028\" data-end=\"2159\">Die Sorte True Albino Teacher wird besonders von Z\u00fcchtern gesch\u00e4tzt, die gerne <strong data-start=\"2106\" data-end=\"2158\">seltene und visuell auff\u00e4llige Pilzsorten<\/strong>.<\/p><hr data-start=\"2595\" data-end=\"2598\" \/><h1 data-section-id=\"2t1372\" data-start=\"2600\" data-end=\"2626\">Ideale Anbaubedingungen<\/h1><p data-start=\"2628\" data-end=\"2719\">Echte Albino Teacher-Pilze wachsen am besten in einer warmen und feuchten Umgebung mit indirektem Licht.<\/p><p data-start=\"2721\" data-end=\"2752\">Empfohlene Anbaubedingungen:<\/p><p data-start=\"2754\" data-end=\"2933\"><strong data-start=\"2754\" data-end=\"2770\">Temperatur:<\/strong> 18-27 \u00b0C<br data-start=\"2779\" data-end=\"2782\" \/><strong data-start=\"2782\" data-end=\"2806\">Optimale Temperatur:<\/strong> 22-25 \u00b0C<br data-start=\"2815\" data-end=\"2818\" \/><strong data-start=\"2818\" data-end=\"2831\">Beleuchtung:<\/strong> Indirektes Tageslicht oder Raumlicht<br data-start=\"2871\" data-end=\"2874\" \/><strong data-start=\"2874\" data-end=\"2887\">Luftfeuchtigkeit:<\/strong> Hohe Luftfeuchtigkeit mit regelm\u00e4\u00dfigem Frischluftaustausch<\/p><p data-start=\"2935\" data-end=\"3056\">Kondenswasser im Inneren der Kulturtasche tr\u00e4gt zur Aufrechterhaltung der richtigen Luftfeuchtigkeit bei. Vermeiden Sie es, Wasser direkt auf das Substrat zu spr\u00fchen.<\/p><p data-start=\"3058\" data-end=\"3154\">Kleine Pilznadeln erscheinen normalerweise innerhalb <strong data-start=\"3100\" data-end=\"3114\">10-14 Tage<\/strong>, je nach Umgebungsbedingungen.<\/p><hr data-start=\"3156\" data-end=\"3159\" \/><h1 data-section-id=\"1k5fry0\" data-start=\"3161\" data-end=\"3209\">Wirkungen von True Albino Teacher Magic Mushrooms<\/h1><p data-start=\"3211\" data-end=\"3348\">Die <strong data-start=\"3215\" data-end=\"3264\">Echter Albino-Lehrer Psilocybe cubensis Stamm<\/strong> ist bekannt f\u00fcr die Bereitstellung eines <strong data-start=\"3291\" data-end=\"3347\">starke und visuell eindringliche psychedelische Erfahrung<\/strong>.<\/p><p data-start=\"3350\" data-end=\"3384\">Zu den h\u00e4ufig berichteten Wirkungen geh\u00f6ren:<\/p><p data-start=\"3386\" data-end=\"3565\">- Verbesserte Farben und visuelle Wahrnehmung<br data-start=\"3426\" data-end=\"3429\" \/>- Starke visuelle Muster und sensorische Verst\u00e4rkung<br data-start=\"3477\" data-end=\"3480\" \/>- Erh\u00f6hte Stimmung und Gef\u00fchle der Euphorie<br data-start=\"3520\" data-end=\"3523\" \/>- Gesteigerte Kreativit\u00e4t und Introspektion<\/p><p data-start=\"3567\" data-end=\"3651\">Viele Nutzer beschreiben die Erfahrung als <strong data-start=\"3605\" data-end=\"3650\">tiefgr\u00fcndig, immersiv und visuell anregend<\/strong>.<\/p><hr data-start=\"3653\" data-end=\"3656\" \/><h1 data-section-id=\"ljcc7e\" data-start=\"3658\" data-end=\"3697\">Komplettes All-in-One-Growkit<\/h1><p data-start=\"3699\" data-end=\"3812\">Jede <strong data-start=\"3704\" data-end=\"3751\">True Albino Teacher Magic Mushroom Grow Kit<\/strong> enth\u00e4lt alles, was man braucht, um sofort mit dem Anbau zu beginnen.<\/p><p data-start=\"3814\" data-end=\"3832\">Ihr Kit enth\u00e4lt:<\/p><p data-start=\"3834\" data-end=\"4049\">\u2714 Vollst\u00e4ndig besiedeltes Substrat mit aktivem Myzel<br data-start=\"3882\" data-end=\"3885\" \/>\u2714 feuchtigkeitsspeichernde Substratkomponenten<br data-start=\"3926\" data-end=\"3929\" \/>\u2714 Wachstumsbeutel mit integrierten Luftfiltern<br data-start=\"3967\" data-end=\"3970\" \/>\u2714 Zwei B\u00fcroklammern zum Verschlie\u00dfen der Kulturtasche<br data-start=\"4011\" data-end=\"4014\" \/>\u2714 Detaillierte Anbauanleitung<\/p><p data-start=\"4051\" data-end=\"4156\">Das Grow-Kit ist so konzipiert, dass es <strong data-start=\"4084\" data-end=\"4155\">Zauberpilzanbau einfach, effizient und anf\u00e4ngerfreundlich<\/strong>.<\/p><hr data-start=\"4158\" data-end=\"4161\" \/><h1 data-section-id=\"3kfd2k\" data-start=\"4163\" data-end=\"4196\">Wie man anbaut - Schnellstart-Anleitung<\/h1><p data-start=\"4198\" data-end=\"4296\">Champignons z\u00fcchten mit dem <strong data-start=\"4225\" data-end=\"4257\">True Albino Teacher Grow Kit<\/strong> ist einfach und erfordert nur wenige Schritte.<\/p><ol data-start=\"4298\" data-end=\"4643\">\n<li data-section-id=\"x1d9t\" data-start=\"4298\" data-end=\"4357\">\n<p data-start=\"4301\" data-end=\"4357\">Waschen Sie Ihre H\u00e4nde und reinigen Sie die Au\u00dfenseite des Growkits.<\/p>\n<\/li>\n<li data-section-id=\"hci7ne\" data-start=\"4358\" data-end=\"4421\">\n<p data-start=\"4361\" data-end=\"4421\">Entfernen Sie den Deckel und f\u00fcllen Sie den Beh\u00e4lter mit lauwarmem Wasser.<\/p>\n<\/li>\n<li data-section-id=\"owtwed\" data-start=\"4422\" data-end=\"4469\">\n<p data-start=\"4425\" data-end=\"4469\">Lassen Sie das Substrat einweichen f\u00fcr <strong data-start=\"4452\" data-end=\"4466\">8-12 Stunden<\/strong>.<\/p>\n<\/li>\n<li data-section-id=\"5aqy5l\" data-start=\"4470\" data-end=\"4508\">\n<p data-start=\"4473\" data-end=\"4508\">Das \u00fcbersch\u00fcssige Wasser sorgf\u00e4ltig abgie\u00dfen.<\/p>\n<\/li>\n<li data-section-id=\"9asdz4\" data-start=\"4509\" data-end=\"4585\">\n<p data-start=\"4512\" data-end=\"4585\">Legen Sie das Anzuchtset in den Anzuchtbeutel und verschlie\u00dfen Sie ihn mit den B\u00fcroklammern.<\/p>\n<\/li>\n<li data-section-id=\"1fhyrkq\" data-start=\"4586\" data-end=\"4643\">\n<p data-start=\"4589\" data-end=\"4643\">Bewahren Sie den Anzuchtbeutel an einem warmen Ort mit indirektem Licht auf.<\/p>\n<\/li>\n<\/ol><p data-start=\"4645\" data-end=\"4784\">Unter <strong data-start=\"4652\" data-end=\"4666\">10-14 Tage<\/strong>, Es werden sich kleine Pilznadeln bilden. Ernten Sie die Pilze, wenn die <strong data-start=\"4741\" data-end=\"4783\">der Schleier unter der Kappe beginnt zu rei\u00dfen<\/strong>.<\/p><p data-start=\"4786\" data-end=\"4868\">Nach der Ernte kann das Growkit <strong data-start=\"4824\" data-end=\"4837\">wieder getr\u00e4nkt<\/strong> um zus\u00e4tzliche Sp\u00fclungen zu erzeugen.<\/p><p data-start=\"4870\" data-end=\"4936\">Bei richtiger Pflege kann ein Grow-Kit Folgendes produzieren <strong data-start=\"4913\" data-end=\"4935\">bis zu vier Sp\u00fclungen<\/strong>.<\/p><hr data-start=\"4938\" data-end=\"4941\" \/><h1 data-section-id=\"ybm8az\" data-start=\"4943\" data-end=\"4965\">Lagerung und Haltbarkeit<\/h1><p data-start=\"4967\" data-end=\"5029\">Lagern Sie das unge\u00f6ffnete Grow-Kit in der <strong data-start=\"5002\" data-end=\"5028\">K\u00fchlschrank bei 2-8 \u00b0C<\/strong>.<\/p><p data-start=\"5031\" data-end=\"5071\">Haltbarkeitsdauer: <strong data-start=\"5043\" data-end=\"5071\">3-6 Monate in unge\u00f6ffnetem Zustand<\/strong><\/p><p data-start=\"5073\" data-end=\"5172\">Um die besten Ergebnisse zu erzielen, empfiehlt es sich, mit dem Anbau zu beginnen <strong data-start=\"5134\" data-end=\"5171\">kurz nach Erhalt des Growkits<\/strong>.<\/p><hr data-start=\"5174\" data-end=\"5177\" \/><h1 data-section-id=\"1qgfiv8\" data-start=\"5179\" data-end=\"5204\">Legale und verantwortungsvolle Nutzung<\/h1><p data-start=\"5206\" data-end=\"5361\">Magic Mushrooms sind in vielen L\u00e4ndern reguliert. In einigen Regionen, <strong data-start=\"5272\" data-end=\"5320\">Grow-Kits und Tr\u00fcffel bleiben legale Produkte<\/strong>, w\u00e4hrend sie in anderen L\u00e4ndern eingeschr\u00e4nkt sein k\u00f6nnen.<\/p><p data-start=\"5363\" data-end=\"5440\">Immer pr\u00fcfen <strong data-start=\"5376\" data-end=\"5406\">lokale Gesetze und Vorschriften<\/strong> bevor sie gekauft oder angebaut werden.<\/p><p data-start=\"5442\" data-end=\"5601\"><a href=\"https:\/\/www.mondogrowkits.com\/de\/was-ist-psilocybin\/\">Psilocybin<\/a> Pilze werden als <strong data-start=\"5478\" data-end=\"5495\">nicht s\u00fcchtig machend<\/strong>, aber sie k\u00f6nnen starke psychologische Wirkungen haben. Ein verantwortungsbewusster Gebrauch in einer sicheren Umgebung wird empfohlen.<\/p><hr data-start=\"5603\" data-end=\"5606\" \/><h1 data-section-id=\"vcbv51\" data-start=\"5608\" data-end=\"5670\">Bestellen Sie Ihr True Albino Teacher Magic Mushroom Grow Kit noch heute<\/h1><p data-start=\"5672\" data-end=\"5836\">Die <strong data-start=\"5676\" data-end=\"5723\">True Albino Teacher Magic Mushroom Grow Kit<\/strong> bietet eine lohnende Anbauerfahrung mit seltenem Pilzauftreten, zuverl\u00e4ssigem Wachstum und mehrfachen Ernten.<\/p><p data-start=\"5838\" data-end=\"6021\">Dank ihrer einzigartigen Albino-Eigenschaften und der starken Golden Teacher-Genetik ist diese Sorte zu einer der <strong data-start=\"5952\" data-end=\"6020\">die optisch auff\u00e4lligsten Psilocybe cubensis-Zuchtkits auf dem Markt<\/strong>.<\/p><p data-start=\"6023\" data-end=\"6133\">Bestellen Sie Ihr <strong data-start=\"6034\" data-end=\"6087\">True Albino Teacher Magic Mushroom Grow Kit heute<\/strong> und z\u00fcchten Sie Ihre eigenen Pilze zu Hause.<\/p>","protected":false},"excerpt":{"rendered":"<p>Das True Albino Teacher Magic Mushroom Grow Kit ist eine seltene Albino-Variante der Sorte Golden Teacher, die vollst\u00e4ndig wei\u00dfe Psilocybe cubensis Fruchtk\u00f6rper mit zuverl\u00e4ssiger Besiedlung produziert. Erh\u00e4ltlich als 1200cc Kit f\u00fcr erfahrene Z\u00fcchter. Die ganze Stabilit\u00e4t der Golden Teacher-Genetik in einer visuell auff\u00e4lligen Albino-Form.<\/p>","protected":false},"featured_media":2891,"comment_status":"open","ping_status":"closed","template":"","meta":[],"product_brand":[32],"product_cat":[17],"product_tag":[],"class_list":{"0":"post-3088","1":"product","2":"type-product","3":"status-publish","4":"has-post-thumbnail","6":"product_brand-mondo","7":"product_cat-magic-mushroom-grow-kits","9":"first","10":"instock","11":"taxable","12":"shipping-taxable","13":"purchasable","14":"product-type-simple"},"jetpack_sharing_enabled":true,"_links":{"self":[{"href":"https:\/\/www.mondogrowkits.com\/de\/wp-json\/wp\/v2\/product\/3088","targetHints":{"allow":["GET"]}}],"collection":[{"href":"https:\/\/www.mondogrowkits.com\/de\/wp-json\/wp\/v2\/product"}],"about":[{"href":"https:\/\/www.mondogrowkits.com\/de\/wp-json\/wp\/v2\/types\/product"}],"replies":[{"embeddable":true,"href":"https:\/\/www.mondogrowkits.com\/de\/wp-json\/wp\/v2\/comments?post=3088"}],"wp:featuredmedia":[{"embeddable":true,"href":"https:\/\/www.mondogrowkits.com\/de\/wp-json\/wp\/v2\/media\/2891"}],"wp:attachment":[{"href":"https:\/\/www.mondogrowkits.com\/de\/wp-json\/wp\/v2\/media?parent=3088"}],"wp:term":[{"taxonomy":"product_brand","embeddable":true,"href":"https:\/\/www.mondogrowkits.com\/de\/wp-json\/wp\/v2\/product_brand?post=3088"},{"taxonomy":"product_cat","embeddable":true,"href":"https:\/\/www.mondogrowkits.com\/de\/wp-json\/wp\/v2\/product_cat?post=3088"},{"taxonomy":"product_tag","embeddable":true,"href":"https:\/\/www.mondogrowkits.com\/de\/wp-json\/wp\/v2\/product_tag?post=3088"}],"curies":[{"name":"wp","href":"https:\/\/api.w.org\/{rel}","templated":true}]}}