{"id":3199,"date":"2026-02-03T15:00:56","date_gmt":"2026-02-03T14:00:56","guid":{"rendered":"https:\/\/www.mondogrowkits.com\/?post_type=product&#038;p=3199"},"modified":"2026-04-08T12:41:46","modified_gmt":"2026-04-08T11:41:46","slug":"jack-frost-magic-mushroom-growbag","status":"publish","type":"product","link":"https:\/\/www.mondogrowkits.com\/de\/jack-frost-magic-mushroom-growbag\/","title":{"rendered":"Jack Frost - Magic Mushroom Grow Bag"},"content":{"rendered":"<h2 data-section-id=\"crzhx4\" data-start=\"615\" data-end=\"697\">Jack Frost - Magic Mushroom Grow Bag | Einzigartiges Aussehen &amp; fortschrittliche Kultivierung<\/h2><p data-start=\"699\" data-end=\"1006\">Der Jack Frost Magic Mushroom Grow Bag ist ein professionell vorbereitetes Anbausystem, das vollst\u00e4ndig kolonisierte Pilze enth\u00e4lt. <a href=\"https:\/\/www.mondogrowkits.com\/it\/cose-la-psilocibina\/\">Psilocybe cubensis<\/a> Substrat. Der gesamte Inokulations- und Inkubationsprozess wurde unter kontrollierten Bedingungen abgeschlossen, so dass die Fr\u00fcchte sofort nach der Platzierung in einem stabilen Innenraum wachsen.<\/p><p data-start=\"1008\" data-end=\"1168\">Jack Frost ist bekannt f\u00fcr seine <strong data-start=\"1036\" data-end=\"1114\">ausgepr\u00e4gtes blasses\/wei\u00dfes Aussehen und langsamerer, kontrollierter Wachstumszyklus<\/strong>, Das macht sie zu einer herausragenden Sorte f\u00fcr erfahrene Z\u00fcchter.<\/p><hr data-start=\"1170\" data-end=\"1173\" \/><h2 data-section-id=\"jx610d\" data-start=\"1175\" data-end=\"1238\">Wachsen Schwierigkeitsgrad: Fortgeschritten - Pr\u00e4zision und Stabilit\u00e4t erforderlich<\/h2><p data-start=\"1240\" data-end=\"1363\">Jack Frost wird als ein <a href=\"https:\/\/www.mondogrowkits.com\/it\/mondo-growkit-migliori-ceppi-principianti-avanzati\/\">erweiterte<\/a> Stamm aufgrund seiner langsameren Besiedlung und h\u00f6heren Empfindlichkeit gegen\u00fcber Umweltver\u00e4nderungen.<\/p><p data-start=\"1365\" data-end=\"1499\">Verglichen mit <a href=\"https:\/\/www.mondogrowkits.com\/it\/libreria-varieta-funghi-magici\/golden-teacher-psilocybe-cubensis-varieta\/\">Golden Teacher<\/a> oder B+ erfordert Jack Frost eine genauere Steuerung von Luftfeuchtigkeit, Temperatur und Luftstrom, um optimal zu funktionieren.<\/p><p data-start=\"1501\" data-end=\"1511\">Ideal f\u00fcr:<\/p><ul data-start=\"1512\" data-end=\"1620\">\n<li data-section-id=\"ddumnv\" data-start=\"1512\" data-end=\"1535\">Erfahrene Z\u00fcchter<\/li>\n<li data-section-id=\"j8kob\" data-start=\"1536\" data-end=\"1579\">Nutzer, die nach einzigartigen visuellen Ergebnissen suchen<\/li>\n<li data-section-id=\"se0ltb\" data-start=\"1580\" data-end=\"1620\">Z\u00fcchter mit kontrollierter Umgebung<\/li>\n<\/ul><hr data-start=\"1622\" data-end=\"1625\" \/><h2 data-section-id=\"9bjdml\" data-start=\"1627\" data-end=\"1680\">Wachstumsmerkmale - Langsam, kontrolliert &amp; einzigartig<\/h2><p data-start=\"1682\" data-end=\"1746\">Jack Frost zeichnet sich durch seine <strong data-start=\"1715\" data-end=\"1745\">besondere Wachstumsform<\/strong>:<\/p><ul data-start=\"1748\" data-end=\"1927\">\n<li data-section-id=\"gyizdu\" data-start=\"1748\" data-end=\"1809\">Langsamere Kolonisierung im Vergleich zu Standard-Cubensis-St\u00e4mmen<\/li>\n<li data-section-id=\"19oto9u\" data-start=\"1810\" data-end=\"1846\">Kontrolliertes und selektives Pinning<\/li>\n<li data-section-id=\"44jkos\" data-start=\"1847\" data-end=\"1886\">Dichte, aber sich langsamer entwickelnde R\u00f6tungen<\/li>\n<li data-section-id=\"ammmgl\" data-start=\"1887\" data-end=\"1927\">Einzigartige blasse bis wei\u00dfe Fruchtk\u00f6rper<\/li>\n<\/ul><p data-start=\"1929\" data-end=\"1997\">Er ist weniger aggressiv und weniger fehlerverzeihend als die meisten Anf\u00e4nger <a href=\"https:\/\/www.mondogrowkits.com\/it\/libreria-varieta-funghi-magici\/\">St\u00e4mme<\/a>.<\/p><hr data-start=\"1999\" data-end=\"2002\" \/><h2 data-section-id=\"1x9uz5o\" data-start=\"2004\" data-end=\"2050\">Ertragsleistung im Vergleich zu anderen St\u00e4mmen<\/h2><p data-start=\"2052\" data-end=\"2123\">Jack Frost produziert normalerweise <strong data-start=\"2082\" data-end=\"2122\">m\u00e4\u00dfige Ertr\u00e4ge mit dichter Struktur<\/strong>.<\/p><p data-start=\"2125\" data-end=\"2151\">Im Vergleich zu anderen St\u00e4mmen:<\/p><ul data-start=\"2152\" data-end=\"2312\">\n<li data-section-id=\"68rrkk\" data-start=\"2152\" data-end=\"2186\">Langsamer als Thai und Cambodian<\/li>\n<li data-section-id=\"t91rb6\" data-start=\"2187\" data-end=\"2221\">Weniger produktiv als McKennaii<\/li>\n<li data-section-id=\"8kjlki\" data-start=\"2222\" data-end=\"2255\">Empfindlicher als Amazonian<\/li>\n<li data-section-id=\"131rhlz\" data-start=\"2256\" data-end=\"2312\">Einzigartiger, aber weniger vorhersehbar als Golden Teacher<\/li>\n<\/ul><p data-start=\"2314\" data-end=\"2382\">Dies macht sie zu einer Nischensorte, die mehr auf Qualit\u00e4t und Aussehen ausgerichtet ist.<\/p><hr data-start=\"2384\" data-end=\"2387\" \/><h2 data-section-id=\"1mjkycd\" data-start=\"2389\" data-end=\"2441\">Vollst\u00e4ndig kolonisiertes Substrat - keine Vorbereitung erforderlich<\/h2><p data-start=\"2443\" data-end=\"2569\">Jeder Anzuchtbeutel enth\u00e4lt n\u00e4hrstoffreiche <a href=\"https:\/\/www.mondogrowkits.com\/it\/substrato-sterilizzato\/\">Substrat<\/a> die bereits vollst\u00e4ndig mit gesundem Psilocybe cubensis-Myzel besiedelt ist.<\/p><p data-start=\"2571\" data-end=\"2582\">Dies bedeutet:<\/p><ul data-start=\"2583\" data-end=\"2669\">\n<li data-section-id=\"1bwq18v\" data-start=\"2583\" data-end=\"2610\">Keine Inokulation erforderlich<\/li>\n<li data-section-id=\"1nbh3a1\" data-start=\"2611\" data-end=\"2638\">Keine Sterilisation erforderlich<\/li>\n<li data-section-id=\"1i25w4v\" data-start=\"2639\" data-end=\"2669\">Geringeres Kontaminationsrisiko<\/li>\n<\/ul><p data-start=\"2671\" data-end=\"2706\">Sie k\u00f6nnen sofort mit der Fruchtbildung beginnen.<\/p><hr data-start=\"2708\" data-end=\"2711\" \/><h2 data-section-id=\"eks98y\" data-start=\"2713\" data-end=\"2748\">Erwartete Flushes &amp; Wachstumszyklen<\/h2><p data-start=\"2750\" data-end=\"2869\">Unter stabilen Innenraumbedingungen (20-24\u00b0C) kann das Jack Frost <a href=\"https:\/\/www.mondogrowkits.com\/it\/sacchetti-coltivazione-magic-mushrooms\/\">Magic Mushroom Grow Bag<\/a> produziert typischerweise <strong data-start=\"2850\" data-end=\"2868\">2 bis 4 Sp\u00fclungen<\/strong>.<\/p><p data-start=\"2871\" data-end=\"2902\">Optimale Leistung h\u00e4ngt von folgenden Faktoren ab:<\/p><ul data-start=\"2903\" data-end=\"3017\">\n<li data-section-id=\"1qznzyp\" data-start=\"2903\" data-end=\"2930\">Sehr stabile Temperatur<\/li>\n<li data-section-id=\"1njdg99\" data-start=\"2931\" data-end=\"2959\">Pr\u00e4zise Kontrolle der Luftfeuchtigkeit<\/li>\n<li data-section-id=\"1m6hfm\" data-start=\"2960\" data-end=\"2978\">Saubere Handhabung<\/li>\n<li data-section-id=\"1q0zutz\" data-start=\"2979\" data-end=\"3017\">Richtige Rehydrierung zwischen den Sp\u00fclungen<\/li>\n<\/ul><p data-start=\"3019\" data-end=\"3079\">Aufgrund des langsameren Wachstums dauert es l\u00e4nger, bis sich die Flushs entwickeln.<\/p><hr data-start=\"3081\" data-end=\"3084\" \/><h2 data-section-id=\"114vxji\" data-start=\"3086\" data-end=\"3124\">Warum den Jack Frost Grow Bag w\u00e4hlen?<\/h2><p data-start=\"3126\" data-end=\"3172\">Vollst\u00e4ndig besiedeltes Psilocybe cubensis Substrat<\/p><p data-start=\"3174\" data-end=\"3202\">Sofort zum Verzehr geeignet<\/p><p data-start=\"3204\" data-end=\"3241\">Einzigartiges wei\u00dfes\/albino\u00e4hnliches Aussehen<\/p><p data-start=\"3243\" data-end=\"3271\">Anbau auf fortgeschrittenem Niveau<\/p><p data-start=\"3273\" data-end=\"3313\">Dichte und visuell auff\u00e4llige R\u00f6tungen<\/p><p data-start=\"3315\" data-end=\"3346\">Ideal f\u00fcr erfahrene Z\u00fcchter<\/p><hr data-start=\"3348\" data-end=\"3351\" \/><p data-start=\"3353\" data-end=\"3543\" data-is-last-node=\"\" data-is-only-node=\"\">Der Jack Frost Magic Mushroom Grow Bag ist perfekt f\u00fcr Z\u00fcchter, die einen <strong data-start=\"3426\" data-end=\"3481\">einzigartiges und visuell beeindruckendes Anbau-Erlebnis<\/strong>, die mehr Pr\u00e4zision erfordern, aber unverwechselbare Ergebnisse liefern.<\/p>","protected":false},"excerpt":{"rendered":"<p data-start=\"123\" data-end=\"396\">Der Jack Frost Magic Mushroom Grow Bag ist ein vollst\u00e4ndig kolonisiertes, fruchtreifes System mit Psilocybe cubensis-Myzel. Bekannt f\u00fcr sein einzigartiges albino-\u00e4hnliches Aussehen und die langsamere Entwicklung, ist diese Sorte ideal f\u00fcr erfahrene Z\u00fcchter, die visuell unverwechselbare Ergebnisse suchen.<\/p>\n<ul data-start=\"398\" data-end=\"608\">\n<li data-section-id=\"aeimkw\" data-start=\"398\" data-end=\"427\">Vollst\u00e4ndig besiedeltes Substrat<\/li>\n<li data-section-id=\"1s6w1hc\" data-start=\"428\" data-end=\"458\">Sofort zum Verzehr geeignet<\/li>\n<li data-section-id=\"1k77gu8\" data-start=\"459\" data-end=\"505\">Keine Sporenspritze oder Sterilisation erforderlich<\/li>\n<li data-section-id=\"1h27mh8\" data-start=\"506\" data-end=\"547\">Erzeugt 2-4 langsamere, aber dichte Flushs<\/li>\n<li data-section-id=\"hewhat\" data-start=\"548\" data-end=\"608\">Fortschrittliche Sorte mit einzigartigen Wei\u00df\/Albino-Merkmalen<\/li>\n<\/ul>","protected":false},"featured_media":3204,"comment_status":"open","ping_status":"closed","template":"","meta":[],"product_brand":[32],"product_cat":[58],"product_tag":[],"class_list":{"0":"post-3199","1":"product","2":"type-product","3":"status-publish","4":"has-post-thumbnail","6":"product_brand-mondo","7":"product_cat-magic-mushroom-grow-bags","9":"first","10":"instock","11":"taxable","12":"shipping-taxable","13":"purchasable","14":"product-type-simple"},"jetpack_sharing_enabled":true,"_links":{"self":[{"href":"https:\/\/www.mondogrowkits.com\/de\/wp-json\/wp\/v2\/product\/3199","targetHints":{"allow":["GET"]}}],"collection":[{"href":"https:\/\/www.mondogrowkits.com\/de\/wp-json\/wp\/v2\/product"}],"about":[{"href":"https:\/\/www.mondogrowkits.com\/de\/wp-json\/wp\/v2\/types\/product"}],"replies":[{"embeddable":true,"href":"https:\/\/www.mondogrowkits.com\/de\/wp-json\/wp\/v2\/comments?post=3199"}],"wp:featuredmedia":[{"embeddable":true,"href":"https:\/\/www.mondogrowkits.com\/de\/wp-json\/wp\/v2\/media\/3204"}],"wp:attachment":[{"href":"https:\/\/www.mondogrowkits.com\/de\/wp-json\/wp\/v2\/media?parent=3199"}],"wp:term":[{"taxonomy":"product_brand","embeddable":true,"href":"https:\/\/www.mondogrowkits.com\/de\/wp-json\/wp\/v2\/product_brand?post=3199"},{"taxonomy":"product_cat","embeddable":true,"href":"https:\/\/www.mondogrowkits.com\/de\/wp-json\/wp\/v2\/product_cat?post=3199"},{"taxonomy":"product_tag","embeddable":true,"href":"https:\/\/www.mondogrowkits.com\/de\/wp-json\/wp\/v2\/product_tag?post=3199"}],"curies":[{"name":"wp","href":"https:\/\/api.w.org\/{rel}","templated":true}]}}