{"id":3210,"date":"2026-01-21T13:17:01","date_gmt":"2026-01-21T12:17:01","guid":{"rendered":"https:\/\/www.mondogrowkits.com\/?post_type=product&#038;p=3210"},"modified":"2026-04-07T15:05:16","modified_gmt":"2026-04-07T14:05:16","slug":"liquid-culture-mexicana","status":"publish","type":"product","link":"https:\/\/www.mondogrowkits.com\/de\/liquid-culture-mexicana\/","title":{"rendered":"Mexicana - Psilocybe Cubensis Fl\u00fcssigkultur-Spritze"},"content":{"rendered":"<h2 data-section-id=\"clwdsa\" data-start=\"600\" data-end=\"670\">Mexicana Liquid Culture Spritze - Klassischer Psilocybe Cubensis-Stamm<\/h2><p data-start=\"672\" data-end=\"988\">Die <strong data-start=\"676\" data-end=\"732\">Mexicana - Psilocybe Cubensis Fl\u00fcssigkultur-Spritze<\/strong> ist eine bekannte und weithin gesch\u00e4tzte Sorte, die f\u00fcr ihr zuverl\u00e4ssiges Wachstum und ihre best\u00e4ndige Besiedelungsleistung bekannt ist. Diese klassische Sorte ist aufgrund ihrer stabilen Genetik und anf\u00e4ngerfreundlichen Eigenschaften seit vielen Jahren bei den Z\u00fcchtern beliebt.<\/p><p data-start=\"990\" data-end=\"1263\"><a href=\"https:\/\/www.mondogrowkits.com\/de\/mexicana-psilocybin-magic-truffel\/\">Mexicana<\/a> ist f\u00fcr ihre gleichm\u00e4\u00dfige und vorhersehbare Myzelentwicklung bekannt, was sie zu einer ausgezeichneten Wahl f\u00fcr Z\u00fcchter macht, die eine verl\u00e4ssliche Anbauerfahrung suchen. Die Sorte eignet sich gut f\u00fcr verschiedene Substrate und Anbaumethoden und bietet Flexibilit\u00e4t und Benutzerfreundlichkeit.<\/p><p data-start=\"1265\" data-end=\"1512\">Da dieses Produkt als Paket geliefert wird <a href=\"https:\/\/www.mondogrowkits.com\/de\/liquid-culture-spritze\/\">liquid culture<\/a>, Sie enth\u00e4lt aktives Myzel in einer n\u00e4hrstoffreichen L\u00f6sung. Dies erm\u00f6glicht eine schnellere Kolonisierung als bei herk\u00f6mmlichen Sporenspritzen und erh\u00f6ht die Wahrscheinlichkeit erfolgreicher Ergebnisse.<\/p><p data-start=\"1514\" data-end=\"1614\">Unter optimalen Bedingungen kann das Wachstum des Myzels oft schon wenige Tage nach der Inokulation beobachtet werden.<\/p><hr data-start=\"1616\" data-end=\"1619\" \/><h3 data-section-id=\"1ryx3ue\" data-start=\"1621\" data-end=\"1660\">Warum Mexicana Liquid Culture w\u00e4hlen?<\/h3><p data-start=\"1662\" data-end=\"1926\">\u2714 Klassisch und gut etabliert <a href=\"https:\/\/www.mondogrowkits.com\/de\/was-ist-psilocybin\/\">Psilocybe cubensis<\/a> Stamm<br data-start=\"1718\" data-end=\"1721\" \/>\u2714 Bekannt f\u00fcr stabiles und zuverl\u00e4ssiges Wachstum<br data-start=\"1759\" data-end=\"1762\" \/>\u2714 Einsteigerfreundlich und leicht zu handhaben<br data-start=\"1803\" data-end=\"1806\" \/>\u2714 Schnellere Kolonisierung als Sporenspritzen<br data-start=\"1847\" data-end=\"1850\" \/>\u2714 Aktive Fl\u00fcssigkultur - gebrauchsfertig<br data-start=\"1888\" data-end=\"1891\" \/>\u2714 Geeignet f\u00fcr verschiedene Substrate<\/p><p data-start=\"1928\" data-end=\"2014\">Mexicana ist ideal f\u00fcr Z\u00fcchter, die einen stabilen und vorhersehbaren Anbauprozess bevorzugen.<\/p><hr data-start=\"2016\" data-end=\"2019\" \/><h3 data-section-id=\"1edg1fv\" data-start=\"2021\" data-end=\"2051\">Vorteile von Liquid Culture<\/h3><p data-start=\"2053\" data-end=\"2137\">Fl\u00fcssigkultur-Spritzen bieten mehrere Vorteile gegen\u00fcber herk\u00f6mmlichen Sporenl\u00f6sungen.<\/p><p data-start=\"2139\" data-end=\"2229\">Da das Myzel bereits aktiv ist, beginnt die Besiedlung unmittelbar nach der Inokulation.<\/p><p data-start=\"2231\" data-end=\"2252\">Die wichtigsten Vorteile sind:<\/p><p data-start=\"2254\" data-end=\"2410\">- Schnellere Kolonisierungszeiten<br data-start=\"2281\" data-end=\"2284\" \/>- H\u00f6here Erfolgsquoten<br data-start=\"2306\" data-end=\"2309\" \/>- Gleichm\u00e4\u00dfige Verteilung des Myzels<br data-start=\"2340\" data-end=\"2343\" \/>- Einfache und pr\u00e4zise Anwendung<br data-start=\"2373\" data-end=\"2376\" \/>- Effiziente und zuverl\u00e4ssige Ergebnisse<\/p><p data-start=\"2412\" data-end=\"2493\">Die Fl\u00fcssigkultur ist die bevorzugte Wahl f\u00fcr Z\u00fcchter, die Schnelligkeit und Best\u00e4ndigkeit suchen.<\/p><hr data-start=\"2495\" data-end=\"2498\" \/><h3 data-section-id=\"1ltc4xe\" data-start=\"2500\" data-end=\"2525\">Verwendung und Anwendung<\/h3><p data-start=\"2527\" data-end=\"2624\">Die Mexicana Fl\u00fcssigkultur-Spritze ist einfach zu bedienen und f\u00fcr eine Vielzahl von Substraten geeignet.<\/p><p data-start=\"2626\" data-end=\"2762\">Sch\u00fctteln Sie die Spritze vor der Anwendung leicht, um das Myzel gleichm\u00e4\u00dfig zu verteilen. Injizieren Sie die Fl\u00fcssigkeit in Ihr <a href=\"https:\/\/www.mondogrowkits.com\/de\/sterilisiertes-substrat\/\">steriles Substrat<\/a> oder Kultursubstrat.<\/p><p data-start=\"2764\" data-end=\"2858\">Da das Myzel bereits aktiv ist, beginnt die Besiedlung in der Regel schneller als bei Sporen.<\/p><p data-start=\"2860\" data-end=\"2939\">Arbeiten Sie stets in einer sauberen und sterilen Umgebung, um das Kontaminationsrisiko zu minimieren.<\/p><p data-start=\"2941\" data-end=\"3030\"><strong data-start=\"2941\" data-end=\"2950\">Anmerkung:<\/strong> Dieses Produkt ist ausschlie\u00dflich f\u00fcr die Mikroskopie und f\u00fcr Ausbildungszwecke bestimmt.<\/p><hr data-start=\"3032\" data-end=\"3035\" \/><h3 data-section-id=\"1w10lnv\" data-start=\"3037\" data-end=\"3061\">Lagerung und Haltbarkeit<\/h3><p data-start=\"3063\" data-end=\"3124\">Lagern Sie die Fl\u00fcssigkultur-Spritze im K\u00fchlschrank bei 2-8 \u00b0C.<\/p><p data-start=\"3126\" data-end=\"3175\">Lagerf\u00e4higkeit: Bis zu 2-3 Monate bei sachgem\u00e4\u00dfer Lagerung<\/p><p data-start=\"3177\" data-end=\"3271\">Setzen Sie die Spritze weder Hitze noch direktem Sonnenlicht aus. Lassen Sie die Spritze vor dem Gebrauch Raumtemperatur annehmen.<\/p><hr data-start=\"3273\" data-end=\"3276\" \/><h3 data-section-id=\"1omnsqk\" data-start=\"3278\" data-end=\"3311\">Mexicana - ein zuverl\u00e4ssiger Klassiker<\/h3><p data-start=\"3313\" data-end=\"3431\">Mexicana ist eine der vertrauensw\u00fcrdigsten Psilocybe cubensis <a href=\"https:\/\/www.mondogrowkits.com\/de\/magic-mushroom-sortenbibliothek\/\">St\u00e4mme<\/a>, Sie wird wegen ihrer Stabilit\u00e4t und einfachen Kultivierbarkeit gesch\u00e4tzt.<\/p><p data-start=\"3433\" data-end=\"3538\">Ihre konstante Leistung und ihr anf\u00e4ngerfreundlicher Charakter machen sie zu einer beliebten Wahl bei Z\u00fcchtern weltweit.<\/p><hr data-start=\"3540\" data-end=\"3543\" \/><h3 data-section-id=\"xguy1j\" data-start=\"3545\" data-end=\"3597\">Bestellen Sie Ihre Mexicana Liquid Culture Spritze noch heute<\/h3><p data-start=\"3599\" data-end=\"3732\">Die <strong data-start=\"3603\" data-end=\"3659\">Mexicana - Psilocybe Cubensis Fl\u00fcssigkultur-Spritze<\/strong> bietet eine perfekte Kombination aus Zuverl\u00e4ssigkeit, Einfachheit und Effizienz.<\/p><p data-start=\"3734\" data-end=\"3874\">Mit aktivem Myzel und bew\u00e4hrter Genetik ist diese Fl\u00fcssigkultur eine ausgezeichnete Wahl, um schnelle und konsistente Besiedlungsergebnisse zu erzielen.<\/p><p data-start=\"3876\" data-end=\"3942\" data-is-last-node=\"\" data-is-only-node=\"\">Bestellen Sie noch heute und erleben Sie die Vorteile einer hochwertigen Fl\u00fcssigkultur.<\/p>","protected":false},"excerpt":{"rendered":"<p data-start=\"146\" data-end=\"425\"><strong data-start=\"146\" data-end=\"202\">Mexicana - Psilocybe Cubensis Fl\u00fcssigkultur-Spritze<\/strong> ist eine zuverl\u00e4ssige und anf\u00e4ngerfreundliche Fl\u00fcssigkultur, die f\u00fcr ihre schnelle Besiedlung und ihr stabiles Wachstum bekannt ist. Diese klassische Sorte wird f\u00fcr ihre Konsistenz und einfache Anwendung gesch\u00e4tzt, was sie ideal f\u00fcr neue und erfahrene Z\u00fcchter macht.<\/p>\n<p data-start=\"427\" data-end=\"593\">Die Spritze enth\u00e4lt aktives Myzel in einer n\u00e4hrstoffreichen L\u00f6sung, die im Vergleich zu herk\u00f6mmlichen Sporenspritzen eine schnellere Besiedlung und h\u00f6here Erfolgsquoten erm\u00f6glicht.<\/p>","protected":false},"featured_media":3139,"comment_status":"open","ping_status":"closed","template":"","meta":[],"product_brand":[32],"product_cat":[68],"product_tag":[],"class_list":{"0":"post-3210","1":"product","2":"type-product","3":"status-publish","4":"has-post-thumbnail","6":"product_brand-mondo","7":"product_cat-liquid-culture-syringe","9":"first","10":"instock","11":"taxable","12":"shipping-taxable","13":"purchasable","14":"product-type-simple"},"jetpack_sharing_enabled":true,"_links":{"self":[{"href":"https:\/\/www.mondogrowkits.com\/de\/wp-json\/wp\/v2\/product\/3210","targetHints":{"allow":["GET"]}}],"collection":[{"href":"https:\/\/www.mondogrowkits.com\/de\/wp-json\/wp\/v2\/product"}],"about":[{"href":"https:\/\/www.mondogrowkits.com\/de\/wp-json\/wp\/v2\/types\/product"}],"replies":[{"embeddable":true,"href":"https:\/\/www.mondogrowkits.com\/de\/wp-json\/wp\/v2\/comments?post=3210"}],"wp:featuredmedia":[{"embeddable":true,"href":"https:\/\/www.mondogrowkits.com\/de\/wp-json\/wp\/v2\/media\/3139"}],"wp:attachment":[{"href":"https:\/\/www.mondogrowkits.com\/de\/wp-json\/wp\/v2\/media?parent=3210"}],"wp:term":[{"taxonomy":"product_brand","embeddable":true,"href":"https:\/\/www.mondogrowkits.com\/de\/wp-json\/wp\/v2\/product_brand?post=3210"},{"taxonomy":"product_cat","embeddable":true,"href":"https:\/\/www.mondogrowkits.com\/de\/wp-json\/wp\/v2\/product_cat?post=3210"},{"taxonomy":"product_tag","embeddable":true,"href":"https:\/\/www.mondogrowkits.com\/de\/wp-json\/wp\/v2\/product_tag?post=3210"}],"curies":[{"name":"wp","href":"https:\/\/api.w.org\/{rel}","templated":true}]}}