{"id":552,"date":"2025-05-06T10:40:37","date_gmt":"2025-05-06T10:40:37","guid":{"rendered":"https:\/\/staging.mondogrowkits.com\/?post_type=product&#038;p=552"},"modified":"2026-04-07T11:42:24","modified_gmt":"2026-04-07T10:42:24","slug":"micromex-psilocybin-magic-truffel","status":"publish","type":"product","link":"https:\/\/www.mondogrowkits.com\/de\/micromex-magic-truffles\/","title":{"rendered":"Micromex - Psilocybin Magic Tr\u00fcffel"},"content":{"rendered":"<h2>Micromex Magic Truffles - Sehr mild, fokussiert &amp; ideal f\u00fcr Mikrodosierung<\/h2><p>Die Micromex-Tr\u00fcffel stammen aus dem <em>Psilocybe <a href=\"https:\/\/www.mondogrowkits.com\/de\/mexicana-psilocybin-magic-truffel\/\">mexicana<\/a><\/em> Familie und sind f\u00fcr ihre sehr milde Potenz und ihren subtilen Charakter bekannt. Diese Sorte wurde f\u00fcr Nutzer entwickelt, die kontrollierte, niedrig-intensive Erfahrungen bevorzugen, anstatt starke visuelle oder immersive Trips.<\/p><p>Im Vergleich zu anderen Sorten wie Mexicana oder Tampanensis liefert Micromex sanftere Wahrnehmungsver\u00e4nderungen und konzentriert sich mehr auf geistige Klarheit, Kreativit\u00e4t und Stimmungsaufhellung. Sie ist besonders beliebt bei Nutzern, die interessiert sind an <a href=\"https:\/\/www.mondogrowkits.com\/de\/microdosing\/\">Mikrodosierung<\/a> oder sanfte Selbsterkundung.<\/p><p>Diese Variante wird h\u00e4ufig von Nutzern gew\u00e4hlt, die dies w\u00fcnschen:<\/p><ul>\n<li>Eine sehr milde und \u00fcberschaubare psychedelische Wirkung<\/li>\n<li>Verbesserte Konzentration und kreatives Denken<\/li>\n<li>Subtiles emotionales Gleichgewicht<\/li>\n<li>Minimale visuelle Intensit\u00e4t<\/li>\n<\/ul><h3>Die Micromex-Erfahrung<\/h3><ul>\n<li>Leichte Stimmungsaufhellung<\/li>\n<li>Verbesserte Konzentration und geistige Klarheit<\/li>\n<li>Subtile Sch\u00e4rfung der Sinne<\/li>\n<li>Sehr leichte Zeitverzerrung<\/li>\n<li>Minimale visuelle Bewegung<\/li>\n<li>Die Wirkung h\u00e4lt etwa 4-5 Stunden an.<\/li>\n<li>Beginn typischerweise innerhalb von 30-60 Minuten<\/li>\n<\/ul><p>Micromex wird oft als sanft und funktional beschrieben und eignet sich daher f\u00fcr kreative Projekte, Reflexionssitzungen oder kontrollierte Experimente.<\/p><h3>Dosierungsrichtlinien<\/h3><p>Die individuelle Empfindlichkeit variiert je nach K\u00f6rpergewicht, Stoffwechsel, Denkweise und Umgebung. Beginnen Sie immer konservativ.<\/p><h4>2 - 5 Gramm<\/h4><ul>\n<li>Sehr leichte Wahrnehmungsver\u00e4nderungen<\/li>\n<li>Leichte Stimmungsaufhellung<\/li>\n<li>Verbesserte Konzentration und Klarheit<\/li>\n<\/ul><h4>5 - 10 Gramm<\/h4><ul>\n<li>Sp\u00fcrbare, aber sanfte sensorische Verst\u00e4rkung<\/li>\n<li>Leichte visuelle Bewegung<\/li>\n<li>Sanfte emotionale Offenheit<\/li>\n<\/ul><h4>10 - 15 Gramm<\/h4><ul>\n<li>M\u00e4\u00dfige psychedelische Immersion<\/li>\n<li>Leichte visuelle Verzerrungen<\/li>\n<\/ul><p>Es darf nicht mehr als ein komplettes Paket in einer einzigen Sitzung verwendet werden.<\/p><h3>Mikrodosierung mit Micromex<\/h3><p>Micromex ist aufgrund seiner sehr milden Potenz besonders f\u00fcr die Mikrodosierung geeignet.<\/p><h4>0,5 - 1 Gramm<\/h4><ul>\n<li>Subtile Klarheit und verbesserte Konzentration<\/li>\n<li>Leichte Stimmungsaufhellung<\/li>\n<li>Minimale sensorische Verst\u00e4rkung<\/li>\n<\/ul><p>Auch bei niedrigen Dosen sollten Sie nicht Auto fahren oder Maschinen bedienen.<\/p><h3>Wie verwendet man Micromex Magic Truffles?<\/h3><h4>Direkter Verbrauch<\/h4><ul>\n<li>F\u00fcr eine optimale Absorption auf n\u00fcchternen Magen verzehren<\/li>\n<li>Vor dem Schlucken gr\u00fcndlich kauen<\/li>\n<li>Bei Bedarf Wasser trinken<\/li>\n<\/ul><p>Der Geschmack ist erdig mit milder Bitterkeit und einem subtilen nussigen Unterton.<\/p><h4>Tr\u00fcffel-Tee<\/h4><ul>\n<li>In kleine St\u00fccke schneiden<\/li>\n<li>20 Minuten in hei\u00dfem (nicht kochendem) Wasser ziehen lassen<\/li>\n<li>Vor dem Trinken abseihen<\/li>\n<li>Optional: Honig oder Kr\u00e4utertee hinzuf\u00fcgen<\/li>\n<\/ul><p>Nicht kochen, da \u00fcberm\u00e4\u00dfige Hitze die Wirksamkeit verringern kann.<\/p><h3>Wichtige Informationen<\/h3><ul>\n<li>Nutzung in einer sicheren und vertrauten Umgebung<\/li>\n<li>Eine positive Denkweise beibehalten<\/li>\n<li>Bei Unerfahrenheit eine n\u00fcchterne Begleitperson dabei haben<\/li>\n<li>Nicht mit Alkohol oder anderen Substanzen kombinieren<\/li>\n<li>Nehmen Sie nicht am Verkehr teil<\/li>\n<\/ul><p>In der ersten Stunde kann leichte \u00dcbelkeit auftreten, vor allem auf n\u00fcchternen Magen. Dies l\u00e4sst in der Regel von selbst nach.<\/p><h3>Verf\u00fcgbare Verpackungen<\/h3><ul>\n<li>15 Gramm frische Packung<\/li>\n<li>20 Gramm frische Packung<\/li>\n<\/ul><p>Beide Optionen enthalten frische <a href=\"https:\/\/www.mondogrowkits.com\/de\/psilocybin-magic-truffel\/\">Tr\u00fcffel<\/a> bereit f\u00fcr eine verantwortungsvolle Nutzung.<\/p><h3>Anweisungen zur Lagerung<\/h3><ul>\n<li>Unge\u00f6ffnet im K\u00fchlschrank aufbewahren<\/li>\n<li>Beachten Sie das Verfallsdatum<\/li>\n<li>Reste nach dem \u00d6ffnen in Papier einwickeln und bei ca. 3\u00b0C im K\u00fchlschrank aufbewahren.<\/li>\n<li>Innerhalb einiger Wochen nach dem \u00d6ffnen verbrauchen<\/li>\n<\/ul><p>F\u00fcr eine langfristige Lagerung m\u00fcssen die Tr\u00fcffel vor dem Einfrieren vollst\u00e4ndig und ohne Hitze getrocknet werden.<\/p><h3>Warum Micromex w\u00e4hlen?<\/h3><ul>\n<li>Sehr milde Potenz<\/li>\n<li>Hervorragend geeignet f\u00fcr Mikrodosierung<\/li>\n<li>Kontrollierte und \u00fcberschaubare Erfahrung<\/li>\n<li>Ideal f\u00fcr Anf\u00e4nger<\/li>\n<li>Erh\u00e4ltlich in 15g und 20g Frischhaltepackungen<\/li>\n<\/ul><p>Wenn Sie eine sehr sanfte und funktionelle Einf\u00fchrung in die <a href=\"https:\/\/www.mondogrowkits.com\/de\/was-ist-psilocybin\/\">Psilocybin<\/a> Mit minimaler visueller Intensit\u00e4t bieten die Micromex Magic Truffles ein sanftes und kontrolliertes Erlebnis.<\/p>","protected":false},"excerpt":{"rendered":"<p><strong>Micromex Magic Tr\u00fcffel<\/strong> sind eine sehr milde frische Psilocybin-Tr\u00fcffelsorte, die speziell f\u00fcr subtile Erfahrungen und Mikrodosierungen geeignet ist. Die aus der Psilocybe mexicana-Familie stammende Micromex bietet eine sanfte Stimmungsaufhellung, verbesserte Konzentration und eine leichte sensorische Sch\u00e4rfung ohne starke visuelle Intensit\u00e4t. Erh\u00e4ltlich in <strong>15 Gramm und 20 Gramm Frischhaltepackungen<\/strong>, Micromex ist ideal f\u00fcr Einsteiger, kreative Sessions oder Anwender, die kontrollierte Effekte mit geringer Intensit\u00e4t suchen.<\/p>","protected":false},"featured_media":4350,"comment_status":"open","ping_status":"closed","template":"","meta":[],"product_brand":[32],"product_cat":[19],"product_tag":[],"class_list":{"0":"post-552","1":"product","2":"type-product","3":"status-publish","4":"has-post-thumbnail","6":"product_brand-mondo","7":"product_cat-magic-truffles","8":"product_shipping_class-only-europe","10":"first","11":"instock","12":"taxable","13":"shipping-taxable","14":"product-type-variable"},"jetpack_sharing_enabled":true,"_links":{"self":[{"href":"https:\/\/www.mondogrowkits.com\/de\/wp-json\/wp\/v2\/product\/552","targetHints":{"allow":["GET"]}}],"collection":[{"href":"https:\/\/www.mondogrowkits.com\/de\/wp-json\/wp\/v2\/product"}],"about":[{"href":"https:\/\/www.mondogrowkits.com\/de\/wp-json\/wp\/v2\/types\/product"}],"replies":[{"embeddable":true,"href":"https:\/\/www.mondogrowkits.com\/de\/wp-json\/wp\/v2\/comments?post=552"}],"wp:featuredmedia":[{"embeddable":true,"href":"https:\/\/www.mondogrowkits.com\/de\/wp-json\/wp\/v2\/media\/4350"}],"wp:attachment":[{"href":"https:\/\/www.mondogrowkits.com\/de\/wp-json\/wp\/v2\/media?parent=552"}],"wp:term":[{"taxonomy":"product_brand","embeddable":true,"href":"https:\/\/www.mondogrowkits.com\/de\/wp-json\/wp\/v2\/product_brand?post=552"},{"taxonomy":"product_cat","embeddable":true,"href":"https:\/\/www.mondogrowkits.com\/de\/wp-json\/wp\/v2\/product_cat?post=552"},{"taxonomy":"product_tag","embeddable":true,"href":"https:\/\/www.mondogrowkits.com\/de\/wp-json\/wp\/v2\/product_tag?post=552"}],"curies":[{"name":"wp","href":"https:\/\/api.w.org\/{rel}","templated":true}]}}