{"id":565,"date":"2025-05-06T11:21:22","date_gmt":"2025-05-06T11:21:22","guid":{"rendered":"https:\/\/staging.mondogrowkits.com\/?post_type=product&#038;p=565"},"modified":"2026-04-07T11:42:24","modified_gmt":"2026-04-07T10:42:24","slug":"pajaritos-psilocybin-magic-truffel","status":"publish","type":"product","link":"https:\/\/www.mondogrowkits.com\/de\/pajaritos-magic-truffles\/","title":{"rendered":"Pajaritos - Psilocybin Magic Tr\u00fcffel"},"content":{"rendered":"<h2>Pajaritos Magic Truffles - Ausgewogen, kreativ und ansprechend<\/h2><p><a href=\"https:\/\/www.mondogrowkits.com\/de\/microdosing-pajaritos\/\">Pajaritos<\/a> Tr\u00fcffel stammen aus dem <em>Psilocybe mexicana<\/em> Familie und sind daf\u00fcr bekannt, dass sie eine ausgewogene und freundliche psychedelische Erfahrung liefern. Diese Sorte liegt zwischen milden Anf\u00e4ngersorten und st\u00e4rkeren mittelstarken Tr\u00fcffeln und bietet eine sp\u00fcrbare visuelle Verbesserung, w\u00e4hrend sie \u00fcberschaubar und kontrolliert bleibt.<\/p><p>Verglichen mit <a href=\"https:\/\/www.mondogrowkits.com\/de\/mexicana-magic-truffles\/\">Mexicana<\/a>, Pajaritos bietet etwas st\u00e4rkere Wahrnehmungsver\u00e4nderungen und klarere visuelle Bewegungen. Sie bleibt jedoch sanfter als hochpotente Sorten wie Utopia oder Hollandia, was sie zu einer ausgezeichneten Option f\u00fcr Nutzer macht, die etwas mehr Tiefe ohne extreme Intensit\u00e4t w\u00fcnschen.<\/p><p>Diese Variante wird h\u00e4ufig von Nutzern gew\u00e4hlt, die dies w\u00fcnschen:<\/p><ul>\n<li>Eine sanfte, aber sp\u00fcrbare psychedelische Erfahrung<\/li>\n<li>Sanfte Visuals kombiniert mit emotionaler W\u00e4rme<\/li>\n<li>Kreative Stimulation und flexibles Denken<\/li>\n<li>Ein angenehmes soziales oder entspanntes Umfeld<\/li>\n<\/ul><h3>Die Pajaritos-Erfahrung<\/h3><ul>\n<li>Leichte bis m\u00e4\u00dfige visuelle Verzerrungen<\/li>\n<li>Flie\u00dfende Oberfl\u00e4chenmuster und Farbverst\u00e4rkung<\/li>\n<li>Erh\u00f6hte Stimmung und spontanes Lachen<\/li>\n<li>Gesteigerte Kreativit\u00e4t und offene Kommunikation<\/li>\n<li>Leichte bis mittlere Zeitverzerrung<\/li>\n<li>Die Wirkung h\u00e4lt etwa 4-6 Stunden an.<\/li>\n<li>Beginn typischerweise innerhalb von 30-60 Minuten<\/li>\n<\/ul><p>Pajaritos wird oft als warm und ausgewogen beschrieben, mit mehr Tiefe als bei Anf\u00e4ngern. <a href=\"https:\/\/www.mondogrowkits.com\/de\/magic-mushroom-strain-library\/\">St\u00e4mme<\/a> und gleichzeitig ein stabiles und komfortables Erlebnis zu gew\u00e4hrleisten.<\/p><h3>Dosierungsrichtlinien<\/h3><p>Die individuelle Empfindlichkeit variiert je nach K\u00f6rpergewicht, Stoffwechsel, Denkweise und Umgebung. Beginnen Sie immer konservativ.<\/p><h4>2 - 5 Gramm<\/h4><ul>\n<li>Subtile Wahrnehmungsver\u00e4nderungen<\/li>\n<li>Leichte Stimmungsaufhellung<\/li>\n<li>Verbesserte Sinneswahrnehmung<\/li>\n<\/ul><h4>5 - 10 Gramm<\/h4><ul>\n<li>Deutliche visuelle Bewegung<\/li>\n<li>Erh\u00f6hte emotionale Offenheit<\/li>\n<li>Kreatives und philosophisches Denken<\/li>\n<\/ul><h4>10 - 15 Gramm<\/h4><ul>\n<li>St\u00e4rkere visuelle Verzerrungen<\/li>\n<li>Vertiefte Selbstbeobachtung<\/li>\n<li>St\u00e4rkere psychedelische Immersion<\/li>\n<\/ul><p>H\u00f6here Dosen erh\u00f6hen die Intensit\u00e4t erheblich. \u00dcberschreiten Sie nicht eine volle Packung in einer einzigen Sitzung.<\/p><h3>Mikrodosierung mit Pajaritos<\/h3><p>Pajaritos k\u00f6nnen verwendet werden f\u00fcr <a href=\"https:\/\/www.mondogrowkits.com\/de\/microdosing\/\">Mikrodosierung<\/a> und hat bei gleicher Menge eine etwas st\u00e4rkere Wirkung als Mexicana.<\/p><h4>0,5 - 1 Gramm<\/h4><ul>\n<li>Subtile Klarheit und verbesserte Stimmung<\/li>\n<li>Leichte kreative Stimulation<\/li>\n<li>Verbesserung der Lichtsensorik<\/li>\n<\/ul><p>Auch bei niedrigen Dosen sollten Sie nicht Auto fahren oder Maschinen bedienen.<\/p><h3>Wie verwendet man Pajaritos Magic Truffles?<\/h3><h4>Direkter Verbrauch<\/h4><ul>\n<li>F\u00fcr eine optimale Absorption auf n\u00fcchternen Magen verzehren<\/li>\n<li>Vor dem Schlucken gr\u00fcndlich kauen<\/li>\n<li>Bei Bedarf Wasser trinken<\/li>\n<\/ul><p>Der Geschmack ist erdig mit leichter Bitterkeit und einer subtilen nussigen Note.<\/p><h4>Tr\u00fcffel-Tee<\/h4><ul>\n<li>In kleine St\u00fccke schneiden<\/li>\n<li>20 Minuten in hei\u00dfem (nicht kochendem) Wasser ziehen lassen<\/li>\n<li>Vor dem Trinken abseihen<\/li>\n<li>Optional: Honig oder Kr\u00e4utertee hinzuf\u00fcgen<\/li>\n<\/ul><p>Nicht kochen, da \u00fcberm\u00e4\u00dfige Hitze die Wirksamkeit verringern kann.<\/p><h3>Wichtige Informationen<\/h3><ul>\n<li>Nutzung in einer sicheren und vertrauten Umgebung<\/li>\n<li>Eine positive Denkweise beibehalten<\/li>\n<li>Bei Unerfahrenheit eine n\u00fcchterne Begleitperson dabei haben<\/li>\n<li>Nicht mit Alkohol oder anderen Substanzen kombinieren<\/li>\n<li>Nehmen Sie nicht am Verkehr teil<\/li>\n<\/ul><p>In der ersten Stunde kann leichte \u00dcbelkeit auftreten, vor allem auf n\u00fcchternen Magen. Dies l\u00e4sst in der Regel von selbst nach.<\/p><h3>Verf\u00fcgbare Verpackungen<\/h3><ul>\n<li>15 Gramm frische Packung<\/li>\n<li>20 Gramm frische Packung<\/li>\n<\/ul><p>Beide Optionen enthalten frische <a href=\"https:\/\/www.mondogrowkits.com\/de\/magic-truffles\/\">Tr\u00fcffel<\/a> bereit f\u00fcr eine verantwortungsvolle Nutzung.<\/p><h3>Anweisungen zur Lagerung<\/h3><ul>\n<li>Unge\u00f6ffnet im K\u00fchlschrank aufbewahren<\/li>\n<li>Beachten Sie das Verfallsdatum<\/li>\n<li>Reste nach dem \u00d6ffnen in Papier einwickeln und bei ca. 3\u00b0C im K\u00fchlschrank aufbewahren.<\/li>\n<li>Innerhalb einiger Wochen nach dem \u00d6ffnen verbrauchen<\/li>\n<\/ul><p>F\u00fcr eine langfristige Lagerung m\u00fcssen die Tr\u00fcffel vor dem Einfrieren vollst\u00e4ndig und ohne Hitze getrocknet werden.<\/p><h3>Warum Pajaritos w\u00e4hlen?<\/h3><ul>\n<li>Ausgewogene mittlere Potenz<\/li>\n<li>Mehr Tiefe als bei Anf\u00e4ngertrainings<\/li>\n<li>Kreative und emotionale Erfahrung<\/li>\n<li>Geeignet f\u00fcr leichte bis mittelschwere Sitzungen<\/li>\n<li>Erh\u00e4ltlich in 15g und 20g Frischhaltepackungen<\/li>\n<\/ul><p>Wenn Sie auf der Suche nach einer bequemen Steigerung von milden Tr\u00fcffeln sind, ohne in den Bereich der hochpotenten Tr\u00fcffel vorzudringen, bieten Pajaritos Magic Truffles eine sanfte und ausgewogene psychedelische Erfahrung.<\/p>","protected":false},"excerpt":{"rendered":"<p><strong>Pajaritos Magische Tr\u00fcffel<\/strong> sind eine ausgewogene und zug\u00e4ngliche Psilocybin-Tr\u00fcffelsorte, die sanfte visuelle Effekte, emotionale Offenheit und kreative Stimulation bietet. Etwas st\u00e4rker als sehr milde Einsteigersorten liefert Pajaritos eine sanfte, aber sp\u00fcrbare psychedelische Erfahrung, ohne \u00fcberw\u00e4ltigend zu sein. Erh\u00e4ltlich in <strong>15 Gramm und 20 Gramm Frischhaltepackungen<\/strong>, Pajaritos bietet eine verbesserte Wahrnehmung, leichte visuelle Bewegung und eine positive, aufbauende Atmosph\u00e4re, die sowohl f\u00fcr Anf\u00e4nger als auch f\u00fcr fortgeschrittene Nutzer geeignet ist.<\/p>","protected":false},"featured_media":4348,"comment_status":"open","ping_status":"closed","template":"","meta":[],"product_brand":[32],"product_cat":[19],"product_tag":[],"class_list":{"0":"post-565","1":"product","2":"type-product","3":"status-publish","4":"has-post-thumbnail","6":"product_brand-mondo","7":"product_cat-magic-truffles","8":"product_shipping_class-only-europe","10":"first","11":"instock","12":"taxable","13":"shipping-taxable","14":"product-type-variable"},"jetpack_sharing_enabled":true,"_links":{"self":[{"href":"https:\/\/www.mondogrowkits.com\/de\/wp-json\/wp\/v2\/product\/565","targetHints":{"allow":["GET"]}}],"collection":[{"href":"https:\/\/www.mondogrowkits.com\/de\/wp-json\/wp\/v2\/product"}],"about":[{"href":"https:\/\/www.mondogrowkits.com\/de\/wp-json\/wp\/v2\/types\/product"}],"replies":[{"embeddable":true,"href":"https:\/\/www.mondogrowkits.com\/de\/wp-json\/wp\/v2\/comments?post=565"}],"wp:featuredmedia":[{"embeddable":true,"href":"https:\/\/www.mondogrowkits.com\/de\/wp-json\/wp\/v2\/media\/4348"}],"wp:attachment":[{"href":"https:\/\/www.mondogrowkits.com\/de\/wp-json\/wp\/v2\/media?parent=565"}],"wp:term":[{"taxonomy":"product_brand","embeddable":true,"href":"https:\/\/www.mondogrowkits.com\/de\/wp-json\/wp\/v2\/product_brand?post=565"},{"taxonomy":"product_cat","embeddable":true,"href":"https:\/\/www.mondogrowkits.com\/de\/wp-json\/wp\/v2\/product_cat?post=565"},{"taxonomy":"product_tag","embeddable":true,"href":"https:\/\/www.mondogrowkits.com\/de\/wp-json\/wp\/v2\/product_tag?post=565"}],"curies":[{"name":"wp","href":"https:\/\/api.w.org\/{rel}","templated":true}]}}