{"id":604,"date":"2025-05-06T13:05:14","date_gmt":"2025-05-06T13:05:14","guid":{"rendered":"https:\/\/staging.mondogrowkits.com\/?post_type=product&#038;p=604"},"modified":"2026-04-07T11:42:23","modified_gmt":"2026-04-07T10:42:23","slug":"lions-mane-tinktur","status":"publish","type":"product","link":"https:\/\/www.mondogrowkits.com\/de\/lions-mane-tincture\/","title":{"rendered":"Lion\u2019s Mane Tinktur"},"content":{"rendered":"","protected":false},"excerpt":{"rendered":"<p><span style=\"font-weight: 400;\">Wir sind stolz auf unsere neuen Extrakte!<\/span><\/p>\n<p><span style=\"font-weight: 400;\">Von Ende zu Ende, hergestellt und extrahiert von Mondo Mycologicals in den Niederlanden. Doppelte Extrakte mit vollem Spektrum.\u00a0<\/span>L\u00f6wenm\u00e4hne (<b><i>Hericium erinaceus<\/i><\/b>) ist ein verehrter Heilpilz, der auch \"Bergpriesterpilz\" oder \"intelligenter Pilz\" genannt wird und auf Laubb\u00e4umen in gem\u00e4\u00dfigten W\u00e4ldern der n\u00f6rdlichen Hemisph\u00e4re, einschlie\u00dflich Nordamerika, Europa und Asien, w\u00e4chst.<\/p>\n<p>Die L\u00f6wenm\u00e4hne wird seit langem in der traditionellen chinesischen Medizin zur Unterst\u00fctzung der neurologischen Gesundheit verwendet. Buddhistische M\u00f6nche sollen L\u00f6wenm\u00e4hne-Pilzpulver als Tee verwendet haben, um ihre Gehirnleistung zu steigern und ihre Konzentration w\u00e4hrend der Meditation zu erh\u00f6hen.<\/p>","protected":false},"featured_media":3123,"comment_status":"open","ping_status":"closed","template":"","meta":[],"product_brand":[32],"product_cat":[22],"product_tag":[],"class_list":{"0":"post-604","1":"product","2":"type-product","3":"status-publish","4":"has-post-thumbnail","6":"product_brand-mondo","7":"product_cat-mushroom-tinctures","9":"first","10":"instock","11":"taxable","12":"shipping-taxable","13":"purchasable","14":"product-type-variable"},"jetpack_sharing_enabled":true,"_links":{"self":[{"href":"https:\/\/www.mondogrowkits.com\/de\/wp-json\/wp\/v2\/product\/604","targetHints":{"allow":["GET"]}}],"collection":[{"href":"https:\/\/www.mondogrowkits.com\/de\/wp-json\/wp\/v2\/product"}],"about":[{"href":"https:\/\/www.mondogrowkits.com\/de\/wp-json\/wp\/v2\/types\/product"}],"replies":[{"embeddable":true,"href":"https:\/\/www.mondogrowkits.com\/de\/wp-json\/wp\/v2\/comments?post=604"}],"wp:featuredmedia":[{"embeddable":true,"href":"https:\/\/www.mondogrowkits.com\/de\/wp-json\/wp\/v2\/media\/3123"}],"wp:attachment":[{"href":"https:\/\/www.mondogrowkits.com\/de\/wp-json\/wp\/v2\/media?parent=604"}],"wp:term":[{"taxonomy":"product_brand","embeddable":true,"href":"https:\/\/www.mondogrowkits.com\/de\/wp-json\/wp\/v2\/product_brand?post=604"},{"taxonomy":"product_cat","embeddable":true,"href":"https:\/\/www.mondogrowkits.com\/de\/wp-json\/wp\/v2\/product_cat?post=604"},{"taxonomy":"product_tag","embeddable":true,"href":"https:\/\/www.mondogrowkits.com\/de\/wp-json\/wp\/v2\/product_tag?post=604"}],"curies":[{"name":"wp","href":"https:\/\/api.w.org\/{rel}","templated":true}]}}