{"id":665,"date":"2025-05-08T14:29:39","date_gmt":"2025-05-08T14:29:39","guid":{"rendered":"https:\/\/staging.mondogrowkits.com\/?post_type=product&#038;p=665"},"modified":"2026-04-08T12:45:52","modified_gmt":"2026-04-08T11:45:52","slug":"amazonian-magic-mushroom-grow-kit","status":"publish","type":"product","link":"https:\/\/www.mondogrowkits.com\/de\/amazonian-magic-mushroom-grow-kit\/","title":{"rendered":"Amazonian - Magic Mushroom Grow Kit"},"content":{"rendered":"<h1 data-section-id=\"1eme976\" data-start=\"283\" data-end=\"355\">Amazonian Magic Mushroom Grow Kit - Leistungsstarke Psilocybe Cubensis Sorte<\/h1><p data-start=\"357\" data-end=\"685\">Die <strong data-start=\"361\" data-end=\"398\">Amazonian Magic Mushroom Grow Kit<\/strong> ist eine beliebte <strong data-start=\"412\" data-end=\"441\">Psilocybe cubensis Stamm<\/strong> Sie stammt aus den tropischen Regionen des Amazonas-Regenwaldes in S\u00fcdamerika. Bekannt f\u00fcr ihr kr\u00e4ftiges Wachstum und ihre beeindruckende Pilzgr\u00f6\u00dfe, ist diese Sorte ein Favorit unter Z\u00fcchtern, die starke Genetik und zuverl\u00e4ssige Ernten sch\u00e4tzen.<\/p><p data-start=\"687\" data-end=\"953\">Amazonian-Pilze erkennt man an ihrem <strong data-start=\"731\" data-end=\"761\">dicke Stiele und gro\u00dfe Kappen<\/strong>, die sich w\u00e4hrend der Fruchtbildung oft zu dichten B\u00fcscheln entwickeln. Dank seines robusten Myzelwachstums ist der Stamm Amazonian bekannt f\u00fcr die Produktion von <strong data-start=\"909\" data-end=\"952\">gesunde Pilze und konstante Ertr\u00e4ge<\/strong>.<\/p><p data-start=\"955\" data-end=\"1132\">Unter den richtigen Wachstumsbedingungen erscheinen die ersten Pilznadeln normalerweise innerhalb von <strong data-start=\"1039\" data-end=\"1056\">10 bis 14 Tage<\/strong>, wodurch die <strong data-start=\"1069\" data-end=\"1091\">Amazonian Grow-Kit<\/strong> eine lohnende Option f\u00fcr den Heimanbau.<\/p><p data-start=\"1134\" data-end=\"1329\">Jedes Grow-Kit wird geliefert <strong data-start=\"1156\" data-end=\"1193\">vollst\u00e4ndig kolonisiert und bereit zu wachsen<\/strong>, d.h. die <a href=\"https:\/\/www.mondogrowkits.com\/de\/sterilisiertes-substrat\/\">Substrat<\/a> enth\u00e4lt bereits aktives Myzel. So k\u00f6nnen Sie mit nur wenigen einfachen Schritten sofort mit der Kultivierung beginnen.<\/p><hr data-start=\"1331\" data-end=\"1334\" \/><h1 data-section-id=\"hp5q5s\" data-start=\"1336\" data-end=\"1372\">Warum sollten Sie sich f\u00fcr das Amazonian Grow Kit entscheiden?<\/h1><p data-start=\"1374\" data-end=\"1715\">\u2714 Beliebt <strong data-start=\"1384\" data-end=\"1448\">Psilocybe cubensis-Stamm aus dem Amazonasgebiet<\/strong><br data-start=\"1448\" data-end=\"1451\" \/>\u2714 Bekannt f\u00fcr <strong data-start=\"1463\" data-end=\"1502\">kr\u00e4ftiges Wachstum und gro\u00dfe Pilze<\/strong><br data-start=\"1502\" data-end=\"1505\" \/>\u2714 Produziert dichte B\u00fcschel und beeindruckende Bl\u00fctenpracht<br data-start=\"1553\" data-end=\"1556\" \/>\u2714 Mehrfachsp\u00fclungen bei richtiger Pflege m\u00f6glich<br data-start=\"1600\" data-end=\"1603\" \/>\u2714 Vollst\u00e4ndig besiedeltes Substrat - sofort zum Wachsen bereit<br data-start=\"1658\" data-end=\"1661\" \/>\u2714 Nat\u00fcrliches Kultursubstrat mit aktivem Myzel<\/p><p data-start=\"1717\" data-end=\"1876\">Der Amazonian-Stamm wird gesch\u00e4tzt f\u00fcr seine <strong data-start=\"1761\" data-end=\"1819\">starke Wachstumsleistung und zuverl\u00e4ssige Ernteergebnisse<\/strong>, Das macht sie zu einer beliebten Wahl bei vielen Pilzz\u00fcchtern.<\/p><hr data-start=\"1878\" data-end=\"1881\" \/><h1 data-section-id=\"1o7u9te\" data-start=\"1883\" data-end=\"1909\">Verf\u00fcgbare Grow Kit Gr\u00f6\u00dfen<\/h1><p data-start=\"1911\" data-end=\"2048\">Die <strong data-start=\"1915\" data-end=\"1952\">Amazonian Magic Mushroom Grow Kit<\/strong> ist in verschiedenen Gr\u00f6\u00dfen erh\u00e4ltlich, so dass Sie den Bausatz w\u00e4hlen k\u00f6nnen, der am besten zu Ihrem Anbausystem passt.<\/p><p data-start=\"2050\" data-end=\"2066\">Verf\u00fcgbare Gr\u00f6\u00dfen:<\/p><p data-start=\"2068\" data-end=\"2152\">\u2022 <strong data-start=\"2070\" data-end=\"2080\">280 cm\u00b3<\/strong><br data-start=\"2080\" data-end=\"2083\" \/>\u2022 <strong data-start=\"2085\" data-end=\"2095\">750 cm\u00b3<\/strong><br data-start=\"2095\" data-end=\"2098\" \/>\u2022 <strong data-start=\"2100\" data-end=\"2111\">1200 cc<\/strong> (auf dem Produktfoto abgebildet)<br data-start=\"2136\" data-end=\"2139\" \/>\u2022 <strong data-start=\"2141\" data-end=\"2152\">2100 cm\u00b3<\/strong><\/p><p data-start=\"2154\" data-end=\"2300\">Gr\u00f6\u00dfere Grow-Kits produzieren in der Regel <strong data-start=\"2189\" data-end=\"2225\">gr\u00f6\u00dfere Ernten und mehr Sp\u00fclungen<\/strong>, w\u00e4hrend kleinere Kits ideal sind f\u00fcr <a href=\"https:\/\/www.mondogrowkits.com\/de\/mondo-growkits-beste-stamme-anfanger-fortgeschrittene\/\">Anf\u00e4nger<\/a> oder Z\u00fcchter mit begrenztem Platzangebot.<\/p><hr data-start=\"2302\" data-end=\"2305\" \/><h1 data-section-id=\"2t1372\" data-start=\"2307\" data-end=\"2333\">Ideale Anbaubedingungen<\/h1><p data-start=\"2335\" data-end=\"2413\">Amazonian-Pilze gedeihen in einer warmen und feuchten Umgebung mit indirektem Licht.<\/p><p data-start=\"2415\" data-end=\"2446\">Empfohlene Anbaubedingungen:<\/p><p data-start=\"2448\" data-end=\"2627\"><strong data-start=\"2448\" data-end=\"2464\">Temperatur:<\/strong> 18-27 \u00b0C<br data-start=\"2473\" data-end=\"2476\" \/><strong data-start=\"2476\" data-end=\"2500\">Optimale Temperatur:<\/strong> 22-25 \u00b0C<br data-start=\"2509\" data-end=\"2512\" \/><strong data-start=\"2512\" data-end=\"2525\">Beleuchtung:<\/strong> Indirektes Tageslicht oder Raumlicht<br data-start=\"2565\" data-end=\"2568\" \/><strong data-start=\"2568\" data-end=\"2581\">Luftfeuchtigkeit:<\/strong> Hohe Luftfeuchtigkeit mit regelm\u00e4\u00dfigem Frischluftaustausch<\/p><p data-start=\"2629\" data-end=\"2750\">Kondenswasser im Inneren der Kulturtasche tr\u00e4gt zur Aufrechterhaltung der richtigen Luftfeuchtigkeit bei. Vermeiden Sie es, Wasser direkt auf das Substrat zu spr\u00fchen.<\/p><p data-start=\"2752\" data-end=\"2855\">Kleine Pilznadeln erscheinen normalerweise innerhalb von <strong data-start=\"2803\" data-end=\"2817\">10-14 Tage<\/strong>, je nach den Anbaubedingungen.<\/p><hr data-start=\"2857\" data-end=\"2860\" \/><h1 data-section-id=\"12rd239\" data-start=\"2862\" data-end=\"2900\">Wirkungen von Amazonian Magic Mushrooms<\/h1><p data-start=\"2902\" data-end=\"3024\">Die <strong data-start=\"2906\" data-end=\"2945\">Amazonian Psilocybe cubensis Stamm<\/strong> ist bekannt f\u00fcr die Bereitstellung eines <strong data-start=\"2972\" data-end=\"3023\">starkes und visuell reiches psychedelisches Erlebnis<\/strong>.<\/p><p data-start=\"3026\" data-end=\"3060\">Zu den h\u00e4ufig berichteten Wirkungen geh\u00f6ren:<\/p><p data-start=\"3062\" data-end=\"3241\">- Verbesserte Farben und visuelle Wahrnehmung<br data-start=\"3102\" data-end=\"3105\" \/>- Starke visuelle Muster und sensorische Verst\u00e4rkung<br data-start=\"3153\" data-end=\"3156\" \/>- Erh\u00f6hte Stimmung und Gef\u00fchle der Euphorie<br data-start=\"3196\" data-end=\"3199\" \/>- Gesteigerte Kreativit\u00e4t und Introspektion<\/p><p data-start=\"3243\" data-end=\"3332\">Viele Nutzer beschreiben die Erfahrung als <strong data-start=\"3281\" data-end=\"3331\">energiegeladen, fesselnd und visuell anregend<\/strong>.<\/p><hr data-start=\"3334\" data-end=\"3337\" \/><h1 data-section-id=\"ljcc7e\" data-start=\"3339\" data-end=\"3378\">Komplettes All-in-One-Growkit<\/h1><p data-start=\"3380\" data-end=\"3483\">Jede <strong data-start=\"3385\" data-end=\"3422\">Amazonian Magic Mushroom Grow Kit<\/strong> enth\u00e4lt alles, was man braucht, um sofort mit dem Anbau zu beginnen.<\/p><p data-start=\"3485\" data-end=\"3503\">Ihr Kit enth\u00e4lt:<\/p><p data-start=\"3505\" data-end=\"3720\">\u2714 Vollst\u00e4ndig besiedeltes Substrat mit aktivem Myzel<br data-start=\"3553\" data-end=\"3556\" \/>\u2714 feuchtigkeitsspeichernde Substratkomponenten<br data-start=\"3597\" data-end=\"3600\" \/>\u2714 Wachstumsbeutel mit integrierten Luftfiltern<br data-start=\"3638\" data-end=\"3641\" \/>\u2714 Zwei B\u00fcroklammern zum Verschlie\u00dfen der Kulturtasche<br data-start=\"3682\" data-end=\"3685\" \/>\u2714 Detaillierte Anbauanleitung<\/p><p data-start=\"3722\" data-end=\"3827\">Das Grow-Kit ist so konzipiert, dass es <strong data-start=\"3755\" data-end=\"3826\">Zauberpilzanbau einfach, effizient und anf\u00e4ngerfreundlich<\/strong>.<\/p><hr data-start=\"3829\" data-end=\"3832\" \/><h1 data-section-id=\"3kfd2k\" data-start=\"3834\" data-end=\"3867\">Wie man anbaut - Schnellstart-Anleitung<\/h1><p data-start=\"3869\" data-end=\"3957\">Champignons z\u00fcchten mit dem <strong data-start=\"3896\" data-end=\"3918\">Amazonian Grow-Kit<\/strong> ist einfach und erfordert nur wenige Schritte.<\/p><ol data-start=\"3959\" data-end=\"4304\">\n<li data-section-id=\"x1d9t\" data-start=\"3959\" data-end=\"4018\">\n<p data-start=\"3962\" data-end=\"4018\">Waschen Sie Ihre H\u00e4nde und reinigen Sie die Au\u00dfenseite des Growkits.<\/p>\n<\/li>\n<li data-section-id=\"hci7ne\" data-start=\"4019\" data-end=\"4082\">\n<p data-start=\"4022\" data-end=\"4082\">Entfernen Sie den Deckel und f\u00fcllen Sie den Beh\u00e4lter mit lauwarmem Wasser.<\/p>\n<\/li>\n<li data-section-id=\"owtwed\" data-start=\"4083\" data-end=\"4130\">\n<p data-start=\"4086\" data-end=\"4130\">Lassen Sie das Substrat einweichen f\u00fcr <strong data-start=\"4113\" data-end=\"4127\">8-12 Stunden<\/strong>.<\/p>\n<\/li>\n<li data-section-id=\"5aqy5l\" data-start=\"4131\" data-end=\"4169\">\n<p data-start=\"4134\" data-end=\"4169\">Das \u00fcbersch\u00fcssige Wasser sorgf\u00e4ltig abgie\u00dfen.<\/p>\n<\/li>\n<li data-section-id=\"9asdz4\" data-start=\"4170\" data-end=\"4246\">\n<p data-start=\"4173\" data-end=\"4246\">Legen Sie das Anzuchtset in den Anzuchtbeutel und verschlie\u00dfen Sie ihn mit den B\u00fcroklammern.<\/p>\n<\/li>\n<li data-section-id=\"1fhyrkq\" data-start=\"4247\" data-end=\"4304\">\n<p data-start=\"4250\" data-end=\"4304\">Bewahren Sie den Anzuchtbeutel an einem warmen Ort mit indirektem Licht auf.<\/p>\n<\/li>\n<\/ol><p data-start=\"4306\" data-end=\"4445\">Unter <strong data-start=\"4313\" data-end=\"4327\">10-14 Tage<\/strong>, Es werden sich kleine Pilznadeln bilden. Ernten Sie die Pilze, wenn die <strong data-start=\"4402\" data-end=\"4444\">der Schleier unter der Kappe beginnt zu rei\u00dfen<\/strong>.<\/p><p data-start=\"4447\" data-end=\"4529\">Nach der Ernte kann das Growkit <strong data-start=\"4485\" data-end=\"4498\">wieder getr\u00e4nkt<\/strong> um zus\u00e4tzliche Sp\u00fclungen zu erzeugen.<\/p><p data-start=\"4531\" data-end=\"4597\">Bei richtiger Pflege kann ein Grow-Kit Folgendes produzieren <strong data-start=\"4574\" data-end=\"4596\">bis zu vier Sp\u00fclungen<\/strong>.<\/p><hr data-start=\"4599\" data-end=\"4602\" \/><h1 data-section-id=\"ybm8az\" data-start=\"4604\" data-end=\"4626\">Lagerung und Haltbarkeit<\/h1><p data-start=\"4628\" data-end=\"4690\">Lagern Sie das unge\u00f6ffnete Grow-Kit in der <strong data-start=\"4663\" data-end=\"4689\">K\u00fchlschrank bei 2-8 \u00b0C<\/strong>.<\/p><p data-start=\"4692\" data-end=\"4732\">Haltbarkeitsdauer: <strong data-start=\"4704\" data-end=\"4732\">3-6 Monate in unge\u00f6ffnetem Zustand<\/strong><\/p><p data-start=\"4734\" data-end=\"4833\">Um die besten Ergebnisse zu erzielen, empfiehlt es sich, mit dem Anbau zu beginnen <strong data-start=\"4795\" data-end=\"4832\">kurz nach Erhalt des Growkits<\/strong>.<\/p><hr data-start=\"4835\" data-end=\"4838\" \/><h1 data-section-id=\"1qgfiv8\" data-start=\"4840\" data-end=\"4865\">Legale und verantwortungsvolle Nutzung<\/h1><p data-start=\"4867\" data-end=\"5022\">Magic Mushrooms sind in vielen L\u00e4ndern reguliert. In einigen Regionen, <strong data-start=\"4933\" data-end=\"4981\">Grow-Kits und Tr\u00fcffel bleiben legale Produkte<\/strong>, w\u00e4hrend sie in anderen L\u00e4ndern eingeschr\u00e4nkt sein k\u00f6nnen.<\/p><p data-start=\"5024\" data-end=\"5101\">Immer pr\u00fcfen <strong data-start=\"5037\" data-end=\"5067\">lokale Gesetze und Vorschriften<\/strong> bevor sie gekauft oder angebaut werden.<\/p><p data-start=\"5103\" data-end=\"5262\"><a href=\"https:\/\/www.mondogrowkits.com\/de\/was-ist-psilocybin\/\">Psilocybin<\/a> Pilze werden als <strong data-start=\"5139\" data-end=\"5156\">nicht s\u00fcchtig machend<\/strong>, aber sie k\u00f6nnen starke psychologische Wirkungen haben. Ein verantwortungsbewusster Gebrauch in einer sicheren Umgebung wird empfohlen.<\/p><hr data-start=\"5264\" data-end=\"5267\" \/><h1 data-section-id=\"1cji8g8\" data-start=\"5269\" data-end=\"5321\">Bestellen Sie Ihr Amazonian Magic Mushroom Grow Kit noch heute<\/h1><p data-start=\"5323\" data-end=\"5469\">Die <strong data-start=\"5327\" data-end=\"5364\">Amazonian Magic Mushroom Grow Kit<\/strong> bietet eine lohnende Anbauerfahrung mit starkem Wachstum, beeindruckenden Bl\u00fctezeiten und mehreren Ernten.<\/p><p data-start=\"5471\" data-end=\"5630\">Dank seiner robusten Genetik und konstanten Ertr\u00e4ge bleibt Amazonian einer der <strong data-start=\"5553\" data-end=\"5629\">beliebteste Psilocybe cubensis Grow Kits f\u00fcr den Heimanbau<\/strong>.<\/p><p data-start=\"5632\" data-end=\"5732\">Bestellen Sie Ihr <strong data-start=\"5643\" data-end=\"5686\">Amazonian Magic Mushroom Grow Kit heute<\/strong> und z\u00fcchten Sie Ihre eigenen Pilze zu Hause.<\/p>","protected":false},"excerpt":{"rendered":"<p>Das Amazonian Magic Mushroom Grow Kit basiert auf robuster Psilocybe cubensis Genetik mit starkem Myzelwachstum und zuverl\u00e4ssigen Erntezyklen. Erh\u00e4ltlich in 280cc, 750cc, 1200cc und 2100cc. Eine solide Wahl f\u00fcr Z\u00fcchter, die eine gleichbleibende Leistung von Flush zu Flush w\u00fcnschen.<\/p>","protected":false},"featured_media":4635,"comment_status":"open","ping_status":"closed","template":"","meta":[],"product_brand":[32],"product_cat":[17],"product_tag":[],"class_list":{"0":"post-665","1":"product","2":"type-product","3":"status-publish","4":"has-post-thumbnail","6":"product_brand-mondo","7":"product_cat-magic-mushroom-grow-kits","9":"first","10":"instock","11":"taxable","12":"shipping-taxable","13":"purchasable","14":"product-type-variable"},"jetpack_sharing_enabled":true,"_links":{"self":[{"href":"https:\/\/www.mondogrowkits.com\/de\/wp-json\/wp\/v2\/product\/665","targetHints":{"allow":["GET"]}}],"collection":[{"href":"https:\/\/www.mondogrowkits.com\/de\/wp-json\/wp\/v2\/product"}],"about":[{"href":"https:\/\/www.mondogrowkits.com\/de\/wp-json\/wp\/v2\/types\/product"}],"replies":[{"embeddable":true,"href":"https:\/\/www.mondogrowkits.com\/de\/wp-json\/wp\/v2\/comments?post=665"}],"wp:featuredmedia":[{"embeddable":true,"href":"https:\/\/www.mondogrowkits.com\/de\/wp-json\/wp\/v2\/media\/4635"}],"wp:attachment":[{"href":"https:\/\/www.mondogrowkits.com\/de\/wp-json\/wp\/v2\/media?parent=665"}],"wp:term":[{"taxonomy":"product_brand","embeddable":true,"href":"https:\/\/www.mondogrowkits.com\/de\/wp-json\/wp\/v2\/product_brand?post=665"},{"taxonomy":"product_cat","embeddable":true,"href":"https:\/\/www.mondogrowkits.com\/de\/wp-json\/wp\/v2\/product_cat?post=665"},{"taxonomy":"product_tag","embeddable":true,"href":"https:\/\/www.mondogrowkits.com\/de\/wp-json\/wp\/v2\/product_tag?post=665"}],"curies":[{"name":"wp","href":"https:\/\/api.w.org\/{rel}","templated":true}]}}