{"id":702,"date":"2025-05-12T08:39:54","date_gmt":"2025-05-12T08:39:54","guid":{"rendered":"https:\/\/staging.mondogrowkits.com\/?post_type=product&#038;p=702"},"modified":"2026-05-16T18:56:06","modified_gmt":"2026-05-16T17:56:06","slug":"pes-hawaii-magic-mushroom-grow-kit","status":"publish","type":"product","link":"https:\/\/www.mondogrowkits.com\/de\/pes-hawaii-magic-mushroom-grow-kit\/","title":{"rendered":"PES Hawaii - Magic Mushroom Grow Kit"},"content":{"rendered":"<h1 data-section-id=\"94d9yd\" data-start=\"284\" data-end=\"357\">PES Hawaii Magic Mushroom Grow Kit - Tropische Psilocybe Cubensis Sorte<\/h1><p data-start=\"359\" data-end=\"683\">Die <strong data-start=\"363\" data-end=\"401\">PES Hawaii Magic Mushroom Grow Kit<\/strong> ist eine beliebte <strong data-start=\"415\" data-end=\"444\">Psilocybe cubensis Stamm<\/strong> bekannt f\u00fcr ihr starkes Wachstum, ihre beeindruckende Pilzgr\u00f6\u00dfe und ihre zuverl\u00e4ssigen Ernten. Trotz ihres Namens wurde die Sorte entwickelt und vertrieben von <strong data-start=\"585\" data-end=\"616\">Pazifische Exotica Spora (PES)<\/strong> und ist in der Pilzszene weithin bekannt geworden.<\/p><p data-start=\"685\" data-end=\"950\">PES Hawaii-Pilze sind erkennbar an ihrem <strong data-start=\"730\" data-end=\"777\">dicke St\u00e4ngel, gro\u00dfe Kappen und dichte B\u00fcschel<\/strong>, Sie produziert visuell beeindruckende Flushs w\u00e4hrend der Fruchtphase. Dank ihrer kr\u00e4ftigen Genetik wird diese Sorte gesch\u00e4tzt f\u00fcr ihre <strong data-start=\"912\" data-end=\"949\">schnelles Wachstum und konstante Ertr\u00e4ge<\/strong>.<\/p><p data-start=\"952\" data-end=\"1130\">Unter den richtigen Wachstumsbedingungen erscheinen die ersten Pilznadeln normalerweise innerhalb von <strong data-start=\"1036\" data-end=\"1053\">10 bis 14 Tage<\/strong>, wodurch die <strong data-start=\"1066\" data-end=\"1089\">PES Hawaii Anbausatz<\/strong> eine lohnende Wahl f\u00fcr den Heimanbau.<\/p><p data-start=\"1132\" data-end=\"1316\">Jedes Grow-Kit wird geliefert <strong data-start=\"1154\" data-end=\"1191\">vollst\u00e4ndig kolonisiert und bereit zu wachsen<\/strong>, d.h. die <a href=\"https:\/\/www.mondogrowkits.com\/it\/sterilised-substrate\/\">Substrat<\/a> enth\u00e4lt bereits aktives Myzel und die Kultivierung kann sofort und mit nur minimaler Vorbereitung beginnen.<\/p><hr data-start=\"1318\" data-end=\"1321\" \/><h1 data-section-id=\"1h5r7o9\" data-start=\"1323\" data-end=\"1360\">Warum sollten Sie sich f\u00fcr das PES Hawaii Grow Kit entscheiden?<\/h1><p data-start=\"1362\" data-end=\"1707\">\u2714 Sehr bekannt <strong data-start=\"1375\" data-end=\"1441\">Psilocybe cubensis Stamm, vertrieben von Pacific Exotica Spora<\/strong><br data-start=\"1441\" data-end=\"1444\" \/>\u2714 Produziert gro\u00dfe Pilze mit dicken Stielen und breiten Kappen<br data-start=\"1501\" data-end=\"1504\" \/>\u2714 Starke und zuverl\u00e4ssige Wachstumsleistung<br data-start=\"1544\" data-end=\"1547\" \/>\u2714 Mehrfachsp\u00fclungen mit einem einzigen Kit m\u00f6glich<br data-start=\"1592\" data-end=\"1595\" \/>\u2714 Vollst\u00e4ndig besiedeltes Substrat - sofort zum Wachsen bereit<br data-start=\"1650\" data-end=\"1653\" \/>\u2714 Nat\u00fcrliches Kultursubstrat mit aktivem Myzel<\/p><p data-start=\"1709\" data-end=\"1822\">Die Sorte PES Hawaii ist beliebt bei Z\u00fcchtern, die Folgendes sch\u00e4tzen <strong data-start=\"1771\" data-end=\"1821\">starkes Pilzwachstum und beeindruckende Ernten<\/strong>.<\/p><hr data-start=\"1824\" data-end=\"1827\" \/><h1 data-section-id=\"1o7u9te\" data-start=\"1829\" data-end=\"1855\">Verf\u00fcgbare Grow Kit Gr\u00f6\u00dfen<\/h1><p data-start=\"1857\" data-end=\"1995\">Die <strong data-start=\"1861\" data-end=\"1899\">PES Hawaii Magic Mushroom Grow Kit<\/strong> ist in verschiedenen Gr\u00f6\u00dfen erh\u00e4ltlich, so dass Sie den Bausatz w\u00e4hlen k\u00f6nnen, der am besten zu Ihrem Anbausystem passt.<\/p><p data-start=\"1997\" data-end=\"2013\">Verf\u00fcgbare Gr\u00f6\u00dfen:<\/p><p data-start=\"2015\" data-end=\"2099\">\u2022 <strong data-start=\"2017\" data-end=\"2027\">280 cm\u00b3<\/strong><br data-start=\"2027\" data-end=\"2030\" \/>\u2022 <strong data-start=\"2032\" data-end=\"2042\">750 cm\u00b3<\/strong><br data-start=\"2042\" data-end=\"2045\" \/>\u2022 <strong data-start=\"2047\" data-end=\"2058\">1200 cc<\/strong> (auf dem Produktfoto abgebildet)<br data-start=\"2083\" data-end=\"2086\" \/>\u2022 <strong data-start=\"2088\" data-end=\"2099\">2100 cm\u00b3<\/strong><\/p><p data-start=\"2101\" data-end=\"2245\">Gr\u00f6\u00dfere Grow-Kits produzieren in der Regel <strong data-start=\"2136\" data-end=\"2170\">h\u00f6here Ertr\u00e4ge und mehr Sp\u00fclungen<\/strong>, w\u00e4hrend kleinere Kits ideal sind f\u00fcr <a href=\"https:\/\/www.mondogrowkits.com\/it\/mondo-growkits-best-strains-beginners-advanced\/\">Anf\u00e4nger<\/a> oder Z\u00fcchter mit begrenztem Platzangebot.<\/p><hr data-start=\"2247\" data-end=\"2250\" \/><h1 data-section-id=\"2t1372\" data-start=\"2252\" data-end=\"2278\">Ideale Anbaubedingungen<\/h1><p data-start=\"2280\" data-end=\"2359\">PES Hawaii-Pilze gedeihen in einer warmen und feuchten Umgebung mit indirektem Licht.<\/p><p data-start=\"2361\" data-end=\"2392\">Empfohlene Anbaubedingungen:<\/p><p data-start=\"2394\" data-end=\"2573\"><strong data-start=\"2394\" data-end=\"2410\">Temperatur:<\/strong> 18-27 \u00b0C<br data-start=\"2419\" data-end=\"2422\" \/><strong data-start=\"2422\" data-end=\"2446\">Optimale Temperatur:<\/strong> 22-25 \u00b0C<br data-start=\"2455\" data-end=\"2458\" \/><strong data-start=\"2458\" data-end=\"2471\">Beleuchtung:<\/strong> Indirektes Tageslicht oder Raumlicht<br data-start=\"2511\" data-end=\"2514\" \/><strong data-start=\"2514\" data-end=\"2527\">Luftfeuchtigkeit:<\/strong> Hohe Luftfeuchtigkeit mit regelm\u00e4\u00dfigem Frischluftaustausch<\/p><p data-start=\"2575\" data-end=\"2700\">Die Kondensation im Inneren der Kulturtasche tr\u00e4gt zur Aufrechterhaltung des richtigen Feuchtigkeitsniveaus bei. Vermeiden Sie es, Wasser direkt auf das Substrat zu spr\u00fchen.<\/p><p data-start=\"2702\" data-end=\"2798\">Kleine Pilznadeln erscheinen normalerweise innerhalb <strong data-start=\"2744\" data-end=\"2758\">10-14 Tage<\/strong>, je nach Umgebungsbedingungen.<\/p><hr data-start=\"2800\" data-end=\"2803\" \/><h1 data-section-id=\"src3bw\" data-start=\"2805\" data-end=\"2844\">Wirkungen von PES Hawaii Magic Mushrooms<\/h1><p data-start=\"2846\" data-end=\"2976\">Die <strong data-start=\"2850\" data-end=\"2890\">PES Hawaii Psilocybe cubensis Stamm<\/strong> ist bekannt f\u00fcr die Bereitstellung eines <strong data-start=\"2917\" data-end=\"2975\">starkes und visuell stimulierendes psychedelisches Erlebnis<\/strong>.<\/p><p data-start=\"2978\" data-end=\"3012\">Zu den h\u00e4ufig berichteten Wirkungen geh\u00f6ren:<\/p><p data-start=\"3014\" data-end=\"3178\">- Verbesserte Farben und visuelle Wahrnehmung<br data-start=\"3054\" data-end=\"3057\" \/>- Visuelle Muster und sensorische Verst\u00e4rkung<br data-start=\"3098\" data-end=\"3101\" \/>- Erh\u00f6hte Stimmung und positive Energie<br data-start=\"3136\" data-end=\"3139\" \/>- Kreatives Denken und Introspektion<\/p><p data-start=\"3180\" data-end=\"3265\">Viele Nutzer beschreiben die Erfahrung als <strong data-start=\"3218\" data-end=\"3264\">ausgewogen, aufbauend und visuell ansprechend<\/strong>.<\/p><hr data-start=\"3267\" data-end=\"3270\" \/><h1 data-section-id=\"ljcc7e\" data-start=\"3272\" data-end=\"3311\">Komplettes All-in-One-Growkit<\/h1><p data-start=\"3313\" data-end=\"3417\">Jede <strong data-start=\"3318\" data-end=\"3356\">PES Hawaii Magic Mushroom Grow Kit<\/strong> enth\u00e4lt alles, was man braucht, um sofort mit dem Anbau zu beginnen.<\/p><p data-start=\"3419\" data-end=\"3437\">Ihr Kit enth\u00e4lt:<\/p><p data-start=\"3439\" data-end=\"3654\">\u2714 Vollst\u00e4ndig besiedeltes Substrat mit aktivem Myzel<br data-start=\"3487\" data-end=\"3490\" \/>\u2714 feuchtigkeitsspeichernde Substratkomponenten<br data-start=\"3531\" data-end=\"3534\" \/>\u2714 Wachstumsbeutel mit integrierten Luftfiltern<br data-start=\"3572\" data-end=\"3575\" \/>\u2714 Zwei B\u00fcroklammern zum Verschlie\u00dfen der Kulturtasche<br data-start=\"3616\" data-end=\"3619\" \/>\u2714 Detaillierte Anbauanleitung<\/p><p data-start=\"3656\" data-end=\"3756\">Der Bausatz ist so konzipiert, dass er <strong data-start=\"3684\" data-end=\"3755\">Zauberpilzanbau einfach, effizient und anf\u00e4ngerfreundlich<\/strong>.<\/p><hr data-start=\"3758\" data-end=\"3761\" \/><h1 data-section-id=\"3kfd2k\" data-start=\"3763\" data-end=\"3796\">Wie man anbaut - Schnellstart-Anleitung<\/h1><p data-start=\"3798\" data-end=\"3889\">Champignons z\u00fcchten mit dem <strong data-start=\"3825\" data-end=\"3848\">PES Hawaii Anbausatz<\/strong> ist einfach und erfordert nur wenige Schritte.<\/p><ol data-start=\"3891\" data-end=\"4236\">\n<li data-section-id=\"x1d9t\" data-start=\"3891\" data-end=\"3950\">\n<p data-start=\"3894\" data-end=\"3950\">Waschen Sie Ihre H\u00e4nde und reinigen Sie die Au\u00dfenseite des Growkits.<\/p>\n<\/li>\n<li data-section-id=\"hci7ne\" data-start=\"3951\" data-end=\"4014\">\n<p data-start=\"3954\" data-end=\"4014\">Entfernen Sie den Deckel und f\u00fcllen Sie den Beh\u00e4lter mit lauwarmem Wasser.<\/p>\n<\/li>\n<li data-section-id=\"owtwed\" data-start=\"4015\" data-end=\"4062\">\n<p data-start=\"4018\" data-end=\"4062\">Lassen Sie das Substrat einweichen f\u00fcr <strong data-start=\"4045\" data-end=\"4059\">8-12 Stunden<\/strong>.<\/p>\n<\/li>\n<li data-section-id=\"5aqy5l\" data-start=\"4063\" data-end=\"4101\">\n<p data-start=\"4066\" data-end=\"4101\">Das \u00fcbersch\u00fcssige Wasser sorgf\u00e4ltig abgie\u00dfen.<\/p>\n<\/li>\n<li data-section-id=\"9asdz4\" data-start=\"4102\" data-end=\"4178\">\n<p data-start=\"4105\" data-end=\"4178\">Legen Sie das Anzuchtset in den Anzuchtbeutel und verschlie\u00dfen Sie ihn mit den B\u00fcroklammern.<\/p>\n<\/li>\n<li data-section-id=\"1fhyrkq\" data-start=\"4179\" data-end=\"4236\">\n<p data-start=\"4182\" data-end=\"4236\">Bewahren Sie den Anzuchtbeutel an einem warmen Ort mit indirektem Licht auf.<\/p>\n<\/li>\n<\/ol><p data-start=\"4238\" data-end=\"4377\">Unter <strong data-start=\"4245\" data-end=\"4259\">10-14 Tage<\/strong>, Es werden sich kleine Pilznadeln bilden. Ernten Sie die Pilze, wenn die <strong data-start=\"4334\" data-end=\"4376\">der Schleier unter der Kappe beginnt zu rei\u00dfen<\/strong>.<\/p><p data-start=\"4379\" data-end=\"4461\">Nach der Ernte kann das Growkit <strong data-start=\"4417\" data-end=\"4430\">wieder getr\u00e4nkt<\/strong> um zus\u00e4tzliche Sp\u00fclungen zu erzeugen.<\/p><p data-start=\"4463\" data-end=\"4529\">Bei richtiger Pflege kann ein Grow-Kit Folgendes produzieren <strong data-start=\"4506\" data-end=\"4528\">bis zu vier Sp\u00fclungen<\/strong>.<\/p><hr data-start=\"4531\" data-end=\"4534\" \/><h1 data-section-id=\"ybm8az\" data-start=\"4536\" data-end=\"4558\">Lagerung und Haltbarkeit<\/h1><p data-start=\"4560\" data-end=\"4622\">Lagern Sie das unge\u00f6ffnete Grow-Kit in der <strong data-start=\"4595\" data-end=\"4621\">K\u00fchlschrank bei 2-8 \u00b0C<\/strong>.<\/p><p data-start=\"4624\" data-end=\"4664\">Haltbarkeitsdauer: <strong data-start=\"4636\" data-end=\"4664\">3-6 Monate in unge\u00f6ffnetem Zustand<\/strong><\/p><p data-start=\"4666\" data-end=\"4765\">Um die besten Ergebnisse zu erzielen, empfiehlt es sich, mit dem Anbau zu beginnen <strong data-start=\"4727\" data-end=\"4764\">kurz nach Erhalt des Growkits<\/strong>.<\/p><hr data-start=\"4767\" data-end=\"4770\" \/><h1 data-section-id=\"1qgfiv8\" data-start=\"4772\" data-end=\"4797\">Legale und verantwortungsvolle Nutzung<\/h1><p data-start=\"4799\" data-end=\"4954\">Magic Mushrooms sind in vielen L\u00e4ndern reguliert. In einigen Regionen, <strong data-start=\"4865\" data-end=\"4913\">Grow-Kits und Tr\u00fcffel bleiben legale Produkte<\/strong>, w\u00e4hrend sie in anderen L\u00e4ndern eingeschr\u00e4nkt sein k\u00f6nnen.<\/p><p data-start=\"4956\" data-end=\"5033\">Immer pr\u00fcfen <strong data-start=\"4969\" data-end=\"4999\">lokale Gesetze und Vorschriften<\/strong> bevor sie gekauft oder angebaut werden.<\/p><p data-start=\"5035\" data-end=\"5194\"><a href=\"https:\/\/www.mondogrowkits.com\/it\/what-is-psilocybin\/\">Psilocybin<\/a> Pilze werden als <strong data-start=\"5071\" data-end=\"5088\">nicht s\u00fcchtig machend<\/strong>, aber sie k\u00f6nnen starke psychologische Wirkungen haben. Ein verantwortungsbewusster Gebrauch in einer sicheren Umgebung wird empfohlen.<\/p><hr data-start=\"5196\" data-end=\"5199\" \/><h1 data-section-id=\"110zr5\" data-start=\"5201\" data-end=\"5254\">Bestellen Sie Ihr PES Hawaii Magic Mushroom Grow Kit noch heute<\/h1><p data-start=\"5256\" data-end=\"5402\">Die <strong data-start=\"5260\" data-end=\"5298\">PES Hawaii Magic Mushroom Grow Kit<\/strong> bietet ein zuverl\u00e4ssiges Anbauerlebnis mit starkem Wachstum, beeindruckenden Bl\u00fctezeiten und mehreren Ernten.<\/p><p data-start=\"5404\" data-end=\"5552\">Dank ihrer kr\u00e4ftigen Genetik und konstanten Ertr\u00e4ge bleibt diese Sorte eine der <strong data-start=\"5490\" data-end=\"5551\">beliebteste Psilocybe cubensis-Zuchtkits, die heute erh\u00e4ltlich sind<\/strong>.<\/p><p data-start=\"5554\" data-end=\"5655\">Bestellen Sie Ihr <strong data-start=\"5565\" data-end=\"5609\">PES Hawaii Magic Mushroom Grow Kit heute<\/strong> und z\u00fcchten Sie Ihre eigenen Pilze zu Hause.<\/p>","protected":false},"excerpt":{"rendered":"<p>Das PES Hawaii Magic Mushroom Grow Kit ist eine zuverl\u00e4ssige Psilocybe cubensis Sorte mit gleichm\u00e4\u00dfiger Besiedlung und konstanter Indoor Flush Performance. Erh\u00e4ltlich in 280cc, 750cc, 1200cc und 2100cc. Vollst\u00e4ndig kolonisiert und bereit zur Fruchtbildung - keine Sporenspritze oder zus\u00e4tzliche Ausr\u00fcstung erforderlich.<\/p>","protected":false},"featured_media":4637,"comment_status":"open","ping_status":"closed","template":"","meta":[],"product_brand":[32],"product_cat":[17],"product_tag":[],"class_list":{"0":"post-702","1":"product","2":"type-product","3":"status-publish","4":"has-post-thumbnail","6":"product_brand-mondo","7":"product_cat-magic-mushroom-grow-kits","9":"first","10":"instock","11":"taxable","12":"shipping-taxable","13":"purchasable","14":"product-type-variable"},"jetpack_sharing_enabled":true,"_links":{"self":[{"href":"https:\/\/www.mondogrowkits.com\/de\/wp-json\/wp\/v2\/product\/702","targetHints":{"allow":["GET"]}}],"collection":[{"href":"https:\/\/www.mondogrowkits.com\/de\/wp-json\/wp\/v2\/product"}],"about":[{"href":"https:\/\/www.mondogrowkits.com\/de\/wp-json\/wp\/v2\/types\/product"}],"replies":[{"embeddable":true,"href":"https:\/\/www.mondogrowkits.com\/de\/wp-json\/wp\/v2\/comments?post=702"}],"wp:featuredmedia":[{"embeddable":true,"href":"https:\/\/www.mondogrowkits.com\/de\/wp-json\/wp\/v2\/media\/4637"}],"wp:attachment":[{"href":"https:\/\/www.mondogrowkits.com\/de\/wp-json\/wp\/v2\/media?parent=702"}],"wp:term":[{"taxonomy":"product_brand","embeddable":true,"href":"https:\/\/www.mondogrowkits.com\/de\/wp-json\/wp\/v2\/product_brand?post=702"},{"taxonomy":"product_cat","embeddable":true,"href":"https:\/\/www.mondogrowkits.com\/de\/wp-json\/wp\/v2\/product_cat?post=702"},{"taxonomy":"product_tag","embeddable":true,"href":"https:\/\/www.mondogrowkits.com\/de\/wp-json\/wp\/v2\/product_tag?post=702"}],"curies":[{"name":"wp","href":"https:\/\/api.w.org\/{rel}","templated":true}]}}