{"id":718,"date":"2025-05-12T13:51:23","date_gmt":"2025-05-12T13:51:23","guid":{"rendered":"https:\/\/staging.mondogrowkits.com\/?post_type=product&#038;p=718"},"modified":"2026-04-08T12:44:34","modified_gmt":"2026-04-08T11:44:34","slug":"mexicana-magic-mushroom-grow-kit","status":"publish","type":"product","link":"https:\/\/www.mondogrowkits.com\/de\/mexicana-magic-mushroom-grow-kit\/","title":{"rendered":"Mexicana - Magic Mushroom Grow Kit"},"content":{"rendered":"<h1 data-section-id=\"bre036\" data-start=\"276\" data-end=\"346\">Mexicana Magic Mushroom Grow Kit - Klassische Psilocybe Cubensis Sorte<\/h1><p data-start=\"348\" data-end=\"676\">Die <strong data-start=\"352\" data-end=\"388\">Mexicana Magic Mushroom Grow Kit<\/strong> ist von einer der historisch bedeutendsten psychedelischen Pilzsorten inspiriert. Diese aus Mexiko stammende Sorte ist eng mit den alten Traditionen indigener Kulturen verbunden, die seit Jahrhunderten psychedelische Pilze f\u00fcr spirituelle und zeremonielle Zwecke verwenden.<\/p><p data-start=\"678\" data-end=\"948\">Die <strong data-start=\"682\" data-end=\"720\">Mexicana Psilocybe cubensis Stamm<\/strong> ist bekannt f\u00fcr sein zuverl\u00e4ssiges Wachstum, den \u00fcberschaubaren Anbauprozess und die ausgewogene psychedelische Wirkung. Diese Pilze entwickeln sich typischerweise <strong data-start=\"855\" data-end=\"895\">schlanke St\u00e4ngel mit hellgoldenen Kappen<\/strong>, und bilden w\u00e4hrend der Fruchtbildung gesunde Trauben.<\/p><p data-start=\"950\" data-end=\"1199\">Unter den richtigen Bedingungen erscheinen die ersten Pilznadeln normalerweise innerhalb von <strong data-start=\"1024\" data-end=\"1041\">10 bis 14 Tage<\/strong>. Dank seiner stabilen Genetik und konstanten Leistung ist der <strong data-start=\"1105\" data-end=\"1126\">Mexicana Grow-Kit<\/strong> gilt als eine gute Option sowohl f\u00fcr <a href=\"https:\/\/www.mondogrowkits.com\/de\/mondo-growkits-beste-stamme-anfanger-fortgeschrittene\/\">Anf\u00e4nger<\/a> und erfahrene Z\u00fcchter.<\/p><p data-start=\"1201\" data-end=\"1361\">Jedes Grow-Kit wird geliefert <strong data-start=\"1223\" data-end=\"1260\">vollst\u00e4ndig kolonisiert und bereit zu wachsen<\/strong>, d.h. die <a href=\"https:\/\/www.mondogrowkits.com\/de\/sterilisiertes-substrat\/\">Substrat<\/a> ist bereits mit aktivem Myzel gef\u00fcllt und die Kultivierung kann sofort beginnen.<\/p><hr data-start=\"1363\" data-end=\"1366\" \/><h1 data-section-id=\"dd6u8k\" data-start=\"1368\" data-end=\"1403\">Warum sollten Sie sich f\u00fcr das Mexicana Grow Kit entscheiden?<\/h1><p data-start=\"1405\" data-end=\"1773\">\u2714 Inspiriert von einem der <strong data-start=\"1430\" data-end=\"1487\">die historisch anerkanntesten magischen Pilzsorten<\/strong><br data-start=\"1487\" data-end=\"1490\" \/>\u2714 Zuverl\u00e4ssig <strong data-start=\"1501\" data-end=\"1530\">Psilocybe cubensis Stamm<\/strong> mit stabilem Wachstum<br data-start=\"1549\" data-end=\"1552\" \/>\u2714 Ausgewogene psychedelische Effekte, oft auch f\u00fcr Anf\u00e4nger geeignet<br data-start=\"1611\" data-end=\"1614\" \/>\u2714 Erzeugt bei richtiger Pflege mehrere Sp\u00fclungen<br data-start=\"1658\" data-end=\"1661\" \/>\u2714 Vollst\u00e4ndig besiedeltes Substrat - sofort zum Wachsen bereit<br data-start=\"1716\" data-end=\"1719\" \/>\u2714 Nat\u00fcrliches Kultursubstrat mit aktivem Myzel<\/p><p data-start=\"1775\" data-end=\"1927\">Die <a href=\"https:\/\/www.mondogrowkits.com\/de\/mexicana-psilocybin-magic-truffel\/\">Mexicana<\/a> Die Sorte wird gesch\u00e4tzt f\u00fcr ihre <strong data-start=\"1818\" data-end=\"1862\">vorhersehbares Wachstum und angenehme Effekte<\/strong>, Das macht sie zu einer der beliebtesten Sorten f\u00fcr den Heimanbau.<\/p><hr data-start=\"1929\" data-end=\"1932\" \/><h1 data-section-id=\"1o7u9te\" data-start=\"1934\" data-end=\"1960\">Verf\u00fcgbare Grow Kit Gr\u00f6\u00dfen<\/h1><p data-start=\"1962\" data-end=\"2097\">Die <strong data-start=\"1966\" data-end=\"2002\">Mexicana Magic Mushroom Grow Kit<\/strong> ist in verschiedenen Gr\u00f6\u00dfen erh\u00e4ltlich, so dass Sie den Bausatz ausw\u00e4hlen k\u00f6nnen, der am besten zu Ihrem Anbausystem passt.<\/p><p data-start=\"2099\" data-end=\"2115\">Verf\u00fcgbare Gr\u00f6\u00dfen:<\/p><p data-start=\"2117\" data-end=\"2201\">\u2022 <strong data-start=\"2119\" data-end=\"2129\">280 cm\u00b3<\/strong><br data-start=\"2129\" data-end=\"2132\" \/>\u2022 <strong data-start=\"2134\" data-end=\"2144\">750 cm\u00b3<\/strong><br data-start=\"2144\" data-end=\"2147\" \/>\u2022 <strong data-start=\"2149\" data-end=\"2160\">1200 cc<\/strong> (auf dem Produktfoto abgebildet)<br data-start=\"2185\" data-end=\"2188\" \/>\u2022 <strong data-start=\"2190\" data-end=\"2201\">2100 cm\u00b3<\/strong><\/p><p data-start=\"2203\" data-end=\"2349\">Gr\u00f6\u00dfere <a href=\"https:\/\/www.mondogrowkits.com\/de\/grow-kits\/\">Grow-Kits<\/a> produzieren im Allgemeinen <strong data-start=\"2238\" data-end=\"2274\">gr\u00f6\u00dfere Ernten und mehr Sp\u00fclungen<\/strong>, w\u00e4hrend kleinere Kits ideal f\u00fcr Anf\u00e4nger oder Z\u00fcchter mit begrenztem Platzangebot sind.<\/p><hr data-start=\"2351\" data-end=\"2354\" \/><h1 data-section-id=\"2t1372\" data-start=\"2356\" data-end=\"2382\">Ideale Anbaubedingungen<\/h1><p data-start=\"2384\" data-end=\"2464\">Mexicana-Pilze wachsen am besten in einer warmen und feuchten Umgebung mit indirektem Licht.<\/p><p data-start=\"2466\" data-end=\"2497\">Empfohlene Anbaubedingungen:<\/p><p data-start=\"2499\" data-end=\"2678\"><strong data-start=\"2499\" data-end=\"2515\">Temperatur:<\/strong> 18-27 \u00b0C<br data-start=\"2524\" data-end=\"2527\" \/><strong data-start=\"2527\" data-end=\"2551\">Optimale Temperatur:<\/strong> 22-25 \u00b0C<br data-start=\"2560\" data-end=\"2563\" \/><strong data-start=\"2563\" data-end=\"2576\">Beleuchtung:<\/strong> Indirektes Tageslicht oder Raumlicht<br data-start=\"2616\" data-end=\"2619\" \/><strong data-start=\"2619\" data-end=\"2632\">Luftfeuchtigkeit:<\/strong> Hohe Luftfeuchtigkeit mit regelm\u00e4\u00dfigem Frischluftaustausch<\/p><p data-start=\"2680\" data-end=\"2806\">Die Kondensation im Inneren der Kulturtasche tr\u00e4gt zur Aufrechterhaltung des richtigen Feuchtigkeitsniveaus bei. Vermeiden Sie es, Wasser direkt auf das Substrat zu spr\u00fchen.<\/p><p data-start=\"2808\" data-end=\"2922\">Kleine Pilznadeln erscheinen normalerweise innerhalb von <strong data-start=\"2859\" data-end=\"2873\">10-14 Tage<\/strong>, gefolgt von einem schnellen Wachstum zu reifen Pilzen.<\/p><hr data-start=\"2924\" data-end=\"2927\" \/><h1 data-section-id=\"178v1ox\" data-start=\"2929\" data-end=\"2966\">Wirkungen von Mexicana Magic Mushrooms<\/h1><p data-start=\"2968\" data-end=\"3095\">Die <strong data-start=\"2972\" data-end=\"3010\">Mexicana Psilocybe cubensis Stamm<\/strong> wird oft beschrieben als eine <strong data-start=\"3045\" data-end=\"3094\">ausgewogene und erhebende psychedelische Erfahrung<\/strong>.<\/p><p data-start=\"3097\" data-end=\"3131\">Zu den h\u00e4ufig berichteten Wirkungen geh\u00f6ren:<\/p><p data-start=\"3133\" data-end=\"3310\">- Verbesserte Farben und visuelle Wahrnehmung<br data-start=\"3173\" data-end=\"3176\" \/>- Leichte visuelle Muster und sensorische Verbesserung<br data-start=\"3222\" data-end=\"3225\" \/>- Positive Stimmung und euphorische Gef\u00fchle<br data-start=\"3265\" data-end=\"3268\" \/>- Gesteigerte Kreativit\u00e4t und Introspektion<\/p><p data-start=\"3312\" data-end=\"3439\">Der Stamm Mexicana wird oft als eine <strong data-start=\"3354\" data-end=\"3402\">sanfte Einf\u00fchrung in psychedelische Pilze<\/strong>, und ist daher bei vielen Nutzern sehr beliebt.<\/p><hr data-start=\"3441\" data-end=\"3444\" \/><h1 data-section-id=\"ljcc7e\" data-start=\"3446\" data-end=\"3485\">Komplettes All-in-One-Growkit<\/h1><p data-start=\"3487\" data-end=\"3588\">Jede <strong data-start=\"3492\" data-end=\"3528\">Mexicana Magic Mushroom Grow Kit<\/strong> enth\u00e4lt alles, was man braucht, um sofort mit dem Anbau zu beginnen.<\/p><p data-start=\"3590\" data-end=\"3608\">Ihr Kit enth\u00e4lt:<\/p><p data-start=\"3610\" data-end=\"3825\">\u2714 Vollst\u00e4ndig besiedeltes Substrat mit aktivem Myzel<br data-start=\"3658\" data-end=\"3661\" \/>\u2714 feuchtigkeitsspeichernde Substratkomponenten<br data-start=\"3702\" data-end=\"3705\" \/>\u2714 Wachstumsbeutel mit integrierten Luftfiltern<br data-start=\"3743\" data-end=\"3746\" \/>\u2714 Zwei B\u00fcroklammern zum Verschlie\u00dfen der Kulturtasche<br data-start=\"3787\" data-end=\"3790\" \/>\u2714 Detaillierte Anbauanleitung<\/p><p data-start=\"3827\" data-end=\"3937\">Der Bausatz ist so konzipiert, dass er <strong data-start=\"3855\" data-end=\"3907\">Zauberpilzanbau einfach und zug\u00e4nglich<\/strong>, auch f\u00fcr Erstanbauer.<\/p><hr data-start=\"3939\" data-end=\"3942\" \/><h1 data-section-id=\"3kfd2k\" data-start=\"3944\" data-end=\"3977\">Wie man anbaut - Schnellstart-Anleitung<\/h1><p data-start=\"3979\" data-end=\"4066\">Champignons z\u00fcchten mit dem <strong data-start=\"4006\" data-end=\"4027\">Mexicana Grow-Kit<\/strong> ist einfach und erfordert nur wenige Schritte.<\/p><ol data-start=\"4068\" data-end=\"4408\">\n<li data-section-id=\"x1d9t\" data-start=\"4068\" data-end=\"4127\">\n<p data-start=\"4071\" data-end=\"4127\">Waschen Sie Ihre H\u00e4nde und reinigen Sie die Au\u00dfenseite des Growkits.<\/p>\n<\/li>\n<li data-section-id=\"hci7ne\" data-start=\"4128\" data-end=\"4191\">\n<p data-start=\"4131\" data-end=\"4191\">Entfernen Sie den Deckel und f\u00fcllen Sie den Beh\u00e4lter mit lauwarmem Wasser.<\/p>\n<\/li>\n<li data-section-id=\"owtwed\" data-start=\"4192\" data-end=\"4239\">\n<p data-start=\"4195\" data-end=\"4239\">Lassen Sie das Substrat einweichen f\u00fcr <strong data-start=\"4222\" data-end=\"4236\">8-12 Stunden<\/strong>.<\/p>\n<\/li>\n<li data-section-id=\"5aqy5l\" data-start=\"4240\" data-end=\"4278\">\n<p data-start=\"4243\" data-end=\"4278\">Das \u00fcbersch\u00fcssige Wasser sorgf\u00e4ltig abgie\u00dfen.<\/p>\n<\/li>\n<li data-section-id=\"9asdz4\" data-start=\"4279\" data-end=\"4355\">\n<p data-start=\"4282\" data-end=\"4355\">Legen Sie das Anzuchtset in den Anzuchtbeutel und verschlie\u00dfen Sie ihn mit den B\u00fcroklammern.<\/p>\n<\/li>\n<li data-section-id=\"xqjcs7\" data-start=\"4356\" data-end=\"4408\">\n<p data-start=\"4359\" data-end=\"4408\">Bewahren Sie den Beutel an einem warmen Ort mit indirektem Licht auf.<\/p>\n<\/li>\n<\/ol><p data-start=\"4410\" data-end=\"4538\">Unter <strong data-start=\"4417\" data-end=\"4431\">10-14 Tage<\/strong>, Es bilden sich kleine Nadeln. Ernten Sie die Pilze, wenn die <strong data-start=\"4495\" data-end=\"4537\">der Schleier unter der Kappe beginnt zu rei\u00dfen<\/strong>.<\/p><p data-start=\"4540\" data-end=\"4622\">Nach der Ernte kann das Growkit <strong data-start=\"4578\" data-end=\"4591\">wieder getr\u00e4nkt<\/strong> um zus\u00e4tzliche Sp\u00fclungen zu erzeugen.<\/p><p data-start=\"4624\" data-end=\"4690\">Bei richtiger Pflege kann ein Grow-Kit Folgendes produzieren <strong data-start=\"4667\" data-end=\"4689\">bis zu vier Sp\u00fclungen<\/strong>.<\/p><hr data-start=\"4692\" data-end=\"4695\" \/><h1 data-section-id=\"ybm8az\" data-start=\"4697\" data-end=\"4719\">Lagerung und Haltbarkeit<\/h1><p data-start=\"4721\" data-end=\"4783\">Lagern Sie das unge\u00f6ffnete Grow-Kit in der <strong data-start=\"4756\" data-end=\"4782\">K\u00fchlschrank bei 2-8 \u00b0C<\/strong>.<\/p><p data-start=\"4785\" data-end=\"4825\">Haltbarkeitsdauer: <strong data-start=\"4797\" data-end=\"4825\">3-6 Monate in unge\u00f6ffnetem Zustand<\/strong><\/p><p data-start=\"4827\" data-end=\"4926\">Um die besten Ergebnisse zu erzielen, empfiehlt es sich, mit dem Anbau zu beginnen <strong data-start=\"4888\" data-end=\"4925\">kurz nach Erhalt des Growkits<\/strong>.<\/p><hr data-start=\"4928\" data-end=\"4931\" \/><h1 data-section-id=\"1qgfiv8\" data-start=\"4933\" data-end=\"4958\">Legale und verantwortungsvolle Nutzung<\/h1><p data-start=\"4960\" data-end=\"5115\">Magic Mushrooms sind in vielen L\u00e4ndern reguliert. In einigen Regionen, <strong data-start=\"5026\" data-end=\"5074\">Grow-Kits und Tr\u00fcffel bleiben legale Produkte<\/strong>, w\u00e4hrend sie in anderen L\u00e4ndern eingeschr\u00e4nkt sein k\u00f6nnen.<\/p><p data-start=\"5117\" data-end=\"5194\">Immer pr\u00fcfen <strong data-start=\"5130\" data-end=\"5160\">lokale Gesetze und Vorschriften<\/strong> bevor sie gekauft oder angebaut werden.<\/p><p data-start=\"5196\" data-end=\"5355\"><a href=\"https:\/\/www.mondogrowkits.com\/de\/was-ist-psilocybin\/\">Psilocybin<\/a> Pilze werden als <strong data-start=\"5232\" data-end=\"5249\">nicht s\u00fcchtig machend<\/strong>, aber sie k\u00f6nnen starke psychologische Wirkungen haben. Ein verantwortungsbewusster Gebrauch in einer sicheren Umgebung wird empfohlen.<\/p><hr data-start=\"5357\" data-end=\"5360\" \/><h1 data-section-id=\"1xrdfkc\" data-start=\"5362\" data-end=\"5413\">Bestellen Sie Ihr Mexicana Magic Mushroom Grow Kit noch heute<\/h1><p data-start=\"5415\" data-end=\"5668\">Die <strong data-start=\"5419\" data-end=\"5455\">Mexicana Magic Mushroom Grow Kit<\/strong> bietet eine lohnende und verl\u00e4ssliche Anbauerfahrung. Mit einer stabilen Genetik, ausgewogenen Wirkungen und mehrfachen Ernten bleibt diese Sorte eine der <strong data-start=\"5606\" data-end=\"5667\">beliebteste Psilocybe cubensis-Zuchtkits, die heute erh\u00e4ltlich sind<\/strong>.<\/p><p data-start=\"5670\" data-end=\"5769\">Bestellen Sie Ihr <strong data-start=\"5681\" data-end=\"5723\">Mexicana Magic Mushroom Grow Kit heute<\/strong> und z\u00fcchten Sie Ihre eigenen Pilze zu Hause.<\/p>","protected":false},"excerpt":{"rendered":"<p>Das Mexicana Magic Mushroom Grow Kit ist eine klassische Psilocybe cubensis Sorte mit einer langen Anbaugeschichte und einem stabilen, vorhersehbaren Fruchtverhalten. Erh\u00e4ltlich in 280cc, 750cc, 1200cc und 2100cc. Eine verl\u00e4ssliche Einsteigersorte, die den Test der Zeit bestanden hat.<\/p>","protected":false},"featured_media":4663,"comment_status":"open","ping_status":"closed","template":"","meta":[],"product_brand":[32],"product_cat":[17],"product_tag":[],"class_list":{"0":"post-718","1":"product","2":"type-product","3":"status-publish","4":"has-post-thumbnail","6":"product_brand-mondo","7":"product_cat-magic-mushroom-grow-kits","9":"first","10":"instock","11":"taxable","12":"shipping-taxable","13":"purchasable","14":"product-type-variable"},"jetpack_sharing_enabled":true,"_links":{"self":[{"href":"https:\/\/www.mondogrowkits.com\/de\/wp-json\/wp\/v2\/product\/718","targetHints":{"allow":["GET"]}}],"collection":[{"href":"https:\/\/www.mondogrowkits.com\/de\/wp-json\/wp\/v2\/product"}],"about":[{"href":"https:\/\/www.mondogrowkits.com\/de\/wp-json\/wp\/v2\/types\/product"}],"replies":[{"embeddable":true,"href":"https:\/\/www.mondogrowkits.com\/de\/wp-json\/wp\/v2\/comments?post=718"}],"wp:featuredmedia":[{"embeddable":true,"href":"https:\/\/www.mondogrowkits.com\/de\/wp-json\/wp\/v2\/media\/4663"}],"wp:attachment":[{"href":"https:\/\/www.mondogrowkits.com\/de\/wp-json\/wp\/v2\/media?parent=718"}],"wp:term":[{"taxonomy":"product_brand","embeddable":true,"href":"https:\/\/www.mondogrowkits.com\/de\/wp-json\/wp\/v2\/product_brand?post=718"},{"taxonomy":"product_cat","embeddable":true,"href":"https:\/\/www.mondogrowkits.com\/de\/wp-json\/wp\/v2\/product_cat?post=718"},{"taxonomy":"product_tag","embeddable":true,"href":"https:\/\/www.mondogrowkits.com\/de\/wp-json\/wp\/v2\/product_tag?post=718"}],"curies":[{"name":"wp","href":"https:\/\/api.w.org\/{rel}","templated":true}]}}