{"id":724,"date":"2025-05-12T14:22:48","date_gmt":"2025-05-12T14:22:48","guid":{"rendered":"https:\/\/staging.mondogrowkits.com\/?post_type=product&#038;p=724"},"modified":"2026-04-08T12:44:09","modified_gmt":"2026-04-08T11:44:09","slug":"treasure-coast-magic-mushroom-grow-kit","status":"publish","type":"product","link":"https:\/\/www.mondogrowkits.com\/de\/treasure-coast-magic-mushroom-grow-kit\/","title":{"rendered":"Treasure Coast - Magic Mushroom Grow Kit"},"content":{"rendered":"<h1 data-section-id=\"v466a0\" data-start=\"268\" data-end=\"343\">Treasure Coast Magic Mushroom Grow Kit - Einzigartige Psilocybe Cubensis Sorte<\/h1><p data-start=\"345\" data-end=\"619\">Die <strong data-start=\"349\" data-end=\"391\">Treasure Coast Magic Mushroom Grow Kit<\/strong> ist eine bekannte <strong data-start=\"408\" data-end=\"437\">Psilocybe cubensis Stamm<\/strong> wurde urspr\u00fcnglich an der tropischen K\u00fcste von Florida, USA, entdeckt. Diese Sorte gewann Popularit\u00e4t unter den Z\u00fcchtern f\u00fcr seine <strong data-start=\"558\" data-end=\"618\">schnelles Wachstum, unverwechselbares Aussehen und zuverl\u00e4ssige Ertr\u00e4ge<\/strong>.<\/p><p data-start=\"621\" data-end=\"918\">Treasure Coast-Pilze sind leicht zu erkennen an ihrem <strong data-start=\"677\" data-end=\"705\">lange Stiele und breite Kappen<\/strong>, und bilden w\u00e4hrend der Fruchtbildung oft beeindruckende B\u00fcschel. Unter optimalen Bedingungen erscheinen die ersten Pilznadeln normalerweise innerhalb von <strong data-start=\"842\" data-end=\"859\">10 bis 14 Tage<\/strong>, gefolgt von einer schnellen Entwicklung zu ausgewachsenen Pilzen.<\/p><p data-start=\"920\" data-end=\"1143\">Jede <strong data-start=\"925\" data-end=\"952\">Treasure Coast Grow-Kit<\/strong> trifft ein <strong data-start=\"961\" data-end=\"998\">vollst\u00e4ndig kolonisiert und bereit zu wachsen<\/strong>, Das bedeutet, dass sich das Myzel bereits in der gesamten <a href=\"https:\/\/www.mondogrowkits.com\/de\/sterilisiertes-substrat\/\">Substrat<\/a>. So k\u00f6nnen Sie mit minimaler Vorbereitung sofort mit dem Anbau beginnen.<\/p><p data-start=\"1145\" data-end=\"1310\">Bei richtiger Pflege kann der Treasure Coast-Stamm Folgendes produzieren <strong data-start=\"1201\" data-end=\"1221\">Mehrfachsp\u00fclungen<\/strong>, und bietet eine lohnende Anbauerfahrung f\u00fcr beide <a href=\"https:\/\/www.mondogrowkits.com\/de\/mondo-growkits-beste-stamme-anfanger-fortgeschrittene\/\">Anf\u00e4nger<\/a> und erfahrene Z\u00fcchter.<\/p><hr data-start=\"1312\" data-end=\"1315\" \/><h1 data-section-id=\"magi0p\" data-start=\"1317\" data-end=\"1358\">Warum sollten Sie sich f\u00fcr das Treasure Coast Grow Kit entscheiden?<\/h1><p data-start=\"1360\" data-end=\"1678\">\u2714 Beliebt <strong data-start=\"1370\" data-end=\"1421\">Psilocybe cubensis-Stamm in Florida entdeckt<\/strong><br data-start=\"1421\" data-end=\"1424\" \/>\u2714 Bekannt f\u00fcr starkes und zuverl\u00e4ssiges Pilzwachstum<br data-start=\"1471\" data-end=\"1474\" \/>\u2714 Lange Stiele und breite H\u00fcte, die sch\u00f6ne Trauben bilden<br data-start=\"1527\" data-end=\"1530\" \/>\u2714 Erzeugt mehrere Sp\u00fclungen und konstante Ertr\u00e4ge<br data-start=\"1579\" data-end=\"1582\" \/>\u2714 Vollst\u00e4ndig besiedeltes Substrat - sofort zum Wachsen bereit<br data-start=\"1637\" data-end=\"1640\" \/>\u2714 100% nat\u00fcrliches Kultursubstrat<\/p><p data-start=\"1680\" data-end=\"1810\">Treasure Coast wird gesch\u00e4tzt f\u00fcr seine <strong data-start=\"1718\" data-end=\"1757\">stabile Genetik und kr\u00e4ftiges Wachstum<\/strong>, Das macht ihn zu einer zuverl\u00e4ssigen Wahl f\u00fcr den Heimanbau.<\/p><hr data-start=\"1812\" data-end=\"1815\" \/><h1 data-section-id=\"1o7u9te\" data-start=\"1817\" data-end=\"1843\">Verf\u00fcgbare Grow Kit Gr\u00f6\u00dfen<\/h1><p data-start=\"1845\" data-end=\"1980\">Die <strong data-start=\"1849\" data-end=\"1891\">Treasure Coast Magic Mushroom Grow Kit<\/strong> ist in verschiedenen Gr\u00f6\u00dfen erh\u00e4ltlich, so dass Sie die beste Option f\u00fcr Ihre Anbaufl\u00e4che w\u00e4hlen k\u00f6nnen.<\/p><p data-start=\"1982\" data-end=\"1998\">Verf\u00fcgbare Gr\u00f6\u00dfen:<\/p><p data-start=\"2000\" data-end=\"2084\">\u2022 <strong data-start=\"2002\" data-end=\"2012\">280 cm\u00b3<\/strong><br data-start=\"2012\" data-end=\"2015\" \/>\u2022 <strong data-start=\"2017\" data-end=\"2027\">750 cm\u00b3<\/strong><br data-start=\"2027\" data-end=\"2030\" \/>\u2022 <strong data-start=\"2032\" data-end=\"2043\">1200 cc<\/strong> (auf dem Produktfoto abgebildet)<br data-start=\"2068\" data-end=\"2071\" \/>\u2022 <strong data-start=\"2073\" data-end=\"2084\">2100 cm\u00b3<\/strong><\/p><p data-start=\"2086\" data-end=\"2234\">Gr\u00f6\u00dfere <a href=\"https:\/\/www.mondogrowkits.com\/de\/grow-kits\/\">Grow-Kits<\/a> produzieren im Allgemeinen <strong data-start=\"2121\" data-end=\"2157\">gr\u00f6\u00dfere Ernten und mehr Sp\u00fclungen<\/strong>, w\u00e4hrend kleinere Kits perfekt f\u00fcr Anf\u00e4nger oder begrenzte Anbaur\u00e4ume geeignet sind.<\/p><hr data-start=\"2236\" data-end=\"2239\" \/><h1 data-section-id=\"2t1372\" data-start=\"2241\" data-end=\"2267\">Ideale Anbaubedingungen<\/h1><p data-start=\"2269\" data-end=\"2352\">Treasure Coast-Pilze wachsen am besten in einer warmen, feuchten Umgebung mit indirektem Licht.<\/p><p data-start=\"2354\" data-end=\"2377\">Empfohlene Bedingungen:<\/p><p data-start=\"2379\" data-end=\"2558\"><strong data-start=\"2379\" data-end=\"2395\">Temperatur:<\/strong> 18-27 \u00b0C<br data-start=\"2404\" data-end=\"2407\" \/><strong data-start=\"2407\" data-end=\"2431\">Optimale Temperatur:<\/strong> 22-25 \u00b0C<br data-start=\"2440\" data-end=\"2443\" \/><strong data-start=\"2443\" data-end=\"2456\">Beleuchtung:<\/strong> Indirektes Tageslicht oder Raumlicht<br data-start=\"2496\" data-end=\"2499\" \/><strong data-start=\"2499\" data-end=\"2512\">Luftfeuchtigkeit:<\/strong> Hohe Luftfeuchtigkeit mit regelm\u00e4\u00dfigem Frischluftaustausch<\/p><p data-start=\"2560\" data-end=\"2712\">Die Aufrechterhaltung der Kondenswasserbildung im Inneren des Anzuchtbeutels tr\u00e4gt dazu bei, die perfekte Umgebung f\u00fcr das Pilzwachstum zu schaffen. Vermeiden Sie es, Wasser direkt auf das Substrat zu spr\u00fchen.<\/p><p data-start=\"2714\" data-end=\"2814\">Die ersten Pilznadeln erscheinen normalerweise innerhalb von <strong data-start=\"2760\" data-end=\"2774\">10-14 Tage<\/strong>, je nach Umgebungsbedingungen.<\/p><hr data-start=\"2816\" data-end=\"2819\" \/><h1 data-section-id=\"1ovzgrh\" data-start=\"2821\" data-end=\"2858\">Wirkungen von Treasure Coast-Pilzen<\/h1><p data-start=\"2860\" data-end=\"3020\">Die <strong data-start=\"2864\" data-end=\"2908\">Treasure Coast Psilocybe cubensis Stamm<\/strong> ist bekannt f\u00fcr die Bereitstellung eines <strong data-start=\"2935\" data-end=\"2970\">ausgewogene psychedelische Erfahrung<\/strong> mit visueller Stimulation und einem klaren Geisteszustand.<\/p><p data-start=\"3022\" data-end=\"3056\">Zu den h\u00e4ufig berichteten Wirkungen geh\u00f6ren:<\/p><p data-start=\"3058\" data-end=\"3222\">- Verbesserte Farben und visuelle Wahrnehmung<br data-start=\"3098\" data-end=\"3101\" \/>- Visuelle Muster und sensorische Verst\u00e4rkung<br data-start=\"3142\" data-end=\"3145\" \/>- Erh\u00f6hte Stimmung und positive Energie<br data-start=\"3180\" data-end=\"3183\" \/>- Kreatives Denken und Introspektion<\/p><p data-start=\"3224\" data-end=\"3354\">Die Auswirkungen werden h\u00e4ufig wie folgt beschrieben <strong data-start=\"3259\" data-end=\"3285\">ausgewogen und unterhaltsam<\/strong>, Das macht die Sorte Treasure Coast zu einer beliebten Wahl bei vielen Nutzern.<\/p><hr data-start=\"3356\" data-end=\"3359\" \/><h1 data-section-id=\"ljcc7e\" data-start=\"3361\" data-end=\"3400\">Komplettes All-in-One-Growkit<\/h1><p data-start=\"3402\" data-end=\"3509\">Jede <strong data-start=\"3407\" data-end=\"3449\">Treasure Coast Magic Mushroom Grow Kit<\/strong> enth\u00e4lt alles, was man braucht, um sofort mit dem Anbau zu beginnen.<\/p><p data-start=\"3511\" data-end=\"3529\">Ihr Kit enth\u00e4lt:<\/p><p data-start=\"3531\" data-end=\"3746\">\u2714 Vollst\u00e4ndig besiedeltes Substrat mit aktivem Myzel<br data-start=\"3579\" data-end=\"3582\" \/>\u2714 feuchtigkeitsspeichernde Substratkomponenten<br data-start=\"3623\" data-end=\"3626\" \/>\u2714 Wachstumsbeutel mit integrierten Luftfiltern<br data-start=\"3664\" data-end=\"3667\" \/>\u2714 Zwei B\u00fcroklammern zum Verschlie\u00dfen der Kulturtasche<br data-start=\"3708\" data-end=\"3711\" \/>\u2714 Detaillierte Anbauanleitung<\/p><p data-start=\"3748\" data-end=\"3853\">Das Grow-Kit ist so konzipiert, dass es <strong data-start=\"3781\" data-end=\"3852\">Zauberpilzanbau einfach, effizient und anf\u00e4ngerfreundlich<\/strong>.<\/p><hr data-start=\"3855\" data-end=\"3858\" \/><h1 data-section-id=\"3kfd2k\" data-start=\"3860\" data-end=\"3893\">Wie man anbaut - Schnellstart-Anleitung<\/h1><p data-start=\"3895\" data-end=\"3999\">Champignons z\u00fcchten mit dem <strong data-start=\"3922\" data-end=\"3949\">Treasure Coast Grow-Kit<\/strong> ist einfach und erfordert nur wenige Schritte.<\/p><ol data-start=\"4001\" data-end=\"4352\">\n<li data-section-id=\"x1d9t\" data-start=\"4001\" data-end=\"4060\">\n<p data-start=\"4004\" data-end=\"4060\">Waschen Sie Ihre H\u00e4nde und reinigen Sie die Au\u00dfenseite des Growkits.<\/p>\n<\/li>\n<li data-section-id=\"hci7ne\" data-start=\"4061\" data-end=\"4124\">\n<p data-start=\"4064\" data-end=\"4124\">Entfernen Sie den Deckel und f\u00fcllen Sie den Beh\u00e4lter mit lauwarmem Wasser.<\/p>\n<\/li>\n<li data-section-id=\"owtwed\" data-start=\"4125\" data-end=\"4172\">\n<p data-start=\"4128\" data-end=\"4172\">Lassen Sie das Substrat einweichen f\u00fcr <strong data-start=\"4155\" data-end=\"4169\">8-12 Stunden<\/strong>.<\/p>\n<\/li>\n<li data-section-id=\"5aqy5l\" data-start=\"4173\" data-end=\"4211\">\n<p data-start=\"4176\" data-end=\"4211\">Das \u00fcbersch\u00fcssige Wasser sorgf\u00e4ltig abgie\u00dfen.<\/p>\n<\/li>\n<li data-section-id=\"9asdz4\" data-start=\"4212\" data-end=\"4288\">\n<p data-start=\"4215\" data-end=\"4288\">Legen Sie das Anzuchtset in den Anzuchtbeutel und verschlie\u00dfen Sie ihn mit den B\u00fcroklammern.<\/p>\n<\/li>\n<li data-section-id=\"1l7navo\" data-start=\"4289\" data-end=\"4352\">\n<p data-start=\"4292\" data-end=\"4352\">Halten Sie den Growbag in einer warmen Umgebung mit indirektem Licht.<\/p>\n<\/li>\n<\/ol><p data-start=\"4354\" data-end=\"4488\">Unter <strong data-start=\"4361\" data-end=\"4375\">10-14 Tage<\/strong>, Es werden sich kleine Pilznadeln bilden. Ernten Sie die Pilze, wenn die <strong data-start=\"4448\" data-end=\"4487\">der Schleier unter der Kappe beginnt zu rei\u00dfen<\/strong>.<\/p><p data-start=\"4490\" data-end=\"4572\">Nach der Ernte kann das Growkit <strong data-start=\"4528\" data-end=\"4541\">wieder getr\u00e4nkt<\/strong> um zus\u00e4tzliche Sp\u00fclungen zu erzeugen.<\/p><p data-start=\"4574\" data-end=\"4640\">Bei richtiger Pflege kann ein einziger Bausatz Folgendes produzieren <strong data-start=\"4617\" data-end=\"4639\">bis zu vier Sp\u00fclungen<\/strong>.<\/p><hr data-start=\"4642\" data-end=\"4645\" \/><h1 data-section-id=\"ybm8az\" data-start=\"4647\" data-end=\"4669\">Lagerung und Haltbarkeit<\/h1><p data-start=\"4671\" data-end=\"4733\">Lagern Sie das unge\u00f6ffnete Grow-Kit in der <strong data-start=\"4706\" data-end=\"4732\">K\u00fchlschrank bei 2-8 \u00b0C<\/strong>.<\/p><p data-start=\"4735\" data-end=\"4775\">Haltbarkeitsdauer: <strong data-start=\"4747\" data-end=\"4775\">3-6 Monate in unge\u00f6ffnetem Zustand<\/strong><\/p><p data-start=\"4777\" data-end=\"4876\">Um die besten Ergebnisse zu erzielen, empfiehlt es sich, mit dem Anbau zu beginnen <strong data-start=\"4838\" data-end=\"4875\">kurz nach Erhalt des Growkits<\/strong>.<\/p><hr data-start=\"4878\" data-end=\"4881\" \/><h1 data-section-id=\"1qgfiv8\" data-start=\"4883\" data-end=\"4908\">Legale und verantwortungsvolle Nutzung<\/h1><p data-start=\"4910\" data-end=\"5065\">Magic Mushrooms sind in vielen L\u00e4ndern reguliert. In einigen Regionen, <strong data-start=\"4976\" data-end=\"5024\">Grow-Kits und Tr\u00fcffel bleiben legale Produkte<\/strong>, w\u00e4hrend sie in anderen L\u00e4ndern eingeschr\u00e4nkt sein k\u00f6nnen.<\/p><p data-start=\"5067\" data-end=\"5144\">Immer pr\u00fcfen <strong data-start=\"5080\" data-end=\"5110\">lokale Gesetze und Vorschriften<\/strong> bevor sie gekauft oder angebaut werden.<\/p><p data-start=\"5146\" data-end=\"5321\"><a href=\"https:\/\/www.mondogrowkits.com\/de\/was-ist-psilocybin\/\">Psilocybin<\/a> Pilze werden als <strong data-start=\"5182\" data-end=\"5199\">nicht s\u00fcchtig machend<\/strong>, aber sie k\u00f6nnen starke psychologische Wirkungen haben. Ein verantwortungsvoller Gebrauch in einer sicheren und angenehmen Umgebung wird empfohlen.<\/p><hr data-start=\"5323\" data-end=\"5326\" \/><h1 data-section-id=\"18kb0dd\" data-start=\"5328\" data-end=\"5385\">Bestellen Sie Ihr Treasure Coast Magic Mushroom Grow Kit noch heute<\/h1><p data-start=\"5387\" data-end=\"5551\">Die <strong data-start=\"5391\" data-end=\"5433\">Treasure Coast Magic Mushroom Grow Kit<\/strong> bietet eine lohnende Anbauerfahrung mit zuverl\u00e4ssigem Wachstum, beeindruckenden Flushs und ausgewogenen psychedelischen Wirkungen.<\/p><p data-start=\"5553\" data-end=\"5662\">Mit ihrer starken Genetik und ihren verl\u00e4sslichen Ertr\u00e4gen ist diese Sorte nach wie vor eine beliebte Wahl bei Z\u00fcchtern weltweit.<\/p><p data-start=\"5664\" data-end=\"5813\">Bestellen Sie Ihr <strong data-start=\"5675\" data-end=\"5723\">Treasure Coast Magic Mushroom Grow Kit heute<\/strong> und beginnen Sie mit der Kultivierung einer der markantesten <strong data-start=\"5774\" data-end=\"5804\">Psilocybe cubensis-St\u00e4mmen<\/strong> zu Hause.<\/p>","protected":false},"excerpt":{"rendered":"<p>Das Treasure Coast Magic Mushroom Grow Kit ist eine produktive Psilocybe cubensis Sorte, die f\u00fcr dichte Flushs und starke Myzelentwicklung bekannt ist. Erh\u00e4ltlich in 280cc, 750cc, 1200cc und 2100cc. Z\u00fcchter, die auf Volumen pro Flush Wert legen, werden in Treasure Coast eine verl\u00e4ssliche Wahl finden.<\/p>","protected":false},"featured_media":4671,"comment_status":"open","ping_status":"closed","template":"","meta":[],"product_brand":[32],"product_cat":[17],"product_tag":[],"class_list":{"0":"post-724","1":"product","2":"type-product","3":"status-publish","4":"has-post-thumbnail","6":"product_brand-mondo","7":"product_cat-magic-mushroom-grow-kits","9":"first","10":"instock","11":"taxable","12":"shipping-taxable","13":"purchasable","14":"product-type-variable"},"jetpack_sharing_enabled":true,"_links":{"self":[{"href":"https:\/\/www.mondogrowkits.com\/de\/wp-json\/wp\/v2\/product\/724","targetHints":{"allow":["GET"]}}],"collection":[{"href":"https:\/\/www.mondogrowkits.com\/de\/wp-json\/wp\/v2\/product"}],"about":[{"href":"https:\/\/www.mondogrowkits.com\/de\/wp-json\/wp\/v2\/types\/product"}],"replies":[{"embeddable":true,"href":"https:\/\/www.mondogrowkits.com\/de\/wp-json\/wp\/v2\/comments?post=724"}],"wp:featuredmedia":[{"embeddable":true,"href":"https:\/\/www.mondogrowkits.com\/de\/wp-json\/wp\/v2\/media\/4671"}],"wp:attachment":[{"href":"https:\/\/www.mondogrowkits.com\/de\/wp-json\/wp\/v2\/media?parent=724"}],"wp:term":[{"taxonomy":"product_brand","embeddable":true,"href":"https:\/\/www.mondogrowkits.com\/de\/wp-json\/wp\/v2\/product_brand?post=724"},{"taxonomy":"product_cat","embeddable":true,"href":"https:\/\/www.mondogrowkits.com\/de\/wp-json\/wp\/v2\/product_cat?post=724"},{"taxonomy":"product_tag","embeddable":true,"href":"https:\/\/www.mondogrowkits.com\/de\/wp-json\/wp\/v2\/product_tag?post=724"}],"curies":[{"name":"wp","href":"https:\/\/api.w.org\/{rel}","templated":true}]}}