{"id":990,"date":"2025-07-23T15:59:20","date_gmt":"2025-07-23T15:59:20","guid":{"rendered":"https:\/\/staging.mondogrowkits.com\/?post_type=product&#038;p=990"},"modified":"2026-04-08T13:11:53","modified_gmt":"2026-04-08T12:11:53","slug":"spore-vial-ecuador","status":"publish","type":"product","link":"https:\/\/www.mondogrowkits.com\/de\/spore-vial-ecuador\/","title":{"rendered":"Ecuador - Psilocybe Cubensis Spore Vial"},"content":{"rendered":"","protected":false},"excerpt":{"rendered":"<p>Sporenfl\u00e4schchen sind einfach zu verwendende, luftdichte Beh\u00e4lter mit Pilzsporen im Inneren.<\/p>\n<p>Durch einfaches Sch\u00fctteln des Fl\u00e4schchens und Einspritzen der Fl\u00fcssigkeit in Ihr Substrat k\u00f6nnen Sie das Mycelium zur Besiedlung und Keimung aktivieren.<\/p>\n<p><span lang=\"EN-US\">Ausf\u00fchrliche Richtlinien, Anweisungen und Aktivierungsprotokolle finden Sie in unserem Grow Guide.<\/span><\/p>","protected":false},"featured_media":4643,"comment_status":"open","ping_status":"closed","template":"","meta":[],"product_brand":[32],"product_cat":[67],"product_tag":[],"class_list":{"0":"post-990","1":"product","2":"type-product","3":"status-publish","4":"has-post-thumbnail","6":"product_brand-mondo","7":"product_cat-spore-vials","9":"first","10":"instock","11":"taxable","12":"shipping-taxable","13":"purchasable","14":"product-type-simple"},"jetpack_sharing_enabled":true,"_links":{"self":[{"href":"https:\/\/www.mondogrowkits.com\/de\/wp-json\/wp\/v2\/product\/990","targetHints":{"allow":["GET"]}}],"collection":[{"href":"https:\/\/www.mondogrowkits.com\/de\/wp-json\/wp\/v2\/product"}],"about":[{"href":"https:\/\/www.mondogrowkits.com\/de\/wp-json\/wp\/v2\/types\/product"}],"replies":[{"embeddable":true,"href":"https:\/\/www.mondogrowkits.com\/de\/wp-json\/wp\/v2\/comments?post=990"}],"wp:featuredmedia":[{"embeddable":true,"href":"https:\/\/www.mondogrowkits.com\/de\/wp-json\/wp\/v2\/media\/4643"}],"wp:attachment":[{"href":"https:\/\/www.mondogrowkits.com\/de\/wp-json\/wp\/v2\/media?parent=990"}],"wp:term":[{"taxonomy":"product_brand","embeddable":true,"href":"https:\/\/www.mondogrowkits.com\/de\/wp-json\/wp\/v2\/product_brand?post=990"},{"taxonomy":"product_cat","embeddable":true,"href":"https:\/\/www.mondogrowkits.com\/de\/wp-json\/wp\/v2\/product_cat?post=990"},{"taxonomy":"product_tag","embeddable":true,"href":"https:\/\/www.mondogrowkits.com\/de\/wp-json\/wp\/v2\/product_tag?post=990"}],"curies":[{"name":"wp","href":"https:\/\/api.w.org\/{rel}","templated":true}]}}