{"id":2244,"date":"2025-11-03T14:16:00","date_gmt":"2025-11-03T14:16:00","guid":{"rendered":"https:\/\/www.mondogrowkits.com\/?page_id=2244"},"modified":"2026-03-11T14:39:33","modified_gmt":"2026-03-11T13:39:33","slug":"formas-de-pago","status":"publish","type":"page","link":"https:\/\/www.mondogrowkits.com\/es\/payment-options\/","title":{"rendered":"Formas de pago"},"content":{"rendered":"<section class=\"section\" id=\"section_1720974789\">\n\t\t<div class=\"section-bg fill\" >\n\t\t\t\t\t\t\t\t\t\n\t\t\t\n\n\t\t<\/div>\n\n\t\t\n\n\t\t<div class=\"section-content relative\">\n\t\t\t\n\n<div class=\"row align-equal\"  id=\"row-1769650867\">\n\n\n\t<div id=\"col-981106156\" class=\"col small-12 large-12\"  >\n\t\t\t\t<div class=\"col-inner\" style=\"background-color:rgb(255,255,255);\" >\n\t\t\t\n\t<div class=\"is-border\"\n\t\tstyle=\"border-color:rgb(213, 90, 70);border-radius:10px;border-width:0px 0px 0px 0px;\">\n\t<\/div>\n\t\t\t\n\n\t<div id=\"text-1281920259\" class=\"text\">\n\t\t\n\n<h1>Opciones de pago seguro en Mondo Growkits<\/h1>\n\t\t\n<style>\n#text-1281920259 {\n  font-size: 1.25rem;\n  color: #1c4882;\n}\n#text-1281920259 > * {\n  color: #1c4882;\n}\n<\/style>\n\t<\/div>\n\t\n\n\t\t<\/div>\n\t\t\t\t\n<style>\n#col-981106156 > .col-inner {\n  padding: 20px 20px 20px 20px;\n  border-radius: 10px;\n}\n<\/style>\n\t<\/div>\n\n\t\n\n<\/div>\n<div class=\"row align-equal\"  id=\"row-940550218\">\n\n\n\t<div id=\"col-1416080770\" class=\"col medium-4 small-12 large-4\"  >\n\t\t\t\t<div class=\"col-inner\"  >\n\t\t\t\n\t<div class=\"is-border\"\n\t\tstyle=\"border-color:rgb(219, 219, 219);border-radius:5px;border-width:1px 1px 1px 1px;\">\n\t<\/div>\n\t\t\t\n\n\n\t\t<div class=\"icon-box featured-box icon-box-top text-left\"  >\n\t\t\t\t\t<div class=\"icon-box-img\" style=\"width: 106px\">\n\t\t\t\t<div class=\"icon\">\n\t\t\t\t\t<div class=\"icon-inner\" >\n\t\t\t\t\t\t<img decoding=\"async\" width=\"692\" height=\"215\" src=\"https:\/\/www.mondogrowkits.com\/wp-content\/uploads\/2026\/02\/visa-mastercard.jpg\" class=\"attachment-medium size-medium\" alt=\"\" srcset=\"https:\/\/www.mondogrowkits.com\/wp-content\/uploads\/2026\/02\/visa-mastercard.jpg 692w, https:\/\/www.mondogrowkits.com\/wp-content\/uploads\/2026\/02\/visa-mastercard-18x6.jpg 18w, https:\/\/www.mondogrowkits.com\/wp-content\/uploads\/2026\/02\/visa-mastercard-510x158.jpg 510w\" sizes=\"(max-width: 692px) 100vw, 692px\" title=\"\">\t\t\t\t\t<\/div>\n\t\t\t\t<\/div>\n\t\t\t<\/div>\n\t\t\t\t<div class=\"icon-box-text last-reset\">\n\t\t\t\t\t\t\t\t\t\n\n<h4 data-section-id=\"169n0d\" data-start=\"493\" data-end=\"528\">Tarjeta de cr\u00e9dito (Visa y Mastercard)<\/h4>\n<p data-start=\"529\" data-end=\"712\">Puede pagar de forma r\u00e1pida y segura utilizando su <strong data-start=\"573\" data-end=\"607\">Tarjeta de cr\u00e9dito Visa o Mastercard<\/strong>. Los pagos con tarjeta de cr\u00e9dito se procesan al instante, lo que nos permite tramitar y enviar su pedido sin demora.<\/p>\n\n\t\t<\/div>\n\t<\/div>\n\t\n\t\n\n\t\t<\/div>\n\t\t\t\t\n<style>\n#col-1416080770 > .col-inner {\n  padding: 20px 20px 20px 20px;\n}\n<\/style>\n\t<\/div>\n\n\t\n\n\t<div id=\"col-107071015\" class=\"col medium-4 small-12 large-4\"  >\n\t\t\t\t<div class=\"col-inner\"  >\n\t\t\t\n\t<div class=\"is-border\"\n\t\tstyle=\"border-color:rgb(219, 219, 219);border-radius:5px;border-width:1px 1px 1px 1px;\">\n\t<\/div>\n\t\t\t\n\n\n\t\t<div class=\"icon-box featured-box icon-box-top text-left\"  >\n\t\t\t\t\t<div class=\"icon-box-img\" style=\"width: 68px\">\n\t\t\t\t<div class=\"icon\">\n\t\t\t\t\t<div class=\"icon-inner\" >\n\t\t\t\t\t\t<img decoding=\"async\" width=\"381\" height=\"132\" src=\"https:\/\/www.mondogrowkits.com\/wp-content\/uploads\/2026\/03\/sepa-bank-transfer.png\" class=\"attachment-medium size-medium\" alt=\"\" srcset=\"https:\/\/www.mondogrowkits.com\/wp-content\/uploads\/2026\/03\/sepa-bank-transfer.png 381w, https:\/\/www.mondogrowkits.com\/wp-content\/uploads\/2026\/03\/sepa-bank-transfer-18x6.png 18w\" sizes=\"(max-width: 381px) 100vw, 381px\" title=\"\">\t\t\t\t\t<\/div>\n\t\t\t\t<\/div>\n\t\t\t<\/div>\n\t\t\t\t<div class=\"icon-box-text last-reset\">\n\t\t\t\t\t\t\t\t\t\n\n<h4 data-section-id=\"s3b8kd\" data-start=\"961\" data-end=\"988\">Transferencia bancaria SEPA<\/h4>\n<p data-start=\"989\" data-end=\"1267\">Con <strong data-start=\"994\" data-end=\"1016\">Transferencia bancaria SEPA<\/strong>, Los clientes de la UE pueden transferir el pago directamente desde su cuenta bancaria. Una vez recibido y confirmado el pago, su pedido se preparar\u00e1 para el env\u00edo. Dependiendo de su banco, las transferencias SEPA suelen tardar <strong data-start=\"1245\" data-end=\"1266\">1-2 d\u00edas laborables<\/strong>.<\/p>\n\n\t\t<\/div>\n\t<\/div>\n\t\n\t\n\n\t\t<\/div>\n\t\t\t\t\n<style>\n#col-107071015 > .col-inner {\n  padding: 20px 20px 20px 20px;\n}\n<\/style>\n\t<\/div>\n\n\t\n\n\t<div id=\"col-1474048603\" class=\"col medium-4 small-12 large-4\"  >\n\t\t\t\t<div class=\"col-inner\"  >\n\t\t\t\n\t<div class=\"is-border\"\n\t\tstyle=\"border-color:rgb(219, 219, 219);border-radius:5px;border-width:1px 1px 1px 1px;\">\n\t<\/div>\n\t\t\t\n\n\n\t\t<div class=\"icon-box featured-box icon-box-top text-left\"  >\n\t\t\t\t\t<div class=\"icon-box-img\" style=\"width: 31px\">\n\t\t\t\t<div class=\"icon\">\n\t\t\t\t\t<div class=\"icon-inner\" >\n\t\t\t\t\t\t<img decoding=\"async\" width=\"400\" height=\"400\" src=\"https:\/\/www.mondogrowkits.com\/wp-content\/uploads\/2026\/02\/international-banktransfer-400x400.jpg\" class=\"attachment-medium size-medium\" alt=\"\" srcset=\"https:\/\/www.mondogrowkits.com\/wp-content\/uploads\/2026\/02\/international-banktransfer-400x400.jpg 400w, https:\/\/www.mondogrowkits.com\/wp-content\/uploads\/2026\/02\/international-banktransfer-100x100.jpg 100w, https:\/\/www.mondogrowkits.com\/wp-content\/uploads\/2026\/02\/international-banktransfer-280x280.jpg 280w, https:\/\/www.mondogrowkits.com\/wp-content\/uploads\/2026\/02\/international-banktransfer-12x12.jpg 12w, https:\/\/www.mondogrowkits.com\/wp-content\/uploads\/2026\/02\/international-banktransfer-510x510.jpg 510w, https:\/\/www.mondogrowkits.com\/wp-content\/uploads\/2026\/02\/international-banktransfer.jpg 612w\" sizes=\"(max-width: 400px) 100vw, 400px\" title=\"\">\t\t\t\t\t<\/div>\n\t\t\t\t<\/div>\n\t\t\t<\/div>\n\t\t\t\t<div class=\"icon-box-text last-reset\">\n\t\t\t\t\t\t\t\t\t\n\n<h4 data-section-id=\"14064u2\" data-start=\"1269\" data-end=\"1314\">Transferencia bancaria internacional (Reino Unido y fuera de la UE)<\/h4>\n<p data-start=\"1315\" data-end=\"1595\">Clientes de la <strong data-start=\"1334\" data-end=\"1381\">Reino Unido y determinados pa\u00edses no pertenecientes a la UE<\/strong> puede pagar mediante transferencia bancaria internacional. Tras realizar su pedido, recibir\u00e1 los datos bancarios necesarios para completar el pago. El tiempo de procesamiento depende de su banco y puede tardar <strong data-start=\"1573\" data-end=\"1594\">1-3 d\u00edas laborables<\/strong>.<\/p>\n\n\n\t\t<\/div>\n\t<\/div>\n\t\n\t\n\n\t\t<\/div>\n\t\t\t\t\n<style>\n#col-1474048603 > .col-inner {\n  padding: 20px 20px 20px 20px;\n}\n<\/style>\n\t<\/div>\n\n\t\n\n<\/div>\n<div class=\"row align-equal\"  id=\"row-1519393465\">\n\n\n\t<div id=\"col-599667228\" class=\"col medium-4 small-12 large-4\"  >\n\t\t\t\t<div class=\"col-inner\"  >\n\t\t\t\n\t<div class=\"is-border\"\n\t\tstyle=\"border-color:rgb(219, 219, 219);border-radius:5px;border-width:1px 1px 1px 1px;\">\n\t<\/div>\n\t\t\t\n\n\n\t\t<div class=\"icon-box featured-box icon-box-top text-left\"  >\n\t\t\t\t\t<div class=\"icon-box-img\" style=\"width: 61px\">\n\t\t\t\t<div class=\"icon\">\n\t\t\t\t\t<div class=\"icon-inner\" >\n\t\t\t\t\t\t<img decoding=\"async\" width=\"400\" height=\"400\" src=\"https:\/\/www.mondogrowkits.com\/wp-content\/uploads\/2026\/02\/bank_transfer-512-400x400.png\" class=\"attachment-medium size-medium\" alt=\"\" srcset=\"https:\/\/www.mondogrowkits.com\/wp-content\/uploads\/2026\/02\/bank_transfer-512-400x400.png 400w, https:\/\/www.mondogrowkits.com\/wp-content\/uploads\/2026\/02\/bank_transfer-512-e1772294500944-100x100.png 100w, https:\/\/www.mondogrowkits.com\/wp-content\/uploads\/2026\/02\/bank_transfer-512-e1772294500944-280x280.png 280w\" sizes=\"(max-width: 400px) 100vw, 400px\" title=\"\">\t\t\t\t\t<\/div>\n\t\t\t\t<\/div>\n\t\t\t<\/div>\n\t\t\t\t<div class=\"icon-box-text last-reset\">\n\t\t\t\t\t\t\t\t\t\n\n<h4 data-section-id=\"o4mss0\" data-start=\"714\" data-end=\"743\">Pago bancario instant\u00e1neo (UE)<\/h4>\n<p data-start=\"744\" data-end=\"959\">Los clientes de la <strong data-start=\"765\" data-end=\"783\">Uni\u00f3n Europea<\/strong> pueden utilizar el Pago Bancario Instant\u00e1neo para completar su pago directamente a trav\u00e9s de su entorno bancario en l\u00ednea. Los pagos se procesan inmediatamente, lo que permite una tramitaci\u00f3n m\u00e1s r\u00e1pida de los pedidos.<\/p>\n\n\t\t<\/div>\n\t<\/div>\n\t\n\t\n\n\t\t<\/div>\n\t\t\t\t\n<style>\n#col-599667228 > .col-inner {\n  padding: 20px 20px 20px 20px;\n}\n<\/style>\n\t<\/div>\n\n\t\n\n\t<div id=\"col-1560013318\" class=\"col medium-4 small-12 large-4\"  >\n\t\t\t\t<div class=\"col-inner\"  >\n\t\t\t\n\t<div class=\"is-border\"\n\t\tstyle=\"border-color:rgb(219, 219, 219);border-radius:5px;border-width:1px 1px 1px 1px;\">\n\t<\/div>\n\t\t\t\n\n\n\t\t<div class=\"icon-box featured-box icon-box-top text-left\"  >\n\t\t\t\t\t<div class=\"icon-box-img\" style=\"width: 54px\">\n\t\t\t\t<div class=\"icon\">\n\t\t\t\t\t<div class=\"icon-inner\" >\n\t\t\t\t\t\t<img decoding=\"async\" width=\"400\" height=\"400\" src=\"https:\/\/www.mondogrowkits.com\/wp-content\/uploads\/2026\/03\/IDEAL_logo-400x400.webp\" class=\"attachment-medium size-medium\" alt=\"\" srcset=\"https:\/\/www.mondogrowkits.com\/wp-content\/uploads\/2026\/03\/IDEAL_logo-400x400.webp 400w, https:\/\/www.mondogrowkits.com\/wp-content\/uploads\/2026\/03\/IDEAL_logo-100x100.webp 100w, https:\/\/www.mondogrowkits.com\/wp-content\/uploads\/2026\/03\/IDEAL_logo-1000x1000.webp 1000w, https:\/\/www.mondogrowkits.com\/wp-content\/uploads\/2026\/03\/IDEAL_logo-800x800.webp 800w, https:\/\/www.mondogrowkits.com\/wp-content\/uploads\/2026\/03\/IDEAL_logo-280x280.webp 280w, https:\/\/www.mondogrowkits.com\/wp-content\/uploads\/2026\/03\/IDEAL_logo-768x768.webp 768w, https:\/\/www.mondogrowkits.com\/wp-content\/uploads\/2026\/03\/IDEAL_logo-12x12.webp 12w, https:\/\/www.mondogrowkits.com\/wp-content\/uploads\/2026\/03\/IDEAL_logo.webp 1040w\" sizes=\"(max-width: 400px) 100vw, 400px\" title=\"\">\t\t\t\t\t<\/div>\n\t\t\t\t<\/div>\n\t\t\t<\/div>\n\t\t\t\t<div class=\"icon-box-text last-reset\">\n\t\t\t\t\t\t\t\t\t\n\n<h4 data-section-id=\"7qo9c3\" data-start=\"1597\" data-end=\"1606\">iDEAL<\/h4>\n<p data-start=\"1607\" data-end=\"1794\">Para los clientes del <strong data-start=\"1628\" data-end=\"1643\">Pa\u00edses Bajos<\/strong>, ofrecemos <strong data-start=\"1654\" data-end=\"1663\">iDEAL<\/strong>, el m\u00e9todo de pago en l\u00ednea m\u00e1s utilizado en el pa\u00eds. Los pagos se completan al instante a trav\u00e9s de su propio entorno bancario.<\/p>\n\n\t\t<\/div>\n\t<\/div>\n\t\n\t\n\n\t\t<\/div>\n\t\t\t\t\n<style>\n#col-1560013318 > .col-inner {\n  padding: 20px 20px 20px 20px;\n}\n<\/style>\n\t<\/div>\n\n\t\n\n\t<div id=\"col-598178457\" class=\"col medium-4 small-12 large-4\"  >\n\t\t\t\t<div class=\"col-inner\"  >\n\t\t\t\n\t<div class=\"is-border\"\n\t\tstyle=\"border-color:rgb(219, 219, 219);border-radius:5px;border-width:1px 1px 1px 1px;\">\n\t<\/div>\n\t\t\t\n\n\n\t\t<div class=\"icon-box featured-box icon-box-top text-left\"  >\n\t\t\t\t\t<div class=\"icon-box-img\" style=\"width: 83px\">\n\t\t\t\t<div class=\"icon\">\n\t\t\t\t\t<div class=\"icon-inner\" >\n\t\t\t\t\t\t<img decoding=\"async\" width=\"302\" height=\"223\" src=\"https:\/\/www.mondogrowkits.com\/wp-content\/uploads\/2026\/03\/bancontact_logo-302x223-1.jpg\" class=\"attachment-medium size-medium\" alt=\"\" srcset=\"https:\/\/www.mondogrowkits.com\/wp-content\/uploads\/2026\/03\/bancontact_logo-302x223-1.jpg 302w, https:\/\/www.mondogrowkits.com\/wp-content\/uploads\/2026\/03\/bancontact_logo-302x223-1-16x12.jpg 16w\" sizes=\"(max-width: 302px) 100vw, 302px\" title=\"\">\t\t\t\t\t<\/div>\n\t\t\t\t<\/div>\n\t\t\t<\/div>\n\t\t\t\t<div class=\"icon-box-text last-reset\">\n\t\t\t\t\t\t\t\t\t\n\n<h4 data-section-id=\"43zw6j\" data-start=\"1796\" data-end=\"1810\">Bancontact<\/h4>\n<p data-start=\"1811\" data-end=\"1954\">Clientes en <strong data-start=\"1824\" data-end=\"1835\">B\u00e9lgica<\/strong> puede utilizar <strong data-start=\"1844\" data-end=\"1858\">Bancontact<\/strong>, un m\u00e9todo de pago seguro y fiable que permite realizar pagos directos a trav\u00e9s de cuentas bancarias belgas.<\/p>\n\n\t\t<\/div>\n\t<\/div>\n\t\n\t\n\n\t\t<\/div>\n\t\t\t\t\n<style>\n#col-598178457 > .col-inner {\n  padding: 20px 20px 20px 20px;\n}\n<\/style>\n\t<\/div>\n\n\t\n\n<\/div>\n<div class=\"row align-equal\"  id=\"row-34779851\">\n\n\n\t<div id=\"col-193071559\" class=\"col medium-4 small-12 large-4\"  >\n\t\t\t\t<div class=\"col-inner\"  >\n\t\t\t\n\t<div class=\"is-border\"\n\t\tstyle=\"border-color:rgb(219, 219, 219);border-radius:5px;border-width:1px 1px 1px 1px;\">\n\t<\/div>\n\t\t\t\n\n\n\t\t<div class=\"icon-box featured-box icon-box-top text-left\"  >\n\t\t\t\t\t<div class=\"icon-box-img\" style=\"width: 46px\">\n\t\t\t\t<div class=\"icon\">\n\t\t\t\t\t<div class=\"icon-inner\" >\n\t\t\t\t\t\t<img decoding=\"async\" width=\"286\" height=\"176\" src=\"https:\/\/www.mondogrowkits.com\/wp-content\/uploads\/2026\/03\/images.png\" class=\"attachment-medium size-medium\" alt=\"\" srcset=\"https:\/\/www.mondogrowkits.com\/wp-content\/uploads\/2026\/03\/images.png 286w, https:\/\/www.mondogrowkits.com\/wp-content\/uploads\/2026\/03\/images-18x12.png 18w\" sizes=\"(max-width: 286px) 100vw, 286px\" title=\"\">\t\t\t\t\t<\/div>\n\t\t\t\t<\/div>\n\t\t\t<\/div>\n\t\t\t\t<div class=\"icon-box-text last-reset\">\n\t\t\t\t\t\t\t\t\t\n\n<h4 data-section-id=\"1xxfaf4\" data-start=\"1956\" data-end=\"1963\">EPS<\/h4>\n<p data-start=\"1964\" data-end=\"2122\"><strong data-start=\"1964\" data-end=\"1971\">EPS<\/strong> es un m\u00e9todo de pago seguro en l\u00ednea utilizado habitualmente en <strong data-start=\"2023\" data-end=\"2034\">Austria<\/strong>. Los clientes pueden completar su pago directamente a trav\u00e9s de su propio sistema bancario en l\u00ednea.<\/p>\n\n\t\t<\/div>\n\t<\/div>\n\t\n\t\n\n\t\t<\/div>\n\t\t\t\t\n<style>\n#col-193071559 > .col-inner {\n  padding: 20px 20px 20px 20px;\n}\n<\/style>\n\t<\/div>\n\n\t\n\n\t<div id=\"col-1415060381\" class=\"col medium-4 small-12 large-4\"  >\n\t\t\t\t<div class=\"col-inner\"  >\n\t\t\t\n\t<div class=\"is-border\"\n\t\tstyle=\"border-color:rgb(219, 219, 219);border-radius:5px;border-width:1px 1px 1px 1px;\">\n\t<\/div>\n\t\t\t\n\n\n\t\t<div class=\"icon-box featured-box icon-box-top text-left\"  >\n\t\t\t\t\t<div class=\"icon-box-img\" style=\"width: 68px\">\n\t\t\t\t<div class=\"icon\">\n\t\t\t\t\t<div class=\"icon-inner\" >\n\t\t\t\t\t\t<img decoding=\"async\" width=\"302\" height=\"110\" src=\"https:\/\/www.mondogrowkits.com\/wp-content\/uploads\/2026\/03\/onlineuberweisen-302x110-1.png\" class=\"attachment-medium size-medium\" alt=\"\" srcset=\"https:\/\/www.mondogrowkits.com\/wp-content\/uploads\/2026\/03\/onlineuberweisen-302x110-1.png 302w, https:\/\/www.mondogrowkits.com\/wp-content\/uploads\/2026\/03\/onlineuberweisen-302x110-1-18x7.png 18w\" sizes=\"(max-width: 302px) 100vw, 302px\" title=\"\">\t\t\t\t\t<\/div>\n\t\t\t\t<\/div>\n\t\t\t<\/div>\n\t\t\t\t<div class=\"icon-box-text last-reset\">\n\t\t\t\t\t\t\t\t\t\n\n<h4 data-section-id=\"4dzag3\" data-start=\"2124\" data-end=\"2144\">Online\u00dcberweisen<\/h4>\n<p data-start=\"2145\" data-end=\"2302\">Clientes en <strong data-start=\"2158\" data-end=\"2169\">Alemania<\/strong> puede utilizar <strong data-start=\"2178\" data-end=\"2198\">Online\u00dcberweisen<\/strong>, un m\u00e9todo de pago r\u00e1pido y seguro que permite pagos directos a trav\u00e9s de su entorno bancario en l\u00ednea.<\/p>\n\n\t\t<\/div>\n\t<\/div>\n\t\n\t\n\n\t\t<\/div>\n\t\t\t\t\n<style>\n#col-1415060381 > .col-inner {\n  padding: 20px 20px 20px 20px;\n}\n<\/style>\n\t<\/div>\n\n\t\n\n\t<div id=\"col-2114268238\" class=\"col medium-4 small-12 large-4\"  >\n\t\t\t\t<div class=\"col-inner\"  >\n\t\t\t\n\t<div class=\"is-border\"\n\t\tstyle=\"border-color:rgb(219, 219, 219);border-radius:5px;border-width:1px 1px 1px 1px;\">\n\t<\/div>\n\t\t\t\n\n\n\t\t<div class=\"icon-box featured-box icon-box-top text-left\"  >\n\t\t\t\t\t<div class=\"icon-box-img\" style=\"width: 31px\">\n\t\t\t\t<div class=\"icon\">\n\t\t\t\t\t<div class=\"icon-inner\" >\n\t\t\t\t\t\t<img decoding=\"async\" width=\"250\" height=\"250\" src=\"https:\/\/www.mondogrowkits.com\/wp-content\/uploads\/2026\/03\/Bitcoin.svg-1.webp\" class=\"attachment-medium size-medium\" alt=\"\" srcset=\"https:\/\/www.mondogrowkits.com\/wp-content\/uploads\/2026\/03\/Bitcoin.svg-1.webp 250w, https:\/\/www.mondogrowkits.com\/wp-content\/uploads\/2026\/03\/Bitcoin.svg-1-100x100.webp 100w, https:\/\/www.mondogrowkits.com\/wp-content\/uploads\/2026\/03\/Bitcoin.svg-1-12x12.webp 12w, https:\/\/www.mondogrowkits.com\/wp-content\/uploads\/2026\/03\/Bitcoin.svg-1-247x247.webp 247w\" sizes=\"(max-width: 250px) 100vw, 250px\" title=\"\">\t\t\t\t\t<\/div>\n\t\t\t\t<\/div>\n\t\t\t<\/div>\n\t\t\t\t<div class=\"icon-box-text last-reset\">\n\t\t\t\t\t\t\t\t\t\n\n<h4 data-section-id=\"c4ymk2\" data-start=\"2462\" data-end=\"2473\">Bitcoin<\/h4>\n<p data-start=\"2474\" data-end=\"2651\">Tambi\u00e9n aceptamos <strong data-start=\"2489\" data-end=\"2509\">Pagos con Bitcoin<\/strong> para los clientes que prefieren pagar con criptomoneda. Una vez confirmada la transacci\u00f3n en la cadena de bloques, se procesar\u00e1 su pedido.<\/p>\n\n\t\t<\/div>\n\t<\/div>\n\t\n\t\n\n\t\t<\/div>\n\t\t\t\t\n<style>\n#col-2114268238 > .col-inner {\n  padding: 20px 20px 20px 20px;\n}\n<\/style>\n\t<\/div>\n\n\t\n\n<\/div>\n\n\t\t<\/div>\n\n\t\t\n<style>\n#section_1720974789 {\n  padding-top: 30px;\n  padding-bottom: 30px;\n}\n<\/style>\n\t<\/section>","protected":false},"excerpt":{"rendered":"","protected":false},"author":1,"featured_media":0,"parent":0,"menu_order":0,"comment_status":"closed","ping_status":"closed","template":"page-blank.php","meta":{"footnotes":""},"class_list":["post-2244","page","type-page","status-publish","hentry"],"jetpack_sharing_enabled":true,"_links":{"self":[{"href":"https:\/\/www.mondogrowkits.com\/es\/wp-json\/wp\/v2\/pages\/2244","targetHints":{"allow":["GET"]}}],"collection":[{"href":"https:\/\/www.mondogrowkits.com\/es\/wp-json\/wp\/v2\/pages"}],"about":[{"href":"https:\/\/www.mondogrowkits.com\/es\/wp-json\/wp\/v2\/types\/page"}],"author":[{"embeddable":true,"href":"https:\/\/www.mondogrowkits.com\/es\/wp-json\/wp\/v2\/users\/1"}],"replies":[{"embeddable":true,"href":"https:\/\/www.mondogrowkits.com\/es\/wp-json\/wp\/v2\/comments?post=2244"}],"version-history":[{"count":8,"href":"https:\/\/www.mondogrowkits.com\/es\/wp-json\/wp\/v2\/pages\/2244\/revisions"}],"predecessor-version":[{"id":4302,"href":"https:\/\/www.mondogrowkits.com\/es\/wp-json\/wp\/v2\/pages\/2244\/revisions\/4302"}],"wp:attachment":[{"href":"https:\/\/www.mondogrowkits.com\/es\/wp-json\/wp\/v2\/media?parent=2244"}],"curies":[{"name":"wp","href":"https:\/\/api.w.org\/{rel}","templated":true}]}}