{"id":2249,"date":"2025-11-03T14:31:28","date_gmt":"2025-11-03T14:31:28","guid":{"rendered":"https:\/\/www.mondogrowkits.com\/?page_id=2249"},"modified":"2026-02-04T16:56:25","modified_gmt":"2026-02-04T15:56:25","slug":"revendedor","status":"publish","type":"page","link":"https:\/\/www.mondogrowkits.com\/es\/reseller\/","title":{"rendered":"Convi\u00e9rtase en distribuidor"},"content":{"rendered":"<section class=\"section\" id=\"section_1748068457\">\t\t<div class=\"section-bg fill\" >\t\t\t\t\t\t\t\t\t\t\t\t\t\t<\/div>\t\t\t<div class=\"ux-shape-divider ux-shape-divider--top ux-shape-divider--style-waves\">\t\t<svg viewbox=\"0 0 1200 120\" xmlns=\"http:\/\/www.w3.org\/2000\/svg\" preserveaspectratio=\"none\">  <path class=\"ux-shape-fill\" d=\"M321.39 63.56c58 10.79 114.16 30.13 172 41.86 82.39 16.72 168.19 17.73 250.45.39C823.78 89 906.67 48 985.66 27.17c70.05-18.48 146.53-26.09 214.34-3V120H0V92.65a600.21 600.21 0 01321.39-29.09z\"\/><\/svg>\t<\/div>\t\t<div class=\"section-content relative\">\t\t\t<div class=\"row\"  id=\"row-1184502764\">\t<div id=\"col-1504266127\" class=\"col small-12 large-12\"  >\t\t\t\t<div class=\"col-inner\" style=\"background-color:rgb(255,255,255);\" >\t\t\t\t<div class=\"is-border\"\n\t\tstyle=\"border-color:rgb(213, 90, 70);border-radius:10px;border-width:2px 2px 2px 2px;\">\t<\/div>\t\t\t\t<div id=\"text-1297598719\" class=\"text\">\t\t<h1 style=\"text-align: left;\">Convi\u00e9rtase en distribuidor de Mondo Growkits<\/h1>\t\t<style>\n#text-1297598719 {\n  font-size: 1.55rem;\n  color: #1c4882;\n}\n#text-1297598719 > * {\n  color: #1c4882;\n}\n@media (min-width:550px) {\n  #text-1297598719 {\n    font-size: 1.45rem;\n  }\n}\n<\/style>\t<\/div>\t\t<div id=\"text-185278047\" class=\"text\">\t\t<p style=\"text-align: left;\">\u00bfEst\u00e1 preparado para hacer crecer su negocio con uno de los nombres m\u00e1s fiables en el cultivo de setas? En <a href=\"https:\/\/www.mondogrowkits.com\/es\/\">Mondo Growkits<\/a>, En la actualidad, damos la bienvenida a nuevos revendedores, minoristas, mayoristas y distribuidores de todos los pa\u00edses en los que nuestros productos est\u00e1n legalmente permitidos. Tanto si vendes online como si tienes una tienda f\u00edsica, unirte a nuestro programa de distribuidores te da acceso a kits de cultivo y accesorios de alta calidad en los que conf\u00edan clientes de toda Europa y m\u00e1s all\u00e1.<\/p>\t\t<style>\n#text-185278047 {\n  color: rgb(0,0,0);\n}\n#text-185278047 > * {\n  color: rgb(0,0,0);\n}\n<\/style>\t<\/div>\t\t\t<\/div>\t\t\t\t<style>\n#col-1504266127 > .col-inner {\n  padding: 20px 20px 20px 20px;\n  border-radius: 10px;\n}\n<\/style>\t<\/div>\t<\/div><div class=\"row align-equal\"  id=\"row-435490727\">\t<div id=\"col-108051461\" class=\"col medium-6 small-12 large-6\"  >\t\t\t\t<div class=\"col-inner\" style=\"background-color:rgb(255,255,255);\" >\t\t\t\t<div class=\"is-border\"\n\t\tstyle=\"border-color:rgb(213, 90, 70);border-radius:10px;border-width:2px 2px 2px 2px;\">\t<\/div>\t\t\t\t<div id=\"text-1400583720\" class=\"text\">\t\t<h2>\u00bfPor qu\u00e9 asociarse con Mondo Growkits?<\/h2>\t\t<style>\n#text-1400583720 {\n  color: #1c4882;\n}\n#text-1400583720 > * {\n  color: #1c4882;\n}\n<\/style>\t<\/div>\t<p data-start=\"532\" data-end=\"825\">Mondo Growkits es una marca l\u00edder en el cultivo de setas que ofrece kits de cultivo de setas, esporas, suministros de cultivo y accesorios de primera calidad. Nuestros productos son conocidos por su fiabilidad, alta tasa de \u00e9xito, y el dise\u00f1o f\u00e1cil de usar - ideal tanto para... <a href=\"https:\/\/www.mondogrowkits.com\/es\/mondo-growkits-best-strains-beginners-advanced\/\">principiantes<\/a> y cultivadores experimentados.<\/p><h3>Como revendedor o distribuidor, usted se beneficia de:<\/h3><p>\u2714 Precios al por mayor competitivos y cantidades de pedido flexibles<br data-start=\"942\" data-end=\"945\" \/>\u2714 Env\u00edo r\u00e1pido y discreto a todo el mundo desde nuestro almac\u00e9n central.<br data-start=\"1010\" data-end=\"1013\" \/>\u2714 Conocimiento experto del producto y asistencia profesional<br data-start=\"1064\" data-end=\"1067\" \/>\u2714 Im\u00e1genes de productos de alta calidad y material de marketing para tu tienda<br data-start=\"1134\" data-end=\"1137\" \/>\u2714 Oportunidades de asociaci\u00f3n a largo plazo para ventas en l\u00ednea y fuera de l\u00ednea.<\/p>\t\t<\/div>\t\t\t\t<style>\n#col-108051461 > .col-inner {\n  padding: 20px 20px 20px 20px;\n  border-radius: 10px;\n}\n<\/style>\t<\/div>\t\t<div id=\"col-1889083012\" class=\"col medium-6 small-12 large-6\"  >\t\t\t\t<div class=\"col-inner\" style=\"background-color:rgb(255,255,255);\" >\t\t\t\t<div class=\"is-border\"\n\t\tstyle=\"border-color:rgb(213, 90, 70);border-radius:10px;border-width:2px 2px 2px 2px;\">\t<\/div>\t\t\t\t<div id=\"text-4182211718\" class=\"text\">\t\t<h2>\u00bfQui\u00e9n puede unirse al programa de distribuidores de Mondo Growkits?<\/h2>\t\t<style>\n#text-4182211718 {\n  color: #1c4882;\n}\n#text-4182211718 > * {\n  color: #1c4882;\n}\n<\/style>\t<\/div>\t<p data-start=\"1268\" data-end=\"1560\">Si su empresa opera en un pa\u00eds en el que nuestros productos est\u00e1n legalmente permitidos, le invitamos a presentar su solicitud como distribuidor oficial de Mondo. <a href=\"https:\/\/www.mondogrowkits.com\/es\/grow-kits\/\">Kits de cultivo<\/a> revendedor.<\/p><h3 data-start=\"1268\" data-end=\"1560\">Colaboramos con empresas de todos los tama\u00f1os, incluidas:<\/h3><p>\u2714 Los minoristas en l\u00ednea ampl\u00edan su gama de productos<br data-start=\"1374\" data-end=\"1377\" \/>\u2714 Tiendas f\u00edsicas y smartshops de venta de productos de cultivo<br data-start=\"1438\" data-end=\"1441\" \/>\u2714 Mayoristas que suministran a grow shops o centros de jardiner\u00eda<br data-start=\"1493\" data-end=\"1496\" \/>\u2714 Distribuidores que buscan oportunidades exclusivas en su regi\u00f3n<\/p><p data-start=\"1562\" data-end=\"1715\">\u00a0<\/p><a href=\"\/es\/pongase-en-contacto-con\/\" class=\"button primary\" style=\"border-radius:99px;\">\n\t\t<span>P\u00f3ngase en contacto con nosotros<\/span>\n\t<\/a><a href=\"https:\/\/www.mondomycologicals.com\/\" target=\"_blank\" class=\"button secondary\" rel=\"noopener\" style=\"border-radius:99px;\">\n\t\t<span>Reg\u00edstrese inmediatamente<\/span>\n\t<\/a>\t\t<\/div>\t\t\t\t<style>\n#col-1889083012 > .col-inner {\n  padding: 20px 20px 20px 20px;\n  border-radius: 10px;\n}\n<\/style>\t<\/div>\t\t<div id=\"col-354622125\" class=\"col small-12 large-12\"  >\t\t\t\t<div class=\"col-inner\" style=\"background-color:rgb(255,255,255);\" >\t\t\t\t<div class=\"is-border\"\n\t\tstyle=\"border-color:rgb(213, 90, 70);border-radius:10px;border-width:2px 2px 2px 2px;\">\t<\/div>\t\t\t\t<div id=\"text-1275173659\" class=\"text\">\t\t<h2>\u00danase a la red de distribuidores de Mondo Growkits<\/h2>\t\t<style>\n#text-1275173659 {\n  color: #1c4882;\n}\n#text-1275173659 > * {\n  color: #1c4882;\n}\n<\/style>\t<\/div>\t<p data-start=\"2165\" data-end=\"2458\">Convertirse en revendedor es muy sencillo. P\u00f3ngase en contacto con nosotros y facil\u00edtenos los datos de su empresa, incluidos el nombre, la ubicaci\u00f3n y el tipo de actividad (tienda en l\u00ednea, tienda minorista, venta al por mayor o distribuci\u00f3n). Nuestro equipo revisar\u00e1 su solicitud y le proporcionar\u00e1 informaci\u00f3n detallada sobre precios, log\u00edstica y condiciones.<\/p><p data-start=\"2460\" data-end=\"2602\">Asociarse con Mondo Growkits significa trabajar con una marca europea de renombre centrada en la calidad, la fiabilidad y la satisfacci\u00f3n del cliente.<\/p><h3 data-start=\"2609\" data-end=\"2650\">Suministro fiable y calidad de confianza<\/h3><p data-start=\"2651\" data-end=\"2957\">Todos los productos Mondo Growkits se fabrican bajo estrictas normas de control de calidad. Garantizamos productos frescos, aut\u00e9nticos y probados a fondo en los que sus clientes pueden confiar. Con un embalaje profesional y una entrega fiable, puede ofrecer con confianza los mejores kits de cultivo de setas disponibles en su mercado.<\/p>\t\t<\/div>\t\t\t\t<style>\n#col-354622125 > .col-inner {\n  padding: 20px 20px 20px 20px;\n  border-radius: 10px;\n}\n<\/style>\t<\/div>\t<\/div>\t\t<\/div>\t\t<style>\n#section_1748068457 {\n  padding-top: 60px;\n  padding-bottom: 60px;\n}\n#section_1748068457 .ux-shape-divider--top svg {\n  height: 30px;\n  --divider-top-width: 111%;\n}\n<\/style>\t<\/section>","protected":false},"excerpt":{"rendered":"","protected":false},"author":1,"featured_media":0,"parent":0,"menu_order":0,"comment_status":"closed","ping_status":"closed","template":"page-blank.php","meta":{"footnotes":""},"class_list":["post-2249","page","type-page","status-publish","hentry"],"jetpack_sharing_enabled":true,"_links":{"self":[{"href":"https:\/\/www.mondogrowkits.com\/es\/wp-json\/wp\/v2\/pages\/2249","targetHints":{"allow":["GET"]}}],"collection":[{"href":"https:\/\/www.mondogrowkits.com\/es\/wp-json\/wp\/v2\/pages"}],"about":[{"href":"https:\/\/www.mondogrowkits.com\/es\/wp-json\/wp\/v2\/types\/page"}],"author":[{"embeddable":true,"href":"https:\/\/www.mondogrowkits.com\/es\/wp-json\/wp\/v2\/users\/1"}],"replies":[{"embeddable":true,"href":"https:\/\/www.mondogrowkits.com\/es\/wp-json\/wp\/v2\/comments?post=2249"}],"version-history":[{"count":5,"href":"https:\/\/www.mondogrowkits.com\/es\/wp-json\/wp\/v2\/pages\/2249\/revisions"}],"predecessor-version":[{"id":3567,"href":"https:\/\/www.mondogrowkits.com\/es\/wp-json\/wp\/v2\/pages\/2249\/revisions\/3567"}],"wp:attachment":[{"href":"https:\/\/www.mondogrowkits.com\/es\/wp-json\/wp\/v2\/media?parent=2249"}],"curies":[{"name":"wp","href":"https:\/\/api.w.org\/{rel}","templated":true}]}}