{"id":2811,"date":"2025-12-11T12:23:17","date_gmt":"2025-12-11T11:23:17","guid":{"rendered":"https:\/\/www.mondogrowkits.com\/?page_id=2811"},"modified":"2026-05-07T12:16:00","modified_gmt":"2026-05-07T11:16:00","slug":"manual-del-kit-de-cultivo","status":"publish","type":"page","link":"https:\/\/www.mondogrowkits.com\/es\/grow-kit-manual\/","title":{"rendered":"Manual del kit de cultivo"},"content":{"rendered":"<section class=\"section\" id=\"section_294384922\">\n\t\t<div class=\"section-bg fill\" >\n\t\t\t\t\t\t\t\t\t\n\t\t\t\n\n\t\t<\/div>\n\n\t\t\n\n\t\t<div class=\"section-content relative\">\n\t\t\t\n\n\t<div id=\"gap-1784613535\" class=\"gap-element clearfix\" style=\"display:block; height:auto;\">\n\t\t\n<style>\n#gap-1784613535 {\n  padding-top: 30px;\n}\n<\/style>\n\t<\/div>\n\t\n\n<div class=\"row row-large align-middle\"  id=\"row-803823488\">\n\n\n\t<div id=\"col-375828861\" class=\"col medium-12 small-12 large-7\"  >\n\t\t\t\t<div class=\"col-inner\"  >\n\t\t\t\n\t\t\t\n\n\t<div id=\"text-218431517\" class=\"text\">\n\t\t\n\n<h1>Mondo Growkit \u2013 Gu\u00eda de activaci\u00f3n<\/h1>\n\t\t\n<style>\n#text-218431517 {\n  font-size: 1.4rem;\n  color: #d55a46;\n}\n#text-218431517 > * {\n  color: #d55a46;\n}\n<\/style>\n\t<\/div>\n\t\n\t<div id=\"text-2960973453\" class=\"text\">\n\t\t\n\n<h2>C\u00f3mo empezar<\/h2>\n\t\t\n<style>\n#text-2960973453 {\n  font-size: 1.2rem;\n}\n<\/style>\n\t<\/div>\n\t\n<p data-start=\"127\" data-end=\"336\">Esta gu\u00eda de activaci\u00f3n proporciona todas las instrucciones esenciales para activar y utilizar correctamente el Mondo Growkit. Explica los pasos clave desde la activaci\u00f3n hasta la cosecha, garantizando un ciclo de cultivo fluido y satisfactorio.<\/p>\n<p data-start=\"338\" data-end=\"495\">Encontrar\u00e1s instrucciones claras sobre las condiciones ambientales, el riego, el mantenimiento y las etapas de crecimiento para evitar errores comunes y lograr resultados \u00f3ptimos.<\/p>\n<p data-start=\"497\" data-end=\"607\">Sigue cada paso cuidadosamente para activar correctamente tu Mondo Growkit y garantizar un crecimiento saludable y constante.<\/p>\n<a href=\"https:\/\/www.mondogrowkits.com\/wp-content\/uploads\/2026\/05\/mondo-magic-mushroom-growkit-manual.pdf\" target=\"_blank\" class=\"button primary is-large\" rel=\"noopener\" style=\"border-radius:99px;\">\n\t\t<span>Descargar manual<\/span>\n\t<\/a>\n\n\n<a href=\"https:\/\/www.youtube.com\/watch?v=xZMN5-o8_lo\" target=\"_blank\" class=\"button secondary is-large\" rel=\"noopener\" style=\"border-radius:99px;\">\n\t\t<span>V\u00eddeo instructivo<\/span>\n\t<\/a>\n\n\n\n\t\t<\/div>\n\t\t\t\t\t<\/div>\n\n\t\n\n\t<div id=\"col-1049297205\" class=\"col medium-12 small-12 large-5\"  >\n\t\t\t\t<div class=\"col-inner\"  >\n\t\t\t\n\t\t\t\n\n\t<div class=\"img has-hover x md-x lg-x y md-y lg-y\" id=\"image_375834152\">\n\t\t\t\t\t\t\t\t<div class=\"img-inner image-cover dark\" style=\"padding-top:100%;\">\n\t\t\t<img decoding=\"async\" width=\"800\" height=\"800\" src=\"https:\/\/www.mondogrowkits.com\/wp-content\/uploads\/2025\/05\/ChatGPT-Image-23-mrt-2026-17_18_03-800x800.png\" class=\"attachment-large size-large\" alt=\"Golden Teacher - Kit de cultivo de setas m\u00e1gicas\" srcset=\"https:\/\/www.mondogrowkits.com\/wp-content\/uploads\/2025\/05\/ChatGPT-Image-23-mrt-2026-17_18_03-800x800.png 800w, https:\/\/www.mondogrowkits.com\/wp-content\/uploads\/2025\/05\/ChatGPT-Image-23-mrt-2026-17_18_03-400x400.png 400w, https:\/\/www.mondogrowkits.com\/wp-content\/uploads\/2025\/05\/ChatGPT-Image-23-mrt-2026-17_18_03-100x100.png 100w, https:\/\/www.mondogrowkits.com\/wp-content\/uploads\/2025\/05\/ChatGPT-Image-23-mrt-2026-17_18_03-1000x1000.png 1000w, https:\/\/www.mondogrowkits.com\/wp-content\/uploads\/2025\/05\/ChatGPT-Image-23-mrt-2026-17_18_03-280x280.png 280w, https:\/\/www.mondogrowkits.com\/wp-content\/uploads\/2025\/05\/ChatGPT-Image-23-mrt-2026-17_18_03-768x768.png 768w, https:\/\/www.mondogrowkits.com\/wp-content\/uploads\/2025\/05\/ChatGPT-Image-23-mrt-2026-17_18_03-12x12.png 12w, https:\/\/www.mondogrowkits.com\/wp-content\/uploads\/2025\/05\/ChatGPT-Image-23-mrt-2026-17_18_03.png 1024w\" sizes=\"(max-width: 800px) 100vw, 800px\" title=\"\">\t\t\t\t\t\t\n\t\t\t\t\t<\/div>\n\t\t\t\t\t\t\t\t\n<style>\n#image_375834152 {\n  width: 100%;\n}\n<\/style>\n\t<\/div>\n\t\n\n\n\t\t<\/div>\n\t\t\t\t\t<\/div>\n\n\t\n\n<\/div>\n<div class=\"row\"  id=\"row-1781773841\">\n\n\n\t<div id=\"col-548476337\" class=\"col small-12 large-12\"  >\n\t\t\t\t<div class=\"col-inner\"  >\n\t\t\t\n\t\t\t\n\n\n\n<iframe width=\"1200\" height=\"650\" src=\"https:\/\/www.youtube.com\/embed\/xZMN5-o8_lo?si=XEVvNLqkpAjH-avD\" title=\"Reproductor de v\u00eddeo YouTube\" frameborder=\"0\" allow=\"accelerometer; autoplay; clipboard-write; encrypted-media; gyroscope; picture-in-picture; web-share\" referrerpolicy=\"strict-origin-when-cross-origin\" allowfullscreen><\/iframe>\n\n\n\t\t<\/div>\n\t\t\t\t\t<\/div>\n\n\t\n\n<\/div>\n<div class=\"row\"  id=\"row-1363974527\">\n\n\n\t<div id=\"col-329912740\" class=\"col small-12 large-12\"  >\n\t\t\t\t<div class=\"col-inner\"  >\n\t\t\t\n\t<div class=\"is-border\"\n\t\tstyle=\"border-width:0px 0px 0px 0px;\">\n\t<\/div>\n\t\t\t\n\n<h2>Manual del kit de cultivo<\/h2>\n<h3>Informaci\u00f3n sobre el producto<\/h3>\n<p><strong>Producto:<\/strong> Kit de cultivo con sustrato<br \/>\n<strong>Descripci\u00f3n:<\/strong> Un growkit de sustrato listo para el proceso de activaci\u00f3n y crecimiento.<br \/>\n<strong>Audiencia:<\/strong> Clientes principiantes con o sin experiencia previa en el cultivo.<\/p>\n<h3>Componentes incluidos<\/h3>\n<ul>\n<li>Kit de cultivo de sustrato<\/li>\n<li>Bolsa filtrante con adhesivo de sellado<\/li>\n<\/ul>\n<h3>Instrucciones paso a paso<\/h3>\n<h4>Paso 1: Preparaci\u00f3n<\/h4>\n<h5>Inspecci\u00f3n<\/h5>\n<ul>\n<li>Inspeccione el kit de cultivo en busca de contaminaci\u00f3n:\n<ul>\n<li><strong>Colores seguros:<\/strong> Micelio blanco, blanco amarillento<\/li>\n<li><strong>Colores inseguros (contaminaci\u00f3n):<\/strong> Verde, negro, rojo, rosa<\/li>\n<\/ul>\n<\/li>\n<li>Inspeccione la caja para asegurarse de que est\u00e1 intacta.<\/li>\n<li>Si hay contaminaci\u00f3n o la caja est\u00e1 rota, no active el kit. P\u00f3ngase en contacto inmediatamente con el servicio de atenci\u00f3n al cliente, ya que los productos contaminados no se pueden guardar.<\/li>\n<\/ul>\n<h5>Desinfecci\u00f3n<\/h5>\n<ul>\n<li>Limpie a fondo su lugar de trabajo, manos y antebrazos con jab\u00f3n antibacteriano y spray desinfectante.<\/li>\n<li>Si tienes el pelo largo, se recomienda recog\u00e9rtelo.<\/li>\n<li>Para una mayor esterilidad, puede utilizar guantes est\u00e9riles y una mascarilla.<\/li>\n<li>Trabaje en un entorno con poca corriente de aire y completamente limpio.<\/li>\n<\/ul>\n<h4>Paso 2: Hidrataci\u00f3n<\/h4>\n<ul>\n<li>Abra un lado de la tapa, llene el kit con agua potable y cierre la tapa.<\/li>\n<li>Coloque el kit de cultivo en el frigor\u00edfico durante 9-24 horas para que se empape. La duraci\u00f3n depende del tama\u00f1o del kit y de la temperatura ambiente de tu casa.<\/li>\n<\/ul>\n<h4>Paso 3: Activaci\u00f3n<\/h4>\n<ul>\n<li>Repita los pasos de desinfecci\u00f3n del paso 1.<\/li>\n<li>Abra la tapa por una esquina y escurra con cuidado el exceso de agua.<\/li>\n<li>A\u00f1ada aproximadamente 150 ml de agua potable directamente en la bolsa de cultivo suministrada.<\/li>\n<li>Coloque el kit de cultivo dentro de la bolsa de cultivo.<\/li>\n<li>Retire la tapa del kit de cultivo (no la deseche; la necesitar\u00e1 m\u00e1s adelante).<\/li>\n<li>Roc\u00ede agua en el interior de la bolsa para aumentar la humedad.<\/li>\n<li>Dobla bien la parte superior de la bolsa y ci\u00e9rrala con la pegatina suministrada. Aseg\u00farate de que la bolsa est\u00e9 inflada y contenga abundante aire fresco.<\/li>\n<li>Coloque el kit de cultivo en un lugar luminoso con luz solar indirecta.<\/li>\n<li>Mantenga una temperatura constante entre 23-27\u00b0C (nunca supere los 27\u00b0C).<\/li>\n<\/ul>\n<h4>Etapa 4: Fructificaci\u00f3n<\/h4>\n<ul>\n<li>Si la condensaci\u00f3n en el interior del saco de cultivo es escasa o nula, \u00e1bralo, roc\u00ede agua en el interior y vuelva a cerrarlo.<\/li>\n<li>Cuando aparezcan los primeros alfileres, deje de pulverizar agua.<\/li>\n<li>Introduce aire fresco abriendo la bolsa, exprimiendo suavemente el aire viejo (CO\u2082), permitiendo que entre aire fresco (O\u2082) y volviendo a cerrar la bolsa hinchada.<\/li>\n<li>Repita este intercambio de aire fresco de 1 a 3 veces al d\u00eda.<\/li>\n<\/ul>\n<h4>Paso 5: Recolecci\u00f3n<\/h4>\n<ul>\n<li>Repita los pasos de desinfecci\u00f3n del paso 1.<\/li>\n<li>Recoja las setas antes de que los sombreros se abran completamente para evitar la liberaci\u00f3n de esporas.<\/li>\n<li>Girar suavemente y sacar las setas del sustrato.<\/li>\n<\/ul>\n<h4>Paso 6: Segunda descarga<\/h4>\n<ul>\n<li>Repita los pasos 2-5.<\/li>\n<li>Aseg\u00farese de desinfectar la tapa antes de volver a utilizarla para cerrar el kit.<\/li>\n<\/ul>\n<h3>Trucos y consejos<\/h3>\n<ul>\n<li>La luz solar indirecta, las temperaturas entre 24-27\u00b0C y el aire fresco son esenciales para un crecimiento sano.<\/li>\n<li>Si no dispone de luz solar indirecta, utilice una luz de cultivo.<\/li>\n<li>Si te resulta dif\u00edcil mantener una temperatura constante, utiliza esterillas t\u00e9rmicas.<\/li>\n<li>Para mantener un microclima estable, considere la posibilidad de utilizar un Mondotub.<\/li>\n<li>Recoja las setas antes de que los sombreros se abran del todo para evitar la liberaci\u00f3n de esporas, que puede inhibir el crecimiento futuro.<\/li>\n<\/ul>\n<h3>Precauciones<\/h3>\n<ul>\n<li>Si no se desinfectan correctamente las manos, las superficies o las herramientas, puede producirse contaminaci\u00f3n. Los productos contaminados no se pueden guardar.<\/li>\n<li>Evite la luz solar directa y los ambientes demasiado calurosos, ya que el calor excesivo puede deshidratar y matar el micelio.<\/li>\n<li>Los Growkits pueden producir m\u00faltiples brotes con los cuidados adecuados, pero por razones de seguridad, no recomendamos m\u00e1s de un segundo brote.<\/li>\n<\/ul>\n<h3>Referencia r\u00e1pida para la resoluci\u00f3n de problemas<\/h3>\n<ul>\n<li><strong>Crecimiento lento o nulo:<\/strong> Compruebe la temperatura, la humedad y aseg\u00farese de que haya suficiente intercambio de aire fresco.<\/li>\n<li><strong>Deformaci\u00f3n de los hongos:<\/strong> Suele deberse a un intercambio de aire insuficiente o a un exceso de humedad.<\/li>\n<li><strong>Los alfileres se forman pero no maduran:<\/strong> Aumente el intercambio de aire fresco, garantice una iluminaci\u00f3n adecuada y compruebe la temperatura ambiente.<\/li>\n<li><strong>Moho o colores inusuales:<\/strong> Desechar inmediatamente si la contaminaci\u00f3n es visible y desinfectar la zona.<\/li>\n<\/ul>\n<h3>Atenci\u00f3n al cliente<\/h3>\n<p>Si necesita ayuda, p\u00f3ngase en contacto con nuestro equipo de atenci\u00f3n al cliente a trav\u00e9s de la p\u00e1gina de contacto.<\/p>\n\n\t\t<\/div>\n\t\t\t\t\t<\/div>\n\n\t\n\n<\/div>\n\n\t\t<\/div>\n\n\t\t\n<style>\n#section_294384922 {\n  padding-top: 30px;\n  padding-bottom: 30px;\n}\n<\/style>\n\t<\/section>","protected":false},"excerpt":{"rendered":"","protected":false},"author":1,"featured_media":674,"parent":0,"menu_order":0,"comment_status":"closed","ping_status":"closed","template":"page-blank.php","meta":{"footnotes":""},"class_list":["post-2811","page","type-page","status-publish","has-post-thumbnail","hentry"],"jetpack_sharing_enabled":true,"_links":{"self":[{"href":"https:\/\/www.mondogrowkits.com\/es\/wp-json\/wp\/v2\/pages\/2811","targetHints":{"allow":["GET"]}}],"collection":[{"href":"https:\/\/www.mondogrowkits.com\/es\/wp-json\/wp\/v2\/pages"}],"about":[{"href":"https:\/\/www.mondogrowkits.com\/es\/wp-json\/wp\/v2\/types\/page"}],"author":[{"embeddable":true,"href":"https:\/\/www.mondogrowkits.com\/es\/wp-json\/wp\/v2\/users\/1"}],"replies":[{"embeddable":true,"href":"https:\/\/www.mondogrowkits.com\/es\/wp-json\/wp\/v2\/comments?post=2811"}],"version-history":[{"count":8,"href":"https:\/\/www.mondogrowkits.com\/es\/wp-json\/wp\/v2\/pages\/2811\/revisions"}],"predecessor-version":[{"id":5279,"href":"https:\/\/www.mondogrowkits.com\/es\/wp-json\/wp\/v2\/pages\/2811\/revisions\/5279"}],"wp:featuredmedia":[{"embeddable":true,"href":"https:\/\/www.mondogrowkits.com\/es\/wp-json\/wp\/v2\/media\/674"}],"wp:attachment":[{"href":"https:\/\/www.mondogrowkits.com\/es\/wp-json\/wp\/v2\/media?parent=2811"}],"curies":[{"name":"wp","href":"https:\/\/api.w.org\/{rel}","templated":true}]}}