{"id":3,"date":"2025-04-01T14:28:59","date_gmt":"2025-04-01T14:28:59","guid":{"rendered":"https:\/\/staging.mondogrowkits.com\/?page_id=3"},"modified":"2026-03-12T18:42:56","modified_gmt":"2026-03-12T17:42:56","slug":"politica-de-privacidad","status":"publish","type":"page","link":"https:\/\/www.mondogrowkits.com\/es\/privacy-policy\/","title":{"rendered":"Pol\u00edtica de privacidad"},"content":{"rendered":"<div class=\"row\"  id=\"row-961103286\">\t<div id=\"col-620205216\" class=\"col small-12 large-12\"  >\t\t\t\t<div class=\"col-inner\"  >\t\t\t\t\t\t<h1>Pol\u00edtica de privacidad<\/h1><p><blockquote class=\"wp-embedded-content\" data-secret=\"b00GKq91GL\"><a href=\"https:\/\/www.mondogrowkits.com\/es\/\">Inicio<\/a><\/blockquote><iframe class=\"wp-embedded-content\" sandbox=\"allow-scripts\" security=\"restricted\" style=\"position: absolute; visibility: hidden;\" title=\"\u201cInicio\u201d - Mondo Growkits\" src=\"https:\/\/www.mondogrowkits.com\/embed\/#?secret=8GBOeSuZpz#?secret=b00GKq91GL\" data-secret=\"b00GKq91GL\" width=\"600\" height=\"338\" frameborder=\"0\" marginwidth=\"0\" marginheight=\"0\" scrolling=\"no\"><\/iframe><\/p><h2>Acerca de nuestra pol\u00edtica de privacidad<\/h2><p>MGK Log\u00edstica <a href=\"https:\/\/www.mondogrowkits.com\/es\/b-magic-mushroom-grow-kit\/\">B<\/a>.V. se preocupa mucho por su privacidad. Por ello, s\u00f3lo procesamos los datos que necesitamos para mejorar nuestros servicios y tratamos con cuidado la informaci\u00f3n que recopilamos sobre usted y el uso que hace de nuestros servicios. Sus datos nunca se pondr\u00e1n a disposici\u00f3n de terceros con fines comerciales.<\/p><p>La presente pol\u00edtica de privacidad se aplica al uso del sitio web y a los servicios prestados en \u00e9l. <strong>mondogrowkits.com<\/strong>. La fecha de entrada en vigor de esta pol\u00edtica es <strong>1 de enero de 2024<\/strong>. Cuando se publica una nueva versi\u00f3n, todas las versiones anteriores pierden su validez.<\/p><p>Esta pol\u00edtica de privacidad describe qu\u00e9 datos recogemos sobre usted, para qu\u00e9 se utilizan y con qui\u00e9n y en qu\u00e9 condiciones pueden compartirse con terceros. Tambi\u00e9n explicamos c\u00f3mo almacenamos sus datos, c\u00f3mo los protegemos contra el uso indebido y qu\u00e9 derechos tiene usted en relaci\u00f3n con los datos personales que nos facilita.<\/p><p>Si tiene alguna pregunta sobre nuestra pol\u00edtica de privacidad, puede ponerse en contacto con nuestra persona de contacto de privacidad utilizando los datos que figuran al final de esta pol\u00edtica.<\/p><hr><h2>Tratamiento de datos<\/h2><p>A continuaci\u00f3n puede leer c\u00f3mo procesamos sus datos, d\u00f3nde los almacenamos, qu\u00e9 t\u00e9cnicas de seguridad utilizamos y qui\u00e9n tiene acceso a ellos.<\/p><hr><h2>Software de tienda virtual<\/h2><h3>WooCommerce<\/h3><p>Nuestra tienda virtual est\u00e1 desarrollada con <strong>WooCommerce<\/strong> software. Los datos personales que usted ponga a nuestra disposici\u00f3n para nuestros servicios podr\u00e1n ser compartidos con esta parte.<\/p><p>WooCommerce tiene acceso a sus datos para proporcionar soporte t\u00e9cnico y nunca utilizar\u00e1 sus datos para ning\u00fan otro prop\u00f3sito. WooCommerce est\u00e1 obligado, en base al acuerdo que tenemos con ellos, a tomar las medidas de seguridad apropiadas. Estas medidas incluyen encriptaci\u00f3n SSL y pol\u00edticas de contrase\u00f1as seguras.<\/p><p>WooCommerce utiliza cookies para recopilar informaci\u00f3n t\u00e9cnica relacionada con su uso del software. No se recogen ni almacenan datos personales con este fin.<\/p><hr><h2>Alojamiento web<\/h2><h3>Tostado<\/h3><p>Adquirimos servicios de alojamiento web a <strong>Tostado<\/strong>. Hoasted procesa los datos personales en nuestro nombre y no los utiliza para sus propios fines.<\/p><p>Sin embargo, esta parte puede recopilar metadatos relativos al uso de los servicios. No se trata de datos personales. Hoasted ha adoptado las medidas t\u00e9cnicas y organizativas adecuadas para evitar la p\u00e9rdida y el uso no autorizado de sus datos personales.<\/p><p>Hoasted est\u00e1 sujeto a acuerdos de confidencialidad.<\/p><hr><h2>Listas de correo y correo electr\u00f3nico<\/h2><h3>Brevo<\/h3><p>Utilizamos <strong>Brevo<\/strong> para el env\u00edo de boletines y comunicaciones automatizadas por correo electr\u00f3nico.<\/p><p>Brevo nunca utilizar\u00e1 su nombre y direcci\u00f3n de correo electr\u00f3nico para sus propios fines. En la parte inferior de cada correo electr\u00f3nico enviado autom\u00e1ticamente a trav\u00e9s de nuestro sitio web encontrar\u00e1 un <strong>enlace para darse de baja<\/strong>. Si utiliza este enlace, dejar\u00e1 de recibir nuestro bolet\u00edn.<\/p><p>Brevo almacena sus datos personales de forma segura. Brevo puede utilizar cookies y tecnolog\u00edas de Internet para rastrear si los correos electr\u00f3nicos se abren y se leen. Esta informaci\u00f3n ayuda a mejorar nuestra comunicaci\u00f3n.<\/p><hr><h2>Procesadores de pagos<\/h2><h3>Icepay y Cardgate<\/h3><p>Para procesar los pagos en nuestra tienda en l\u00ednea utilizamos la aplicaci\u00f3n <a href=\"https:\/\/www.mondogrowkits.com\/es\/payment-options\/\">pago<\/a> plataformas <strong>Icepay<\/strong> y <strong>Cardgate<\/strong>.<\/p><p>Estos proveedores procesan su nombre, direcci\u00f3n, datos de pago y otra informaci\u00f3n necesaria para completar la transacci\u00f3n. Ambas empresas han adoptado las medidas t\u00e9cnicas y organizativas adecuadas para proteger sus datos personales.<\/p><hr><h2>Rese\u00f1as<\/h2><h3>WebwinkelKeur<\/h3><p>Recopilamos opiniones a trav\u00e9s del <strong>WebwinkelKeur<\/strong> plataforma.<\/p><p>Si deja una opini\u00f3n a trav\u00e9s de WebwinkelKeur, se le pedir\u00e1 que proporcione su nombre y direcci\u00f3n de correo electr\u00f3nico. WebwinkelKeur comparte estos datos con nosotros para que podamos vincular la rese\u00f1a a su pedido. WebwinkelKeur tambi\u00e9n puede publicar su nombre en su sitio web.<\/p><p>En algunos casos, WebwinkelKeur podr\u00e1 ponerse en contacto con usted para pedirle aclaraciones sobre su rese\u00f1a.<\/p><p>WebwinkelKeur ha adoptado las medidas t\u00e9cnicas y organizativas adecuadas para proteger sus datos personales.<\/p><hr><h2>Env\u00edos y log\u00edstica<\/h2><h3>FedEx<\/h3><p>Cuando nos hace un pedido, es nuestra responsabilidad entregarle el paquete.<\/p><p>Utilizamos los servicios de <strong>FedEx<\/strong> para las entregas. Para ello, compartimos su nombre, direcci\u00f3n y datos de la ciudad con FedEx. FedEx utiliza esta informaci\u00f3n \u00fanicamente para realizar el servicio de entrega.<\/p><p>Si FedEx utiliza subcontratistas, sus datos tambi\u00e9n pueden ser compartidos con estas partes.<\/p><hr><h2>Contabilidad y tenedur\u00eda de libros<\/h2><h3>Exact Online<\/h3><p>Para nuestra administraci\u00f3n y contabilidad utilizamos <strong>Exact Online<\/strong>.<\/p><p>Compartimos su nombre, direcci\u00f3n e informaci\u00f3n de pedido con Exact Online para procesar facturas y mantener registros financieros. Sus datos se transmiten y almacenan de forma segura. Exact Online ha adoptado las medidas t\u00e9cnicas y organizativas necesarias para proteger sus datos personales.<\/p><hr><h2>Canales de venta externos<\/h2><h3>Bol.com y Amazon<\/h3><p>Vendemos algunos de nuestros productos a trav\u00e9s de las plataformas <strong>Bol.com<\/strong> y <strong>Amazon<\/strong>.<\/p><p>Si realiza un pedido a trav\u00e9s de una de estas plataformas, \u00e9stas comparten su pedido y sus datos personales con nosotros. Utilizamos esta informaci\u00f3n \u00fanicamente para procesar y entregar su pedido.<\/p><p>Tratamos estos datos confidencialmente y hemos aplicado las medidas de seguridad adecuadas.<\/p><hr><h2>Finalidad del tratamiento de datos<\/h2><h3>Finalidad general del tratamiento<\/h3><p>Utilizamos sus datos exclusivamente para prestar nuestros servicios. Esto significa que la finalidad del tratamiento est\u00e1 siempre directamente relacionada con el pedido o la solicitud que usted realiza.<\/p><p>No utilizamos sus datos para marketing dirigido a menos que usted haya dado su consentimiento expl\u00edcito.<\/p><p>Sus datos no se compartir\u00e1n con terceros, salvo cuando sea necesario para cumplir obligaciones administrativas, contables o legales.<\/p><p>Todos los terceros implicados est\u00e1n sujetos a acuerdos de confidencialidad.<\/p><hr><h2>Datos recogidos autom\u00e1ticamente<\/h2><p>Los datos recogidos autom\u00e1ticamente por nuestro sitio web se utilizan para seguir mejorando nuestros servicios.<\/p><p>Algunos ejemplos son:<\/p><ul>\n<li>Direcci\u00f3n IP<\/li>\n<li>Navegador web<\/li>\n<li>Sistema operativo<\/li>\n<\/ul><p>Estos datos no se utilizan para identificar personalmente a los visitantes.<\/p><hr><h2>Conservaci\u00f3n de datos<\/h2><p>Conservamos sus datos mientras siga siendo cliente nuestro.<\/p><p>Si indica que ya no desea utilizar nuestros servicios, lo interpretaremos como una solicitud de supresi\u00f3n de sus datos.<\/p><p>No almacenaremos sus datos personales durante m\u00e1s de <strong>dos a\u00f1os despu\u00e9s de su \u00faltima transacci\u00f3n o contacto<\/strong>, salvo que estemos obligados a conservar determinada informaci\u00f3n por imperativo legal.<\/p><p>Las facturas que contengan datos personales deben conservarse durante el periodo administrativo legalmente establecido.<\/p><hr><h2>Sus derechos<\/h2><p>En virtud de la legislaci\u00f3n europea y neerlandesa sobre protecci\u00f3n de datos (GDPR), usted tiene varios derechos en relaci\u00f3n con sus datos personales.<\/p><p>Estos derechos incluyen:<\/p><ul>\n<li>Derecho de acceso<\/li>\n<li>Derecho de rectificaci\u00f3n<\/li>\n<li>Derecho a la limitaci\u00f3n del tratamiento<\/li>\n<li>Derecho a la portabilidad de los datos<\/li>\n<li>Derecho a oponerse al tratamiento<\/li>\n<li>Derecho a solicitar la supresi\u00f3n de sus datos<\/li>\n<\/ul><p>Para evitar usos indebidos, por lo general s\u00f3lo enviaremos copias de sus datos a la direcci\u00f3n de correo electr\u00f3nico que ya conocemos.<\/p><p>Tambi\u00e9n tiene derecho a presentar una denuncia ante el <strong>Autoridad neerlandesa de protecci\u00f3n de datos (Autoriteit Persoonsgegevens)<\/strong> si cree que sus datos personales se est\u00e1n tratando incorrectamente.<\/p><hr><h2>Cookies<\/h2><h3>Google Analytics<\/h3><p>Nuestro sitio web utiliza cookies de <strong>Google Analytics<\/strong> analizar el uso que hacen los visitantes del sitio web.<\/p><p>Esto nos permite controlar el uso del sitio web y mejorar nuestros servicios.<\/p><p>No hemos permitido que Google utilice la informaci\u00f3n anal\u00edtica recopilada para otros servicios de Google.<\/p><hr><h2>Cookies de terceros<\/h2><p>Si las soluciones de software de terceros utilizan cookies, se indicar\u00e1 en esta pol\u00edtica de privacidad.<\/p><hr><h2>Cambios en la pol\u00edtica de privacidad<\/h2><p>Nos reservamos el derecho a modificar esta pol\u00edtica de privacidad en cualquier momento.<\/p><p>La versi\u00f3n m\u00e1s reciente estar\u00e1 siempre disponible en esta p\u00e1gina. Si los cambios afectan a la forma en que tratamos los datos ya recogidos sobre usted, se lo notificaremos por correo electr\u00f3nico.<\/p><hr><h2>Informaci\u00f3n de contacto<\/h2><p> MGK Logistics B.V.<br \/> Newtonstraat 25<br \/> 1446 VP Purmerend<br \/> Pa\u00edses Bajos <\/p><p>P\u00e1gina web: <a href=\"https:\/\/www.mondogrowkits.com\/es\/\">https:\/\/www.mondogrowkits.com<\/a><\/p>\t\t<\/div>\t\t\t\t\t<\/div>\t<\/div>","protected":false},"excerpt":{"rendered":"","protected":false},"author":1,"featured_media":0,"parent":0,"menu_order":0,"comment_status":"closed","ping_status":"closed","template":"","meta":{"footnotes":""},"class_list":["post-3","page","type-page","status-publish","hentry"],"jetpack_sharing_enabled":true,"_links":{"self":[{"href":"https:\/\/www.mondogrowkits.com\/es\/wp-json\/wp\/v2\/pages\/3","targetHints":{"allow":["GET"]}}],"collection":[{"href":"https:\/\/www.mondogrowkits.com\/es\/wp-json\/wp\/v2\/pages"}],"about":[{"href":"https:\/\/www.mondogrowkits.com\/es\/wp-json\/wp\/v2\/types\/page"}],"author":[{"embeddable":true,"href":"https:\/\/www.mondogrowkits.com\/es\/wp-json\/wp\/v2\/users\/1"}],"replies":[{"embeddable":true,"href":"https:\/\/www.mondogrowkits.com\/es\/wp-json\/wp\/v2\/comments?post=3"}],"version-history":[{"count":7,"href":"https:\/\/www.mondogrowkits.com\/es\/wp-json\/wp\/v2\/pages\/3\/revisions"}],"predecessor-version":[{"id":4370,"href":"https:\/\/www.mondogrowkits.com\/es\/wp-json\/wp\/v2\/pages\/3\/revisions\/4370"}],"wp:attachment":[{"href":"https:\/\/www.mondogrowkits.com\/es\/wp-json\/wp\/v2\/media?parent=3"}],"curies":[{"name":"wp","href":"https:\/\/api.w.org\/{rel}","templated":true}]}}