{"id":3317,"date":"2026-01-25T13:29:44","date_gmt":"2026-01-25T12:29:44","guid":{"rendered":"https:\/\/www.mondogrowkits.com\/?page_id=3317"},"modified":"2026-01-25T13:37:53","modified_gmt":"2026-01-25T12:37:53","slug":"jeringa-de-esporas-manual-2","status":"publish","type":"page","link":"https:\/\/www.mondogrowkits.com\/es\/spore-syringe-manual-2\/","title":{"rendered":"Manual de la jeringa de esporas"},"content":{"rendered":"<section class=\"section\" id=\"section_1266440914\">\t\t<div class=\"section-bg fill\" >\t\t\t\t\t\t\t\t\t\t\t\t\t\t<\/div>\t\t\t\t<div class=\"section-content relative\">\t\t\t\t<div id=\"gap-1197929908\" class=\"gap-element clearfix\" style=\"display:block; height:auto;\">\t\t<style>\n#gap-1197929908 {\n  padding-top: 30px;\n}\n<\/style>\t<\/div>\t<div class=\"row row-large\"  id=\"row-314986381\">\t<div id=\"col-535479337\" class=\"col medium-12 small-12 large-7\"  >\t\t\t\t<div class=\"col-inner\"  >\t\t\t\t\t\t\t<div id=\"text-4041961416\" class=\"text\">\t\t<h1>Jeringa de esporas - Gu\u00eda de activaci\u00f3n<\/h1>\t\t<style>\n#text-4041961416 {\n  font-size: 1.4rem;\n  color: #d55a46;\n}\n#text-4041961416 > * {\n  color: #d55a46;\n}\n<\/style>\t<\/div>\t\t<div id=\"text-2816816212\" class=\"text\">\t\t<h2>C\u00f3mo empezar<\/h2>\t\t<style>\n#text-2816816212 {\n  font-size: 1.2rem;\n}\n<\/style>\t<\/div>\t<p>Esta gu\u00eda proporciona todas las instrucciones esenciales para utilizar correctamente un <a href=\"https:\/\/www.mondogrowkits.com\/es\/psilocybe-cubensis-spore-syringes\/\">jeringa de esporas<\/a> para la inoculaci\u00f3n de sustratos. Explica los pasos clave de preparaci\u00f3n e inyecci\u00f3n necesarios para garantizar un proceso de inoculaci\u00f3n limpio y satisfactorio.<\/p><p>Encontrar\u00e1 orientaciones claras sobre inspecci\u00f3n, esterilizaci\u00f3n y t\u00e9cnicas de inyecci\u00f3n adecuadas para ayudar a minimizar los riesgos de contaminaci\u00f3n y favorecer un desarrollo sano del micelio.<\/p><p>Siga cada paso cuidadosamente para utilizar su jeringa de esporas correctamente y promover una colonizaci\u00f3n consistente y fiable del <a href=\"https:\/\/www.mondogrowkits.com\/es\/sterilised-substrate\/\">sustrato<\/a>.<\/p><a href=\"https:\/\/www.mondogrowkits.com\/wp-content\/uploads\/2025\/12\/Spore-Syringe-Manual.pdf\" target=\"_blank\" class=\"button primary is-large\" rel=\"noopener\" style=\"border-radius:99px;\">\n\t\t<span>Descargar manual<\/span>\n\t<\/a><a class=\"button secondary is-large\" style=\"border-radius:99px;\">\n\t\t<span>V\u00eddeo instructivo<\/span>\n\t<\/a>\t\t<\/div>\t\t\t\t\t<\/div>\t\t<div id=\"col-631315026\" class=\"col medium-12 small-12 large-5\"  >\t\t\t\t<div class=\"col-inner\"  >\t\t\t\t\t\t\t<div class=\"img has-hover x md-x lg-x y md-y lg-y\" id=\"image_1501613102\">\t\t\t\t\t\t\t\t<div class=\"img-inner image-cover dark\" style=\"padding-top:100%;\">\t\t\t<img decoding=\"async\" width=\"800\" height=\"800\" src=\"https:\/\/www.mondogrowkits.com\/wp-content\/uploads\/2025\/07\/SPORE_SYRINGE_longest1500-800x800.png\" class=\"attachment-large size-large\" alt=\"Jeringa para esporas de Psilocybe Cubensis\" srcset=\"https:\/\/www.mondogrowkits.com\/wp-content\/uploads\/2025\/07\/SPORE_SYRINGE_longest1500-800x800.png 800w, https:\/\/www.mondogrowkits.com\/wp-content\/uploads\/2025\/07\/SPORE_SYRINGE_longest1500-400x400.png 400w, https:\/\/www.mondogrowkits.com\/wp-content\/uploads\/2025\/07\/SPORE_SYRINGE_longest1500-100x100.png 100w, https:\/\/www.mondogrowkits.com\/wp-content\/uploads\/2025\/07\/SPORE_SYRINGE_longest1500-1000x1000.png 1000w, https:\/\/www.mondogrowkits.com\/wp-content\/uploads\/2025\/07\/SPORE_SYRINGE_longest1500-280x280.png 280w, https:\/\/www.mondogrowkits.com\/wp-content\/uploads\/2025\/07\/SPORE_SYRINGE_longest1500-768x768.png 768w, https:\/\/www.mondogrowkits.com\/wp-content\/uploads\/2025\/07\/SPORE_SYRINGE_longest1500-12x12.png 12w, https:\/\/www.mondogrowkits.com\/wp-content\/uploads\/2025\/07\/SPORE_SYRINGE_longest1500.png 1500w\" sizes=\"(max-width: 800px) 100vw, 800px\" title=\"\">\t\t\t\t\t\t\t\t\t\t\t<\/div>\t\t\t\t\t\t\t\t<style>\n#image_1501613102 {\n  width: 100%;\n}\n<\/style>\t<\/div>\t\t\t<\/div>\t\t\t\t\t<\/div>\t<\/div><div class=\"row\"  id=\"row-72865292\">\t<div id=\"col-2026844300\" class=\"col small-12 large-12\"  >\t\t\t\t<div class=\"col-inner\"  >\t\t\t\t<div class=\"is-border\"\n\t\tstyle=\"border-width:0px 0px 0px 0px;\">\t<\/div>\t\t\t<h2>Manual de la jeringa de esporas<\/h2><h3>Informaci\u00f3n sobre el producto<\/h3><p>    <strong>Producto:<\/strong> Jeringa de esporas<br \/>    <strong>Descripci\u00f3n:<\/strong> Jeringa con 20 ml de suspensi\u00f3n de esporas en agua desmineralizada, apta para la inoculaci\u00f3n directa en sustratos.<br \/>    <strong>Audiencia:<\/strong> Clientes de nivel intermedio con experiencia previa en cultivo.<\/p><h3>Componentes incluidos<\/h3><ul>\n<li>Jeringa de esporas de 20 ml (suspensi\u00f3n de esporas en agua desmineralizada)<\/li>\n<li>1x aguja est\u00e9ril<\/li>\n<li>Hisopos con alcohol<\/li>\n<\/ul><h3>Instrucciones paso a paso<\/h3><h4>Paso 1: Preparativos<\/h4><h5>Inspecci\u00f3n<\/h5><ul>\n<li>Inspeccione la jeringa de esporas para asegurarse de que el l\u00edquido es claro y libre de contaminaci\u00f3n visible.<\/li>\n<\/ul><h5>Preparaci\u00f3n y desinfecci\u00f3n de jeringuillas<\/h5><ul>\n<li>Retire el capuch\u00f3n protector de la jeringa.<\/li>\n<li>Desinfecte la punta de la jeringa con el hisopo con alcohol suministrado.<\/li>\n<li>Saque con cuidado la aguja est\u00e9ril de su embalaje.<\/li>\n<li>Fije bien la aguja a la jeringa y desinf\u00e9ctela.<\/li>\n<li>Desinfecte a fondo el puerto de inyecci\u00f3n del sustrato elegido.<\/li>\n<\/ul><h4>Paso 2: Inyectar en el sustrato<\/h4><ul>\n<li>Agite suavemente la jeringa para distribuir uniformemente las esporas en el l\u00edquido.<\/li>\n<li>Inyecte todo el contenido de la jeringa a trav\u00e9s del puerto de inyecci\u00f3n de su kit de cultivo.<\/li>\n<li>Incline la caja de cultivo hacia los lados y hacia arriba y abajo, o masajee suavemente la bolsa de cultivo, para distribuir uniformemente la soluci\u00f3n de esporas por todo el sustrato.<\/li>\n<\/ul>\t\t<\/div>\t\t\t\t\t<\/div>\t<\/div>\t\t<\/div>\t\t<style>\n#section_1266440914 {\n  padding-top: 30px;\n  padding-bottom: 30px;\n}\n<\/style>\t<\/section>","protected":false},"excerpt":{"rendered":"","protected":false},"author":1,"featured_media":674,"parent":0,"menu_order":0,"comment_status":"closed","ping_status":"closed","template":"page-blank.php","meta":{"footnotes":""},"class_list":["post-3317","page","type-page","status-publish","has-post-thumbnail","hentry"],"jetpack_sharing_enabled":true,"_links":{"self":[{"href":"https:\/\/www.mondogrowkits.com\/es\/wp-json\/wp\/v2\/pages\/3317","targetHints":{"allow":["GET"]}}],"collection":[{"href":"https:\/\/www.mondogrowkits.com\/es\/wp-json\/wp\/v2\/pages"}],"about":[{"href":"https:\/\/www.mondogrowkits.com\/es\/wp-json\/wp\/v2\/types\/page"}],"author":[{"embeddable":true,"href":"https:\/\/www.mondogrowkits.com\/es\/wp-json\/wp\/v2\/users\/1"}],"replies":[{"embeddable":true,"href":"https:\/\/www.mondogrowkits.com\/es\/wp-json\/wp\/v2\/comments?post=3317"}],"version-history":[{"count":2,"href":"https:\/\/www.mondogrowkits.com\/es\/wp-json\/wp\/v2\/pages\/3317\/revisions"}],"predecessor-version":[{"id":3320,"href":"https:\/\/www.mondogrowkits.com\/es\/wp-json\/wp\/v2\/pages\/3317\/revisions\/3320"}],"wp:featuredmedia":[{"embeddable":true,"href":"https:\/\/www.mondogrowkits.com\/es\/wp-json\/wp\/v2\/media\/674"}],"wp:attachment":[{"href":"https:\/\/www.mondogrowkits.com\/es\/wp-json\/wp\/v2\/media?parent=3317"}],"curies":[{"name":"wp","href":"https:\/\/api.w.org\/{rel}","templated":true}]}}