{"id":4137,"date":"2026-03-05T18:42:53","date_gmt":"2026-03-05T17:42:53","guid":{"rendered":"https:\/\/www.mondogrowkits.com\/?page_id=4137"},"modified":"2026-05-07T12:19:44","modified_gmt":"2026-05-07T11:19:44","slug":"biblioteca-variedades-setas-magicas","status":"publish","type":"page","link":"https:\/\/www.mondogrowkits.com\/es\/magic-mushroom-strain-library\/","title":{"rendered":"Biblioteca de cepas de hongos m\u00e1gicos"},"content":{"rendered":"<section class=\"section\" id=\"section_1377554646\">\t\t<div class=\"section-bg fill\" >\t\t\t\t\t\t\t\t\t\t\t\t\t\t<\/div>\t\t\t\t<div class=\"section-content relative\">\t\t\t<div class=\"row\"  id=\"row-45247862\">\t<div id=\"col-365638092\" class=\"col small-12 large-12\"  >\t\t\t\t<div class=\"col-inner\"  >\t\t\t\t\t\t<div class=\"row align-middle\"  id=\"row-1888638526\">\t<div id=\"col-595955134\" class=\"col medium-7 small-12 large-7\"  >\t\t\t\t<div class=\"col-inner\"  >\t\t\t\t\t\t\t<div id=\"text-971730930\" class=\"text\">\t\t<h1>Biblioteca de cepas de hongos m\u00e1gicos<\/h1>\t\t<style>\n#text-971730930 {\n  font-size: 1.4rem;\n}\n<\/style>\t<\/div>\t\t<div id=\"text-1942343199\" class=\"text\">\t\t<h3 class=\"thin-font\"><strong>Gu\u00eda completa de cepas de Psilocybe cubensis con informaci\u00f3n sobre potencia, efectos y cultivo<\/strong><\/h3>\t\t<style>\n#text-1942343199 {\n  font-size: 1.1rem;\n  text-align: left;\n  color: #009162;\n}\n#text-1942343199 > * {\n  color: #009162;\n}\n<\/style>\t<\/div>\t<p data-start=\"111\" data-end=\"210\">Bienvenido a la Biblioteca de Cepas del Champi\u00f1\u00f3n M\u00e1gico - su gu\u00eda completa para <em data-start=\"181\" data-end=\"201\"><a href=\"https:\/\/www.mondogrowkits.com\/es\/what-is-psilocybin\/\">Psilocybe cubensis<\/a><\/em> cepas.<\/p><p data-start=\"212\" data-end=\"491\">Aqu\u00ed puedes explorar y comparar las variedades de setas m\u00e1gicas m\u00e1s populares en funci\u00f3n de su potencia, efectos, dificultad de cultivo y rendimiento. Aunque la mayor\u00eda de las setas psicod\u00e9licas pertenecen a la misma especie, las cepas individuales pueden diferir significativamente en potencia, apariencia y experiencia general.<\/p><p data-start=\"493\" data-end=\"760\">Esta biblioteca est\u00e1 dise\u00f1ada para ayudarte a comprender r\u00e1pidamente esas diferencias. Tanto si buscas una cepa apta para principiantes con una r\u00e1pida colonizaci\u00f3n, como una variedad m\u00e1s potente con efectos m\u00e1s potentes, encontrar\u00e1s informaci\u00f3n clara y estructurada para guiar tu elecci\u00f3n.<\/p><p data-start=\"762\" data-end=\"914\">Compara f\u00e1cilmente cepas y descubre cu\u00e1l se adapta mejor a tus preferencias, experiencia de cultivo y resultados deseados, para que puedas elegir con confianza.<\/p><a href=\"https:\/\/www.mondogrowkits.com\/es\/kits-de-cultivo-de-setas-magicas-3\/\" class=\"button secondary\" style=\"border-radius:99px;padding:0px 30px 0px 30px;\">\n\t\t<span>Kits de cultivo<\/span>\n\t<\/a><a href=\"https:\/\/www.mondogrowkits.com\/es\/bolsas-de-cultivo-magic-mushrooms\/\" class=\"button success\" style=\"border-radius:99px;padding:0px 30px 0px 30px;\">\n\t\t<span>Bolsas de cultivo<\/span>\n\t<\/a>\t\t<\/div>\t\t\t\t\t<\/div>\t\t<div id=\"col-230636943\" class=\"col medium-5 small-12 large-5\"  >\t\t\t\t<div class=\"col-inner\"  >\t\t\t\t\t\t\t<div class=\"img has-hover x md-x lg-x y md-y lg-y\" id=\"image_662715552\">\t\t\t\t\t\t\t\t<div class=\"img-inner image-cover dark\" style=\"padding-top:100%;\">\t\t\t<img decoding=\"async\" width=\"800\" height=\"800\" src=\"https:\/\/www.mondogrowkits.com\/wp-content\/uploads\/2025\/05\/ChatGPT-Image-23-mrt-2026-17_24_08-800x800.png\" class=\"attachment-large size-large\" alt=\"Amazonian - Kit de cultivo de setas m\u00e1gicas\" srcset=\"https:\/\/www.mondogrowkits.com\/wp-content\/uploads\/2025\/05\/ChatGPT-Image-23-mrt-2026-17_24_08-800x800.png 800w, https:\/\/www.mondogrowkits.com\/wp-content\/uploads\/2025\/05\/ChatGPT-Image-23-mrt-2026-17_24_08-400x400.png 400w, https:\/\/www.mondogrowkits.com\/wp-content\/uploads\/2025\/05\/ChatGPT-Image-23-mrt-2026-17_24_08-100x100.png 100w, https:\/\/www.mondogrowkits.com\/wp-content\/uploads\/2025\/05\/ChatGPT-Image-23-mrt-2026-17_24_08-1000x1000.png 1000w, https:\/\/www.mondogrowkits.com\/wp-content\/uploads\/2025\/05\/ChatGPT-Image-23-mrt-2026-17_24_08-280x280.png 280w, https:\/\/www.mondogrowkits.com\/wp-content\/uploads\/2025\/05\/ChatGPT-Image-23-mrt-2026-17_24_08-768x768.png 768w, https:\/\/www.mondogrowkits.com\/wp-content\/uploads\/2025\/05\/ChatGPT-Image-23-mrt-2026-17_24_08-12x12.png 12w, https:\/\/www.mondogrowkits.com\/wp-content\/uploads\/2025\/05\/ChatGPT-Image-23-mrt-2026-17_24_08.png 1024w\" sizes=\"(max-width: 800px) 100vw, 800px\" title=\"\">\t\t\t\t\t\t\t\t\t\t\t<\/div>\t\t\t\t\t\t\t\t<style>\n#image_662715552 {\n  width: 100%;\n}\n<\/style>\t<\/div>\t\t\t<\/div>\t\t\t\t\t<\/div>\t<\/div>\t<div id=\"gap-1954350122\" class=\"gap-element clearfix\" style=\"display:block; height:auto;\">\t\t<style>\n#gap-1954350122 {\n  padding-top: 30px;\n}\n<\/style>\t<\/div>\t\t<div id=\"text-3791255121\" class=\"text\">\t\t<h2>Explorar todas las cepas de hongos m\u00e1gicos<\/h2>\t\t<style>\n#text-3791255121 {\n  font-size: 1.05rem;\n  text-align: left;\n}\n<\/style>\t<\/div>\t<p>Explore nuestra colecci\u00f3n completa de variedades de setas a continuaci\u00f3n. Haz clic en una variedad para ver una gu\u00eda detallada.<\/p><div class=\"row align-equal\"  id=\"row-1858781041\">\t<div id=\"col-1429538407\" class=\"col medium-3 small-12 large-3\"  >\t\t\t\t<div class=\"col-inner\"  >\t\t\t\t<div class=\"is-border\"\n\t\tstyle=\"border-color:rgb(0, 145, 98);border-radius:10px;border-width:1px 1px 1px 1px;\">\t<\/div>\t\t\t\t<div id=\"text-1164025252\" class=\"text\">\t\t<h3>Variedades aptas para principiantes<\/h3>\t\t<style>\n#text-1164025252 {\n  color: #009162;\n}\n#text-1164025252 > * {\n  color: #009162;\n}\n<\/style>\t<\/div>\t<ul style=\"list-style: none; padding-left: 0; margin: 0;\">\n  <li style=\"margin-bottom: 8px;\">> <a href=\"\/es\/biblioteca-variedades-setas-magicas\/golden-teacher-psilocybe-cubensis-variedad\/\"><strong>Golden Teacher<\/strong><\/a><\/li>\n  <li style=\"margin-bottom: 8px;\">> <a href=\"\/es\/biblioteca-variedades-setas-magicas\/b-mas-psilocybe-cubensis-cepa\/\"><strong>B+<\/strong><\/a><\/li>\n  <li style=\"margin-bottom: 8px;\">> <a href=\"\/es\/biblioteca-variedades-setas-magicas\/mazatapec-psilocybe-cubensis-strain\/\"><strong>Mazatapec<\/strong><\/a><\/li>\n  <li>> <a href=\"\/es\/biblioteca-variedades-setas-magicas\/cepa-camboyana-de-psilocybe-cubensis\/\"><strong>Cambodian<\/strong><\/a><\/li>\n<\/ul>\t\t<\/div>\t\t\t\t<style>\n#col-1429538407 > .col-inner {\n  padding: 20px 20px 20px 20px;\n}\n<\/style>\t<\/div>\t\t<div id=\"col-904690007\" class=\"col medium-3 small-12 large-3\"  >\t\t\t\t<div class=\"col-inner\"  >\t\t\t\t<div class=\"is-border\"\n\t\tstyle=\"border-color:rgb(0, 145, 98);border-radius:10px;border-width:1px 1px 1px 1px;\">\t<\/div>\t\t\t\t<div id=\"text-866734948\" class=\"text\">\t\t<h3>Cepas de alta potencia<\/h3>\t\t<style>\n#text-866734948 {\n  color: #009162;\n}\n#text-866734948 > * {\n  color: #009162;\n}\n<\/style>\t<\/div>\t<ul style=\"list-style: none; padding-left: 0;\">\n  <li style=\"margin-bottom: 6px;\">&gt; <a href=\"\/es\/biblioteca-variedades-setas-magicas\/pene-envidia-psilocybe-cubensis-cepa\/\"><strong>Penis Envy<\/strong><\/a><\/li>\n  <li style=\"margin-bottom: 6px;\">&gt; <a href=\"\/es\/biblioteca-variedades-setas-magicas\/jedi-mind-fuck-psilocybe-cubensis-strain\/\"><strong>Jedi Mind Fuck<\/strong><\/a><\/li>\n  <li style=\"margin-bottom: 6px;\">&gt; <a href=\"\/es\/biblioteca-variedades-setas-magicas\/yeti-psilocybe-cubensis-strain\/\"><strong>Yeti<\/strong><\/a><\/li>\n  <li>&gt; <a href=\"\/es\/biblioteca-variedades-setas-magicas\/blue-ghost-psilocybe-cubensis-strain\/\"><strong>Blue Ghost<\/strong><\/a><\/li>\n<\/ul>\t\t<\/div>\t\t\t\t<style>\n#col-904690007 > .col-inner {\n  padding: 20px 20px 20px 20px;\n}\n<\/style>\t<\/div>\t\t<div id=\"col-1578660590\" class=\"col medium-3 small-12 large-3\"  >\t\t\t\t<div class=\"col-inner\"  >\t\t\t\t<div class=\"is-border\"\n\t\tstyle=\"border-color:rgb(0, 145, 98);border-radius:10px;border-width:1px 1px 1px 1px;\">\t<\/div>\t\t\t\t<div id=\"text-1918332226\" class=\"text\">\t\t<h3>Cepas ex\u00f3ticas y raras<\/h3>\t\t<style>\n#text-1918332226 {\n  color: #009162;\n}\n#text-1918332226 > * {\n  color: #009162;\n}\n<\/style>\t<\/div>\t<ul style=\"list-style: none; padding-left: 0;\">\n  <li style=\"margin-bottom: 6px;\">&gt; <a href=\"\/es\/biblioteca-variedades-setas-magicas\/jack-frost-psilocybe-cubensis-strain\/\"><strong>Jack Frost<\/strong><\/a><\/li>\n  <li style=\"margin-bottom: 6px;\">&gt; <a href=\"\/es\/biblioteca-variedades-setas-magicas\/averys-albino-psilocybe-cubensis-strain\/\"><strong>Avery's Albino<\/strong><\/a><\/li>\n  <li style=\"margin-bottom: 6px;\">&gt; <a href=\"\/es\/biblioteca-variedades-setas-magicas\/true-albino-teacher-psilocybe-cubensis-strain\/\"><strong>True Albino Teacher<\/strong><\/a><\/li>\n  <li>&gt; <a href=\"\/es\/biblioteca-variedades-setas-magicas\/blue-magnolia-psilocybe-cubensis-strain\/\"><strong>Blue Magnolia<\/strong><\/a><\/li>\n<\/ul>\t\t<\/div>\t\t\t\t<style>\n#col-1578660590 > .col-inner {\n  padding: 20px 20px 20px 20px;\n}\n<\/style>\t<\/div>\t\t<div id=\"col-337425153\" class=\"col medium-3 small-12 large-3\"  >\t\t\t\t<div class=\"col-inner\"  >\t\t\t\t<div class=\"is-border\"\n\t\tstyle=\"border-color:rgb(0, 145, 98);border-radius:10px;border-width:1px 1px 1px 1px;\">\t<\/div>\t\t\t\t<div id=\"text-3911234291\" class=\"text\">\t\t<h3>Variedades cl\u00e1sicas y populares<\/h3>\t\t<style>\n#text-3911234291 {\n  color: #009162;\n}\n#text-3911234291 > * {\n  color: #009162;\n}\n<\/style>\t<\/div>\t<ul style=\"list-style: none; padding-left: 0;\">\n  <li style=\"margin-bottom: 6px;\">&gt; <a href=\"\/es\/biblioteca-variedades-setas-magicas\/mckennaii-psilocybe-cubensis-variedad\/\"><strong>McKennaii<\/strong><\/a><\/li>\n  <li style=\"margin-bottom: 6px;\">&gt; <a href=\"\/es\/biblioteca-variedades-setas-magicas\/cepa-amazonica-de-psilocybe-cubensis\/\"><strong>Amazonian<\/strong><\/a><\/li>\n  <li style=\"margin-bottom: 6px;\">&gt; <a href=\"\/es\/biblioteca-variedades-setas-magicas\/pes-hawaii-psilocybe-cubensis-strain\/\"><strong>PES Hawai<\/strong><\/a><\/li>\n  <li style=\"margin-bottom: 6px;\">&gt; <a href=\"\/es\/biblioteca-variedades-setas-magicas\/thai-psilocybe-cubensis-strain\/\"><strong>Thai<\/strong><\/a><\/li>\n  <li>&gt; <a href=\"\/es\/biblioteca-variedades-setas-magicas\/treasure-coast-psilocybe-cubensis-strain\/\"><strong>Treasure Coast<\/strong><\/a><\/li>\n<\/ul>\t\t<\/div>\t\t\t\t<style>\n#col-337425153 > .col-inner {\n  padding: 20px 20px 20px 20px;\n}\n<\/style>\t<\/div>\t<\/div>\t\t<\/div>\t\t\t\t\t<\/div>\t<\/div><div class=\"row\"  id=\"row-1043774919\">\t<div id=\"col-809056160\" class=\"col small-12 large-12\"  >\t\t\t\t<div class=\"col-inner\"  >\t\t\t\t\t\t\t<div id=\"gap-876893474\" class=\"gap-element clearfix\" style=\"display:block; height:auto;\">\t\t<style>\n#gap-876893474 {\n  padding-top: 30px;\n}\n<\/style>\t<\/div>\t<h2>Comparar cepas de hongos m\u00e1gicos<\/h2><div style=\"overflow-x: auto;\">  <table style=\"width: 100%; border-collapse: collapse; min-width: 700px;\">\n    <thead>\n      <tr>\n        <th style=\"text-align: left; padding: 10px; border-bottom: 1px solid #ddd;\">Amable<\/th>\n        <th style=\"text-align: left; padding: 10px; border-bottom: 1px solid #ddd;\">Potencia<\/th>\n        <th style=\"text-align: left; padding: 10px; border-bottom: 1px solid #ddd;\">Dificultad<\/th>\n        <th style=\"text-align: left; padding: 10px; border-bottom: 1px solid #ddd;\">Rendimiento<\/th>\n        <th style=\"text-align: left; padding: 10px; border-bottom: 1px solid #ddd;\">Efectos<\/th>\n      <\/tr>\n    <\/thead>\n    <tbody>\n      <tr>\n        <td style=\"padding: 10px; border-bottom: 1px solid #eee;\">Golden Teacher<\/td>\n        <td style=\"padding: 10px; border-bottom: 1px solid #eee;\">Medio<\/td>\n        <td style=\"padding: 10px; border-bottom: 1px solid #eee;\">F\u00e1cil<\/td>\n        <td style=\"padding: 10px; border-bottom: 1px solid #eee;\">Alta<\/td>\n        <td style=\"padding: 10px; border-bottom: 1px solid #eee;\">Equilibrado, introspectivo<\/td>\n      <\/tr>\n      <tr>\n        <td style=\"padding: 10px; border-bottom: 1px solid #eee;\">B+<\/td>\n        <td style=\"padding: 10px; border-bottom: 1px solid #eee;\">Leve a medio<\/td>\n        <td style=\"padding: 10px; border-bottom: 1px solid #eee;\">F\u00e1cil<\/td>\n        <td style=\"padding: 10px; border-bottom: 1px solid #eee;\">Alta<\/td>\n        <td style=\"padding: 10px; border-bottom: 1px solid #eee;\">Relajado, estimulante<\/td>\n      <\/tr>\n      <tr>\n        <td style=\"padding: 10px; border-bottom: 1px solid #eee;\">Mazatapec<\/td>\n        <td style=\"padding: 10px; border-bottom: 1px solid #eee;\">Leve a medio<\/td>\n        <td style=\"padding: 10px; border-bottom: 1px solid #eee;\">F\u00e1cil<\/td>\n        <td style=\"padding: 10px; border-bottom: 1px solid #eee;\">Medio<\/td>\n        <td style=\"padding: 10px; border-bottom: 1px solid #eee;\">Tranquilo, espiritual<\/td>\n      <\/tr>\n      <tr>\n        <td style=\"padding: 10px; border-bottom: 1px solid #eee;\">Cambodian<\/td>\n        <td style=\"padding: 10px; border-bottom: 1px solid #eee;\">Medio<\/td>\n        <td style=\"padding: 10px; border-bottom: 1px solid #eee;\">F\u00e1cil<\/td>\n        <td style=\"padding: 10px; border-bottom: 1px solid #eee;\">Alta<\/td>\n        <td style=\"padding: 10px; border-bottom: 1px solid #eee;\">En\u00e9rgico, l\u00facido<\/td>\n      <\/tr>\n      <tr>\n        <td style=\"padding: 10px; border-bottom: 1px solid #eee;\">Penis Envy<\/td>\n        <td style=\"padding: 10px; border-bottom: 1px solid #eee;\">Muy alta<\/td>\n        <td style=\"padding: 10px; border-bottom: 1px solid #eee;\">Duro<\/td>\n        <td style=\"padding: 10px; border-bottom: 1px solid #eee;\">Medio<\/td>\n        <td style=\"padding: 10px; border-bottom: 1px solid #eee;\">Intenso, visual<\/td>\n      <\/tr>\n      <tr>\n        <td style=\"padding: 10px; border-bottom: 1px solid #eee;\">Jedi Mind Fuck<\/td>\n        <td style=\"padding: 10px; border-bottom: 1px solid #eee;\">Alta<\/td>\n        <td style=\"padding: 10px; border-bottom: 1px solid #eee;\">Medio<\/td>\n        <td style=\"padding: 10px; border-bottom: 1px solid #eee;\">Alta<\/td>\n        <td style=\"padding: 10px; border-bottom: 1px solid #eee;\">Efectos visuales fuertes y euf\u00f3ricos<\/td>\n      <\/tr>\n      <tr>\n        <td style=\"padding: 10px; border-bottom: 1px solid #eee;\">Yeti<\/td>\n        <td style=\"padding: 10px; border-bottom: 1px solid #eee;\">Muy alta<\/td>\n        <td style=\"padding: 10px; border-bottom: 1px solid #eee;\">Medio<\/td>\n        <td style=\"padding: 10px; border-bottom: 1px solid #eee;\">Medio<\/td>\n        <td style=\"padding: 10px; border-bottom: 1px solid #eee;\">Visuales pesados, intensos<\/td>\n      <\/tr>\n      <tr>\n        <td style=\"padding: 10px;\">McKennaii<\/td>\n        <td style=\"padding: 10px;\">Media a alta<\/td>\n        <td style=\"padding: 10px;\">Medio<\/td>\n        <td style=\"padding: 10px;\">Medio<\/td>\n        <td style=\"padding: 10px;\">Profundo, introspectivo<\/td>\n      <\/tr>\n    <\/tbody>\n  <\/table><\/div>\t\t<\/div>\t\t\t\t\t<\/div>\t<\/div>\t<div id=\"gap-313416442\" class=\"gap-element clearfix\" style=\"display:block; height:auto;\">\t\t<style>\n#gap-313416442 {\n  padding-top: 30px;\n}\n<\/style>\t<\/div>\t<div class=\"row\"  id=\"row-1024087110\">\t<div id=\"col-346821549\" class=\"col medium-8 small-12 large-8\"  >\t\t\t\t<div class=\"col-inner\"  >\t\t\t\t\t\t<h2>\u00bfQu\u00e9 hace diferentes a las variedades de Magic Mushroom?<\/h2><p>Aunque la mayor\u00eda <a href=\"https:\/\/en.wikipedia.org\/wiki\/Psilocybin_mushroom\" target=\"_blank\" rel=\"noopener noreferrer\">setas m\u00e1gicas<\/a> pertenecen a la especie <em>Psilocybe cubensis<\/em>, Sin embargo, las distintas variedades pueden variar de forma notable. Estas diferencias afectan tanto a su crecimiento como a su experiencia.<\/p><p>Algunas variedades producen setas m\u00e1s grandes y gruesas, mientras que otras crecen m\u00e1s r\u00e1pido o de forma m\u00e1s constante. La potencia tambi\u00e9n puede variar, lo que significa que algunas cepas son m\u00e1s visuales, m\u00e1s introspectivas o simplemente m\u00e1s intensas en general.<\/p><h3>Las principales diferencias entre cepas se reducen a:<\/h3><ul style=\"list-style: none; padding-left: 0;\">\n  <li style=\"margin-bottom: 6px;\">&gt; Aspecto - tama\u00f1o, forma y color de las setas<\/li>\n  <li style=\"margin-bottom: 6px;\">&gt; Potencia: intensidad de los efectos<\/li>\n  <li style=\"margin-bottom: 6px;\">&gt; Efectos: experiencia visual, mental y f\u00edsica<\/li>\n  <li style=\"margin-bottom: 6px;\">&gt; Crecimiento - velocidad de colonizaci\u00f3n y fructificaci\u00f3n<\/li>\n  <li>&gt; Rendimiento: cu\u00e1nto produce cada cultivo<\/li>\n<\/ul><p>Comprender estas diferencias facilita la comparaci\u00f3n de cepas y la elecci\u00f3n de una que se ajuste a tus preferencias.<\/p>\t\t<\/div>\t\t\t\t\t<\/div>\t\t<div id=\"col-585244362\" class=\"col circle medium-4 small-12 large-4\"  >\t\t\t\t<div class=\"col-inner\"  >\t\t\t\t\t\t\t<div class=\"img has-hover x md-x lg-x y md-y lg-y\" id=\"image_628854048\">\t\t\t\t\t\t\t\t<div class=\"img-inner image-cover dark\" style=\"padding-top:100%;\">\t\t\t<img decoding=\"async\" width=\"800\" height=\"800\" src=\"https:\/\/www.mondogrowkits.com\/wp-content\/uploads\/2026\/01\/Mckennai-800x800.jpg\" class=\"attachment-large size-large\" alt=\"McKennaii - Bolsa de cultivo de setas m\u00e1gicas\" srcset=\"https:\/\/www.mondogrowkits.com\/wp-content\/uploads\/2026\/01\/Mckennai-800x800.jpg 800w, https:\/\/www.mondogrowkits.com\/wp-content\/uploads\/2026\/01\/Mckennai-400x400.jpg 400w, https:\/\/www.mondogrowkits.com\/wp-content\/uploads\/2026\/01\/Mckennai-100x100.jpg 100w, https:\/\/www.mondogrowkits.com\/wp-content\/uploads\/2026\/01\/Mckennai-1000x1000.jpg 1000w, https:\/\/www.mondogrowkits.com\/wp-content\/uploads\/2026\/01\/Mckennai-280x280.jpg 280w, https:\/\/www.mondogrowkits.com\/wp-content\/uploads\/2026\/01\/Mckennai-768x768.jpg 768w, https:\/\/www.mondogrowkits.com\/wp-content\/uploads\/2026\/01\/Mckennai-12x12.jpg 12w, https:\/\/www.mondogrowkits.com\/wp-content\/uploads\/2026\/01\/Mckennai.jpg 1500w\" sizes=\"(max-width: 800px) 100vw, 800px\" title=\"\">\t\t\t\t\t\t\t\t\t\t\t<\/div>\t\t\t\t\t\t\t\t<style>\n#image_628854048 {\n  width: 100%;\n}\n<\/style>\t<\/div>\t\t\t<\/div>\t\t\t\t\t<\/div>\t<\/div>\t<div id=\"gap-546022626\" class=\"gap-element clearfix\" style=\"display:block; height:auto;\">\t\t<style>\n#gap-546022626 {\n  padding-top: 30px;\n}\n<\/style>\t<\/div>\t<div class=\"row\"  id=\"row-1750285730\">\t<div id=\"col-690531626\" class=\"col small-12 large-12\"  >\t\t\t\t<div class=\"col-inner\"  >\t\t\t\t<div class=\"is-border\"\n\t\tstyle=\"border-color:#009162;border-radius:10px;border-width:1px 1px 1px 1px;\">\t<\/div>\t\t\t<h2>C\u00f3mo elegir la variedad de seta adecuada<\/h2><p>Elegir la variedad de seta m\u00e1gica adecuada depende de tu nivel de experiencia, del tipo de efectos que busques y de si piensas cultivarlas t\u00fa mismo.<\/p><h3>Para principiantes<\/h3><p>Cepas como Golden Teacher, B+ y Mazatapec son conocidas por sus efectos equilibrados y a menudo se recomiendan como punto de partida.<\/p><h3>Para efectos m\u00e1s potentes<\/h3><p>Las variedades m\u00e1s potentes como Penis Envy, Yeti y Jedi Mind Fuck son conocidas por sus efectos visuales m\u00e1s fuertes y sus experiencias m\u00e1s intensas.<\/p><h3>Para facilitar el cultivo<\/h3><p>B+, Cambodian y Amazonian son opciones populares debido a su r\u00e1pido crecimiento y naturaleza indulgente.<\/p><h3>Para rendimientos elevados<\/h3><p>Cepas como Amazonian y Jedi Mind Fuck suelen elegirse por su capacidad de producir cosechas m\u00e1s abundantes.<\/p>\t\t<\/div>\t\t\t\t<style>\n#col-690531626 > .col-inner {\n  padding: 30px 30px 30px 30px;\n}\n<\/style>\t<\/div>\t<\/div><div class=\"row\"  id=\"row-1926201900\">\t<div id=\"col-232291297\" class=\"col small-12 large-12\"  >\t\t\t\t<div class=\"col-inner\"  >\t\t\t\t\t\t\t<div id=\"gap-1053798136\" class=\"gap-element clearfix\" style=\"display:block; height:auto;\">\t\t<style>\n#gap-1053798136 {\n  padding-top: 30px;\n}\n<\/style>\t<\/div>\t<h2>Preguntas frecuentes sobre las variedades de hongos m\u00e1gicos<\/h2><div class=\"accordion\">\t<div id=\"accordion-4282189720\" class=\"accordion-item\">\t\t<a id=\"accordion-4282189720-label\" class=\"accordion-title plain\" href=\"#accordion-item-what-is-the-strongest-magic-mushroom-strain?\" aria-expanded=\"false\" aria-controls=\"accordion-4282189720-content\">\n\t\t\t<button class=\"toggle\" aria-label=\"Toggle\"><i class=\"icon-angle-down\" aria-hidden=\"true\"><\/i><\/button>\n\t\t\t<span>\u00bfCu\u00e1l es la variedad de seta m\u00e1gica m\u00e1s potente?<\/span>\n\t\t<\/a>\t\t<div id=\"accordion-4282189720-content\" class=\"accordion-inner\" aria-labelledby=\"accordion-4282189720-label\">\t\t\t<p>Cepas como Penis Envy y Yeti suelen considerarse entre las variedades m\u00e1s potentes de Psilocybe cubensis, conocidas por sus intensos efectos visuales y psicod\u00e9licos m\u00e1s profundos.<\/p>\t\t<\/div>\t<\/div>\t\t<div id=\"accordion-2669107640\" class=\"accordion-item\">\t\t<a id=\"accordion-2669107640-label\" class=\"accordion-title plain\" href=\"#accordion-item-which-magic-mushroom-strain-is-best-for-beginners?\" aria-expanded=\"false\" aria-controls=\"accordion-2669107640-content\">\n\t\t\t<button class=\"toggle\" aria-label=\"Toggle\"><i class=\"icon-angle-down\" aria-hidden=\"true\"><\/i><\/button>\n\t\t\t<span>\u00bfQu\u00e9 variedad de seta m\u00e1gica es la mejor para principiantes?<\/span>\n\t\t<\/a>\t\t<div id=\"accordion-2669107640-content\" class=\"accordion-inner\" aria-labelledby=\"accordion-2669107640-label\">\t\t\t<p>Golden Teacher, B+ y Mazatapec se recomiendan habitualmente a los principiantes por sus efectos equilibrados y experiencias relativamente predecibles.<\/p>\t\t<\/div>\t<\/div>\t\t<div id=\"accordion-2426735217\" class=\"accordion-item\">\t\t<a id=\"accordion-2426735217-label\" class=\"accordion-title plain\" href=\"#accordion-item-do-different-mushroom-strains-really-feel-different?\" aria-expanded=\"false\" aria-controls=\"accordion-2426735217-content\">\n\t\t\t<button class=\"toggle\" aria-label=\"Toggle\"><i class=\"icon-angle-down\" aria-hidden=\"true\"><\/i><\/button>\n\t\t\t<span>\u00bfSe sienten realmente diferentes las distintas variedades de setas?<\/span>\n\t\t<\/a>\t\t<div id=\"accordion-2426735217-content\" class=\"accordion-inner\" aria-labelledby=\"accordion-2426735217-label\">\t\t\t<p>Aunque todas las setas Psilocybe cubensis contienen psilocibina, muchos usuarios afirman que existen diferencias notables en la intensidad, los efectos visuales y la experiencia general entre las distintas variedades.<\/p>\t\t<\/div>\t<\/div>\t\t<div id=\"accordion-3081897502\" class=\"accordion-item\">\t\t<a id=\"accordion-3081897502-label\" class=\"accordion-title plain\" href=\"#accordion-item-which-mushroom-strain-is-easiest-to-grow?\" aria-expanded=\"false\" aria-controls=\"accordion-3081897502-content\">\n\t\t\t<button class=\"toggle\" aria-label=\"Toggle\"><i class=\"icon-angle-down\" aria-hidden=\"true\"><\/i><\/button>\n\t\t\t<span>\u00bfQu\u00e9 variedad de seta es m\u00e1s f\u00e1cil de cultivar?<\/span>\n\t\t<\/a>\t\t<div id=\"accordion-3081897502-content\" class=\"accordion-inner\" aria-labelledby=\"accordion-3081897502-label\">\t\t\t<p>La B+ y la Cambodian son conocidas por su r\u00e1pida colonizaci\u00f3n y su naturaleza indulgente, lo que las convierte en opciones populares para cultivadores principiantes.<\/p>\t\t<\/div>\t<\/div>\t\t<div id=\"accordion-2756783594\" class=\"accordion-item\">\t\t<a id=\"accordion-2756783594-label\" class=\"accordion-title plain\" href=\"#accordion-item-which-strains-produce-the-highest-yields?\" aria-expanded=\"false\" aria-controls=\"accordion-2756783594-content\">\n\t\t\t<button class=\"toggle\" aria-label=\"Toggle\"><i class=\"icon-angle-down\" aria-hidden=\"true\"><\/i><\/button>\n\t\t\t<span>\u00bfQu\u00e9 cepas producen los mayores rendimientos?<\/span>\n\t\t<\/a>\t\t<div id=\"accordion-2756783594-content\" class=\"accordion-inner\" aria-labelledby=\"accordion-2756783594-label\">\t\t\t<p>Cepas como la B+ y la Amazonian suelen elegirse por su capacidad de producir grandes cosechas en las condiciones de cultivo adecuadas.<\/p>\t\t<\/div>\t<\/div>\t\t<div id=\"accordion-3561844806\" class=\"accordion-item\">\t\t<a id=\"accordion-3561844806-label\" class=\"accordion-title plain\" href=\"#accordion-item-are-all-magic-mushroom-strains-the-same-species?\" aria-expanded=\"false\" aria-controls=\"accordion-3561844806-content\">\n\t\t\t<button class=\"toggle\" aria-label=\"Toggle\"><i class=\"icon-angle-down\" aria-hidden=\"true\"><\/i><\/button>\n\t\t\t<span>\u00bfSon todas las variedades de setas m\u00e1gicas de la misma especie?<\/span>\n\t\t<\/a>\t\t<div id=\"accordion-3561844806-content\" class=\"accordion-inner\" aria-labelledby=\"accordion-3561844806-label\">\t\t\t<p>Las cepas m\u00e1s utilizadas pertenecen a la Psilocybe cubensis, pero se han cultivado selectivamente a lo largo del tiempo, lo que ha dado lugar a diferencias en el aspecto, la potencia y las caracter\u00edsticas de crecimiento.<\/p>\t\t<\/div>\t<\/div>\t<\/div>\t\t<\/div>\t\t\t\t\t<\/div>\t<\/div>\t\t<\/div>\t\t<style>\n#section_1377554646 {\n  padding-top: 30px;\n  padding-bottom: 30px;\n}\n<\/style>\t<\/section>","protected":false},"excerpt":{"rendered":"","protected":false},"author":1,"featured_media":4353,"parent":0,"menu_order":0,"comment_status":"closed","ping_status":"closed","template":"page-blank.php","meta":{"footnotes":""},"class_list":["post-4137","page","type-page","status-publish","has-post-thumbnail","hentry"],"jetpack_sharing_enabled":true,"_links":{"self":[{"href":"https:\/\/www.mondogrowkits.com\/es\/wp-json\/wp\/v2\/pages\/4137","targetHints":{"allow":["GET"]}}],"collection":[{"href":"https:\/\/www.mondogrowkits.com\/es\/wp-json\/wp\/v2\/pages"}],"about":[{"href":"https:\/\/www.mondogrowkits.com\/es\/wp-json\/wp\/v2\/types\/page"}],"author":[{"embeddable":true,"href":"https:\/\/www.mondogrowkits.com\/es\/wp-json\/wp\/v2\/users\/1"}],"replies":[{"embeddable":true,"href":"https:\/\/www.mondogrowkits.com\/es\/wp-json\/wp\/v2\/comments?post=4137"}],"version-history":[{"count":20,"href":"https:\/\/www.mondogrowkits.com\/es\/wp-json\/wp\/v2\/pages\/4137\/revisions"}],"predecessor-version":[{"id":5280,"href":"https:\/\/www.mondogrowkits.com\/es\/wp-json\/wp\/v2\/pages\/4137\/revisions\/5280"}],"wp:featuredmedia":[{"embeddable":true,"href":"https:\/\/www.mondogrowkits.com\/es\/wp-json\/wp\/v2\/media\/4353"}],"wp:attachment":[{"href":"https:\/\/www.mondogrowkits.com\/es\/wp-json\/wp\/v2\/media?parent=4137"}],"curies":[{"name":"wp","href":"https:\/\/api.w.org\/{rel}","templated":true}]}}